{"id":552,"date":"2020-07-30T20:26:07","date_gmt":"2020-07-30T18:26:07","guid":{"rendered":"https:\/\/semmelweis.hu\/noionkologia\/?page_id=552"},"modified":"2023-12-20T21:37:02","modified_gmt":"2023-12-20T20:37:02","slug":"publikacioink","status":"publish","type":"page","link":"https:\/\/semmelweis.hu\/noionkologia\/publikacioink\/","title":{"rendered":"Publik\u00e1ci\u00f3ink"},"content":{"rendered":"<ul>\n<li style=\"text-align: justify\">Brubel R, Dob\u00f3 N, Csibi N, K\u00f6vesdi A,M\u00e1t\u00e9 Sz, \u00c1cs N, Lukovich P, Murber \u00c1, Bokor A. <strong>A b\u00e9lendometriosis miatt v\u00e9gzett m\u0171t\u00e9tek hat\u00e1sa a fertilit\u00e1sra.<\/strong>\u00a0<em>Orv Hetil<\/em>. 2019; 160:1633-1638.<a href=\"https:\/\/akjournals.com\/view\/journals\/650\/160\/41\/article-p1633.xml?rskey=qbQxbv&amp;result=7\"> ( https:\/\/akjournals.com\/view\/journals\/650\/160\/41\/article-p1633.xml?rskey=qbQxbv&amp;result=7 )<\/a><\/li>\n<\/ul>\n<ul>\n<li>Krascsenits G. <strong>A petef\u00e9szek rosszindulat\u00fa daganatainak ell\u00e1t\u00e1sa.<\/strong> N\u0151gy\u00f3gy\u00e1szati Onkol\u00f3gia 2018; 23:59-66.<\/li>\n<\/ul>\n<ul>\n<li style=\"text-align: justify\">M\u00e1t\u00e9 Sz, Hajd\u00fa M. <strong>Szem\u00e9remtesten megjelen\u0151 Paget-k\u00f3r seb\u00e9szi ell\u00e1t\u00e1sa k\u00e9toldali V-Y eltol\u00e1sos lebenyplasztika seg\u00edts\u00e9g\u00e9vel. <\/strong>N\u0151gy\u00f3gy\u00e1szati Onkol\u00f3gia 2018; 23:25-29.<\/li>\n<\/ul>\n<ul>\n<li style=\"text-align: justify\">Szab\u00f3 K, Ny\u00edri S, M\u00e1t\u00e9 Sz. <strong>A vulva malignus Schwannom\u00e1ja \u2013 esetismertet\u00e9s.<\/strong> N\u0151gy\u00f3gy\u00e1szati Onkol\u00f3gia 2018; 22:20-23.<\/li>\n<\/ul>\n<ul>\n<li style=\"text-align: justify\">Ny\u00edri S, M\u00e1t\u00e9 Sz, Szab\u00f3 K. <strong>Petef\u00e9szek dermoid cystra talaj\u00e1n kialakul\u00f3 laph\u00e1mcarcinoma \u2013 k\u00e9t esetismertet\u00e9s. <\/strong>N\u0151gy\u00f3gy\u00e1szati Onkol\u00f3gia 2018; 22:17-19.<\/li>\n<\/ul>\n<ul>\n<li style=\"text-align: justify\">M\u00e1t\u00e9 Sz. <strong>A korszer\u0171 n\u0151gy\u00f3gy\u00e1szati daganatseb\u00e9szet elv\u00e1r\u00e1sai.<\/strong> Medical Tribune 2018.<\/li>\n<\/ul>\n<ul>\n<li style=\"text-align: justify\">Mad\u00e1r I <strong>A IOTA Simple Rules \u00e9s az IOTA ADNEX Model alkalmaz\u00e1s a petef\u00e9szek-daganatok k\u00f3rism\u00e9z\u00e9s\u00e9ben<\/strong> N\u0151gy\u00f3gy\u00e1szati Onkol\u00f3gia 2017; 22:3-8.<\/li>\n<\/ul>\n<ul>\n<li style=\"text-align: justify\">Szatm\u00e1ri E, M\u00e1t\u00e9 Sz, Sz\u00e1nth\u00f3 A, Rig\u00f3 J. <strong>Ke\u0301palkoto\u0301 elja\u0301ra\u0301sok a n\u0151gyo\u0301gya\u0301szati onkolo\u0301gia\u0301ban II.<\/strong> <strong>Az elte\u0301r\u0151 elhelyezkede\u0301s\u0171 n\u0151gyo\u0301gya\u0301szati daganatok ke\u0301palkoto\u0301 vizsga\u0301lata.<\/strong> N\u0151gy\u00f3gy\u00e1szati Onkol\u00f3gia 2016; 21:38\u201347<a href=\"http:\/\/www.nokfolyoirat.hu\/files\/632.pdf\"> ( http:\/\/www.nokfolyoirat.hu\/files\/632.pdf )<\/a><\/li>\n<\/ul>\n<ul>\n<li>Szatm\u00e1ri E, M\u00e1t\u00e9 Sz, Sz\u00e1nth\u00f3 A, Rig\u00f3 J. <strong>Ke\u0301palkoto\u0301 elja\u0301ra\u0301sok a n\u0151gyo\u0301gya\u0301szati onkolo\u0301gia\u0301ban I.<\/strong> <strong>A n\u0151gyo\u0301gya\u0301szati onkolo\u0301gia\u0301ban haszna\u0301lt ke\u0301palkoto\u0301 elja\u0301ra\u0301sok fajta\u0301i e\u0301s saja\u0301tossa\u0301gai.<\/strong> N\u0151gy\u00f3gy\u00e1szati Onkol\u00f3gia 2016; 21:4-9 (<a href=\"http:\/\/www.nokfolyoirat.hu\/files\/625.pdf\"> http:\/\/www.nokfolyoirat.hu\/files\/625.pdf)\u00a0<\/a><\/li>\n<\/ul>\n<ul style=\"text-align: justify\">\n<li>Krascsenits G, Bal\u00e1zs B, Dudnyikova A, Purcsi K, Orosz E, Pete I. <strong>Az RMI- \u00e9s a ROMA-index petef\u00e9szekr\u00e1kel\u00f5rejelz\u00f5 hat\u00e9konys\u00e1g\u00e1nak vizsg\u00e1lata adnextumorokban<\/strong>. Magyar Onkol\u00f3gia. 2016; 60:320-327. (<a href=\"http:\/\/huon.hu\/2016\/60\/4\/0320\/0320a.pdf\"> http:\/\/huon.hu\/2016\/60\/4\/0320\/0320a.pdf )<\/a><\/li>\n<\/ul>\n<ul style=\"text-align: justify\">\n<li>Balogh S, M\u00e1t\u00e9 Sz, Kov\u00e1cs E, Rig\u00f3 J. <strong>\u00d3ri\u00e1s condylom\u00e1s elv\u00e1ltoz\u00e1s 12 \u00e9ves le\u00e1nyn\u00e1l.<\/strong> N\u0151gy\u00f3gy\u00e1szati Onkol\u00f3gia 2015; 20:17-19. (<a href=\"http:\/\/www.nokfolyoirat.hu\/files\/620.pdf\"> http:\/\/www.nokfolyoirat.hu\/files\/620.pdf )\u00a0<\/a><\/li>\n<\/ul>\n<ul>\n<li><a href=\"http:\/\/www.nokfolyoirat.hu\/files\/606.pdf\">Sipos N, Sz\u00e1nth\u00f3 A, M\u00e1t\u00e9 Sz, Szatm\u00e1ri E, Rig\u00f3 J.<\/a> <strong>A has\u00fcregi kemoter\u00e1pia helye a petef\u00e9szekr\u00e1k ell\u00e1t\u00e1s\u00e1ban. N\u0151gy\u00f3gy\u00e1szati Onkol\u00f3gia 2014; 19:3-5. (<\/strong><a href=\"http:\/\/www.nokfolyoirat.hu\/files\/606.pdf\"> http:\/\/www.nokfolyoirat.hu\/files\/606.pdf )<\/a><\/li>\n<li>M\u00e1t\u00e9 Sz.<a href=\"http:\/\/www.nokfolyoirat.hu\/files\/600.pdf\"> <strong>A HPV-meghat\u00e1roz\u00e1s szerepe a mindennapi gyakorlatban.<\/strong> N\u0151gy\u00f3gy\u00e1szati Onkol\u00f3gia 2013; 18:57\u201362. <\/a><a href=\"http:\/\/www.nokfolyoirat.hu\/files\/600.pdf\">http:\/\/www.nokfolyoirat.hu\/files\/600.pdf<\/a><\/li>\n<li>Szatm\u00e1ri E, M\u00e1t\u00e9 Sz, Sipos N, Sz\u00e1nth\u00f3 A, Silhavy M, Rigo J. <strong>A fertilit\u00e1s megtart\u00e1s\u00e1nak lehet\u0151s\u00e9gei, felt\u00e9telei \u00e9s m\u00f3djai korai petef\u00e9szek-daganatok eset\u00e9n.<\/strong> Orvosi Hetilap 2013; 154:523-530. (<a href=\"https:\/\/akjournals.com\/view\/journals\/650\/154\/14\/article-p523.xml?rskey=qbQxbv&amp;result=3\"> https:\/\/akjournals.com\/view\/journals\/650\/154\/14\/article-p523.xml?rskey=qbQxbv&amp;result=3 )<\/a><\/li>\n<li>M\u00e1t\u00e9 Sz, Szatm\u00e1ri E, Sipos N, Sz\u00e9ll J, Sz\u00e1nth\u00f3 A, Rig\u00f3 J. <strong>Akut t\u00fcneteket okoz\u00f3 \u00f3ri\u00e1s Myoma.<\/strong> Orvosi Hetilap 2013; 154: 387-390.<a href=\"https:\/\/akjournals.com\/view\/journals\/650\/154\/10\/article-p387.xml\"> ( https:\/\/akjournals.com\/view\/journals\/650\/154\/10\/article-p387.xml )<\/a><\/li>\n<li>Rig\u00f3 J, Szatm\u00e1ri E. <strong>Petef\u00e9szekr\u00e1k \u00e9s terhess\u00e9g<\/strong> (fejezet) Eml\u0151- \u00e9s n\u0151gy\u00f3gy\u00e1szati onkol\u00f3gia. Medicina Kiad\u00f3, 2012.<\/li>\n<li>Balogh S, Sz\u00e1nth\u00f3 A, M\u00e1t\u00e9 Sz, Sipos N, Kov\u00e1cs E, Rig\u00f3 J. <strong>A petef\u00e9szek-daganatok ERCC1-g\u00e9n-kifejez\u0151d\u00e9s\u00e9nek vizsg\u00e1lata mint a platina\u00e9rz\u00e9kenys\u00e9g fokm\u00e9r\u0151je<\/strong>. N\u0151gy\u00f3gy\u00e1szati Onkol\u00f3gia 2012; 17:5-9. (<a href=\"http:\/\/www.nokfolyoirat.hu\/files\/577.pdf\"> http:\/\/www.nokfolyoirat.hu\/files\/577.pdf )<\/a><\/li>\n<li>M\u00e1t\u00e9 Sz, T\u0151s\u00e9r E, Sipos N, \u00e9s mtsai. <strong>Terhess\u00e9g alatt felismert non-Hodgkin lymphom\u00e1s esetek.<\/strong> Magyar N\u0151orvosok Lapja 2011; 74:14-18.<\/li>\n<li>Jo\u00f3 JG, Csan\u00e1d M, T\u00f3th K, M\u00e1t\u00e9 Sz, Nagy Z. <strong>Az ism\u00e9tl\u0151d\u00e9si kock\u00e1zat becsl\u00e9se csal\u00e1di halmoz\u00f3d\u00e1st mutat\u00f3 eml\u0151r\u00e1k eset\u00e9n<\/strong>.\u00a0<em>Orv Hetil<\/em>. 2011; 152:758-762. (<a href=\"https:\/\/akjournals.com\/view\/journals\/650\/152\/19\/article-p758.xml?rskey=qbQxbv&amp;result=6\"> https:\/\/akjournals.com\/view\/journals\/650\/152\/19\/article-p758.xml?rskey=qbQxbv&amp;result=6 )<\/a><\/li>\n<li>Csatl\u00f3s \u00c9, M\u00e1t\u00e9 Sz, Laky M, Rig\u00f3 J Jr, Jo\u00f3 JG. <strong>Role of Apoptosis in the Development of Uterine Leiomyoma: Analysis of Expression Patterns of Bcl-2 and Bax in Human Leiomyoma Tissue With Clinical Correlations.<\/strong><em>Int J Gynecol Pathol<\/em>. 2015; 34:334-339.<\/li>\n<li>Nagy Z, Csan\u00e1d M, T\u00f3th K, M\u00e1t\u00e9 Sz, Jo\u00f3 J <strong>A BRCA-g\u00e9nmut\u00e1ci\u00f3t hordoz\u00f3 n\u0151k klinikogenetikai ell\u00e1t\u00e1sa: sz\u0171r\u00e9s, diagnosztika, ter\u00e1pia.<\/strong><em>Orv Hetil<\/em>. 2011; 152:913-918. (<a href=\"https:\/\/akjournals.com\/view\/journals\/650\/152\/23\/article-p913.xml?rskey=qbQxbv&amp;result=5\"> https:\/\/akjournals.com\/view\/journals\/650\/152\/23\/article-p913.xml?rskey=qbQxbv&amp;result=5 )<\/a><\/li>\n<li>Demeter A, Szatm\u00e1ri E, V\u00e1rkony T, Sz\u00e1nth\u00f3 A, Csap\u00f3 Zs, Rig\u00f3 J. <strong>M\u00e9hsarcom\u00e1k prognosztikai faktorainak vizsg\u00e1lata.<\/strong> Magyar N\u0151orvosok Lapja 2010; 2:105-109.<\/li>\n<li>M\u00e1t\u00e9 Sz. <strong>HPV \u00e9s m\u00e9hnyakr\u00e1k.<\/strong> H\u00e1ziorvosi Tov\u00e1bbk\u00e9pz\u0151 Szemle 2009; 14:581-586.<\/li>\n<li>M\u00e1t\u00e9 Sz, Krasznai I, Csap\u00f3 Zs, Silhavy M, Rig\u00f3 J. <strong>Multiplex petef\u00e9szek fibroma, mint a Gorlin-Goltz syndroma vezet\u0151 t\u00fcnete.<\/strong> Magyar N\u0151orvosok Lapja 2009; 72:27-30.<\/li>\n<li>M\u00e1t\u00e9 Sz, Sill\u00f3 P, Wikonk\u00e1l N, Csap\u00f3 Zs, Sziller I, Ujh\u00e1zy A, Papp Z. <strong>Acne inversa szem\u00e9remtesten megnyilv\u00e1nul\u00f3, s\u00falyos form\u00e1j\u00e1nak sikeres kezel\u00e9se radicalis vulvectomia \u00fatj\u00e1n. <\/strong>Orvosi Hetilap 2007; 148:609-12. (<a href=\"https:\/\/akjournals.com\/view\/journals\/650\/148\/13\/article-p609.xml?rskey=qbQxbv&amp;result=4\"> https:\/\/akjournals.com\/view\/journals\/650\/148\/13\/article-p609.xml?rskey=qbQxbv&amp;result=4\u00a0 )<\/a><\/li>\n<li style=\"text-align: justify\">Krascsenits G, Orosz Z, T\u00f3th E, Haj\u00f3si F, Pulay T. <strong>Endometriumr\u00e1k kialakul\u00e1sa fogamz\u00e1sg\u00e1tl\u00f3 gy\u00f3gyszert szed\u0151 fiatal n\u0151ben.<\/strong>Orvosi Hetilap. 2002; 143:2645-2646.<\/li>\n<li>\n<div>Szatm\u00e1ri E, <span class=\"il\">M\u00e1t\u00e9<\/span> Sz. <strong>Egy\u00e9b k\u00e9palkot\u00f3 vizsg\u00e1latok: CT, MR \u00e9s PET (PET-CT)<\/strong>. N\u0151gy\u00f3gy\u00e1szati Onkol\u00f3gia 2019; 24: 30-34.<span style=\"color: #888888\"><br \/><\/span><\/div>\n<\/li>\n<li>Szatm\u00e1ri E, Unicsovics M. <strong>A cs\u00edrasejtes petef\u00e9szek-daganatok k\u00e9palkot\u00f3 vizsg\u00e1lata (CT,MR)<\/strong>. N\u0151gy\u00f3gy\u00e1szati Onkol\u00f3gia 2020, 25: 60-63<\/li>\n<li>\n<p>M\u00e1t\u00e9 Sz. <strong>A m\u00e9hnyakr\u00e1k gy\u00f3gyszeres kezel\u00e9se.<\/strong> Magy Onkol\u00a02022;66:315\u2013323\u00a0<\/p>\n<\/li>\n<li>\n<p>M\u00e1t\u00e9 Sz. <strong>A m\u00e9htestr\u00e1k hormon- \u00e9s c\u00e9lzott kezel\u00e9se.<\/strong> N\u0151gy\u00f3gy Onkol 2022; 27:31-34.<\/p>\n<\/li>\n<li>\n<p>R\u00f3kusz A,\u00a0M\u00e1t\u00e9 Sz. <strong>A tuboovarialis high-grade serosus carcinoma komplex patol\u00f3giai diagnosztik\u00e1ja \u00e9s c\u00e9lzott kezel\u00e9se.<\/strong> Orvosk\u00e9pz\u00e9s 2021; 3: 433-442.<\/p>\n<\/li>\n<li>Nov\u00e1k Z, Bagam\u00e9ri A, <span class=\"il\">M\u00e1t\u00e9<\/span> Sz, Vereczkey I, T\u00f3th E, T\u00f3th I, Papp S, Krasznai Z. <strong>A petef\u00e9szekr\u00e1k kezel\u00e9se. A Magyar N\u0151gy\u00f3gy\u00e1sz Onkol\u00f3gusok T\u00e1rsas\u00e1g\u00e1nak (MNOT) aj\u00e1nl\u00e1sa<\/strong> Magy Onkol. 2022; 66: 223-238.<\/li>\n<\/ul>\n<hr \/>\n<div style=\"text-align: center\"><span style=\"font-size: 24pt\">Internetes sajt\u00f3 &#8211; Sajt\u00f3<\/span><\/div>\n<div>\u00a0<\/div>\n<ul>\n<li style=\"text-align: justify\">\n<div><span style=\"font-size: 14pt\">Sikeresen m\u0171k\u00f6dik a daganatellenes HIPEC-kezel\u00e9s a Semmelweis Egyetemen <\/span>(<a href=\"https:\/\/semmelweis.hu\/hirek\/2022\/05\/05\/sikeresen-mukodik-a-szakmak-osszefogasan-alapulo-daganatellenes-hipec-kezeles-a-semmelweis-egyetemen\/\" target=\"_blank\" rel=\"noopener\">https:\/\/semmelweis.hu\/hirek\/2022\/05\/05\/sikeresen-mukodik-a-szakmak-osszefogasan-alapulo-daganatellenes-hipec-kezeles-a-semmelweis-egyetemen\/ )<\/a><\/div>\n<\/li>\n<li><span style=\"font-size: 12pt\">\u00daj kezel\u00e9s seg\u00edti a petef\u00e9szekr\u00e1kban szenved\u0151 n\u0151ket a Semmelweis Egyetemen ( <\/span><a href=\"https:\/\/semmelweis.hu\/hirek\/2021\/09\/29\/uj-kezeles-segiti-a-petefeszekrakban-szenvedo-noket-a-semmelweis-egyetemen\/\">https:\/\/semmelweis.hu\/hirek\/2021\/09\/29\/uj-kezeles-segiti-a-petefeszekrakban-szenvedo-noket-a-semmelweis-egyetemen\/<\/a> )<\/li>\n<li>\n<p>Semmelweises orvosn\u0151vel b\u0151v\u00fclt a daganatseb\u00e9szek k\u00f6re<a href=\"https:\/\/semmelweis.hu\/hirek\/2023\/01\/16\/semmelweises-orvosnovel-bovult-a-daganatsebeszek-kore\/\"> ( https:\/\/semmelweis.hu\/hirek\/2023\/01\/16\/semmelweises-orvosnovel-bovult-a-daganatsebeszek-kore\/)<\/a><\/p>\n<\/li>\n<li>\n<p>\u00daj kezel\u00e9s seg\u00edti a petef\u00e9szekr\u00e1kban szenved\u0151 n\u0151ket a Semmelweis Egyetemen (<a href=\"https:\/\/semmelweis.hu\/hirek\/2021\/09\/29\/uj-kezeles-segiti-a-petefeszekrakban-szenvedo-noket-a-semmelweis-egyetemen\/\">https:\/\/semmelweis.hu\/hirek\/2021\/09\/29\/uj-kezeles-segiti-a-petefeszekrakban-szenvedo-noket-a-semmelweis-egyetemen\/)<\/a><\/p>\n<\/li>\n<\/ul>\n","protected":false},"excerpt":{"rendered":"<p>Brubel R, Dob\u00f3 N, Csibi N, K\u00f6vesdi A,M\u00e1t\u00e9 Sz, \u00c1cs N, Lukovich P, Murber \u00c1, Bokor A. A b\u00e9lendometriosis miatt v\u00e9gzett m\u0171t\u00e9tek hat\u00e1sa a fertilit\u00e1sra.\u00a0Orv Hetil. 2019; 160:1633-1638. <a href=\"https:\/\/akjournals.com\/view\/journals\/650\/160\/41\/article-p1633.xml?rskey=qbQxbv&amp;result=7\"> ( https:\/\/akjournals.com\/view\/journals\/650\/160\/41\/article-p1633.xml?rskey=qbQxbv&amp;result=7 )<\/a> Krascsenits G. A petef\u00e9szek rosszindulat\u00fa daganatainak ell\u00e1t\u00e1sa. N\u0151gy\u00f3gy\u00e1szati Onkol\u00f3gia 2018; 23:59-66. M\u00e1t\u00e9 Sz, Hajd\u00fa M. Szem\u00e9remtesten megjelen\u0151 Paget-k\u00f3r seb\u00e9szi ell\u00e1t\u00e1sa k\u00e9toldali V-Y eltol\u00e1sos lebenyplasztika seg\u00edts\u00e9g\u00e9vel. N\u0151gy\u00f3gy\u00e1szati Onkol\u00f3gia &hellip;<\/p>\n","protected":false},"author":101531,"featured_media":0,"parent":0,"menu_order":0,"comment_status":"closed","ping_status":"closed","template":"template-fullwidth.php","meta":{"_acf_changed":false,"footnotes":""},"categories":[],"tags":[],"class_list":["post-552","page","type-page","status-publish","hentry"],"acf":[],"_links":{"self":[{"href":"https:\/\/semmelweis.hu\/noionkologia\/wp-json\/wp\/v2\/pages\/552","targetHints":{"allow":["GET"]}}],"collection":[{"href":"https:\/\/semmelweis.hu\/noionkologia\/wp-json\/wp\/v2\/pages"}],"about":[{"href":"https:\/\/semmelweis.hu\/noionkologia\/wp-json\/wp\/v2\/types\/page"}],"author":[{"embeddable":true,"href":"https:\/\/semmelweis.hu\/noionkologia\/wp-json\/wp\/v2\/users\/101531"}],"replies":[{"embeddable":true,"href":"https:\/\/semmelweis.hu\/noionkologia\/wp-json\/wp\/v2\/comments?post=552"}],"version-history":[{"count":7,"href":"https:\/\/semmelweis.hu\/noionkologia\/wp-json\/wp\/v2\/pages\/552\/revisions"}],"predecessor-version":[{"id":796,"href":"https:\/\/semmelweis.hu\/noionkologia\/wp-json\/wp\/v2\/pages\/552\/revisions\/796"}],"wp:attachment":[{"href":"https:\/\/semmelweis.hu\/noionkologia\/wp-json\/wp\/v2\/media?parent=552"}],"wp:term":[{"taxonomy":"category","embeddable":true,"href":"https:\/\/semmelweis.hu\/noionkologia\/wp-json\/wp\/v2\/categories?post=552"},{"taxonomy":"post_tag","embeddable":true,"href":"https:\/\/semmelweis.hu\/noionkologia\/wp-json\/wp\/v2\/tags?post=552"}],"curies":[{"name":"wp","href":"https:\/\/api.w.org\/{rel}","templated":true}]}}