{"id":398,"date":"2020-06-02T15:57:35","date_gmt":"2020-06-02T13:57:35","guid":{"rendered":"https:\/\/semmelweis.hu\/noionkologia\/?page_id=398"},"modified":"2022-07-31T13:29:27","modified_gmt":"2022-07-31T11:29:27","slug":"lelki-segitsegnyujtas","status":"publish","type":"page","link":"https:\/\/semmelweis.hu\/noionkologia\/betegellatas\/lelki-segitsegnyujtas\/","title":{"rendered":"Lelki seg\u00edts\u00e9gny\u00fajt\u00e1s"},"content":{"rendered":"<p>Klinik\u00e1nkon pszichol\u00f3gus seg\u00edts\u00e9g\u00e9t is k\u00e9rheti t\u00e1rsadalombiztos\u00edt\u00e1s \u00e1ltal finansz\u00edrozott m\u00f3don!<\/p>\n<hr \/>\n<p style=\"text-align: justify\"><span style=\"font-size: 18pt\"><strong>Onkopszichol\u00f3giai ell\u00e1t\u00e1s<\/strong><\/span><\/p>\n<p style=\"text-align: justify\">Egy daganatos betegs\u00e9g jelent\u0151sen megv\u00e1ltozott \u00e9lethelyzetet teremt, az ehhez val\u00f3 alkalmazkod\u00e1s sok er\u0151t, kitart\u00e1st ig\u00e9nyel. A betegek sokszor \u00e9rzik mag\u00e1nyosnak, tehetetlennek, kiszolg\u00e1ltatottnak magukat, vagy az egym\u00e1st k\u00f6vet\u0151 kezel\u00e9sek sor\u00e1n elvesztik a hit\u00fcket, kitart\u00e1sukat. K\u00fcl\u00f6n megpr\u00f3b\u00e1ltat\u00e1st jelenthet a m\u0171t\u00e9tek, kezel\u00e9sek alatt k\u00f3rh\u00e1zban t\u00f6lt\u00f6tt id\u0151, amikor csal\u00e1djukt\u00f3l, megszokott k\u00f6rnyezet\u00fckt\u0151l is t\u00e1vol vannak. M\u00e1skor a betegek \u00e9ppen a csal\u00e1dtagok, rokonok, bar\u00e1tok t\u00e1mogat\u00e1s\u00e1t, meg\u00e9rt\u00e9s\u00e9t \u00e9rzik kev\u00e9snek vagy sz\u00e1mukra elfogadhatatlannak, vel\u00fck kapcsolatban<br \/>negat\u00edv \u00e9rz\u00e9seket \u00e9lnek meg.<\/p>\n<p style=\"text-align: left\"><strong><span style=\"font-size: 18pt\">Mi\u00e9rt \u00e9rdemes pszich\u00e9s t\u00e1mogat\u00e1st ig\u00e9nybe venni?<\/span><\/strong><\/p>\n<p style=\"text-align: justify\">Az emberek k\u00fcl\u00f6nb\u00f6z\u0151k\u00e9ppen reag\u00e1lnak a megterhel\u0151 \u00e9lethelyzetekre. A csal\u00e1d, bar\u00e1tok t\u00e1mogat\u00e1sa kiemelt fontoss\u00e1g\u00fa, de egyes esetekben professzion\u00e1lis seg\u00edts\u00e9gny\u00fajt\u00e1sra is sz\u00fcks\u00e9g lehet. Az onkol\u00f3giai betegek k\u00f6r\u00e9ben leggyakrabban el\u0151fordul\u00f3 pszich\u00e9s zavarok a depresszi\u00f3, szorong\u00e1s \u00e9s poszttraum\u00e1s stressz zavar. A pszich\u00e9s probl\u00e9m\u00e1k hat\u00e1sa a betegs\u00e9g kialakul\u00e1s\u00e1ra \u2013 a n\u00e9pszer\u0171s\u00edt\u0151 pszichol\u00f3gi\u00e1ban k\u00f6z\u00f6ltek ellen\u00e9re -, nem bizony\u00edtott, gyakran a diagn\u00f3zist k\u00f6vet\u0151en, a daganatos megbeteged\u00e9ssel \u00e9s a kezel\u00e9sekkel \u00f6sszef\u00fcgg\u00e9sben alakulnak ki. Pszichoter\u00e1pi\u00e1s \u00e9s\/vagy gy\u00f3gyszeres kezel\u00e9s\u00fck ugyanakkor fontos, mivel a betegs\u00e9g lefoly\u00e1s\u00e1ra kedvez\u0151tlen hat\u00e1ssal lehetnek, a betegek \u00e9letmin\u0151s\u00e9g\u00e9t nagym\u00e9rt\u00e9kben rontj\u00e1k.<\/p>\n<p><strong><span style=\"font-size: 18pt\">Milyen esetekben javasolt pszichol\u00f3giai seg\u00edts\u00e9gny\u00fajt\u00e1st ig\u00e9nybe venni?<\/span><\/strong><\/p>\n<ul>\n<li>Tart\u00f3san fenn\u00e1ll\u00f3 szorong\u00e1s, lehangolts\u00e1g, rem\u00e9nytelens\u00e9g, d\u00fch vagy egy\u00e9b negat\u00edv \u00e9rz\u00e9sek<br \/>meg\u00e9l\u00e9se.<\/li>\n<li>M\u0171t\u00e9ttel, altat\u00e1ssal, kezel\u00e9sekkel kapcsolatos er\u0151s szorong\u00e1s, ellen\u00e9rz\u00e9sek. Vizsg\u00e1latok, kezel\u00e9sek<br \/>elutas\u00edt\u00e1sa.<\/li>\n<li>Onkol\u00f3giai betegs\u00e9get megel\u0151z\u0151en diagnosztiz\u00e1lt, tart\u00f3san fenn\u00e1ll\u00f3 pszich\u00e9s zavar megl\u00e9te.<\/li>\n<li>A betegs\u00e9g sor\u00e1n \u00e9szlelt t\u00e1rsas izol\u00e1ci\u00f3, csal\u00e1di, bar\u00e1ti t\u00e1mogat\u00e1s hi\u00e1nya, kapcsolati probl\u00e9m\u00e1k.<\/li>\n<li>M\u0171t\u00e9tek, kezel\u00e9sek ut\u00e1n jelentkez\u0151, \u00e9letvitelben bek\u00f6vetkez\u0151 v\u00e1ltoz\u00e1sokkal val\u00f3 megk\u00fczd\u00e9s<br \/>neh\u00e9zs\u00e9ge.<\/li>\n<li>A betegs\u00e9g, kezel\u00e9sek mell\u00e9khat\u00e1sai kapcs\u00e1n kialakul\u00f3 cs\u00f6kkent \u00f6n\u00e9rt\u00e9kel\u00e9s, \u00f6nbecs\u00fcl\u00e9s, szexu\u00e1lis<br \/>zavarok.<\/li>\n<li>A j\u00f6v\u0151vel, betegs\u00e9g ki\u00fajul\u00e1s\u00e1val kapcsolatban tart\u00f3san fenn\u00e1ll\u00f3 f\u00e9lelmek, aggodalmak jelenl\u00e9te.<\/li>\n<\/ul>\n<p><strong><span style=\"font-size: 18pt\">Miben tudnak seg\u00edteni az onkol\u00f3giai betegekkel foglalkoz\u00f3 pszichol\u00f3gusok?<\/span><\/strong><\/p>\n<p>A pszichol\u00f3gus feladata, hogy seg\u00edtse, t\u00e1mogassa a daganatos betegs\u00e9ggel \u00e9l\u0151ket \u00e9s hozz\u00e1tartoz\u00f3ikat a betegs\u00e9g, a kezel\u00e9sek, az olykor kil\u00e1t\u00e1stalannak tartott helyzetek elfogad\u00e1s\u00e1ban, \u00e9s az azokkal val\u00f3 megk\u00fczd\u00e9sben. A pszichol\u00f3giai t\u00e1mogat\u00e1s t\u00f6rt\u00e9nhet beteg\u00e1gy mellett, m\u0171t\u00e9tet megel\u0151z\u0151en, illetve azt k\u00f6vet\u0151en, valamint kemoter\u00e1pi\u00e1s kezel\u00e9sek sor\u00e1n.<\/p>\n<p style=\"text-align: justify\">El\u0151zetes id\u0151pont-egyeztet\u00e9s eset\u00e9n lehet\u0151s\u00e9g van ambul\u00e1ns keretek k\u00f6z\u00f6tt is szem\u00e9lyesen vagy online 30-60 perces id\u0151tartamban egy\u00e9ni konzult\u00e1ci\u00f3t ig\u00e9nybe venni. Az alkalmazott pszichol\u00f3giai technik\u00e1k a szupport\u00edv betegvezet\u00e9sen t\u00fal kognit\u00edv-viselked\u00e9ster\u00e1pi\u00e1s, illetve relax\u00e1ci\u00f3s- imagin\u00e1ci\u00f3s m\u00f3dszereket foglalnak magukban.<\/p>\n<p>Klinik\u00e1nk szakpszichol\u00f3gusa: <span style=\"font-size: 18pt\"><strong>Szita Bernadett<\/strong><\/span><br \/>Telefonos id\u0151pont egyeztet\u00e9s: +36 20 663 2004<\/p>\n","protected":false},"excerpt":{"rendered":"<p>Klinik\u00e1nkon pszichol\u00f3gus seg\u00edts\u00e9g\u00e9t is k\u00e9rheti t\u00e1rsadalombiztos\u00edt\u00e1s \u00e1ltal finansz\u00edrozott m\u00f3don! Onkopszichol\u00f3giai ell\u00e1t\u00e1s Egy daganatos betegs\u00e9g jelent\u0151sen megv\u00e1ltozott \u00e9lethelyzetet teremt, az ehhez val\u00f3 alkalmazkod\u00e1s sok er\u0151t, kitart\u00e1st ig\u00e9nyel. A betegek sokszor \u00e9rzik mag\u00e1nyosnak, tehetetlennek, kiszolg\u00e1ltatottnak magukat, vagy az egym\u00e1st k\u00f6vet\u0151 kezel\u00e9sek sor\u00e1n elvesztik a hit\u00fcket, kitart\u00e1sukat. K\u00fcl\u00f6n megpr\u00f3b\u00e1ltat\u00e1st jelenthet a m\u0171t\u00e9tek, kezel\u00e9sek alatt k\u00f3rh\u00e1zban t\u00f6lt\u00f6tt id\u0151, amikor &hellip;<\/p>\n","protected":false},"author":101531,"featured_media":0,"parent":46,"menu_order":3,"comment_status":"closed","ping_status":"closed","template":"","meta":{"_acf_changed":false,"footnotes":""},"categories":[],"tags":[],"class_list":["post-398","page","type-page","status-publish","hentry"],"acf":[],"_links":{"self":[{"href":"https:\/\/semmelweis.hu\/noionkologia\/wp-json\/wp\/v2\/pages\/398","targetHints":{"allow":["GET"]}}],"collection":[{"href":"https:\/\/semmelweis.hu\/noionkologia\/wp-json\/wp\/v2\/pages"}],"about":[{"href":"https:\/\/semmelweis.hu\/noionkologia\/wp-json\/wp\/v2\/types\/page"}],"author":[{"embeddable":true,"href":"https:\/\/semmelweis.hu\/noionkologia\/wp-json\/wp\/v2\/users\/101531"}],"replies":[{"embeddable":true,"href":"https:\/\/semmelweis.hu\/noionkologia\/wp-json\/wp\/v2\/comments?post=398"}],"version-history":[{"count":10,"href":"https:\/\/semmelweis.hu\/noionkologia\/wp-json\/wp\/v2\/pages\/398\/revisions"}],"predecessor-version":[{"id":750,"href":"https:\/\/semmelweis.hu\/noionkologia\/wp-json\/wp\/v2\/pages\/398\/revisions\/750"}],"up":[{"embeddable":true,"href":"https:\/\/semmelweis.hu\/noionkologia\/wp-json\/wp\/v2\/pages\/46"}],"wp:attachment":[{"href":"https:\/\/semmelweis.hu\/noionkologia\/wp-json\/wp\/v2\/media?parent=398"}],"wp:term":[{"taxonomy":"category","embeddable":true,"href":"https:\/\/semmelweis.hu\/noionkologia\/wp-json\/wp\/v2\/categories?post=398"},{"taxonomy":"post_tag","embeddable":true,"href":"https:\/\/semmelweis.hu\/noionkologia\/wp-json\/wp\/v2\/tags?post=398"}],"curies":[{"name":"wp","href":"https:\/\/api.w.org\/{rel}","templated":true}]}}