{"id":391,"date":"2020-06-02T15:41:10","date_gmt":"2020-06-02T13:41:10","guid":{"rendered":"https:\/\/semmelweis.hu\/noionkologia\/?page_id=391"},"modified":"2020-10-13T10:34:46","modified_gmt":"2020-10-13T08:34:46","slug":"kulfoldi-betegeknek","status":"publish","type":"page","link":"https:\/\/semmelweis.hu\/noionkologia\/kulfoldi-betegeknek\/","title":{"rendered":"Foreign clients"},"content":{"rendered":"<p>K\u00fclf\u00f6ldi betegeink, illetve t\u00e1rsadalombiztos\u00edt\u00e1ssal nem rendelkez\u0151 betegeink ell\u00e1t\u00e1s\u00e1t Klinik\u00e1nk a Semmelweis Kft-vel egy\u00fcttm\u0171k\u00f6d\u00e9sben v\u00e9gzi. A lehet\u0151s\u00e9gekr\u0151l \u00e9rdekl\u0151dj\u00f6n Oszt\u00e1lyunkon, vagy a <a href=\"https:\/\/semmelweiskft.hu\/\">Semmelweis Kft.<\/a>\u00a0weboldal\u00e1n!<\/p>\n<p>Non Hungarian, or non insured patients can apply for medical care (eg.: surgery). Our Clinics works in collaboration with Semmelweis RT. For further information: <a href=\"https:\/\/semmelweiskft.hu\/site\/english\">Semmelweis Kft.<\/a><\/p>\n","protected":false},"excerpt":{"rendered":"<p>K\u00fclf\u00f6ldi betegeink, illetve t\u00e1rsadalombiztos\u00edt\u00e1ssal nem rendelkez\u0151 betegeink ell\u00e1t\u00e1s\u00e1t Klinik\u00e1nk a Semmelweis Kft-vel egy\u00fcttm\u0171k\u00f6d\u00e9sben v\u00e9gzi. A lehet\u0151s\u00e9gekr\u0151l \u00e9rdekl\u0151dj\u00f6n Oszt\u00e1lyunkon, vagy a <a href=\"https:\/\/semmelweiskft.hu\/\">Semmelweis Kft.<\/a>\u00a0weboldal\u00e1n!<br \/>\nNon Hungarian, or non insured patients can apply for medical care (eg.: surgery). Our Clinics works in collaboration with Semmelweis RT. For further information: <a href=\"https:\/\/semmelweiskft.hu\/site\/english\">Semmelweis Kft.<\/a><\/p>\n","protected":false},"author":101531,"featured_media":0,"parent":0,"menu_order":15,"comment_status":"closed","ping_status":"closed","template":"","meta":{"_acf_changed":false,"footnotes":""},"categories":[],"tags":[],"class_list":["post-391","page","type-page","status-publish","hentry"],"acf":[],"_links":{"self":[{"href":"https:\/\/semmelweis.hu\/noionkologia\/wp-json\/wp\/v2\/pages\/391","targetHints":{"allow":["GET"]}}],"collection":[{"href":"https:\/\/semmelweis.hu\/noionkologia\/wp-json\/wp\/v2\/pages"}],"about":[{"href":"https:\/\/semmelweis.hu\/noionkologia\/wp-json\/wp\/v2\/types\/page"}],"author":[{"embeddable":true,"href":"https:\/\/semmelweis.hu\/noionkologia\/wp-json\/wp\/v2\/users\/101531"}],"replies":[{"embeddable":true,"href":"https:\/\/semmelweis.hu\/noionkologia\/wp-json\/wp\/v2\/comments?post=391"}],"version-history":[{"count":10,"href":"https:\/\/semmelweis.hu\/noionkologia\/wp-json\/wp\/v2\/pages\/391\/revisions"}],"predecessor-version":[{"id":679,"href":"https:\/\/semmelweis.hu\/noionkologia\/wp-json\/wp\/v2\/pages\/391\/revisions\/679"}],"wp:attachment":[{"href":"https:\/\/semmelweis.hu\/noionkologia\/wp-json\/wp\/v2\/media?parent=391"}],"wp:term":[{"taxonomy":"category","embeddable":true,"href":"https:\/\/semmelweis.hu\/noionkologia\/wp-json\/wp\/v2\/categories?post=391"},{"taxonomy":"post_tag","embeddable":true,"href":"https:\/\/semmelweis.hu\/noionkologia\/wp-json\/wp\/v2\/tags?post=391"}],"curies":[{"name":"wp","href":"https:\/\/api.w.org\/{rel}","templated":true}]}}