{"id":38,"date":"2020-05-31T19:07:02","date_gmt":"2020-05-31T17:07:02","guid":{"rendered":"https:\/\/semmelweis.hu\/noionkologia\/?page_id=38"},"modified":"2025-05-16T11:58:21","modified_gmt":"2025-05-16T09:58:21","slug":"munkatarsaink","status":"publish","type":"page","link":"https:\/\/semmelweis.hu\/noionkologia\/munkatarsaink\/","title":{"rendered":"Munkat\u00e1rsaink"},"content":{"rendered":"<h2><strong>OSZT\u00c1LYVEZET\u0150<\/strong><\/h2>\n<p><strong><span style=\"font-size: 18pt\"><img loading=\"lazy\" decoding=\"async\" class=\"size-medium wp-image-501 alignleft\" src=\"https:\/\/semmelweis.hu\/noionkologia\/files\/2020\/07\/Szabolcs-267x400.jpg\" alt=\"\" width=\"267\" height=\"400\" srcset=\"https:\/\/semmelweis.hu\/noionkologia\/files\/2020\/07\/Szabolcs-267x400.jpg 267w, https:\/\/semmelweis.hu\/noionkologia\/files\/2020\/07\/Szabolcs.jpg 400w\" sizes=\"auto, (max-width: 267px) 100vw, 267px\" \/>Dr. M\u00e1t\u00e9 Szabolcs<br \/><\/span><\/strong><br \/>Klinikai f\u0151orvos, Onkol\u00f3giai Oszt\u00e1lyvezet\u0151<br \/>Sz\u00fcl\u00e9sz &#8211; n\u0151gy\u00f3gy\u00e1sz szakorvos<br \/>N\u0151gy\u00f3gy\u00e1szati daganatseb\u00e9sz<br \/>Klinikai onkol\u00f3gus<br \/>SE-\u00c1OK magyar \u00e9s angol nyelv\u0171 orvosk\u00e9pz\u00e9s el\u0151ad\u00f3<\/p>\n<p>e-mail: <span class=\"tel-value\"><a href=\"mailto:mate.szabolcs@med.semmelweis-univ.hu\">mate.szabolcs@semmelweis.hu<\/a><br \/>tel.: +36 20 <\/span>663 2432<br \/><span class=\"tel-value\"><br \/><a href=\"https:\/\/semmelweis.hu\/noionkologia\/files\/2022\/07\/CV-Mate-Klinikai-honlapra-1.pdf\">Dr. M\u00e1t\u00e9 Szabolcs szakmai \u00f6n\u00e9letrajza<\/a><br \/><\/span><\/p>\n<hr \/>\n<h2><strong>SZAKORVOSAINK<\/strong><\/h2>\n<p><span style=\"font-size: 18pt\"><strong><img loading=\"lazy\" decoding=\"async\" class=\"size-medium wp-image-493 alignleft\" src=\"https:\/\/semmelweis.hu\/noionkologia\/files\/2020\/07\/B\u00f6be-267x400.jpg\" alt=\"\" width=\"267\" height=\"400\" srcset=\"https:\/\/semmelweis.hu\/noionkologia\/files\/2020\/07\/B\u00f6be-267x400.jpg 267w, https:\/\/semmelweis.hu\/noionkologia\/files\/2020\/07\/B\u00f6be.jpg 400w\" sizes=\"auto, (max-width: 267px) 100vw, 267px\" \/>Dr. Szatm\u00e1ri Erzs\u00e9bet (jelenleg t\u00e1vol)<br \/><\/strong><\/span><\/p>\n<p>Klinikai szakorvos<br \/>Sz\u00fcl\u00e9sz &#8211; n\u0151gy\u00f3gy\u00e1sz szakorvos<br \/>N\u0151gy\u00f3gy\u00e1szati daganatseb\u00e9sz<\/p>\n<p>e-mail: <span class=\"tel-value\"><a href=\"mailto:szatmari.erzsebet@med.semmelweis-univ.hu\">szatmari.erzsebet@semmelweis.hu<\/a><\/p>\n<p><a href=\"https:\/\/semmelweis.hu\/noionkologia\/files\/2020\/07\/B\u00f6beCV.pdf\">Dr. Szatm\u00e1ri Erzs\u00e9bet szakmai \u00f6n\u00e9letrajza<\/a><\/span><\/p>\n<hr \/>\n<p><strong><span style=\"font-size: 18pt\"><img loading=\"lazy\" decoding=\"async\" class=\"size-medium wp-image-507 alignleft\" src=\"https:\/\/semmelweis.hu\/noionkologia\/files\/2020\/07\/s\u00e1ndor-267x400.jpg\" alt=\"\" width=\"267\" height=\"400\" srcset=\"https:\/\/semmelweis.hu\/noionkologia\/files\/2020\/07\/s\u00e1ndor-267x400.jpg 267w, https:\/\/semmelweis.hu\/noionkologia\/files\/2020\/07\/s\u00e1ndor.jpg 400w\" sizes=\"auto, (max-width: 267px) 100vw, 267px\" \/>Dr. Ny\u00edri S\u00e1ndor<\/span><\/strong><\/p>\n<p>Klinikai szakorvos<br \/>Sz\u00fcl\u00e9sz &#8211; n\u0151gy\u00f3gy\u00e1sz szakorvos<br \/>N\u0151gy\u00f3gy\u00e1szati daganatseb\u00e9sz<br \/>V. \u00e9vfolyam magyar oktat\u00e1si felel\u0151s<\/p>\n<p>e-mail: <span class=\"tel-value\"><a href=\"mailto:nyiri.sandor@med.semmelweis-univ.hu\">nyiri.sandor@semmelweis.hu<\/a><\/p>\n<p><a href=\"https:\/\/semmelweis.hu\/noionkologia\/files\/2020\/09\/CV-Ny\u00edri-S\u00e1ndor-Klinika-honlapra.pdf\">Dr. Ny\u00edri S\u00e1ndor szakmai \u00f6n\u00e9letrajza<\/a><\/span><\/p>\n<p>&nbsp;<\/p>\n<p>&nbsp;<\/p>\n<hr \/>\n<p style=\"text-align: left\"><strong><span style=\"font-size: 18pt\">Dr. \u00c9get\u0151 \u00c1gnes<\/span><\/strong><\/p>\n<p>Klinikai szakorvos<br \/>Sz\u00fcl\u00e9sz &#8211; n\u0151gy\u00f3gy\u00e1sz szakorvos, N\u0151gy\u00f3gy\u00e1szati daganatseb\u00e9sz jel\u00f6lt<\/p>\n<p>e-mail: egeto.agnes@semmelweis.hu<\/p>\n<p><a href=\"https:\/\/semmelweis.hu\/noionkologia\/files\/2022\/07\/CV-Egeto-Agnes.pdf\">Dr. \u00c9get\u0151 \u00c1gnes szakmai \u00f6n\u00e9letrajza<\/a><\/p>\n<hr \/>\n<p><span style=\"font-size: 18pt\"><strong><img loading=\"lazy\" decoding=\"async\" class=\"size-medium wp-image-494 alignleft\" src=\"https:\/\/semmelweis.hu\/noionkologia\/files\/2020\/07\/\u00e9n-267x400.jpg\" alt=\"\" width=\"267\" height=\"400\" srcset=\"https:\/\/semmelweis.hu\/noionkologia\/files\/2020\/07\/\u00e9n-267x400.jpg 267w, https:\/\/semmelweis.hu\/noionkologia\/files\/2020\/07\/\u00e9n.jpg 400w\" sizes=\"auto, (max-width: 267px) 100vw, 267px\" \/>Dr. Unicsovics M\u00e1rk\u00f3<\/strong><\/span><\/p>\n<p>Klinikai szakorvos<br \/>Sz\u00fcl\u00e9sz &#8211; n\u0151gy\u00f3gy\u00e1sz szakorvos, N\u0151gy\u00f3gy\u00e1szati daganatseb\u00e9sz jel\u00f6lt<br \/>SE-\u00c1OK angol nyelv\u0171 orvosk\u00e9pz\u00e9s oktat\u00e1si felel\u0151s helyettes<\/p>\n<p>e-mail: <a href=\"mailto:unicsovics.marko@med.semmelweis-univ.hu\">unicsovics.marko@semmelweis.hu<\/a><\/p>\n<p><a href=\"https:\/\/semmelweis.hu\/noionkologia\/files\/2023\/12\/Marko_Unicsovics_CVHun.pdf\">Dr. Unicsovics M\u00e1rk\u00f3 szakmai \u00f6n\u00e9letrajza<\/a><\/p>\n<hr \/>\n<h2><strong>K\u00fcls\u0151s szak\u00e9rt\u0151ink<\/strong><\/h2>\n<p><strong><img loading=\"lazy\" decoding=\"async\" class=\"size-full wp-image-104 alignleft\" src=\"https:\/\/semmelweis.hu\/noionkologia\/files\/2020\/05\/avatar_Ung\u00e1r.jpg\" alt=\"\" width=\"262\" height=\"262\" srcset=\"https:\/\/semmelweis.hu\/noionkologia\/files\/2020\/05\/avatar_Ung\u00e1r.jpg 262w, https:\/\/semmelweis.hu\/noionkologia\/files\/2020\/05\/avatar_Ung\u00e1r-150x150.jpg 150w\" sizes=\"auto, (max-width: 262px) 100vw, 262px\" \/>Dr. Ung\u00e1r L\u00e1szl\u00f3<\/strong><\/p>\n<p>PhD, habilit\u00e1lt c\u00edmzetes egyetemi tan\u00e1r<\/p>\n<p>Sz\u00fcl\u00e9sz &#8211; n\u0151gy\u00f3gy\u00e1sz szakorvos<br \/>N\u0151gy\u00f3gy\u00e1szati daganatseb\u00e9sz<\/p>\n<hr \/>\n<h2><strong>SZAKDOLGOZ\u00d3INK<\/strong><\/h2>\n<p><strong><span style=\"font-size: 18pt\"><img loading=\"lazy\" decoding=\"async\" class=\" wp-image-818 alignleft\" src=\"https:\/\/semmelweis.hu\/noionkologia\/files\/2025\/05\/img_1058-267x400.jpg\" alt=\"\" width=\"265\" height=\"398\" srcset=\"https:\/\/semmelweis.hu\/noionkologia\/files\/2025\/05\/img_1058-267x400.jpg 267w, https:\/\/semmelweis.hu\/noionkologia\/files\/2025\/05\/img_1058-683x1024.jpg 683w, https:\/\/semmelweis.hu\/noionkologia\/files\/2025\/05\/img_1058-768x1152.jpg 768w, https:\/\/semmelweis.hu\/noionkologia\/files\/2025\/05\/img_1058-1024x1536.jpg 1024w, https:\/\/semmelweis.hu\/noionkologia\/files\/2025\/05\/img_1058-753x1130.jpg 753w, https:\/\/semmelweis.hu\/noionkologia\/files\/2025\/05\/img_1058.jpg 1280w\" sizes=\"auto, (max-width: 265px) 100vw, 265px\" \/>Spanics Cosette<br \/><\/span><\/strong><br \/>Oszt\u00e1lyvezet\u0151 f\u0151n\u0151v\u00e9r<br \/>Sz\u00fcl\u00e9szn\u0151<\/p>\n<p>El\u00e9rhet\u0151s\u00e9g: <strong>+36 30 016 4779<\/strong><\/p>\n<hr \/>\n<p><strong><span style=\"font-size: 18pt\"><img loading=\"lazy\" decoding=\"async\" class=\" wp-image-499 alignleft\" src=\"https:\/\/semmelweis.hu\/noionkologia\/files\/2020\/07\/kati-267x400.jpg\" alt=\"\" width=\"265\" height=\"398\" srcset=\"https:\/\/semmelweis.hu\/noionkologia\/files\/2020\/07\/kati-267x400.jpg 267w, https:\/\/semmelweis.hu\/noionkologia\/files\/2020\/07\/kati.jpg 400w\" sizes=\"auto, (max-width: 265px) 100vw, 265px\" \/>Tab\u00e1n\u00e9 Bern\u00e1th Katalin<\/span><\/strong><\/p>\n<p>Oszt\u00e1lyvezet\u0151 f\u0151n\u0151v\u00e9r helyettes<br \/>Szak\u00e1pol\u00f3<\/p>\n<hr \/>\n<p>&nbsp;<\/p>\n<hr \/>\n<p><span style=\"font-size: 18pt\"><strong><img loading=\"lazy\" decoding=\"async\" class=\"size-medium wp-image-495 alignleft\" src=\"https:\/\/semmelweis.hu\/noionkologia\/files\/2020\/07\/\u00c9va-267x400.jpg\" alt=\"\" width=\"267\" height=\"400\" srcset=\"https:\/\/semmelweis.hu\/noionkologia\/files\/2020\/07\/\u00c9va-267x400.jpg 267w, https:\/\/semmelweis.hu\/noionkologia\/files\/2020\/07\/\u00c9va.jpg 400w\" sizes=\"auto, (max-width: 267px) 100vw, 267px\" \/>Kiss \u00c9va<\/strong><\/span><\/p>\n<p>Oszt\u00e1lyos n\u0151v\u00e9r<br \/>Sz\u00fcl\u00e9szn\u0151<\/p>\n<hr \/>\n<p>&nbsp;<\/p>\n<p><strong><span style=\"font-size: 18pt\">Juh\u00e1sz Zsuzsanna<\/span><\/strong><\/p>\n<p>Oszt\u00e1lyos n\u0151v\u00e9r<br \/>\u00c1pol\u00f3n\u0151<\/p>\n<hr \/>\n<p><strong><span style=\"font-size: 18pt\">Gr\u00f3f Melinda<\/span><\/strong><\/p>\n<p>Oszt\u00e1lyos n\u0151v\u00e9r<br \/>Szak\u00e1pol\u00f3<\/p>\n<hr \/>\n<p><span style=\"font-size: 18pt\"><strong>Dorm\u00e1ny Cec\u00edlia<\/strong><\/span><\/p>\n<p>Oszt\u00e1lyos n\u0151v\u00e9r<br \/>Szak\u00e1pol\u00f3<\/p>\n<hr \/>\n<p><span style=\"font-size: 18pt\"><strong>Kir\u00e1ly Erzs\u00e9bet Vikt\u00f3ria<\/strong><\/span><\/p>\n<p>Oszt\u00e1lyos n\u0151v\u00e9r<br \/>Szak\u00e1pol\u00f3<\/p>\n<hr \/>\n<p><span style=\"font-size: 18pt\"><strong>Klinikai szakpszichol\u00f3gusunk<\/strong><\/span><\/p>\n<p><img loading=\"lazy\" decoding=\"async\" class=\"size-medium wp-image-743 alignleft\" src=\"https:\/\/semmelweis.hu\/noionkologia\/files\/2022\/07\/kep_onko_szb-293x400.jpg\" alt=\"\" width=\"293\" height=\"400\" srcset=\"https:\/\/semmelweis.hu\/noionkologia\/files\/2022\/07\/kep_onko_szb-293x400.jpg 293w, https:\/\/semmelweis.hu\/noionkologia\/files\/2022\/07\/kep_onko_szb.jpg 411w\" sizes=\"auto, (max-width: 293px) 100vw, 293px\" \/><strong><span style=\"font-size: 18pt\">Szita Bernadett<\/span><\/strong><br \/>Klinikai szakpszichol\u00f3gus, Pszichoterapeuta<\/p>\n<p>&nbsp;<\/p>\n<p>&nbsp;<\/p>\n<p>&nbsp;<\/p>\n<p><a href=\"https:\/\/semmelweis.hu\/noionkologia\/files\/2022\/07\/CV-Szita-Bernadett.pdf\">Szita Bernadett szakmai \u00f6n\u00e9letrajza<\/a><\/p>\n<hr \/>\n<p><strong>Oszt\u00e1lyos adminiszt\u00e1toraink<\/strong><\/p>\n<p><strong><span style=\"font-size: 18pt\">Kakuk Gabriella<\/span><\/strong><br \/>e-mail: kakuk.gabriella@semmelweis.hu<br \/>telefonsz\u00e1m: +3620\/670-1986<\/p>\n<p><strong><span style=\"font-size: 18pt\">Bod\u00f3 M\u00e1rton<\/span><\/strong><br \/>e-mail: bodo.marton@semmelweis.hu<br \/>telefonsz\u00e1m: +3620\/670-1283<\/p>\n<p>&nbsp;<\/p>\n","protected":false},"excerpt":{"rendered":"<p>OSZT\u00c1LYVEZET\u0150 Dr. M\u00e1t\u00e9 SzabolcsKlinikai f\u0151orvos, Onkol\u00f3giai Oszt\u00e1lyvezet\u0151Sz\u00fcl\u00e9sz &#8211; n\u0151gy\u00f3gy\u00e1sz szakorvosN\u0151gy\u00f3gy\u00e1szati daganatseb\u00e9szKlinikai onkol\u00f3gusSE-\u00c1OK magyar \u00e9s angol nyelv\u0171 orvosk\u00e9pz\u00e9s el\u0151ad\u00f3 e-mail: <a href=\"mailto:mate.szabolcs@med.semmelweis-univ.hu\">mate.szabolcs@semmelweis.hu<\/a> tel.: +36 20 663 2432 <a href=\"https:\/\/semmelweis.hu\/noionkologia\/files\/2022\/07\/CV-Mate-Klinikai-honlapra-1.pdf\">Dr. M\u00e1t\u00e9 Szabolcs szakmai \u00f6n\u00e9letrajza<\/a> SZAKORVOSAINK Dr. Szatm\u00e1ri Erzs\u00e9bet (jelenleg t\u00e1vol) Klinikai szakorvosSz\u00fcl\u00e9sz &#8211; n\u0151gy\u00f3gy\u00e1sz szakorvosN\u0151gy\u00f3gy\u00e1szati daganatseb\u00e9sz e-mail: <a href=\"mailto:szatmari.erzsebet@med.semmelweis-univ.hu\">szatmari.erzsebet@semmelweis.hu<\/a> <a href=\"https:\/\/semmelweis.hu\/noionkologia\/files\/2020\/07\/B\u00f6beCV.pdf\">Dr. Szatm\u00e1ri Erzs\u00e9bet szakmai \u00f6n\u00e9letrajza<\/a> Dr. Ny\u00edri S\u00e1ndor Klinikai szakorvosSz\u00fcl\u00e9sz &#8211; n\u0151gy\u00f3gy\u00e1sz szakorvosN\u0151gy\u00f3gy\u00e1szati daganatseb\u00e9szV. \u00e9vfolyam magyar oktat\u00e1si felel\u0151s e-mail: <a href=\"mailto:nyiri.sandor@med.semmelweis-univ.hu\">nyiri.sandor@semmelweis.hu<\/a> <a href=\"https:\/\/semmelweis.hu\/noionkologia\/files\/2020\/09\/CV-Ny\u00edri-S\u00e1ndor-Klinika-honlapra.pdf\">Dr. Ny\u00edri S\u00e1ndor szakmai \u00f6n\u00e9letrajza<\/a> &nbsp; &nbsp; Dr. \u00c9get\u0151 &hellip;<\/p>\n","protected":false},"author":101531,"featured_media":0,"parent":0,"menu_order":0,"comment_status":"closed","ping_status":"closed","template":"template-szervezet.php","meta":{"_acf_changed":false,"footnotes":""},"categories":[],"tags":[],"class_list":["post-38","page","type-page","status-publish","hentry"],"acf":[],"_links":{"self":[{"href":"https:\/\/semmelweis.hu\/noionkologia\/wp-json\/wp\/v2\/pages\/38","targetHints":{"allow":["GET"]}}],"collection":[{"href":"https:\/\/semmelweis.hu\/noionkologia\/wp-json\/wp\/v2\/pages"}],"about":[{"href":"https:\/\/semmelweis.hu\/noionkologia\/wp-json\/wp\/v2\/types\/page"}],"author":[{"embeddable":true,"href":"https:\/\/semmelweis.hu\/noionkologia\/wp-json\/wp\/v2\/users\/101531"}],"replies":[{"embeddable":true,"href":"https:\/\/semmelweis.hu\/noionkologia\/wp-json\/wp\/v2\/comments?post=38"}],"version-history":[{"count":10,"href":"https:\/\/semmelweis.hu\/noionkologia\/wp-json\/wp\/v2\/pages\/38\/revisions"}],"predecessor-version":[{"id":819,"href":"https:\/\/semmelweis.hu\/noionkologia\/wp-json\/wp\/v2\/pages\/38\/revisions\/819"}],"wp:attachment":[{"href":"https:\/\/semmelweis.hu\/noionkologia\/wp-json\/wp\/v2\/media?parent=38"}],"wp:term":[{"taxonomy":"category","embeddable":true,"href":"https:\/\/semmelweis.hu\/noionkologia\/wp-json\/wp\/v2\/categories?post=38"},{"taxonomy":"post_tag","embeddable":true,"href":"https:\/\/semmelweis.hu\/noionkologia\/wp-json\/wp\/v2\/tags?post=38"}],"curies":[{"name":"wp","href":"https:\/\/api.w.org\/{rel}","templated":true}]}}