{"id":233,"date":"2020-06-01T16:26:59","date_gmt":"2020-06-01T14:26:59","guid":{"rendered":"https:\/\/semmelweis.hu\/noionkologia\/?page_id=233"},"modified":"2020-07-19T13:07:22","modified_gmt":"2020-07-19T11:07:22","slug":"betegjogi-kepviselo","status":"publish","type":"page","link":"https:\/\/semmelweis.hu\/noionkologia\/betegellatas\/betegjogi-kepviselo\/","title":{"rendered":"Betegjogi k\u00e9pvisel\u0151"},"content":{"rendered":"<p><strong>A Semmelweis Egyetem klinik\u00e1in dolgoz\u00f3 betegjogi k\u00e9pvisel\u0151k<br \/>el\u0151zetes telefonos egyeztet\u00e9s ut\u00e1n fogadj\u00e1k a betegeket.<\/strong><\/p>\n<p>Illet\u00e9kes betegjogi k\u00e9pvisel\u0151:<\/p>\n<p><strong>Lengyel Ingrid<\/strong>\u00a0<br \/>betegjogi k\u00e9pvisel\u0151<br \/>Telefon: +36 20 489 9609<br \/>e-mail c\u00edm:\u00a0ingrid.lengyel@ijb.emmi.gov.hu<\/p>\n<p>&nbsp;<\/p>\n<p><strong><a href=\"http:\/\/ijsz.hu\/\" target=\"_blank\" rel=\"noopener noreferrer\">Integr\u00e1lt Jogv\u00e9delmi Szolg\u00e1lat<\/a>:<\/strong><br \/>C\u00edm: H-1134 Budapest, T\u00fcz\u00e9r u. 33. II. em.<br \/>Postac\u00edm: 1365 Bp., Pf.: 646.<br \/>weboldal:\u00a0<a href=\"http:\/\/ijsz.hu\/\" target=\"_blank\" rel=\"noopener noreferrer\">http:\/\/ijsz.hu\/<\/a><br \/>Telefon: +36 1 896 9000<br \/>Z\u00f6ld sz\u00e1m: 06 80 620 055<br \/>(k\u00fclf\u00f6ldr\u0151l): +36 20 489 9614<\/p>\n","protected":false},"excerpt":{"rendered":"<p>A Semmelweis Egyetem klinik\u00e1in dolgoz\u00f3 betegjogi k\u00e9pvisel\u0151kel\u0151zetes telefonos egyeztet\u00e9s ut\u00e1n fogadj\u00e1k a betegeket.<br \/>\nIllet\u00e9kes betegjogi k\u00e9pvisel\u0151:<br \/>\nLengyel Ingrid\u00a0betegjogi k\u00e9pvisel\u0151Telefon: +36 20 489 9609e-mail c\u00edm:\u00a0ingrid.lengyel@ijb.emmi.gov.hu<br \/>\n&nbsp;<br \/>\n<a href=\"http:\/\/ijsz.hu\/\" target=\"_blank\" rel=\"noopener noreferrer\">Integr\u00e1lt Jogv\u00e9delmi Szolg\u00e1lat<\/a>:C\u00edm: H-1134 Budapest, T\u00fcz\u00e9r u. 33. II. em.Postac\u00edm: 1365 Bp., Pf.: 646.weboldal:\u00a0<a href=\"http:\/\/ijsz.hu\/\" target=\"_blank\" rel=\"noopener noreferrer\">http:\/\/ijsz.hu\/<\/a>Telefon: +36 1 896 9000Z\u00f6ld sz\u00e1m: 06 80 620 055(k\u00fclf\u00f6ldr\u0151l): +36 20 489 9614<\/p>\n","protected":false},"author":101531,"featured_media":0,"parent":46,"menu_order":4,"comment_status":"closed","ping_status":"closed","template":"","meta":{"_acf_changed":false,"footnotes":""},"categories":[],"tags":[],"class_list":["post-233","page","type-page","status-publish","hentry"],"acf":[],"_links":{"self":[{"href":"https:\/\/semmelweis.hu\/noionkologia\/wp-json\/wp\/v2\/pages\/233","targetHints":{"allow":["GET"]}}],"collection":[{"href":"https:\/\/semmelweis.hu\/noionkologia\/wp-json\/wp\/v2\/pages"}],"about":[{"href":"https:\/\/semmelweis.hu\/noionkologia\/wp-json\/wp\/v2\/types\/page"}],"author":[{"embeddable":true,"href":"https:\/\/semmelweis.hu\/noionkologia\/wp-json\/wp\/v2\/users\/101531"}],"replies":[{"embeddable":true,"href":"https:\/\/semmelweis.hu\/noionkologia\/wp-json\/wp\/v2\/comments?post=233"}],"version-history":[{"count":2,"href":"https:\/\/semmelweis.hu\/noionkologia\/wp-json\/wp\/v2\/pages\/233\/revisions"}],"predecessor-version":[{"id":482,"href":"https:\/\/semmelweis.hu\/noionkologia\/wp-json\/wp\/v2\/pages\/233\/revisions\/482"}],"up":[{"embeddable":true,"href":"https:\/\/semmelweis.hu\/noionkologia\/wp-json\/wp\/v2\/pages\/46"}],"wp:attachment":[{"href":"https:\/\/semmelweis.hu\/noionkologia\/wp-json\/wp\/v2\/media?parent=233"}],"wp:term":[{"taxonomy":"category","embeddable":true,"href":"https:\/\/semmelweis.hu\/noionkologia\/wp-json\/wp\/v2\/categories?post=233"},{"taxonomy":"post_tag","embeddable":true,"href":"https:\/\/semmelweis.hu\/noionkologia\/wp-json\/wp\/v2\/tags?post=233"}],"curies":[{"name":"wp","href":"https:\/\/api.w.org\/{rel}","templated":true}]}}