{"id":216,"date":"2020-06-01T15:55:00","date_gmt":"2020-06-01T13:55:00","guid":{"rendered":"https:\/\/semmelweis.hu\/noionkologia\/?page_id=216"},"modified":"2020-09-21T12:48:18","modified_gmt":"2020-09-21T10:48:18","slug":"hazirend","status":"publish","type":"page","link":"https:\/\/semmelweis.hu\/noionkologia\/osztalyunkrol\/hazirend\/","title":{"rendered":"H\u00e1zirend"},"content":{"rendered":"<h3 style=\"text-align: center;\"><span style=\"color: #000000;\">A N\u0151gy\u00f3gy\u00e1szati Onkol\u00f3giai \u00e9s Daganatseb\u00e9szeti Oszt\u00e1ly h\u00e1zirendje<\/span><\/h3>\n<p>A Klinik\u00e1n val\u00f3 k\u00f6nnyebb eligazod\u00e1s c\u00e9lj\u00e1b\u00f3l t\u00e1j\u00e9koztatjuk \u00d6nt a legsz\u00fcks\u00e9gesebb tudnival\u00f3kr\u00f3l, ismertetj\u00fck a Klinika h\u00e1zirendj\u00e9t, l\u00e1togat\u00e1si rendj\u00e9t \u00e9s arra k\u00e9rj\u00fck, hogy az abban foglaltakat saj\u00e1t \u00e9s betegt\u00e1rsaik nyugodt gy\u00f3gyul\u00e1sa \u00e9rdek\u00e9ben tartsa be.<\/p>\n<p><span style=\"font-size: 18pt;\"><strong>BETEGFELV\u00c9TEL<\/strong><\/span><\/p>\n<p>K\u00e9rj\u00fck vegy\u00e9k figyelembe, hogy az oszt\u00e1lyokra t\u00f6rt\u00e9n\u0151 betegfelv\u00e9telek t\u00f6bb l\u00e9pcs\u0151ben t\u00f6rt\u00e9nnek (ambulancia, oszt\u00e1lyos orvosi, oszt\u00e1lyos n\u0151v\u00e9ri)!<\/p>\n<p>A betegfelv\u00e9tel a f\u0151bej\u00e1ratt\u00f3l jobbra a n\u0151gy\u00f3gy\u00e1szati ambulanci\u00e1n kezd\u0151dik, minden h\u00e9tk\u00f6znap reggel 07:00 \u00f3r\u00e1t\u00f3l, valamint a d\u00e9lut\u00e1n felv\u00e9telre ker\u00fcl\u0151 betegeink eset\u00e9ben 12:00 \u00f3r\u00e1t\u00f3l. A felv\u00e9tellel kapcsolatos adminisztr\u00e1ci\u00f3t &#8211; az ambulanci\u00e1n val\u00f3 megjelen\u00e9st ut\u00e1n &#8211; az ambulanci\u00e1n dolgoz\u00f3 n\u0151v\u00e9r seg\u00edts\u00e9g\u00e9vel, a felv\u00e9teli irod\u00e1ban int\u00e9zhetik.<\/p>\n<p>A p\u00e9nteki napon felv\u00e9telre ker\u00fcl\u0151 betegek m\u00e1r azon a napon munkahely\u00fckr\u0151l t\u00e1voll\u00e9v\u0151nek sz\u00e1m\u00edtanak.<\/p>\n<p>K\u00e9rj\u00fck, hogy felv\u00e9telkor hozza mag\u00e1val:<\/p>\n<ul>\n<li><em><strong><em style=\"font-size: 1rem; font-weight: 400;\"><strong>szem\u00e9lyi igazolv\u00e1ny\u00e1t<\/strong><\/em>lakc\u00edm k\u00e1rty\u00e1j\u00e1t<\/strong><\/em><\/li>\n<li><em><strong>betegbiztos\u00edt\u00e1si (TAJ) k\u00e1rty\u00e1j\u00e1t<\/strong><\/em><\/li>\n<li>a m\u0171t\u00e9ti beavatkoz\u00e1shoz sz\u00fcks\u00e9ges, a <em><strong>kivizsg\u00e1l\u00e1s kapcs\u00e1n elk\u00e9sz\u00fclt minden lelet\u00e9t<\/strong><\/em><\/li>\n<li>r\u00e9gebbi <em><strong>z\u00e1r\u00f3jelent\u00e9seit<\/strong><\/em><\/li>\n<li>egy\u00e9b orvosi dokumentumait.<\/li>\n<\/ul>\n<p>H\u00e9tf\u0151i tervezett m\u0171t\u00e9teinkre a felv\u00e9tel p\u00e9nteki napon, \u00fcnnepnapok ut\u00e1ni napra tervezett m\u0171t\u00e9tek eset\u00e9ben pedig, az \u00fcnnepnap el\u0151tti legutols\u00f3 munkanapon t\u00f6rt\u00e9nik a felv\u00e9tel.<\/p>\n<p>Az ambulanci\u00e1n t\u00f6rt\u00e9n\u0151 felv\u00e9tel\u00e9t k\u00f6vet\u0151en \u00d6n a Klinika valamely oszt\u00e1ly\u00e1ra lesz elhelyezve, ahol az aktu\u00e1lisan szolg\u00e1laton l\u00e9v\u0151 orvos koll\u00e9g\u00e1k elv\u00e9gzik az \u00d6n k\u00f3rlapj\u00e1nak \u00f6ssze\u00e1ll\u00edt\u00e1s\u00e1t, a n\u0151v\u00e9rek felveszik az \u00d6n \u00e1pol\u00e1si dokument\u00e1ci\u00f3j\u00e1hoz n\u00e9lk\u00fcl\u00f6zhetetlen adatokat, ismertetik az oszt\u00e1ly szab\u00e1lyait \u00e9s megmutatj\u00e1k az \u00d6n k\u00f3rterm\u00e9t \u00e9s \u00e1gy\u00e1t.<\/p>\n<p>Saj\u00e1t k\u00e9nyelme \u00e9rdek\u00e9ben felv\u00e9telkor az al\u00e1bbi t\u00e1rgyakat hozza mag\u00e1val:<\/p>\n<ul>\n<li>saj\u00e1t h\u00e1l\u00f3ruh\u00e1ja \u00e9s egy v\u00e1lt\u00f3 h\u00e1l\u00f3ruha<\/li>\n<li>tiszt\u00e1lkod\u00e1si szerek (szappan\/tusf\u00fcrd\u0151, f\u00e9s\u0171, fog\u00e1pol\u00e1si szerek)<\/li>\n<li>toalettpap\u00edr<\/li>\n<li>papucs<\/li>\n<li>iv\u00f3poh\u00e1r<\/li>\n<li>ha lehets\u00e9ges, saj\u00e1t l\u00e1zm\u00e9r\u0151<\/li>\n<\/ul>\n<p>Egy\u00e9b szem\u00e9lyes t\u00e1rgyait, utcai ruh\u00e1it a k\u00f3rtermekben l\u00e9v\u0151 szekr\u00e9nyekben, \u00e9jjeli szekr\u00e9nyekben helyezheti el. A Klinik\u00e1n t\u00f6lt\u00f6tt id\u0151 megk\u00f6nny\u00edt\u00e9se v\u00e9gett hozhat mag\u00e1val k\u00f6nyvet, \u00fajs\u00e1got, sz\u00e1m\u00edt\u00f3g\u00e9pet, zenelej\u00e1tsz\u00f3t, stb. K\u00e9rj\u00fck mindig legyen tekintettel szobat\u00e1rsaira!<\/p>\n<p>\u00c9kszert, \u00e9rt\u00e9kt\u00e1rgyakat ha lehet, ne hozzon mag\u00e1val.\u00a0 Amennyiben ig\u00e9nyli, a Klinika Gazdas\u00e1gi Irod\u00e1j\u00e1ban van lehet\u0151s\u00e9g \u00e9rt\u00e9kmeg\u0151rz\u00e9sre. A Klinika ter\u00fclet\u00e9re behozott \u00e9rt\u00e9kt\u00e1rgyai\u00e9rt a Klinika nem v\u00e1llal felel\u0151ss\u00e9get! K\u00e9rj\u00fck fokozottan \u00fcgyeljen \u00e9rt\u00e9keire! A k\u00f3rterem elhagy\u00e1sakor (pl.: m\u0171t\u0151be transzportkor, posztoperat\u00edv \u0151rz\u0151ben t\u00f6rt\u00e9n\u0151 megfigyel\u00e9sekor), ha nem marad senki a szob\u00e1ban, lehet\u0151s\u00e9g van azt bez\u00e1rni \u00e9s a kulcsot az oszt\u00e1lyos \u00e1pol\u00f3nak adni.<\/p>\n<p>K\u00e9rj\u00fck, hogy<strong> m\u0171t\u00e9ti beavatkoz\u00e1sra val\u00f3 jelentkez\u00e9skor \u00e9kszereit vegye le, amennyiben visel k\u00f6r\u00f6mlakkot, azt t\u00e1vol\u00edtsa el! <br \/><\/strong><\/p>\n<p><strong>Felh\u00edvjuk a figyelmet arra, hogy a Klinika eg\u00e9sz ter\u00fclet\u00e9n az alkoholfogyaszt\u00e1s \u00e9s doh\u00e1nyz\u00e1s szigor\u00faan tilos. A szab\u00e1ly megszeg\u00e9se p\u00e9nzb\u00edrs\u00e1g kiszab\u00e1s\u00e1t, valamint a Klinik\u00e1r\u00f3l val\u00f3 kiz\u00e1r\u00e1st vonja maga ut\u00e1n.<\/strong><\/p>\n<p><span style=\"font-size: 18pt;\"><strong>NAPIREND<\/strong><\/span><\/p>\n<p>Reggel 05:30-kor a nap tiszt\u00e1lkod\u00e1ssal, h\u0151m\u00e9r\u0151z\u00e9ssel, \u00e1gyak, k\u00f3rtermek rendbet\u00e9tel\u00e9vel kezd\u0151dik, majd a vizsg\u00e1lati anyagok (v\u00e9r, vizelet, stb.) lev\u00e9tele k\u00f6vetkezik. A d\u00e9lel\u0151tti oszt\u00e1lyos vizit 07:30-kor kezd\u0151dik, amikor a beteg az aznapi \u00e9s a m\u00e1snapi vizsg\u00e1latokr\u00f3l, beavatkoz\u00e1sokr\u00f3l, hazabocs\u00e1jt\u00e1sr\u00f3l t\u00e1j\u00e9koztat\u00e1st kap. Ekkor van lehet\u0151s\u00e9ge k\u00e9rdezni az oszt\u00e1lyvezet\u0151t\u0151l.<\/p>\n<p>K\u00e9rj\u00fck, hogy a reggeli vizit sor\u00e1n tart\u00f3zkodjon k\u00f3rterm\u00e9ben! A beavatkoz\u00e1sok, m\u0171t\u00e9ti ell\u00e1t\u00e1s, kemoter\u00e1pi\u00e1s kezel\u00e9sek 08:00-kor kezd\u0151dnek.<\/p>\n<p><strong><span style=\"font-size: 18pt;\">\u00c9TKEZ\u00c9SEK<\/span><\/strong><\/p>\n<p style=\"padding-left: 40px;\">Reggeli: 07:00<br \/>Eb\u00e9d: 11:30<br \/>Vacsora: Kioszt\u00e1sa a d\u00e9lut\u00e1ni \u00f3r\u00e1kban t\u00f6rt\u00e9nik.<\/p>\n<p>A felv\u00e9tel napj\u00e1n reggelit \u00e9s eb\u00e9det, a t\u00e1voz\u00e1s napj\u00e1n eb\u00e9det \u00e9s vacsor\u00e1t m\u00e1r nem tudunk biztos\u00edtani.<\/p>\n<p><span style=\"font-size: 18pt;\"><strong>L\u00c1TOGAT\u00c1SI REND<\/strong><\/span><\/p>\n<p>H\u00e9tk\u00f6znapokon: 16-18 \u00f3r\u00e1ig<br \/>H\u00e9tv\u00e9g\u00e9n \u00e9s \u00fcnnepnapokon: 10-12 \u00f3r\u00e1ig \u00e9s 16-18 \u00f3r\u00e1ig<br \/>A l\u00e1togat\u00e1si rendet oszt\u00e1lyunkon szigor\u00faan betartjuk \u00e9s betartatjuk. K\u00e9rj\u00fck \u00d6n\u00f6kt\u0151l a rend tiszteletben tart\u00e1s\u00e1t \u00e9s tudom\u00e1sul v\u00e9tel\u00e9t.<\/p>\n<p>K\u00e9rj\u00fck, hogy a l\u00e1togat\u00e1s sor\u00e1n vegy\u00e9k figyelembe az al\u00e1bbiakat:<br \/>&#8211; A l\u00e1togat\u00e1si id\u0151ben egy betegn\u00e9l egyszerre csak k\u00e9t l\u00e1togat\u00f3 tart\u00f3zkodhat.<br \/>&#8211; 10 \u00e9v alatti gyermek csak fel\u00fcgyelet mellett tart\u00f3zkodhat a Klinika ter\u00fclet\u00e9n.<br \/>&#8211; A Posztoperat\u00edv \u0150rz\u0151 l\u00e1togat\u00e1sa 10 \u00e9v alatti gyermek sz\u00e1m\u00e1ra nem enged\u00e9lyezett.<\/p>\n<p><strong><span style=\"font-size: 18pt;\">HAZABOCS\u00c1T\u00c1S<\/span><\/strong><\/p>\n<p>A Klinik\u00e1r\u00f3l t\u00f6rt\u00e9n\u0151 hazabocs\u00e1t\u00e1s id\u0151pontj\u00e1r\u00f3l kezel\u0151orvosa, vagy az oszt\u00e1lyvezet\u0151 t\u00e1j\u00e9koztatja \u00d6nt. Az &#8222;egynapos&#8221; m\u0171t\u00e9ti beavatkoz\u00e1son \u00e1tesett betegek eset\u00e9ben a t\u00e1voz\u00e1s a kezel\u0151orvos, vagy az oszt\u00e1lyos orvos \u00e1ltal megadott id\u0151pontban t\u00f6rt\u00e9nik. Egyedi esetekben &#8211; a beteggel t\u00f6rt\u00e9n\u0151 egyeztet\u00e9s ut\u00e1n &#8211; a t\u00e1voz\u00e1s id\u0151pontja ett\u0151l elt\u00e9r\u0151 lehet.<\/p>\n<p>T\u00e1j\u00e9koztatjuk, hogy a hazamenetel napj\u00e1n a k\u00f3rtermeket legk\u00e9s\u0151bb 09:30-ig el kell hagyni. K\u00e9rj\u00fck id\u0151ben \u00e9rtes\u00edtse hozz\u00e1tartoz\u00f3j\u00e1t, k\u00eds\u00e9r\u0151j\u00e9t hazamenetel\u00e9r\u0151l.<\/p>\n<p>K\u00e9rj\u00fck ne mulassza el kontrollvizsg\u00e1laton val\u00f3 megjelen\u00e9s\u00e9t!<\/p>\n<p>A t\u00e1voz\u00e1s napj\u00e1nak d\u00e9lel\u0151ttj\u00e9n a klinikai tart\u00f3zkod\u00e1sr\u00f3l <strong>z\u00e1r\u00f3jelent\u00e9st<\/strong> \u00e9s <strong>igazol\u00e1st\u00a0<\/strong>is kapnak, mely k\u00e9zhezv\u00e9tel ut\u00e1n legk\u00e9s\u0151bb az \u00e1gyakat el kell hagyni. Ett\u0151l eltekinteni nem tudunk a megn\u00f6vekedett betegforgalom miatt.<\/p>\n<hr \/>\n<h3 style=\"text-align: center;\">A betegek k\u00f6telezetts\u00e9gei \u00e9s jogai<\/h3>\n<p><strong><span style=\"font-size: 18pt;\">1997 \u00e9vi CLIV. t\u00f6rv\u00e9ny az eg\u00e9szs\u00e9g\u00fcgyr\u0151l:<\/span><\/strong><\/p>\n<p id=\"pr3id\" class=\" cf0 agj\" data-tid=\"2\">Az Orsz\u00e1ggy\u0171l\u00e9s:<\/p>\n<ul>\n<li class=\" cf0 agj\" data-tid=\"2\">a lakoss\u00e1g eg\u00e9szs\u00e9ge ir\u00e1nt \u00e9rzett felel\u0151ss\u00e9g\u00e9t\u0151l \u00e1thatva,<\/li>\n<li class=\" cf0 agj\" data-tid=\"2\">att\u00f3l a meggy\u0151z\u0151d\u00e9st\u0151l vez\u00e9relve, hogy az egy\u00e9n eg\u00e9szs\u00e9ghez f\u0171z\u0151d\u0151 \u00e9rdeke \u00e9s j\u00f3ll\u00e9te els\u0151bbs\u00e9get kell \u00e9lvezzen, tov\u00e1bb\u00e1, hogy az orvostudom\u00e1ny fejl\u0151d\u00e9s\u00e9nek eredm\u00e9nyeit a jelen \u00e9s a j\u00f6vend\u0151 nemzed\u00e9kek jav\u00e1ra kell felhaszn\u00e1lni,<\/li>\n<li class=\" cf0 agj\" data-tid=\"2\">annak tudat\u00e1ban, hogy az eg\u00e9szs\u00e9g az egy\u00e9n \u00e9letmin\u0151s\u00e9g\u00e9nek \u00e9s \u00f6nmegval\u00f3s\u00edt\u00e1s\u00e1nak alapvet\u0151 felt\u00e9tele, amely d\u00f6nt\u0151 hat\u00e1ssal van a csal\u00e1dra, a munk\u00e1ra \u00e9s ez\u00e1ltal az eg\u00e9sz nemzetre,<\/li>\n<li class=\" cf0 agj\" data-tid=\"2\">tekintettel arra, hogy az eg\u00e9szs\u00e9g fejleszt\u00e9s\u00e9t, meg\u0151rz\u00e9s\u00e9t \u00e9s helyre\u00e1ll\u00edt\u00e1s\u00e1t az eg\u00e9szs\u00e9g\u00fcgy eszk\u00f6zrendszere csak a szoci\u00e1lis ell\u00e1t\u00f3rendszerrel, valamint a term\u00e9szeti \u00e9s \u00e9p\u00edtett k\u00f6rnyezet v\u00e9delm\u00e9vel, illetve a t\u00e1rsadalmi \u00e9s gazdas\u00e1gi k\u00f6rnyezettel egy\u00fcttesen, tov\u00e1bb\u00e1 az eg\u00e9szs\u00e9get t\u00e1mogat\u00f3 t\u00e1rsadalmi gyakorlattal \u00e9s politik\u00e1val kieg\u00e9sz\u00fclve k\u00e9pes szolg\u00e1lni,<\/li>\n<li class=\" cf0 agj\" data-tid=\"2\">figyelemmel a bek\u00f6vetkezett tudom\u00e1nyos, technikai, etikai \u00e9s t\u00e1rsadalmi, valamint a jogrendszert \u00e9rint\u0151 v\u00e1ltoz\u00e1sokra, tov\u00e1bb\u00e1 nemzetk\u00f6zi k\u00f6telezetts\u00e9geinkre, az eg\u00e9szs\u00e9gi \u00e1llapot meg\u0151rz\u00e9s\u00e9nek \u00e9s jav\u00edt\u00e1s\u00e1nak \u00f6sszetett felt\u00e9telrendszer\u00e9t meghat\u00e1roz\u00f3 al\u00e1bbi t\u00f6rv\u00e9nyt alkotja meg:<\/li>\n<\/ul>\n<p><strong>A betegek k\u00f6telezetts\u00e9gei:<\/strong><\/p>\n<ul>\n<li>A beteg k\u00f6teles tiszteletben tartani az \u00e9rv\u00e9nyes jogszab\u00e1lyokat \u00e9s a k\u00f3rh\u00e1zi rendet.<\/li>\n<li>K\u00f6teles az ell\u00e1t\u00e1sban k\u00f6zrem\u0171k\u00f6d\u0151 eg\u00e9szs\u00e9g\u00fcgyi alkalmazottakkal egy\u00fcttm\u0171k\u00f6dni.<\/li>\n<li>K\u00f6teles t\u00e1j\u00e9koztatni az \u0151t kezel\u0151 orvosokat mindarr\u00f3l, ami sz\u00fcks\u00e9ges a k\u00f3risme meg\u00e1llap\u00edt\u00e1s\u00e1hoz (kor\u00e1bbi betegs\u00e9gekr\u0151l, gy\u00f3gyszerszed\u00e9sr\u0151l , eg\u00e9szs\u00e9gk\u00e1ros\u00edt\u00f3 kock\u00e1zati t\u00e9nyez\u0151kr\u0151l, ismert fert\u0151z\u0151 betegs\u00e9gekr\u0151l), a t\u0151l\u00fck kapott rendelkez\u00e9seket a gy\u00f3gykezel\u00e9ssel kapcsolatban betartani.<\/li>\n<li>K\u00f6teles a Klinika h\u00e1zirendj\u00e9t betartani!<\/li>\n<li>K\u00f6teles m\u00e1s betegek jogait tiszteletben tartani.<\/li>\n<li>K\u00f6teles szem\u00e9lyi adatait, biztos\u00edt\u00e1si jogviszony\u00e1t hitelt \u00e9rdeml\u0151 m\u00f3don igazolni.<\/li>\n<\/ul>\n<p><strong>A betegek jogai:<\/strong><\/p>\n<ul>\n<li>Az eg\u00e9szs\u00e9g\u00fcgyi ell\u00e1t\u00e1shoz val\u00f3 jog: Minden betegnek &#8211; tekintet n\u00e9lk\u00fcl arra, hogy magyar \u00e1llampolg\u00e1r-e, vagy hogy rendelkezik-e \u00e9rv\u00e9nyes biztos\u00edt\u00e1ssal &#8211; s\u00fcrg\u0151s sz\u00fcks\u00e9g eset\u00e9n joga van az \u00e9letment\u0151, a s\u00falyos vagy maradand\u00f3 eg\u00e9szs\u00e9gk\u00e1rosod\u00e1s megel\u0151z\u00e9s\u00e9t biztos\u00edt\u00f3 ell\u00e1t\u00e1shoz, valamint f\u00e1jdalm\u00e1nak csillap\u00edt\u00e1s\u00e1hoz \u00e9s szenved\u00e9s\u00e9nek cs\u00f6kkent\u00e9s\u00e9hez. A biztos\u00edtottnak joga van az \u00e1llapota \u00e1ltal indokolt, megfelel\u0151, folyamatosan hozz\u00e1f\u00e9rhet\u0151 \u00e9s megk\u00fcl\u00f6nb\u00f6ztet\u00e9s n\u00e9lk\u00fcli eg\u00e9szs\u00e9g\u00fcgyi ell\u00e1t\u00e1shoz.<\/li>\n<li>Az emberi m\u00e9lt\u00f3s\u00e1ghoz val\u00f3 jog: Az eg\u00e9szs\u00e9g\u00fcgyi ell\u00e1t\u00e1s sor\u00e1n a beteg emberi m\u00e9lt\u00f3s\u00e1g\u00e1t tiszteletben kell tartani. A beteget csak m\u00e9lt\u00e1nyolhat\u00f3 okb\u00f3l \u00e9s ideig lehet v\u00e1rakoztatni. A beteg ell\u00e1t\u00e1sa sor\u00e1n szem\u00e9rzet\u00e9re tekintettel ruh\u00e1zata csak a sz\u00fcks\u00e9ges id\u0151re \u00e9s a szakmailag indokolt m\u00e9rt\u00e9kben t\u00e1vol\u00edthat\u00f3 el.<\/li>\n<li>A kapcsolattart\u00e1s joga: A beteg k\u00f3rh\u00e1zi elhelyez\u00e9se sor\u00e1n m\u00e1s szem\u00e9lyekkel ak\u00e1r \u00edr\u00e1sban, ak\u00e1r sz\u00f3ban kapcsolatot tarthat, l\u00e1togat\u00f3kat fogadhat. A s\u00falyos \u00e1llapot\u00fa (aki \u00f6nell\u00e1t\u00e1sra k\u00e9ptelen, vagy f\u00e1jdalmai gy\u00f3gyszerrel sem sz\u00fcntethet\u0151ek meg, vagy lelki kr\u00edzishelyzetben van) betegnek joga van arra, hogy az \u00e1ltala megjel\u00f6lt 1 szem\u00e9ly mellette tart\u00f3zkodjon. <\/li>\n<li>Az int\u00e9zm\u00e9ny elhagy\u00e1s\u00e1nak joga: A betegnek joga van a k\u00f3rh\u00e1zat elhagyni, amennyiben azzal m\u00e1sok testi \u00e9ps\u00e9g\u00e9t, eg\u00e9szs\u00e9g\u00e9t nem vesz\u00e9lyezteti. A t\u00e1voz\u00e1si sz\u00e1nd\u00e9kot a kezel\u0151orvosnak kell bejelenteni. Ha a beteget a k\u00f3rh\u00e1zb\u00f3l el akarj\u00e1k bocs\u00e1tani, \u0151t, illet\u0151leg hozz\u00e1tartoz\u00f3j\u00e1t err\u0151l el\u0151zetesen t\u00e1j\u00e9koztatni kell.<\/li>\n<li>A t\u00e1j\u00e9koztat\u00e1shoz val\u00f3 jog: A betegnek joga van arra, hogy kezel\u0151orvos\u00e1t\u00f3l r\u00e9szletes t\u00e1j\u00e9koztat\u00e1st kapjon eg\u00e9szs\u00e9gi \u00e1llapot\u00e1r\u00f3l, bele\u00e9rtve ennek orvosi meg\u00edt\u00e9l\u00e9s\u00e9t is. K\u00e9r\u00e9s\u00e9nek megfelel\u0151en sz\u00fcks\u00e9ges a javasolt vizsg\u00e1latokr\u00f3l, beavatkoz\u00e1sokr\u00f3l, ezek eredm\u00e9ny\u00e9r\u0151l, a javasolt vizsg\u00e1latok, beavatkoz\u00e1sok elv\u00e9gz\u00e9s\u00e9nek, illetve elmarad\u00e1s\u00e1nak lehets\u00e9ges el\u0151nyeir\u0151l \u00e9s kock\u00e1zatair\u00f3l, a vizsg\u00e1latok, beavatkoz\u00e1sok elv\u00e9gz\u00e9s\u00e9nek tervezett id\u0151pontj\u00e1r\u00f3l, a sz\u00f3ba j\u00f6het\u0151 egy\u00e9b elj\u00e1r\u00e1sokr\u00f3l, m\u00f3dszerekr\u0151l, az ell\u00e1t\u00e1s folyamat\u00e1r\u00f3l \u00e9s v\u00e1rhat\u00f3 kimenetel\u00e9r\u0151l, a tov\u00e1bbi ell\u00e1t\u00e1sr\u00f3l, valamint javasolt \u00e9letm\u00f3dr\u00f3l t\u00e1j\u00e9koztatni. A betegnek joga van a t\u00e1j\u00e9koztat\u00e1s sor\u00e1n \u00e9s azt k\u00f6vet\u0151en tov\u00e1bbi k\u00e9rd\u00e9sekre. A beteg a t\u00e1j\u00e9koztat\u00e1sr\u00f3l lemondhat, \u00e9s joga van kijel\u00f6lni azt a szem\u00e9lyt, akit helyette t\u00e1j\u00e9koztatni kell.<\/li>\n<li>Beleegyez\u00e9s a gy\u00f3gykezel\u00e9sbe: B\u00e1rmely eg\u00e9szs\u00e9g\u00fcgyi beavatkoz\u00e1s elv\u00e9gz\u00e9s\u00e9nek felt\u00e9tele, hogy ahhoz a beteg megfelel\u0151 t\u00e1j\u00e9koztat\u00e1son alapul\u00f3 beleegyez\u00e9s\u00e9t adja. Invaz\u00edv beavatkoz\u00e1s (m\u0171t\u00e9t, sug\u00e1rkezel\u00e9s, stb.) eset\u00e9ben a beleegyez\u00e9s csak \u00edr\u00e1sban \u00e9rv\u00e9nyes. A beteg a beavatkoz\u00e1s elv\u00e9gz\u00e9s\u00e9hez val\u00f3 beleegyez\u00e9s\u00e9t b\u00e1rmikor visszavonhatja. A beleegyez\u00e9s alapos ok n\u00e9lk\u00fcli visszavon\u00e1sa eset\u00e9n azonban k\u00f6telezhet\u0151 az ennek k\u00f6vetkezt\u00e9ben felmer\u00fclt \u00e9s indokolt k\u00f6lts\u00e9gek megt\u00e9r\u00edt\u00e9s\u00e9re. Ha a beteg maga nem tud a kezel\u00e9sbe beleegyezni (mert pl.: eszm\u00e9letlen, vagy zavart \u00e1llapot\u00fa), \u00e9s nem hatalmazott fel kor\u00e1bban senkit, hogy helyette beleegyez\u00e9s jog\u00e1t gyakorolja, a kezel\u0151orvosnak a beteg hozz\u00e1tartoz\u00f3it kell megk\u00e9rdeznie arr\u00f3l, hogy beleegyeznek-e a kezel\u00e9sbe, \u0151k azonban a beteg tov\u00e1bbi \u00e9lete szempontj\u00e1b\u00f3l\u00a0 fontoss\u00e1ggal b\u00edr\u00f3 m\u0171t\u00e9tet nem utas\u00edthatnak vissza az eszm\u00e9letlen beteg nev\u00e9ben). Abban az esetben azonban, ha a hozz\u00e1tartoz\u00f3k megk\u00e9rdez\u00e9se a beteg gy\u00f3gyul\u00e1sa szempontj\u00e1b\u00f3l jelent\u0151s k\u00e9sedelemmel j\u00e1rna, a kezel\u0151orvos saj\u00e1t bel\u00e1t\u00e1sa szerint d\u00f6nt.<\/li>\n<li>A kezel\u00e9s visszautas\u00edt\u00e1sa: A nagykor\u00fa, cselekv\u0151k\u00e9pes beteget \u00e1ltal\u00e1ban megilleti az a jog, hogy b\u00e1rmely ell\u00e1t\u00e1st visszautas\u00edthasson. Olyan beavatkoz\u00e1st, amely elmarad\u00e1sa el\u0151rel\u00e1that\u00f3an a beteg hal\u00e1l\u00e1hoz vezet (\u00e9letfenntart\u00f3 vagy \u00e9letment\u0151 beavatkoz\u00e1s, pl.: mesters\u00e9ges l\u00e9legeztet\u00e9s, mesters\u00e9ges t\u00e1pl\u00e1l\u00e1s megsz\u00fcntet\u00e9se), csak akkor lehet visszautas\u00edtani, ha a beteg gy\u00f3gy\u00edthatatlan s\u00falyos betegs\u00e9gben szenved, amely az orvostudom\u00e1ny mindenkori \u00e1ll\u00e1sa szerint r\u00f6vid id\u0151n bel\u00fcl &#8211; megfelel\u0151 eg\u00e9szs\u00e9g\u00fcgyi ell\u00e1t\u00e1s mellett<\/li>\n<\/ul>\n","protected":false},"excerpt":{"rendered":"<p>A N\u0151gy\u00f3gy\u00e1szati Onkol\u00f3giai \u00e9s Daganatseb\u00e9szeti Oszt\u00e1ly h\u00e1zirendje A Klinik\u00e1n val\u00f3 k\u00f6nnyebb eligazod\u00e1s c\u00e9lj\u00e1b\u00f3l t\u00e1j\u00e9koztatjuk \u00d6nt a legsz\u00fcks\u00e9gesebb tudnival\u00f3kr\u00f3l, ismertetj\u00fck a Klinika h\u00e1zirendj\u00e9t, l\u00e1togat\u00e1si rendj\u00e9t \u00e9s arra k\u00e9rj\u00fck, hogy az abban foglaltakat saj\u00e1t \u00e9s betegt\u00e1rsaik nyugodt gy\u00f3gyul\u00e1sa \u00e9rdek\u00e9ben tartsa be. BETEGFELV\u00c9TEL K\u00e9rj\u00fck vegy\u00e9k figyelembe, hogy az oszt\u00e1lyokra t\u00f6rt\u00e9n\u0151 betegfelv\u00e9telek t\u00f6bb l\u00e9pcs\u0151ben t\u00f6rt\u00e9nnek (ambulancia, oszt\u00e1lyos orvosi, oszt\u00e1lyos &hellip;<\/p>\n","protected":false},"author":101531,"featured_media":0,"parent":9,"menu_order":4,"comment_status":"closed","ping_status":"closed","template":"template-fullwidth.php","meta":{"_acf_changed":false,"footnotes":""},"categories":[],"tags":[],"class_list":["post-216","page","type-page","status-publish","hentry"],"acf":[],"_links":{"self":[{"href":"https:\/\/semmelweis.hu\/noionkologia\/wp-json\/wp\/v2\/pages\/216","targetHints":{"allow":["GET"]}}],"collection":[{"href":"https:\/\/semmelweis.hu\/noionkologia\/wp-json\/wp\/v2\/pages"}],"about":[{"href":"https:\/\/semmelweis.hu\/noionkologia\/wp-json\/wp\/v2\/types\/page"}],"author":[{"embeddable":true,"href":"https:\/\/semmelweis.hu\/noionkologia\/wp-json\/wp\/v2\/users\/101531"}],"replies":[{"embeddable":true,"href":"https:\/\/semmelweis.hu\/noionkologia\/wp-json\/wp\/v2\/comments?post=216"}],"version-history":[{"count":10,"href":"https:\/\/semmelweis.hu\/noionkologia\/wp-json\/wp\/v2\/pages\/216\/revisions"}],"predecessor-version":[{"id":669,"href":"https:\/\/semmelweis.hu\/noionkologia\/wp-json\/wp\/v2\/pages\/216\/revisions\/669"}],"up":[{"embeddable":true,"href":"https:\/\/semmelweis.hu\/noionkologia\/wp-json\/wp\/v2\/pages\/9"}],"wp:attachment":[{"href":"https:\/\/semmelweis.hu\/noionkologia\/wp-json\/wp\/v2\/media?parent=216"}],"wp:term":[{"taxonomy":"category","embeddable":true,"href":"https:\/\/semmelweis.hu\/noionkologia\/wp-json\/wp\/v2\/categories?post=216"},{"taxonomy":"post_tag","embeddable":true,"href":"https:\/\/semmelweis.hu\/noionkologia\/wp-json\/wp\/v2\/tags?post=216"}],"curies":[{"name":"wp","href":"https:\/\/api.w.org\/{rel}","templated":true}]}}