{"id":174,"date":"2020-06-01T03:10:10","date_gmt":"2020-06-01T01:10:10","guid":{"rendered":"https:\/\/semmelweis.hu\/noionkologia\/?page_id=174"},"modified":"2020-08-25T17:59:08","modified_gmt":"2020-08-25T15:59:08","slug":"petefeszekrak","status":"publish","type":"page","link":"https:\/\/semmelweis.hu\/noionkologia\/daganatok\/petefeszekrak\/","title":{"rendered":"Petef\u00e9szekr\u00e1k"},"content":{"rendered":"<div class=\"responsive-tabs\">\n<h2 class=\"tabtitle\">Petef\u00e9szekr\u00e1k<\/h2>\n<div class=\"tabcontent\">\n\n<h2>\u00d6sszefoglal\u00e1s<\/h2>\n<p>A petef\u00e9szekr\u00e1k Magyarorsz\u00e1gon a n\u0151k k\u00f6r\u00e9ben az \u00f6t\u00f6dik leggyakoribb rosszindulat\u00fa daganat. A n\u0151gy\u00f3gy\u00e1szati daganatoknak ugyan csak negyed\u00e9t adja, de azok k\u00f6z\u00fcl a legt\u00f6bb hal\u00e1los \u00e1ldozatot k\u00f6veteli. Oka a mai napig ismeretlen. A petef\u00e9szek daganatai sz\u00f6vettani, megjelen\u00e9s\u00fck \u00e9s viselked\u00e9s\u00fck szempontb\u00f3l is sokf\u00e9l\u00e9k lehetnek. A rosszindulat\u00fa petef\u00e9szek \u00e9s petevezet\u00e9k daganatok d\u00f6nt\u0151 t\u00f6bbs\u00e9ge h\u00e1m eredet\u0171, jellemz\u0151en a 60 \u00e9v feletti koroszt\u00e1lyban jelentkezik.\u00a0 A ritka cs\u00edrasejt \u00e9s k\u00f6t\u0151sz\u00f6vet eredet\u0171 daganatok els\u0151sorban a fiatalabb koroszt\u00e1lyra jellemz\u0151k, hajlamos\u00edt\u00f3 t\u00e9nyez\u0151ik nem ismertek, a betegs\u00e9g lefoly\u00e1sa \u00e9s kezel\u00e9se a h\u00e1m eredet\u0171 daganatokt\u00f3l elt\u00e9r.<\/p>\n<p>A petef\u00e9szekr\u00e1k diagnosztik\u00e1ja \u00e9s kezel\u00e9se egy rendk\u00edv\u00fcl \u00f6sszetett folyamat, mely speci\u00e1lis szeml\u00e9letet, tud\u00e1st \u00e9s tapasztalatot, valamint folyamatos tov\u00e1bbk\u00e9pz\u00e9st ig\u00e9nyel. A Semmelweis Egyetem Sz\u00fcl\u00e9szeti \u00e9s N\u0151gy\u00f3gy\u00e1szati Klinik\u00e1j\u00e1nak N\u0151gy\u00f3gy\u00e1szati Onkol\u00f3giai \u00e9s Daganatseb\u00e9szeti Oszt\u00e1ly\u00e1n ez rendelkez\u00e9sre \u00e1ll, k\u00f6z\u00f6s c\u00e9lunk, hogy petef\u00e9szek daganatos betegeink seb\u00e9szeti \u00e9s kemoter\u00e1pi\u00e1s kezel\u00e9s\u00e9t vil\u00e1gsz\u00ednvonalon, korszer\u0171 k\u00f6rnyezetben tudjuk m\u0171velni.<\/p>\n<p>Jelen \u00f6sszefoglal\u00f3nkban a h\u00e1m eredet\u0171 petef\u00e9szek-petevezet\u00e9k daganatokr\u00f3l szeretn\u00e9nk \u00e1ttekint\u00e9st adni.<\/p>\n<hr \/>\n<h2><strong>T\u00fcnetek<\/strong><\/h2>\n<p>A h\u00e1m eredet\u0171 daganatok a korai st\u00e1diumokban legt\u00f6bbsz\u00f6r nem okoznak t\u00fcneteket \u00e9s megb\u00edzhat\u00f3 sz\u0171r\u0151m\u00f3dszer sem l\u00e9tezik, emiatt sajnos a betegs\u00e9g az esetek jelent\u0151s r\u00e9sz\u00e9ben el\u0151rehaladott st\u00e1diumban ker\u00fcl felismer\u00e9sre, amikor m\u00e1r az eg\u00e9sz has\u00fcreget \u00e9rinti. A t\u00fcnetek ilyenkor sem jellegzetesek, \u00e9s nem ny\u00fajtanak biztos diagn\u00f3zist. El\u0151rehaladott st\u00e1diumban gyakori a hask\u00f6rfogat n\u00f6veked\u00e9se \u00e9s telts\u00e9g\u00e9rz\u00e9s, illetve bizonytalan hasi f\u00e1jdalom, neh\u00e9zl\u00e9gz\u00e9s, fullad\u00e1s.\u00a0 Jelentkezhet tov\u00e1bb\u00e1 puffad\u00e1s, reflux, sz\u00e9klet habitus v\u00e1ltoz\u00e1s, vizelet\u00fcr\u00edt\u00e9si zavarok \u00e9s gyakori vizel\u00e9si inger. Ritk\u00e1n v\u00e9rz\u00e9szavar is el\u0151fordul. Bizonyos esetekben a betegek els\u0151 t\u00fcnete a mellkasi folyad\u00e9kgy\u00fclem miatt kialakul\u00f3 neh\u00e9zl\u00e9gz\u00e9s.<\/p>\n\n<\/div><h2 class=\"tabtitle\">Okai<\/h2>\n<div class=\"tabcontent\">\n\n<h2><strong>Hajlamos\u00edt\u00f3 t\u00e9nyez\u0151k<\/strong><\/h2>\n<p>Hajlamos\u00edt\u00f3 k\u00f6r\u00fclm\u00e9nyek alapvet\u0151en lehetnek \u00f6r\u00f6kletes \u00e9s \u00e9letm\u00f3di t\u00e9nyez\u0151k. A legt\u00f6bb daganat csal\u00e1di el\u0151zm\u00e9nyek n\u00e9lk\u00fcl jelentkezik, azonban ismert t\u00f6bb olyan \u00f6r\u00f6kletes g\u00e9nhiba, melyek jelent\u0151sen n\u00f6velik a daganat kialakul\u00e1s\u00e1nak es\u00e9ly\u00e9t. Ilyen a BRCA1, BRCA2 g\u00e9nek hib\u00e1ja, illetve a Lynch syndroma. Ismert g\u00e9nhiba n\u00e9lk\u00fcl is a csal\u00e1di halmoz\u00f3d\u00e1s, az eml\u0151 \u00e9s v\u00e9gb\u00e9l daganat szem\u00e9lyes vagy csal\u00e1di el\u0151zm\u00e9nye szint\u00e9n jelent\u0151s rizik\u00f3t\u00e9nyez\u0151nek tekinthet\u0151. \u00c9letm\u00f3di t\u00e9nyez\u0151k k\u00f6z\u00fcl az elh\u00edz\u00e1s, doh\u00e1nyz\u00e1s, alkohol fogyaszt\u00e1s, a gyermektelens\u00e9g \u00e9s a hormonp\u00f3tl\u00f3 kezel\u00e9s legismertebbek. A kor\u00e1n jelentkez\u0151 els\u0151 menstru\u00e1ci\u00f3, illetve a k\u00e9s\u0151i menopauza szint\u00e9n emeli a daganat kialakul\u00e1s\u00e1nak es\u00e9ly\u00e9t. A kock\u00e1zatot cs\u00f6kkenti az els\u0151 sz\u00fcl\u00e9s korai id\u0151pontja, t\u00f6bb gyermek sz\u00fcl\u00e9se, illetve fogamz\u00e1sg\u00e1tl\u00f3k tart\u00f3s szed\u00e9s.<\/p>\n\n<\/div><h2 class=\"tabtitle\">Diagnosztika<\/h2>\n<div class=\"tabcontent\">\n\n<h2><strong>Diagn\u00f3zis \u00e9s elk\u00fcl\u00f6n\u00edt\u0151 k\u00f3risme<\/strong><\/h2>\n<p>A petef\u00e9szek daganatainak 80 %-a j\u00f3indulat\u00fa, \u00edgy a val\u00f3di r\u00e1kot els\u0151sorban ezekt\u0151l kell elk\u00fcl\u00f6n\u00edteni. A petef\u00e9szekr\u00e1k k\u00e9p\u00e9hez hasonl\u00f3t adhat a kismedencei t\u00e1lyog, endometriosis, vagy a m\u00e9h myom\u00e1ja. Az eml\u00edtett panaszok sok esetben m\u00e1r felvetik rosszindulat\u00fa daganat lehet\u0151s\u00e9g\u00e9t, \u00e9s az els\u0151dleges k\u00e9rd\u00e9s annak eredet\u00e9nek tiszt\u00e1z\u00e1sa.<\/p>\n<p>A gyan\u00fas kismedencei k\u00e9pletek d\u00f6nt\u0151 t\u00f6bbs\u00e9g\u00e9t m\u00e1s okb\u00f3l v\u00e9gzett k\u00e9palkot\u00f3, vagy rutin n\u0151gy\u00f3gy\u00e1szati vizsg\u00e1lat sor\u00e1n fedezik fel. Ilyenkor a legfontosabb azt eld\u00f6nteni, hogy j\u00f3- vagy rosszindulat\u00fa folyamatr\u00f3l van-e sz\u00f3.<\/p>\n<p>A modern <strong>k\u00e9palkot\u00f3<\/strong> vizsg\u00e1latok inform\u00e1ci\u00f3t adnak a tumor m\u00e9ret\u00e9r\u0151l, szerkezet\u00e9r\u0151l \u00e9s v\u00e9rell\u00e1t\u00e1s\u00e1r\u00f3l. A legfontosabb vizsg\u00e1l\u00f3 m\u00f3dszer a kismedence ultrahang vizsg\u00e1lata, melyet h\u00fcvelyen \u00e1t v\u00e9gz\u00fcnk, legt\u00f6bbsz\u00f6r ez az els\u0151k\u00e9nt v\u00e1lasztott vizsg\u00e1lat. Tov\u00e1bbi inform\u00e1ci\u00f3t adhat, t\u00f6bbek k\u00f6z\u00f6tt a has\u00fcreg \u00e9s a mellkas \u00e9rintetts\u00e9g\u00e9r\u0151l a CT \u00e9s az MR vizsg\u00e1lat. Bizonyos esetekben sz\u00fcks\u00e9g lehet vastagb\u00e9l \u00e9s gyomor-v\u00e9konyb\u00e9l t\u00fckr\u00f6z\u00e9s elv\u00e9gz\u00e9s\u00e9re is.<\/p>\n<p>A rutin laborat\u00f3riumi vizsg\u00e1latok mellett fontos t\u00e1mpontot adnak a <strong>tumormarkerek<\/strong> (CA- 125, HE4, CEA). Ezek k\u00f3ros \u00e9rt\u00e9kei azonban nem szerv \u00e9s nem is daganat specifikusak, vagyis a k\u00f3ros eredm\u00e9ny sem mindig rosszindulat\u00fa daganat k\u00f6vetkezm\u00e9nye, illetve a kiindul\u00e1si szervet sem mutatj\u00e1k egy\u00e9rtelm\u0171en.<\/p>\n<p>A biztos diagn\u00f3zis fel\u00e1ll\u00edt\u00e1sa csak <strong>sz\u00f6vettani<\/strong> lelet birtok\u00e1ban lehets\u00e9ges. Ennek megfelel\u0151en m\u00e1r a petef\u00e9szekr\u00e1k gyan\u00faja is m\u0171t\u00e9ti indik\u00e1ci\u00f3t jelent. A sz\u00f6vetminta v\u00e9tel mellett a m\u0171t\u00e9t els\u0151dleges c\u00e9lja a tumor teljes elt\u00e1vol\u00edt\u00e1sa. Amennyiben ez el\u0151re l\u00e1that\u00f3lag nem lehets\u00e9ges a beteg rossz \u00e1ltal\u00e1nos \u00e1llapota, vagy a kiterjedt daganat miatt egy\u00e9b m\u00f3don vesz\u00fcnk mint\u00e1t. Ez t\u00f6rt\u00e9nhet a has\u00fcregi folyad\u00e9kb\u00f3l vett mint\u00e1b\u00f3l (cytol\u00f3giai), c\u00e9lzott t\u0171 biopszi\u00e1val, vagy laparoscopos m\u0171t\u00e9t seg\u00edts\u00e9g\u00e9vel.<\/p>\n<p>Bizonyos esetekben seg\u00edts\u00e9get ny\u00fajthat a helyes kezel\u00e9si strat\u00e9gia fel\u00e1ll\u00edt\u00e1s\u00e1ban a m\u0171t\u00e9t alatt v\u00e9gzett sz\u00f6vettani gyorsvizsg\u00e1lat (fagyaszt\u00e1s) is, azonban meg kell jegyezni, hogy ez a m\u00f3dszer adhat bizonytalan \u00e9s t\u00e9ves eredm\u00e9nyt is.<\/p>\n\n<\/div><h2 class=\"tabtitle\">Ter\u00e1pia, ut\u00e1nk\u00f6vet\u00e9s<\/h2>\n<div class=\"tabcontent\">\n\n<h2><strong>Kezel\u00e9s<\/strong><\/h2>\n<p>A petef\u00e9szekr\u00e1k kezel\u00e9se m\u0171t\u00e9t \u00e9s kemoter\u00e1pi\u00e1s kezel\u00e9s kombin\u00e1ci\u00f3j\u00e1n alapul. A m\u0171t\u00e9t c\u00e9lja, hogy a daganatot teljes eg\u00e9sz\u00e9ben elt\u00e1vol\u00edtsuk.<\/p>\n<p><strong>Korai st\u00e1diumban<\/strong> a tumor elt\u00e1vol\u00edt\u00e1s mellett fontos, hogy elt\u00e1vol\u00edtsuk azokat a r\u00e9szeket, melyeket a daganat leggyakrabban szokott \u00e9rinteni. Ilyenek a m\u00e1sik oldali petef\u00e9szek, a m\u00e9h, a cseplesz (zs\u00edros lebeny a has\u00fcregben), nyirokcsom\u00f3k, hash\u00e1rtya r\u00e9szletek. Mint\u00e1t vesz\u00fcnk a hasi folyad\u00e9kb\u00f3l is. Ezen sz\u00f6vetek elt\u00e1vol\u00edt\u00e1sa lehet\u0151v\u00e9 teszi, hogy alapos sz\u00f6vettani vizsg\u00e1lattal kimutassuk a betegs\u00e9g pontos kiterjed\u00e9s\u00e9t, valamint elt\u00e1vol\u00edtsuk a mikroszk\u00f3pos \u00e1tt\u00e9teket. Az eredm\u00e9nyek ismeret\u00e9ben d\u00f6nt\u00fcnk kieg\u00e9sz\u00edt\u0151 kemoter\u00e1pi\u00e1s kezel\u00e9sr\u0151l.<\/p>\n<p>Csup\u00e1n az egyik petef\u00e9szket \u00e9rint\u0151 daganat eset\u00e9n, amennyiben a beteg fiatal \u00e9s szeretn\u00e9 <strong>meg\u0151rizni fertilit\u00e1s\u00e1t<\/strong>, bizonyos szigor\u00fa felt\u00e9telek teljes\u00fcl\u00e9se eset\u00e9n megkock\u00e1ztathat\u00f3 a m\u00e9h \u00e9s az \u00e9p petef\u00e9szek meg\u0151rz\u00e9se.<\/p>\n<p><strong>El\u0151rehaladott daganatos \u00e1llapot <\/strong>eset\u00e9n a m\u0171t\u00e9ti c\u00e9l, vagyis a daganat teljes elt\u00e1vol\u00edt\u00e1sa komoly neh\u00e9zs\u00e9gekbe \u00fctk\u00f6zik. Ilyenkor a daganat elhagyja a kismedenc\u00e9t, gyakran nagy mennyis\u00e9g\u0171 \u00e1tt\u00e9t tal\u00e1lhat\u00f3 a felhasban, a belek k\u00f6rny\u00e9k\u00e9n, a hash\u00e1rty\u00e1kon \u00e9s nyirokcsom\u00f3kban is. Ilyen szitu\u00e1ci\u00f3ban csak kiterjesztet m\u0171t\u00e9ttel, \u00e9rhet\u00fcnk el sikereket. Az elt\u00f6k\u00e9lts\u00e9g, a megfelel\u0151 elm\u00e9leti \u00e9s gyakorlati tud\u00e1s \u00e9s tapasztalat rendk\u00edv\u00fcl fontos. Gyakran ker\u00fcl sor b\u00e9lm\u0171t\u00e9tre, rekesz felsz\u00edni hash\u00e1rtya elt\u00e1vol\u00edt\u00e1sra, l\u00e9p elt\u00e1vol\u00edt\u00e1sra, nyirokcsom\u00f3 m\u0171t\u00e9tekre. A nemzetk\u00f6zi aj\u00e1nl\u00e1sok alapj\u00e1n fontos, hogy a m\u0171t\u00e9tet a n\u0151gy\u00f3gy\u00e1szati daganatseb\u00e9szetben j\u00e1ratos szakember v\u00e9gezze megfelel\u0151 daganatseb\u00e9szeti k\u00f6zpontban, mivel \u00edgy \u00e9rhet\u0151 el a legoptim\u00e1lisabb eredm\u00e9ny.<\/p>\n<p>A visszamaradt tumor mennyis\u00e9ge az egyetlen \u00e1ltalunk befoly\u00e1solhat\u00f3 t\u00e9nyez\u0151 a betegs\u00e9g progn\u00f3zis\u00e1ban.<\/p>\n<p>S\u00falyosan kiterjedt daganat \u00e9s a beteg rossz \u00e1ltal\u00e1nos \u00e1llapota gyakran lehetetlenn\u00e9 teszi a m\u0171t\u00e9t c\u00e9lj\u00e1nak el\u00e9r\u00e9s\u00e9t. Amikor ez el\u0151re l\u00e1that\u00f3, a kor\u00e1bban ismertetett m\u00f3don sz\u00f6vetmint\u00e1t vesz\u00fcnk. Amennyiben igazol\u00f3dik a daganat petef\u00e9szek eredete, 3-4 kemoter\u00e1pi\u00e1s kezel\u00e9ssel (<strong>neo-adjuv\u00e1ns kemoter\u00e1pia) <\/strong>jelent\u0151s m\u00e9rt\u00e9kben cs\u00f6kkenthet\u0151 a tumor m\u00e9rete \u00e9s javul a beteg \u00e1ltal\u00e1nos \u00e1llapota. Ezt k\u00f6vet\u0151en a tumor elt\u00e1vol\u00edt\u00e1sa m\u00e1r gyakran kivitelezhet\u0151. Sikeres m\u0171t\u00e9t ut\u00e1n folytatjuk a megkezdett kemoter\u00e1pi\u00e1s kezel\u00e9st.<\/p>\n<p>A m\u0171t\u00e9ti beavatkoz\u00e1st <strong>kemoter\u00e1pia<\/strong> k\u00f6veti. A vil\u00e1gon mindenhol az els\u0151k\u00e9nt v\u00e1lasztand\u00f3 kemoter\u00e1pi\u00e1s kombin\u00e1ci\u00f3 a paclitaxel + carboplatin kezel\u00e9s, mely petef\u00e9szek daganatok t\u00f6bb, mint 70%-\u00e1ban hat\u00e1sosnak bizonyul. Rendszerint 6 alkalommal, 3 hetente alkalmazzuk, azonban a k\u00f6r\u00fclm\u00e9nyeket m\u00e9rlegelve a kezel\u00e9s sz\u00e1m\u00e1t \u00e9s kombin\u00e1ci\u00f3j\u00e1t m\u00f3dos\u00edthatjuk. Az OEP \u00e1ltal meghat\u00e1rozott felt\u00e9telek eset\u00e9n a kemopter\u00e1pi\u00e1s kezel\u00e9s kieg\u00e9sz\u00edthet\u0151 Avastin nev\u0171 gy\u00f3gyszerrel, melynek \u00e9rk\u00e9pz\u0151d\u00e9st g\u00e1tl\u00f3 hat\u00e1sa seg\u00edti a kemoter\u00e1pia hat\u00e9konys\u00e1g\u00e1t, valamint fenntart\u00f3 kezel\u00e9sk\u00e9ppen alkalmazva g\u00e1tolja a daganat ki\u00fajul\u00e1s\u00e1t.<\/p>\n<hr \/>\n<h2><strong>Ut\u00e1nk\u00f6vet\u00e9s<\/strong><\/h2>\n<p>Optim\u00e1lis esetben a m\u0171t\u00e9tet \u00e9s kemoter\u00e1pi\u00e1s kezel\u00e9st k\u00f6vet\u0151en tumormentes \u00e1llapotot \u00e9rhet\u00fcnk el. A tumormentes \u00e1llapot ak\u00e1r gy\u00f3gyul\u00e1st is jelenthet, amit 5 \u00e9v panaszmentess\u00e9g eset\u00e9n mondhatunk ki. Sajnos azonban az esetek t\u00f6bbs\u00e9g\u00e9ben a daganat hosszabb, r\u00f6videbb id\u0151 ut\u00e1n ki\u00fajul. A ki\u00fajul\u00e1snak korai \u00e9szlel\u00e9s\u00e9t fontosnak tartjuk, mivel az lehet\u0151v\u00e9 teszi annak sikeres kezel\u00e9s\u00e9t.<\/p>\n<p>Rendszeresen, \u00e1ltal\u00e1ban h\u00e1rom havonta ellen\u0151rizz\u00fck a betegeket. N\u00e9zz\u00fck a tumormarkerek szintj\u00e9t, fizik\u00e1lis vizsg\u00e1latot v\u00e9gz\u00fcnk \u00e9s bizonyos esetekben k\u00e9palkot\u00f3 (UH, CT) vizsg\u00e1latokat k\u00e9r\u00fcnk. Bizonyos esetekben t\u00fcnetek h\u00edvj\u00e1k fel a figyelm\u00fcnket a ki\u00fajul\u00e1s lehet\u0151s\u00e9g\u00e9re.<\/p>\n<hr \/>\n<h2><strong>Ki\u00fajul\u00e1s kezel\u00e9se<\/strong><\/h2>\n<p>T\u00fcnetek vagy tumormarkerek \u00e1ltal felvetett \u00e9s k\u00e9palkot\u00f3val is igazolt ki\u00fajul\u00e1s eset\u00e9n d\u00f6nten\u00fcnk kell annak tov\u00e1bbi kezel\u00e9s\u00e9r\u0151l. M\u0171t\u00e9tes kezel\u00e9s ritk\u00e1bban j\u00f6n sz\u00f3ba, els\u0151sorban akkor, amikor kor\u00e1bban optim\u00e1lis m\u0171t\u00e9tet v\u00e9geztek, hossz\u00fa id\u0151 telt el a ki\u00fajul\u00e1sig, \u00e9s a k\u00e9palkot\u00f3 vizsg\u00e1lat csak n\u00e9h\u00e1ny j\u00f3l k\u00f6r\u00fcl\u00edrt ki\u00fajult daganatcsom\u00f3t \u00edr le. Egy\u00e9b esetekben ism\u00e9telt kemoter\u00e1pi\u00e1s kezel\u00e9st v\u00e1lasztunk, vagy a kor\u00e1bbi sikeres kezel\u00e9st ism\u00e9telj\u00fck meg, vagy korai ki\u00fajul\u00e1s eset\u00e9n egy\u00e9b gy\u00f3gyszert v\u00e1lasztunk.<\/p>\n<p>Nagy hangs\u00falyt helyez\u00fcnk a betegek optim\u00e1lis \u00e9letmin\u0151s\u00e9g\u00e9nek biztos\u00edt\u00e1s\u00e1ra, a kellemetlen mell\u00e9khat\u00e1sok cs\u00f6kkent\u00e9s\u00e9re, a f\u00e1jdalomcsillap\u00edt\u00e1sra. A kemoter\u00e1pia mellett sz\u00e1mos kieg\u00e9sz\u00edt\u0151 kezel\u00e9st javasolunk.<\/p>\n<\/div><\/div>\n<p>&nbsp;<\/p>\n","protected":false},"excerpt":{"rendered":"<p>\u00d6sszefoglal\u00e1s A petef\u00e9szekr\u00e1k Magyarorsz\u00e1gon a n\u0151k k\u00f6r\u00e9ben az \u00f6t\u00f6dik leggyakoribb rosszindulat\u00fa daganat. A n\u0151gy\u00f3gy\u00e1szati daganatoknak ugyan csak negyed\u00e9t adja, de azok k\u00f6z\u00fcl a legt\u00f6bb hal\u00e1los \u00e1ldozatot k\u00f6veteli. Oka a mai napig ismeretlen. A petef\u00e9szek daganatai sz\u00f6vettani, megjelen\u00e9s\u00fck \u00e9s viselked\u00e9s\u00fck szempontb\u00f3l is sokf\u00e9l\u00e9k lehetnek. A rosszindulat\u00fa petef\u00e9szek \u00e9s petevezet\u00e9k daganatok d\u00f6nt\u0151 t\u00f6bbs\u00e9ge h\u00e1m eredet\u0171, jellemz\u0151en a &hellip;<\/p>\n","protected":false},"author":101531,"featured_media":0,"parent":159,"menu_order":3,"comment_status":"closed","ping_status":"closed","template":"","meta":{"_acf_changed":false,"footnotes":""},"categories":[],"tags":[],"class_list":["post-174","page","type-page","status-publish","hentry"],"acf":[],"_links":{"self":[{"href":"https:\/\/semmelweis.hu\/noionkologia\/wp-json\/wp\/v2\/pages\/174","targetHints":{"allow":["GET"]}}],"collection":[{"href":"https:\/\/semmelweis.hu\/noionkologia\/wp-json\/wp\/v2\/pages"}],"about":[{"href":"https:\/\/semmelweis.hu\/noionkologia\/wp-json\/wp\/v2\/types\/page"}],"author":[{"embeddable":true,"href":"https:\/\/semmelweis.hu\/noionkologia\/wp-json\/wp\/v2\/users\/101531"}],"replies":[{"embeddable":true,"href":"https:\/\/semmelweis.hu\/noionkologia\/wp-json\/wp\/v2\/comments?post=174"}],"version-history":[{"count":5,"href":"https:\/\/semmelweis.hu\/noionkologia\/wp-json\/wp\/v2\/pages\/174\/revisions"}],"predecessor-version":[{"id":475,"href":"https:\/\/semmelweis.hu\/noionkologia\/wp-json\/wp\/v2\/pages\/174\/revisions\/475"}],"up":[{"embeddable":true,"href":"https:\/\/semmelweis.hu\/noionkologia\/wp-json\/wp\/v2\/pages\/159"}],"wp:attachment":[{"href":"https:\/\/semmelweis.hu\/noionkologia\/wp-json\/wp\/v2\/media?parent=174"}],"wp:term":[{"taxonomy":"category","embeddable":true,"href":"https:\/\/semmelweis.hu\/noionkologia\/wp-json\/wp\/v2\/categories?post=174"},{"taxonomy":"post_tag","embeddable":true,"href":"https:\/\/semmelweis.hu\/noionkologia\/wp-json\/wp\/v2\/tags?post=174"}],"curies":[{"name":"wp","href":"https:\/\/api.w.org\/{rel}","templated":true}]}}