{"id":11,"date":"2020-05-29T12:22:23","date_gmt":"2020-05-29T10:22:23","guid":{"rendered":"https:\/\/semmelweis.hu\/noionkologia\/?page_id=11"},"modified":"2025-05-16T11:52:05","modified_gmt":"2025-05-16T09:52:05","slug":"kapcsolat","status":"publish","type":"page","link":"https:\/\/semmelweis.hu\/noionkologia\/kapcsolat\/","title":{"rendered":"Kapcsolat"},"content":{"rendered":"<h2>N\u0151gy\u00f3gy\u00e1szati Onkol\u00f3giai \u00e9s Daganatseb\u00e9szeti Oszt\u00e1ly<\/h2>\n<p><strong>C\u00edm:<\/strong> 1088, Budapest,\u00a0 Baross utca 27.\u00a0<\/p>\n<p><strong>Tel: +36 1 266 0473\/ 54243<br \/>\u00a0 \u00a0 \u00a0 \u00a0+36 20 825 4243<\/strong><\/p>\n<p><strong>E-mail: <a href=\"mailto:onkologia.noibaross@med.semmelweis-univ.hu\">onkologia.noibaross@semmelweis.hu<\/a><\/strong><\/p>\n<p>A betegek jelentkez\u00e9s\u00e9t el\u0151zetesen online ill. telefonos id\u0151pont egyeztet\u00e9s ut\u00e1n v\u00e1rjuk. Telefonos id\u0151pont egyeztet\u00e9sre munkanapokon 09:00-15:00-ig van lehet\u0151s\u00e9g!<\/p>\n<p>Fenti el\u00e9rhet\u0151s\u00e9gen,Onkol\u00f3giai Ambulanci\u00e1nkra 08:00-13:00 k\u00f6z\u00f6tt tudnak telefonon egyeztetni az al\u00e1bbi telefonsz\u00e1mon:\u00a0 <strong>+36 20 670 1283<\/strong><\/p>\n<p>Kemoter\u00e1pi\u00e1s kezel\u00e9sre az al\u00e1bbi telefonsz\u00e1mon tudnak id\u0151pontot egyeztetni: <strong>+36 30 016 4779<\/strong><\/p>\n<p>Oszt\u00e1lyunkat a Klinika f\u0151bej\u00e1rata fel\u0151l a f\u0151l\u00e9pcs\u0151n az alagsor ir\u00e1ny\u00e1ba k\u00f6zel\u00edtheti meg. Az alagsorban jobbra fordulva, a folyos\u00f3t k\u00f6vetve, az ultrahangvizsg\u00e1l\u00f3kat elhagyva, a folyos\u00f3 legv\u00e9g\u00e9n l\u00e9v\u0151 lifttel a 1. emeleten \u00e9rheti el.<\/p>\n<p>Szakrendel\u00e9s\u00fcnket szint\u00e9n az alagsorban lejutva balra fordulva az Menopauza \u00e9s Onkol\u00f3gia szakrendel\u00e9s hely\u00e9n tal\u00e1lja.<\/p>\n\n<!-- iframe plugin v.4.9 wordpress.org\/plugins\/iframe\/ -->\n<iframe loading=\"lazy\" src=\"https:\/\/www.google.com\/maps\/embed?pb=!1m18!1m12!1m3!1d2696.0390937918246!2d19.066053215531866!3d47.48915177917709!2m3!1f0!2f0!3f0!3m2!1i1024!2i768!4f13.1!3m3!1m2!1s0x4741dc597e9410ab%3A0x4325bdb4b76f81c7!2sBudapest%2C%20Baross%20u.%2027%2C%201082!5e0!3m2!1shu!2shu!4v1590956157443!5m2!1shu!2shu\" width=\"100%\" 0=\"height=&quot;450&quot;&quot;\" height=\"500\" scrolling=\"yes\" class=\"iframe-class\" frameborder=\"0\"><\/iframe>\n\n","protected":false},"excerpt":{"rendered":"<p>N\u0151gy\u00f3gy\u00e1szati Onkol\u00f3giai \u00e9s Daganatseb\u00e9szeti Oszt\u00e1ly C\u00edm: 1088, Budapest,\u00a0 Baross utca 27.\u00a0 Tel: +36 1 266 0473\/ 54243\u00a0 \u00a0 \u00a0 \u00a0+36 20 825 4243 E-mail: <a href=\"mailto:onkologia.noibaross@med.semmelweis-univ.hu\">onkologia.noibaross@semmelweis.hu<\/a> A betegek jelentkez\u00e9s\u00e9t el\u0151zetesen online ill. telefonos id\u0151pont egyeztet\u00e9s ut\u00e1n v\u00e1rjuk. Telefonos id\u0151pont egyeztet\u00e9sre munkanapokon 09:00-15:00-ig van lehet\u0151s\u00e9g! Fenti el\u00e9rhet\u0151s\u00e9gen,Onkol\u00f3giai Ambulanci\u00e1nkra 08:00-13:00 k\u00f6z\u00f6tt tudnak telefonon egyeztetni az al\u00e1bbi telefonsz\u00e1mon:\u00a0 +36 20 &hellip;<\/p>\n","protected":false},"author":12,"featured_media":0,"parent":0,"menu_order":8,"comment_status":"closed","ping_status":"closed","template":"template-fullwidth.php","meta":{"_acf_changed":false,"footnotes":""},"categories":[],"tags":[],"class_list":["post-11","page","type-page","status-publish","hentry"],"acf":[],"_links":{"self":[{"href":"https:\/\/semmelweis.hu\/noionkologia\/wp-json\/wp\/v2\/pages\/11","targetHints":{"allow":["GET"]}}],"collection":[{"href":"https:\/\/semmelweis.hu\/noionkologia\/wp-json\/wp\/v2\/pages"}],"about":[{"href":"https:\/\/semmelweis.hu\/noionkologia\/wp-json\/wp\/v2\/types\/page"}],"author":[{"embeddable":true,"href":"https:\/\/semmelweis.hu\/noionkologia\/wp-json\/wp\/v2\/users\/12"}],"replies":[{"embeddable":true,"href":"https:\/\/semmelweis.hu\/noionkologia\/wp-json\/wp\/v2\/comments?post=11"}],"version-history":[{"count":10,"href":"https:\/\/semmelweis.hu\/noionkologia\/wp-json\/wp\/v2\/pages\/11\/revisions"}],"predecessor-version":[{"id":814,"href":"https:\/\/semmelweis.hu\/noionkologia\/wp-json\/wp\/v2\/pages\/11\/revisions\/814"}],"wp:attachment":[{"href":"https:\/\/semmelweis.hu\/noionkologia\/wp-json\/wp\/v2\/media?parent=11"}],"wp:term":[{"taxonomy":"category","embeddable":true,"href":"https:\/\/semmelweis.hu\/noionkologia\/wp-json\/wp\/v2\/categories?post=11"},{"taxonomy":"post_tag","embeddable":true,"href":"https:\/\/semmelweis.hu\/noionkologia\/wp-json\/wp\/v2\/tags?post=11"}],"curies":[{"name":"wp","href":"https:\/\/api.w.org\/{rel}","templated":true}]}}