{"id":943,"date":"2023-01-27T10:51:47","date_gmt":"2023-01-27T09:51:47","guid":{"rendered":"https:\/\/semmelweis.hu\/noiklinika\/?page_id=943"},"modified":"2024-02-20T15:16:19","modified_gmt":"2024-02-20T14:16:19","slug":"koraszulott-osztaly","status":"publish","type":"page","link":"https:\/\/semmelweis.hu\/noiklinika\/ulloi\/fekvobeteg-ellatas\/koraszulott-osztaly\/","title":{"rendered":"Korasz\u00fcl\u00f6tt Oszt\u00e1ly &#8211; \u00dcll\u0151i \u00fat"},"content":{"rendered":"<p><strong>Kedves \u00c9desanya, \u00c9desapa, Sz\u00fcl\u0151k, Hozz\u00e1tartoz\u00f3k!<\/strong><\/p>\n<p>Az al\u00e1bbiakban olyan alap inform\u00e1ci\u00f3kat tal\u00e1lnak, amelyek seg\u00edtik t\u00e1j\u00e9koz\u00f3d\u00e1sukat, am\u00edg gyermek\u00fcket a <strong>PIC Korasz\u00fcl\u00f6tt Intenz\u00edv Oszt\u00e1lyon<\/strong> gy\u00f3gy\u00edtjuk \u00e9s \u00e1poljuk.<\/p>\n<h5>Az oldalon az al\u00e1bbi t\u00e9m\u00e1ban tal\u00e1lhatnak inform\u00e1ci\u00f3kat:<\/h5>\n<ul style=\"list-style-type: square;\">\n<li><a href=\"#latogatasi-ido\">L\u00e1togat\u00e1si id\u0151<\/a><\/li>\n<li><a href=\"#erkezes\">\u00c9rkez\u00e9s a korasz\u00fcl\u00f6tt oszt\u00e1lyra<\/a><\/li>\n<li><a href=\"#higiene\">K\u00e9z- \u00e9s \u00e1ltal\u00e1nos higi\u00e9n\u00e9s szab\u00e1lyok<\/a><\/li>\n<li><a href=\"#tamogatas\">Hogyan t\u00e1mogathatj\u00e1k a bab\u00e1k fejl\u0151d\u00e9s\u00e9t?<\/a><\/li>\n<li><a href=\"#fejes\">Anyatej \/ fej\u00e9s \/ szoptat\u00e1s<\/a><\/li>\n<li><a href=\"#napirend\">Az oszt\u00e1ly m\u0171k\u00f6d\u00e9se (napirend)<\/a><\/li>\n<li><a href=\"#tajekoztatas\">Ki kaphat t\u00e1j\u00e9koztat\u00e1st a baba \u00e1llapot\u00e1r\u00f3l?<\/a><\/li>\n<li><a href=\"#pszichologus\">Pszichol\u00f3giai t\u00e1mogat\u00e1s<\/a><\/li>\n<li><a href=\"#anyakonyvezes\">Anyak\u00f6nyvez\u00e9s, adminisztr\u00e1ci\u00f3 (TAJ sz\u00e1m bedikt\u00e1l\u00e1s stb.)<\/a><a id=\"latogatasi-ido\"><\/a><\/li>\n<\/ul>\n<h4><strong>L\u00e1togat\u00e1si id\u0151<\/strong><\/h4>\n<div class=\"keretes w-100\">\n<p>Gyermek\u00fcket a nap 24 \u00f3r\u00e1j\u00e1ban <strong>l\u00e1togathatj\u00e1k <\/strong>3 szakmai id\u0151szak <strong>kiv\u00e9tel\u00e9vel<\/strong> (7:00-8:00, 12:00-14:00, 19:00-20:00), melyek alatt takar\u00edt\u00e1s, az \u00e1pol\u00f3i m\u0171szakv\u00e1lt\u00e1sok \u00e9s \u00e1tad\u00e1s, valamint oszt\u00e1lyos vizit zajlik.<\/p>\n<p><em>Az oszt\u00e1ly jelleg\u00e9b\u0151l ad\u00f3d\u00f3an bizonyos orvosi beavatkoz\u00e1sok v\u00e9gz\u00e9sekor, illetve s\u00falyos \u00e1llapot\u00fa beteg ell\u00e1t\u00e1sakor el\u0151fordulhat, hogy a sz\u00fcl\u0151ket megk\u00e9rj\u00fck, hogy a l\u00e1togat\u00e1st \u00e1tmenetileg f\u00fcggessz\u00e9k fel. K\u00e9rj\u00fck, seg\u00edts\u00e9k munk\u00e1nkat egy\u00fcttm\u0171k\u00f6d\u00e9s\u00fckkel.<\/em><\/p>\n<\/div>\n<p><strong>Az \u00e9desap\u00e1kat is v\u00e1rjuk a gyermekekhez<\/strong>, akik ugyan\u00fagy l\u00e1togathatj\u00e1k gyermek\u00fcket, mint az \u00e9desany\u00e1k. El\u0151fordulhat, hogy id\u0151szakos j\u00e1rv\u00e1ny\u00fcgyi korl\u00e1toz\u00e1sok miatt egy\u00fctt, egyszerre nem l\u00e9phetnek be az oszt\u00e1lyra, de ilyenkor is l\u00e1togathat az \u00e9desapa. Nem ritka, hogy munkav\u00e9gz\u00e9s miatt csak az esti \u00f3r\u00e1kban van az \u00e9desap\u00e1nak lehet\u0151s\u00e9ge, hogy bej\u00f6jj\u00f6n gyermek\u00e9hez. Ezt k\u00e9rj\u00fck, el\u0151re jelezz\u00e9k, hogy a k\u00f3rh\u00e1zba \u00e9s az oszt\u00e1lyra t\u00f6rt\u00e9n\u0151 bel\u00e9p\u00e9s akad\u00e1ly \u00e9s v\u00e1rakoz\u00e1s mentes legyen. <a id=\"erkezes\"><\/a><\/p>\n<h4><strong>\u00c9rkez\u00e9s a korasz\u00fcl\u00f6tt oszt\u00e1lyra<\/strong><\/h4>\n<ul style=\"list-style-type: square;\">\n<li>pul\u00f3ver, kab\u00e1t, t\u00e1ska az oszt\u00e1lyra nem hozhat\u00f3. K\u00e9rj\u00fck, haszn\u00e1lj\u00e1k a fogasokat.<\/li>\n<li>az alkar <strong>k\u00f6ny\u00e9kig legyen szabad<\/strong> (az ing, p\u00f3l\u00f3, k\u00f6peny k\u00f6ny\u00e9kig legyen felt\u0171rve)!<\/li>\n<li>a levehet\u0151 <strong>\u00e9kszereket <\/strong>(kark\u00f6t\u0151, gy\u0171r\u0171, kar\u00f3ra) helyezz\u00e9k a zsebbe, t\u00e1sk\u00e1ba!<\/li>\n<li><strong>k\u00f6r\u00f6mlakk, m\u0171k\u00f6r\u00f6m<\/strong> <strong>visel\u00e9se eset\u00e9n az \u00fajsz\u00fcl\u00f6tt \u00e9s korasz\u00fcl\u00f6tt bab\u00e1kat nem szabad meg\u00e9rinteni<\/strong> (gumikeszty\u0171ben sem), mert azokr\u00f3l a fert\u0151tlen\u00edt\u0151szer lepereg, azokon nem hat. A lehet\u0151 leghamarabb t\u00e1vol\u00edts\u00e1k el a k\u00f6r\u00f6mlakkot ill. m\u0171k\u00f6rm\u00f6t, hogy min\u00e9l hamarabb megsimogathass\u00e1k kisbab\u00e1jukat!<\/li>\n<li><strong>mobiltelefon<\/strong> haszn\u00e1lata &#8211; mivel ez a legink\u00e1bb fert\u0151z\u00e9st k\u00f6zvet\u00edt\u0151 haszn\u00e1lati t\u00e1rgy &#8211; a bab\u00e1k k\u00f6rnyezet\u00e9ben haszn\u00e1lata <strong>nem megengedett<\/strong>. A mobiltelefont, k\u00e9rj\u00fck, a zseb\u00fckben tarts\u00e1k (lehalk\u00edtva). <strong>A bab\u00e1k pultj\u00e1n, inkub\u00e1tor\u00e1n, \u00e9jjeliszekr\u00e9ny\u00e9n szigor\u00faan tilos a mobiltelefon t\u00e1rol\u00e1sa. <\/strong><em>(Sz\u00fcks\u00e9g eset\u00e9n az \u00e9jjeliszekr\u00e9nyen l\u00e9v\u0151 m\u0171anyag poh\u00e1rban helyezhetik el a telefont.)<\/em><\/li>\n<li><strong style=\"font-size: 1rem;\">F\u00e9nyk\u00e9p <\/strong><span style=\"font-size: 1rem;\"><strong>k\u00e9sz\u00edt\u00e9se mobiltelefonnal az \u00e1pol\u00f3 kolleg\u00e1k seg\u00edts\u00e9g\u00e9vel \u00e9s jelenl\u00e9t\u00e9ben enged\u00e9lyezett.<\/strong> Ut\u00e1na k\u00e9zfert\u0151tlen\u00edt\u00e9s sz\u00fcks\u00e9ges.<\/span><\/li>\n<\/ul>\n<h4><strong>K\u00e9z- \u00e9s \u00e1ltal\u00e1nos higi\u00e9n\u00e9s szab\u00e1lyok<\/strong><\/h4>\n<ul style=\"list-style-type: square;\">\n<li>A Korasz\u00fcl\u00f6tt Intenz\u00edv Oszt\u00e1lyon a <strong>megfelel\u0151 k\u00e9zhigi\u00e9n\u00e9s<\/strong> el\u0151\u00edr\u00e1sok betart\u00e1sa \u00e9letet menthet! A s\u00falyos, ak\u00e1r \u00e9letvesz\u00e9lyes fert\u0151z\u00e9sek megel\u0151z\u00e9s\u00e9nek \u00e9rdek\u00e9ben k\u00e9rj\u00fck, hogy az al\u00e1bbi el\u0151\u00edr\u00e1soknak megfelel\u0151en fert\u0151tlen\u00edts\u00e9k kezeiket!<\/li>\n<li>Az aktu\u00e1lis rendelkez\u00e9sek alapj\u00e1n jelenleg a k\u00f3rh\u00e1zakban <strong>\u00e1ltal\u00e1nos sz\u00e1jmaszk visel\u00e9si k\u00f6telezetts\u00e9g<\/strong> van \u00e9rv\u00e9nyben. Amikor ilyen nincs, akkor is indokolt a sz\u00e1jmaszk visel\u00e9se, ha hurutos, n\u00e1th\u00e1s, k\u00f6h\u00f6g\u0151s t\u00fcneteik vannak, vagy ajakherpesz\u00fck van.<\/li>\n<li><strong>Amennyiben l\u00e1zas, hasmen\u00e9ses betegs\u00e9gben szenvednek, vagy antibiotikumot szednek mindenk\u00e9pp jelezz\u00e9k munkat\u00e1rsainknak.<\/strong><\/li>\n<li>A PIC Oszt\u00e1lyon <strong>kiz\u00e1r\u00f3lag saj\u00e1t gyermek\u00fck inkub\u00e1tor\u00e1n\u00e1l tart\u00f3zkodhatnak<\/strong>. M\u00e1s sz\u00fcl\u0151 gyermek\u00e9nek a betegz\u00f3n\u00e1j\u00e1ba bel\u00e9pni, a k\u00f6rnyezet\u00e9ben lev\u0151 t\u00e1rgyakat \u00e9s a m\u00e1sik sz\u00fcl\u0151 bab\u00e1j\u00e1t meg\u00e9rinteni szigor\u00faan tilos.<\/li>\n<\/ul>\n<h5>K\u00e9zfert\u0151tlen\u00edt\u00e9s m\u00f3dja<\/h5>\n<h6>Szappannal t\u00f6rt\u00e9n\u0151 k\u00e9zmos\u00e1s<\/h6>\n<ul style=\"list-style-type: square;\">\n<li>hol? &#8211; az oszt\u00e1lyra bel\u00e9p\u00e9skor az ajt\u00f3k melletti k\u00e9zmos\u00f3n\u00e1l<\/li>\n<li>mikor? &#8211; az oszt\u00e1lyra <strong>bel\u00e9p\u00e9skor <\/strong>mindig, illetve <strong>pelenk\u00e1z\u00e1s <\/strong>vagy egy\u00e9b v\u00e1lad\u00e9kkal t\u00f6rt\u00e9n\u0151 \u00e9rintkez\u00e9s ut\u00e1n<\/li>\n<li>hogyan? &#8211; k\u00f6ny\u00e9kig, a k\u00e9zmos\u00f3 kagyl\u00f3 mellett kif\u00fcggesztett \u00e1br\u00e1knak megfelel\u0151<strong> 6 mozdulattal, legal\u00e1bb 1 perces <\/strong>behat\u00e1si id\u0151vel.<\/li>\n<li>els\u0151 alkalommal, de k\u00e9s\u0151bb is kolleg\u00e1ink sz\u00edvesen megmutatj\u00e1k a helyes k\u00e9zmos\u00e1st \u00e9s k\u00e9zfert\u0151tlen\u00edt\u00e9st, ha bizonytalan abban, hogy helyesen v\u00e9gzi-e.<\/li>\n<\/ul>\n<h6>Alkoholos k\u00e9zfert\u0151tlen\u00edt\u00e9s\u00a0<\/h6>\n<ul style=\"list-style-type: square;\">\n<li>k\u00e9zfert\u0151tlen\u00edt\u0151 adagol\u00f3 a k\u00e9zmos\u00f3n\u00e1l illetve minden baba k\u00f6rnyezet\u00e9ben rendelkez\u00e9sre \u00e1ll.<\/li>\n<li>k\u00f6zvetlen\u00fcl k\u00e9zmos\u00e1s ut\u00e1n alkohol k\u00e9zfert\u0151tlen\u00edt\u00e9s nem sz\u00fcks\u00e9ges.<\/li>\n<\/ul>\n<h6>Alkoholos k\u00e9rfert\u0151tlen\u00edt\u00e9s k\u00f6telez\u0151<\/h6>\n<ul style=\"list-style-type: square;\">\n<li>b\u00e1rmilyen <strong>szennyezett t\u00e1rgy \u00e9rint\u00e9se<\/strong> ut\u00e1n (kilincs, pult, sz\u00e9k, toll, beleegyez\u0151 nyilatkozat, egy\u00e9b pap\u00edrok, ruh\u00e1zat, mobiltelefon, szemeteskuka stb.)<\/li>\n<li>az <strong>inkub\u00e1tor k\u00f6rnyezet\u00e9be l\u00e9p\u00e9skor<\/strong>, a baba k\u00f6rnyezet\u00e9nek \u00e9rint\u00e9se el\u0151tt (inkub\u00e1tor, takar\u00f3lepel, monitor, pumpa stb.).<\/li>\n<li>az inkub\u00e1tor k\u00f6rnyezet\u00e9nek <strong>elhagy\u00e1sakor.<a id=\"tamogatas\"><\/a><\/strong><\/li>\n<\/ul>\n<p>Az \u00e1pol\u00f3 \u00e9s orvos kolleg\u00e1kra a fentiek d\u00f6nt\u0151 r\u00e9sze ugyan\u00fagy vonatkozik pl. ruh\u00e1zat, k\u00e9zfert\u0151tlen\u00edt\u00e9s, viszont elt\u00e9r\u00e9sek is vannak (pl. szappanos k\u00e9zmos\u00e1s gyakoris\u00e1ga vagy gumikeszty\u0171 haszn\u00e1latra vonatkoz\u00f3 szab\u00e1lyok).<\/p>\n<h4><strong>Hogyan t\u00e1mogathatj\u00e1k a bab\u00e1k fejl\u0151d\u00e9s\u00e9t?<\/strong><\/h4>\n<p>Az \u00fajsz\u00fcl\u00f6tt \u00e9s korasz\u00fcl\u00f6tt bab\u00e1k gy\u00f3gyul\u00e1s\u00e1hoz \u00e9s optim\u00e1lis fejl\u0151d\u00e9s\u00e9hez <strong>sz\u00fcks\u00e9ges a bab\u00e1k nyugalm\u00e1nak \u00e9s alv\u00e1s\u00e1nak v\u00e9delme<\/strong>. Fontos c\u00e9lkit\u0171z\u00e9s\u00fcnk, hogy ezt mindannyian el\u0151seg\u00edts\u00fck. Ha a bab\u00e1juk nyugtalan vagy s\u00edr, el\u0151sz\u00f6r \u00f3vatos, gyeng\u00e9d, nagy fel\u00fclettel t\u00f6rt\u00e9n\u0151 \u00e9rint\u00e9ssel (eg\u00e9sz teny\u00e9rrel) \u00e9s lass\u00fa mozdulatokkal, simogat\u00e1ssal pr\u00f3b\u00e1lj\u00e1k <strong>megnyugtatni. <\/strong>Ilyenkor a halk, m\u00e9ly, nyugtat\u00f3 szavak is seg\u00edtenek a bab\u00e1nak. <strong>Alv\u00f3 bab\u00e1j\u00e1t semmik\u00e9pp ne \u00e9bressze <\/strong>fel, ha csak valamilyen rendk\u00edv\u00fcli komoly ok nem \u00e1ll fenn. A bab\u00e1k k\u00f6rnyezet\u00e9ben <strong>halkan besz\u00e9lj\u00fcnk<\/strong>. Ahogyan kor\u00e1bban jelezt\u00fck, <strong>a telefon\u00e1l\u00e1s a bab\u00e1k k\u00f6rnyezet\u00e9ben tilos<\/strong>.<\/p>\n<p><strong>A kenguruz\u00e1s, a b\u0151r-b\u0151r kontaktus \u00e9s a szoptat\u00e1s nagym\u00e9rt\u00e9kben t\u00e1mogatja a gy\u00f3gyul\u00e1st<\/strong>, kifejezetten j\u00f3 hat\u00e1st gyakorol a gyermekek testi, idegrendszeri \u00e9s j\u00f6v\u0151beni szellemi fejl\u0151d\u00e9s\u00e9re. A k\u00e9zhigi\u00e9n\u00e9s szab\u00e1lyok betart\u00e1sa mellett nem emelkedik a fert\u0151z\u00e9sek rizik\u00f3ja. Ez\u00e9rt biztatjuk \u00d6n\u00f6ket, hogy b\u00e1tran, min\u00e9l t\u00f6bbet legyenek a bab\u00e1jukkal. Az orvos \u00e9s n\u0151v\u00e9r kolleg\u00e1k t\u00e1mogat\u00e1s\u00e1val \u00e9s ir\u00e1nymutat\u00e1s\u00e1val \u00e9rints\u00e9k meg gyermekeiket, kenguruzzanak ill. szoptass\u00e1k a bab\u00e1jukat! <a id=\"fejes\"><\/a><\/p>\n<h4><strong>Anyatej \/ fej\u00e9s \/ szoptat\u00e1s <\/strong><\/h4>\n<p>Minden \u00fajsz\u00fcl\u00f6ttnek, de k\u00fcl\u00f6n\u00f6sen a korasz\u00fcl\u00f6tteknek \u00e9s intenz\u00edv ell\u00e1t\u00e1st ig\u00e9nyl\u0151 \u00fajsz\u00fcl\u00f6tteknek az <strong>anyatej az optim\u00e1lis t\u00e1pl\u00e1l\u00e9ka<\/strong>. Am\u00edg a bab\u00e1k a betegs\u00e9g\u00fck, vagy az \u00e9retlens\u00e9g miatt nem k\u00e9pesek szopni, az \u00e9desany\u00e1k szigor\u00fa higi\u00e9n\u00e9s k\u00f6r\u00fclm\u00e9nyek k\u00f6z\u00f6tt t\u00f6rt\u00e9n\u0151 rendszeres fej\u00e9ssel tudj\u00e1k biztos\u00edtani gyermek\u00fcknek az anyatejet.<\/p>\n<h6>A k\u00e9zhigi\u00e9n\u00e9 fenntart\u00e1sa a fej\u00e9s k\u00f6zben is nagyon fontos!<\/h6>\n<p>A fej\u00e9s el\u0151tt valamint a lefejt anyatej kezel\u00e9se k\u00f6zben <strong>rendk\u00edv\u00fcl fontos a k\u00e9zhigi\u00e9n\u00e9<\/strong>. Ehhez lakk- \u00e9s m\u0171k\u00f6r\u00f6m-mentes, r\u00f6vidre v\u00e1gott k\u00f6rm\u00f6k kellenek. Szappanos <strong>k\u00e9zmos\u00e1s sz\u00fcks\u00e9ges<\/strong> l\u00e1that\u00f3 szennyez\u0151d\u00e9s eset\u00e9n ill. a mindennapi teend\u0151k el\u0151tt, ut\u00e1n (\u00e9tkez\u00e9s, mosd\u00f3haszn\u00e1lat). <strong>K\u00e9zfert\u0151tlen\u00edt\u0151 haszn\u00e1lata sz\u00fcks\u00e9ges a fej\u00e9s megkezd\u00e9se el\u0151tt.<\/strong> Figyelni kell arra, hogyha b\u00e1rmihez (pl. telefon !) hozz\u00e1ny\u00falunk fej\u00e9s k\u00f6zben, akkor \u00fajra kell fert\u0151tlen\u00edteni a kezet.<strong>\u00a0<\/strong><\/p>\n<p>A fej\u00e9shez <strong>haszn\u00e1lt eszk\u00f6z\u00f6ket minden fej\u00e9s ut\u00e1n mosogat\u00f3szerrel alaposan el kell mosni<\/strong>, b\u0151 v\u00edzzel le\u00f6bl\u00edteni \u00e9s <strong>ezut\u00e1n steriliz\u00e1lni<\/strong> (steriliz\u00e1l\u00f3 zacsk\u00f3ban, a gyermek\u00e1gyas oszt\u00e1lyon k\u00fcl\u00f6n erre a c\u00e9lra kihelyezett mikrohull\u00e1m\u00fa s\u00fct\u0151ben), majd elk\u00fcl\u00f6n\u00edtve t\u00e1rolni. A fej\u0151g\u00e9p fert\u0151tlen\u00edt\u00e9s\u00e9hez sz\u00fcks\u00e9ges eszk\u00f6z\u00f6k: mosogat\u00f3szer, mosogat\u00f3szivacs, steriliz\u00e1l\u00f3 zacsk\u00f3, doboz, vagy textilpelenka a t\u00e1rol\u00e1shoz. Az anyatej gy\u0171jt\u00e9s\u00e9re haszn\u00e1lt poharat az oszt\u00e1ly elhagy\u00e1sakor, az inkub\u00e1tor elhagy\u00e1sa \u00e9s k\u00e9zfert\u0151tlen\u00edt\u00e9s ut\u00e1n vegy\u00e9k el!<\/p>\n<h6>Milyen gyakran \u00e9rdemes fejni?<\/h6>\n<p>Az els\u0151 napokban optim\u00e1lis a k\u00e9t\u00f3r\u00e1nk\u00e9nti fej\u00e9s, de naponta minimum nyolc alkalom javasolt, \u00e9s \u00e9jszaka se maradjon ki 5 \u00f3r\u00e1n\u00e1l hosszabb id\u0151 fej\u00e9s n\u00e9lk\u00fcl. Az els\u0151 napokban termel\u0151d\u0151 el\u0151tej kev\u00e9snek t\u0171nhet, ami teljesen norm\u00e1lis. A mennyis\u00e9ge napr\u00f3l-napra n\u00f6vekedni fog. J\u00f3llehet a gyakori fej\u00e9s nagyon f\u00e1raszt\u00f3nak t\u0171nhet, azonban egy kisbaba is ilyen gyakran \u00e9bred \u00e9s szopik. A szoptat\u00e1s lehet\u0151s\u00e9ge n\u00e9lk\u00fcl az \u00e9desanya a gyakori fej\u00e9sekkel tudja el\u00e9rni, hogy egyre t\u00f6bb teje legyen. Teh\u00e1t a tejmennyis\u00e9g n\u00f6vel\u00e9s\u00e9t <strong>gyakori fej\u00e9ssel<\/strong> \u00e9rhetj\u00fck el.<\/p>\n<h6>Hogyan \u00e9rdemes fejni?<\/h6>\n<p>A <strong>k\u00e9zi fej\u00e9s<\/strong> gyakorlata megtal\u00e1lhat\u00f3 az interneten: <strong>MARMET-<\/strong>m\u00f3dszer megnevez\u00e9s alatt. Az elektromos fej\u0151 hossz\u00fat\u00e1von hat\u00e9konyabb megold\u00e1st biztos\u00edthat. <a href=\"https:\/\/med.stanford.edu\/newborns\/professional-education\/breastfeeding\/hand-expressing-milk.html\" target=\"_blank\" rel=\"noopener\">Tov\u00e1bb egy vide\u00f3s \u00fatmutat\u00f3ra \u2192\u00a0<\/a><\/p>\n<p>A <strong>g\u00e9pi fej\u00e9s<\/strong> ig\u00e9nybe veheti a mellbimb\u00f3t. A mellbimb\u00f3 kezdeti \u00e9rz\u00e9kenys\u00e9g\u00e9t a lanolinos ken\u0151cs kiv\u00e1l\u00f3an cs\u00f6kkenti. Az eml\u0151ket fert\u0151tlen\u00edt\u0151szerrel, kend\u0151vel lemosni nem sz\u00fcks\u00e9ges, a napi \u00e1ltal\u00e1nos higi\u00e9nia elegend\u0151. A mellre legyen saj\u00e1t t\u00f6r\u00f6lk\u00f6z\u0151, amit m\u00e1shova nem haszn\u00e1lunk. A fej\u00e9ssel, szoptat\u00e1ssal kapcsolatos k\u00e9rd\u00e9seikkel, aggodalmakkal, esetleges elakad\u00e1sokkal forduljanak kolleg\u00e1inkhoz, akik k\u00e9szs\u00e9ggel fognak seg\u00edteni szakszer\u0171 tan\u00e1csokkal. <a id=\"napirend\"><\/a><\/p>\n<h4><strong>Az oszt\u00e1ly m\u0171k\u00f6d\u00e9se (napirend)<\/strong><\/h4>\n<div class=\"keretes w-100\">\n<p>A korasz\u00fcl\u00f6tt bab\u00e1k 0 \u2013 24 \u00f3r\u00e1s szakszer\u0171 \u00e9s szeretetteljes \u00e1pol\u00e1s\u00e1t 12 \u00f3r\u00e1s n\u0151v\u00e9rm\u0171szakokban szervezt\u00fck meg. <strong>Az \u00e1pol\u00f3i m\u0171szakv\u00e1lt\u00e1sok reggel 7 \u00e9s este 7 \u00f3rakor t\u00f6rt\u00e9nnek.<\/strong> Ennek megfelel\u0151en az esti \u00f3r\u00e1kban m\u00e1r m\u00e1s n\u0151v\u00e9r \u00e1polja a gyermek\u00fcket, mint akivel nappal tal\u00e1lkoztak. <strong>Az orvosi ell\u00e1t\u00e1s a folyamatos \u00fcgyeleti szolg\u00e1lat mellett nappali 8 \u00f3r\u00e1s beoszt\u00e1sban van megszervezve.<\/strong><\/p>\n<\/div>\n<h6>A bab\u00e1k napirendje:<\/h6>\n<p>A bab\u00e1k idej\u00fck nagy r\u00e9sz\u00e9t alv\u00e1ssal t\u00f6ltik. Igyeksz\u00fcnk arra, hogy alv\u00e1sukat ne szak\u00edtsuk meg \u00e9s biztos\u00edtsuk a min\u00e9l nyugodtabb <strong>zavartalan alv\u00e1s<\/strong>t, mert ez <strong>a fejl\u0151d\u00e9s z\u00e1loga<\/strong>. <strong>A kisebb bab\u00e1k 2 \u00f3r\u00e1nk\u00e9nt, a nagyobbak 3 \u00f3r\u00e1nk\u00e9nt t\u00e1pl\u00e1lkoznak.<\/strong> Az intenz\u00edv kezel\u00e9st ig\u00e9nyl\u0151 bab\u00e1k t\u00f6bbs\u00e9ge nem tud mag\u00e1t\u00f3l enni, a legkisebbeknek szondat\u00e1pl\u00e1l\u00e1sra van sz\u00fcks\u00e9ge. Az \u00e1pol\u00e1si tev\u00e9kenys\u00e9g (pelenkacsere, \u00e9lettani mutat\u00f3k m\u00e9r\u00e9se, inf\u00fazi\u00f3k ellen\u0151rz\u00e9se \u00e9s cser\u00e9je , stb.) \u00e9s az orvosi vizsg\u00e1latok is ehhez a ritmushoz igazodnak.\u00a0<\/p>\n<p><strong>Az orvosi vizsg\u00e1lat \u00e1ltal\u00e1ban naponta k\u00e9t alkalommal: a d\u00e9lel\u0151tti \u00f3r\u00e1kban \u00e9s kora este t\u00f6rt\u00e9nik.<\/strong> Sz\u00fcks\u00e9g szerint azonban naponta ak\u00e1r t\u00f6bbsz\u00f6r is sor ker\u00fclhet ellen\u0151rz\u0151 orvosi vizsg\u00e1latra. El\u0151fordulhat, hogy az oszt\u00e1lyon komolyabb, t\u00f6bb teret \u00e9s nagyobb higi\u00e9n\u00e9s biztons\u00e1got ig\u00e9nyl\u0151 beavatkoz\u00e1s t\u00f6rt\u00e9nik egy bab\u00e1val. Ilyenkor az orvos kolleg\u00e1k k\u00e9rhetik, hogy a k\u00f6zvetlen szomsz\u00e9d bab\u00e1k sz\u00fclei id\u0151legesen f\u00fcggessz\u00e9k fel a l\u00e1togat\u00e1st.<\/p>\n<p>A vizsg\u00e1latokon t\u00fal <strong>a bab\u00e1k l\u00e9gz\u00e9s\u00e9t, sz\u00edvver\u00e9s\u00e9t \u00e9s oxig\u00e9n szintj\u00e9t orvosi monitorokkal sz\u00fcnetmentesen, folyamatosan monitoriz\u00e1ljuk<\/strong>. A monitoriz\u00e1lt pulzus \u00e9s oxig\u00e9n \u00e9rt\u00e9kek nemcsak a baba feletti monitoron, hanem az \u00e1pol\u00f3i pulton a k\u00f6zponti monitoron is l\u00e1that\u00f3ak. Emiatt ha a n\u0151v\u00e9r vagy orvos nincs \u00e9ppen a bab\u00e1ja mellett k\u00f6zvetlen\u00fcl, akkor is, mindig az eg\u00e9szs\u00e9g\u00fcgyi dolgoz\u00f3k valamelyike l\u00e1tja bab\u00e1j\u00e1nak a t\u00f6rt\u00e9n\u00e9seit. Teh\u00e1t <strong>nem kell megijednie, ha egy-egy \u00e9rt\u00e9k id\u0151legesen esetleg a megszokottn\u00e1l alacsonyabb vagy magasabb \u00e9rt\u00e9ket mutat- azt kolleg\u00e1ink \u00e9szlelik \u00e9s beavatkoznak, ha arra sz\u00fcks\u00e9g van<\/strong>. <a id=\"tajekoztatas\"><\/a><\/p>\n<h4><strong>Ki kaphat t\u00e1j\u00e9koztat\u00e1st a baba \u00e1llapot\u00e1r\u00f3l?\u00a0<\/strong><\/h4>\n<div class=\"keretes w-100\">\n<p>A t\u00f6rv\u00e9nyi el\u0151\u00edr\u00e1sok alapj\u00e1n <strong>csak az \u00e9desany\u00e1nak, \u00e9desap\u00e1nak illetve t\u00f6rv\u00e9nyes gondvisel\u0151nek adhatunk t\u00e1j\u00e9koztat\u00e1st a gyermek \u00e1llapot\u00e1r\u00f3l<\/strong> ak\u00e1r szem\u00e9lyesen, ak\u00e1r telefonon. K\u00e9rj\u00fck, hogy a t\u00f6bbi csal\u00e1dtagot \u00d6n\u00f6k inform\u00e1lj\u00e1k a kapott inform\u00e1ci\u00f3k alapj\u00e1n.<\/p>\n<\/div>\n<p>Gyermek\u00fck \u00e9jjel-nappal t\u00f6rt\u00e9n\u0151 folyamatos intenz\u00edv gy\u00f3gy\u00edt\u00e1s\u00e1t \u00e9s \u00e1pol\u00e1s\u00e1t t\u00f6bb, egym\u00e1st folyamatosan v\u00e1lt\u00f3 orvos \u00e9s n\u0151v\u00e9r kollega v\u00e9gzi. Emiatt<strong> a gyermekhez \u00e9s a sz\u00fcl\u0151h\u00f6z nem tartozik egyetlen \u201ekezel\u0151orvos\u201d, <\/strong>hanem a PIC oszt\u00e1ly aktu\u00e1lisan szolg\u00e1latban lev\u0151 orvos-n\u0151v\u00e9r csapata gy\u00f3gy\u00edtja a gyermek\u00fcket \u00e9s ad t\u00e1j\u00e9koztat\u00e1st.<\/p>\n<p>A betegs\u00e9ggel, gy\u00f3gy\u00edt\u00e1ssal, kil\u00e1t\u00e1sokkal kapcsolatos r\u00e9szletes inform\u00e1ci\u00f3t, a gyermeket aznap gy\u00f3gy\u00edt\u00f3 orvos, illetve rendk\u00edv\u00fcli helyzetekben az \u00fcgyeletes orvos szem\u00e9lyesen ad \u00d6n\u00f6knek. Az \u00e1pol\u00e1ssal kapcsolatban az \u00e9ppen gyermek\u00fcket gondoz\u00f3 n\u0151v\u00e9r kollega ad t\u00e1j\u00e9koztat\u00e1st.<\/p>\n<div class=\"keretes w-100\">\n<p>Telefonos \u00e9rdekl\u0151d\u00e9s eset\u00e9n az \u00e9ppen aktu\u00e1lis \u00e1llapotr\u00f3l, t\u00e1pl\u00e1l\u00e1s el\u0151rehalad\u00e1s\u00e1r\u00f3l tudunk inform\u00e1ci\u00f3t adni. K\u00e9rj\u00fck, a PIC oszt\u00e1lyt ezen a telefonsz\u00e1mon keress\u00e9k:<a id=\"pszichologus\"><\/a> <br \/>\n<a href=\"tel:+36206661678\"><strong>+36 20\u00a0666 1678<\/strong><\/a><\/p>\n<\/div>\n<h4><strong>Pszichol\u00f3giai t\u00e1mogat\u00e1s<\/strong><\/h4>\n<p>Frissen sz\u00fclt \u00e9desany\u00e1kkal \u00e9vtizedes tapasztalatokkal rendelkez\u0151, kiv\u00e1l\u00f3 klinikai szakpszichol\u00f3gus kolleg\u00e1k seg\u00edtik a sz\u00fcl\u0151ket. Amennyiben komolyabb <strong>lelki neh\u00e9zs\u00e9g\u00fck t\u00e1mad, sz\u00fcks\u00e9g eset\u00e9n jelezz\u00e9k az orvos vagy n\u0151v\u00e9r kolleg\u00e1knak, hogy szeretn\u00e9nek a pszichol\u00f3gus kolleg\u00e1val is konzult\u00e1lni<\/strong>.<\/p>\n<div class=\"keretes w-100\">\n<p>Amennyiben helyzet\u00fcket net\u00e1n kil\u00e1t\u00e1stalannak \u00e9rezn\u00e9k, mindenf\u00e9lek\u00e9pp k\u00e9rj\u00e9k a pszichol\u00f3gus kollega seg\u00edts\u00e9g\u00e9t, aki k\u00f6zvetlen\u00fcl is el\u00e9rhet\u0151 az al\u00e1bbi telefon sz\u00e1mon: <br \/>\n\u00a0<a href=\"tel:+36208250102\">+36 20\u00a0825 0102 <\/a>\u00a0<a id=\"anyakonyvezes\"><\/a><\/p>\n<\/div>\n<h4><strong>Anyak\u00f6nyvez\u00e9s, adminisztr\u00e1ci\u00f3 (TAJ sz\u00e1m bedikt\u00e1l\u00e1s stb.)<\/strong><\/h4>\n<p>Az \u00fajsz\u00fcl\u00f6tt bab\u00e1k anyak\u00f6nyvez\u00e9s\u00e9hez a sz\u00fclet\u00e9st k\u00f6vet\u0151 1-3 napban az <em>\u00c9lvesz\u00fclet\u00e9si jelent\u00e9s<\/em> dokumentumot kell kit\u00f6lteni. Ezzel kapcsolatban a k\u00f3rh\u00e1z dolgoz\u00f3i keresni fogj\u00e1k az \u00e9desany\u00e1t. Probl\u00e9ma eset\u00e9n a k\u00f3rh\u00e1zi v\u00e9d\u0151n\u0151t kereshetik, ill. az <a href=\"mailto:anyakonyv@jozsefvaros.hu\">anyakonyv@jozsefvaros.hu<\/a> email c\u00edmen k\u00e9rhetnek seg\u00edts\u00e9get.<\/p>\n<p><strong>Az 1500 gramm alatti s\u00fallyal sz\u00fcletett korasz\u00fcl\u00f6ttek csal\u00e1dja jogosult emelt csal\u00e1di p\u00f3tl\u00e9kra<\/strong>. Az igazol\u00e1s ki\u00e1ll\u00edt\u00e1s\u00e1hoz a gyermek saj\u00e1t TAJ k\u00e1rty\u00e1ja, tov\u00e1bb\u00e1 az \u00e9desanya vagy \u00e9desapa (amelyik\u00fck szeretn\u00e9 ig\u00e9nybe venni) szem\u00e9lyes irataira van sz\u00fcks\u00e9g. A fenti iratokkal az oszt\u00e1lyos adminisztr\u00e1torhoz fordulhatnak az igazol\u00e1s\u00e9rt.<\/p>\n<p>Amint gyermek\u00fck TAJ k\u00e1rty\u00e1j\u00e1t megkapt\u00e1k, k\u00e9rj\u00fck, hogy adminisztr\u00e1tor munkat\u00e1rsunknak mutass\u00e1k be, hogy r\u00f6gz\u00edthess\u00fck a sz\u00e1m\u00edt\u00f3g\u00e9pben. Amennyiben a gyermek\u00fck m\u00e1r hazament, vagy m\u00e1s k\u00f3rh\u00e1zban van, telefonon (+36206661678) dikt\u00e1lj\u00e1k be a gyermek TAJ sz\u00e1m\u00e1t.<\/p>\n","protected":false},"excerpt":{"rendered":"<p>Kedves \u00c9desanya, \u00c9desapa, Sz\u00fcl\u0151k, Hozz\u00e1tartoz\u00f3k! Az al\u00e1bbiakban olyan alap inform\u00e1ci\u00f3kat tal\u00e1lnak, amelyek seg\u00edtik t\u00e1j\u00e9koz\u00f3d\u00e1sukat, am\u00edg gyermek\u00fcket a PIC Korasz\u00fcl\u00f6tt Intenz\u00edv Oszt\u00e1lyon gy\u00f3gy\u00edtjuk \u00e9s \u00e1poljuk. Az oldalon az al\u00e1bbi t\u00e9m\u00e1ban tal\u00e1lhatnak inform\u00e1ci\u00f3kat: <a href=\"#latogatasi-ido\">L\u00e1togat\u00e1si id\u0151<\/a> <a href=\"#erkezes\">\u00c9rkez\u00e9s a korasz\u00fcl\u00f6tt oszt\u00e1lyra<\/a> <a href=\"#higiene\">K\u00e9z- \u00e9s \u00e1ltal\u00e1nos higi\u00e9n\u00e9s szab\u00e1lyok<\/a> <a href=\"#tamogatas\">Hogyan t\u00e1mogathatj\u00e1k a bab\u00e1k fejl\u0151d\u00e9s\u00e9t?<\/a> <a href=\"#fejes\">Anyatej \/ fej\u00e9s \/ szoptat\u00e1s<\/a> <a href=\"#napirend\">Az oszt\u00e1ly m\u0171k\u00f6d\u00e9se (napirend)<\/a> <a href=\"#tajekoztatas\">Ki kaphat t\u00e1j\u00e9koztat\u00e1st a baba \u00e1llapot\u00e1r\u00f3l?<\/a> <a href=\"#pszichologus\">Pszichol\u00f3giai t\u00e1mogat\u00e1s<\/a> <a href=\"#anyakonyvezes\">Anyak\u00f6nyvez\u00e9s, adminisztr\u00e1ci\u00f3 (TAJ sz\u00e1m bedikt\u00e1l\u00e1s stb.)<\/a> <a id=\"latogatasi-ido\"><\/a> L\u00e1togat\u00e1si id\u0151 Gyermek\u00fcket a nap 24 \u00f3r\u00e1j\u00e1ban l\u00e1togathatj\u00e1k 3 szakmai id\u0151szak kiv\u00e9tel\u00e9vel (7:00-8:00, 12:00-14:00, 19:00-20:00), melyek alatt takar\u00edt\u00e1s, az \u00e1pol\u00f3i m\u0171szakv\u00e1lt\u00e1sok \u00e9s \u00e1tad\u00e1s, valamint &hellip;<\/p>\n","protected":false},"author":12,"featured_media":0,"parent":517,"menu_order":2,"comment_status":"closed","ping_status":"closed","template":"","meta":{"_acf_changed":false,"footnotes":""},"categories":[24],"tags":[],"class_list":["post-943","page","type-page","status-publish","hentry","category-szakrendelesek-es-osztalyok"],"acf":[],"_links":{"self":[{"href":"https:\/\/semmelweis.hu\/noiklinika\/wp-json\/wp\/v2\/pages\/943","targetHints":{"allow":["GET"]}}],"collection":[{"href":"https:\/\/semmelweis.hu\/noiklinika\/wp-json\/wp\/v2\/pages"}],"about":[{"href":"https:\/\/semmelweis.hu\/noiklinika\/wp-json\/wp\/v2\/types\/page"}],"author":[{"embeddable":true,"href":"https:\/\/semmelweis.hu\/noiklinika\/wp-json\/wp\/v2\/users\/12"}],"replies":[{"embeddable":true,"href":"https:\/\/semmelweis.hu\/noiklinika\/wp-json\/wp\/v2\/comments?post=943"}],"version-history":[{"count":1,"href":"https:\/\/semmelweis.hu\/noiklinika\/wp-json\/wp\/v2\/pages\/943\/revisions"}],"predecessor-version":[{"id":944,"href":"https:\/\/semmelweis.hu\/noiklinika\/wp-json\/wp\/v2\/pages\/943\/revisions\/944"}],"up":[{"embeddable":true,"href":"https:\/\/semmelweis.hu\/noiklinika\/wp-json\/wp\/v2\/pages\/517"}],"wp:attachment":[{"href":"https:\/\/semmelweis.hu\/noiklinika\/wp-json\/wp\/v2\/media?parent=943"}],"wp:term":[{"taxonomy":"category","embeddable":true,"href":"https:\/\/semmelweis.hu\/noiklinika\/wp-json\/wp\/v2\/categories?post=943"},{"taxonomy":"post_tag","embeddable":true,"href":"https:\/\/semmelweis.hu\/noiklinika\/wp-json\/wp\/v2\/tags?post=943"}],"curies":[{"name":"wp","href":"https:\/\/api.w.org\/{rel}","templated":true}]}}