{"id":877,"date":"2023-01-19T17:21:08","date_gmt":"2023-01-19T16:21:08","guid":{"rendered":"https:\/\/semmelweis.hu\/noiklinika\/?page_id=877"},"modified":"2026-02-16T08:58:20","modified_gmt":"2026-02-16T07:58:20","slug":"kutatas","status":"publish","type":"page","link":"https:\/\/semmelweis.hu\/noiklinika\/kutatas\/","title":{"rendered":"Kutat\u00e1si tev\u00e9kenys\u00e9g\u00fcnk"},"content":{"rendered":"<p><a href=\"https:\/\/semmelweis.hu\/noiklinika\/oktatas\/aok-vi-evfolyam\/?target=szakdolgozat\">Szakdolgozati t\u00e9ma\/ tdk\/ rektori p\u00e1ly\u00e1zat c\u00edmlista \u2192<\/a><\/p>\n<h4><strong>Kutat\u00e1si ter\u00fcletek a Baross utcai r\u00e9szlegen<\/strong><\/h4>\n<p>A tudom\u00e1nyos munka nagy hagyom\u00e1nyokra tekint vissza r\u00e9szleg\u00fcnk\u00f6n. A sz\u00fcl\u00e9szet-n\u0151gy\u00f3gy\u00e1szat gyakorlati \u00e9s elm\u00e9leti fejl\u0151d\u00e9s\u00e9ben a int\u00e9zm\u00e9ny\u00fcnk kutat\u00e1si tev\u00e9kenys\u00e9ge sz\u00e9les k\u00f6r\u0171, \u00e9s nemzetk\u00f6zi viszonylatban is jelent\u0151s eredm\u00e9nyeket \u00e9rt el. Az ut\u00f3bbi \u00e9vekben t\u00f6bbek k\u00f6z\u00f6tt a laparosz\u00f3pos seb\u00e9szet, a fetomatern\u00e1lis medicina, a molekul\u00e1ris genetika, az immunol\u00f3gia \u00e9s az assziszt\u00e1lt reprodukci\u00f3 legkorszer\u0171bb m\u00f3dszereit felhaszn\u00e1lva, ennek lehet\u0151s\u00e9g\u00e9t \u00f6ner\u0151b\u0151l megteremtve r\u00e9szleg\u00fcnk a szakma nemzetk\u00f6zileg elismert, korszer\u0171 kutat\u00e1si eredm\u00e9nyeket felmutat\u00f3 int\u00e9zet\u00e9v\u00e9 v\u00e1lt.<\/p>\n<h4><strong>KUTAT\u00c1SI TER\u00dcLETEK az \u00dcll\u0151i \u00fati r\u00e9szlegen<\/strong><\/h4>\n<ul>\n<li>Az uterin\u00e1lis v\u00e9r\u00e1raml\u00e1s predikt\u00edv szerepe k\u00f3ros terhess\u00e9gekben<\/li>\n<li>TLR \u00e9s PPR-gamma szintek vizsg\u00e1lata terhess\u00e9gben \u00e9s n\u0151gy\u00f3gy\u00e1szati daganatos megbeteged\u00e9sekben\u00a0<\/li>\n<li>Hum\u00e1n chorialisgonadotropin kismedencei v\u00e9r\u00e1raml\u00e1sra gyakorolt hat\u00e1sa<\/li>\n<li>Az immunv\u00e1lasz v\u00e1ltoz\u00e1s n\u0151gy\u00f3gy\u00e1szati rosszindulat\u00fa daganatok kapcs\u00e1n<\/li>\n<li>Szexualszteroidok hat\u00e1sa a kis art\u00e9ri\u00e1k biomechanikai tulajdons\u00e1gaira<\/li>\n<li>Terhess\u00e9gi kock\u00e1zatok hematol\u00f3giai \u00e9s immunol\u00f3giai rendelleness\u00e9gek eset\u00e9n<\/li>\n<li>Neuroprotekci\u00f3 a perinatalis id\u0151szakban<\/li>\n<li>A l\u00e9legeztet\u00e9si saj\u00e1toss\u00e1gok az \u00fajsz\u00fcl\u00f6tt, korasz\u00fcl\u00f6tt ell\u00e1t\u00e1sban<\/li>\n<li>\u00dajdons\u00e1gok az \u00fajsz\u00fcl\u00f6tt, korasz\u00fcl\u00f6tt ell\u00e1t\u00e1sban<\/li>\n<li>Modern l\u00e9legeztet\u00e9si technik\u00e1k megjelen\u00e9se a neonatol\u00f3gi\u00e1ban<\/li>\n<li>Non-invaz\u00edv szeml\u00e9let t\u00e9rnyer\u00e9se a neonatol\u00f3giai intenz\u00edv ell\u00e1t\u00e1sban<\/li>\n<li>Csal\u00e1dbar\u00e1t, a sz\u00fcl\u0151ket integr\u00e1l\u00f3 korasz\u00fcl\u00f6tt ell\u00e1t\u00e1s, Perinatalis fert\u0151z\u00e9sek\/infekci\u00f3kontroll a korasz\u00fcl\u00f6tt intenz\u00edv oszt\u00e1lyon<\/li>\n<li>Perinatalis noninvaz\u00edv monitoriz\u00e1l\u00e1s, \u00faj lehet\u0151s\u00e9gek<\/li>\n<li>A korasz\u00fcl\u00f6tt ut\u00f3gondoz\u00e1s fejl\u0151d\u00e9sneurol\u00f3giai saj\u00e1toss\u00e1gai<\/li>\n<li>F\u00e1jdalomcsillap\u00edt\u00e1s saj\u00e1toss\u00e1gai \u00fajsz\u00fcl\u00f6ttkorban<\/li>\n<li>Az aneszteziol\u00f3gi\u00e1ban \u00e9s az intenz\u00edv ter\u00e1pi\u00e1ban alkalmazott gy\u00f3gyszerek farmakol\u00f3gi\u00e1ja \u2013 \u00fajsz\u00fcl\u00f6ttkori saj\u00e1toss\u00e1gok<\/li>\n<li>A csecsem\u0151hal\u00e1loz\u00e1s cs\u00f6kken\u00e9s\u00e9hez hozz\u00e1j\u00e1rul\u00f3 korszer\u0171 perinatol\u00f3giai ell\u00e1t\u00e1s<\/li>\n<li>3D nyomtat\u00e1s seg\u00edts\u00e9g\u00e9vel kifejlesztett egy\u00e9nre szabott non-invaz\u00edv ter\u00e1pi\u00e1s \u00e9s monitoriz\u00e1l\u00e1si lehet\u0151s\u00e9gek alkalmaz\u00e1sa a korasz\u00fcl\u00f6ttek ell\u00e1t\u00e1s\u00e1ban<\/li>\n<li>Incontinentiam\u0171t\u00e9tekeredm\u00e9nyess\u00e9g\u00e9nek \u00e9rt\u00e9kel\u00e9se urodin\u00e1mi\u00e1s elj\u00e1r\u00e1ssal<\/li>\n<li>Szexu\u00e1lis \u00faton terjed\u0151 betegs\u00e9gek, HPV.<\/li>\n<\/ul>\n<p>&nbsp;<\/p>\n<p>Azon kismam\u00e1k figyelm\u00e9be aj\u00e1nljuk a k\u00f6vetkez\u0151 hirdets\u00e9st, akiknek a terhess\u00e9ge ki van t\u00e9ve a magzati \u00e9s \u00fajsz\u00fcl\u00f6ttkori alloimmun trombocitop\u00e9nia (FNAIT) nev\u0171 ritka immunrendszeri rendelleness\u00e9gnek.<\/p>\n<p><a href=\"https:\/\/semmelweis.hu\/noiklinika\/files\/2026\/02\/FNAIT-hirdetes.docx\">FNAIT kutat\u00e1s<\/a><\/p>\n","protected":false},"excerpt":{"rendered":"<p><a href=\"https:\/\/semmelweis.hu\/noiklinika\/oktatas\/aok-vi-evfolyam\/?target=szakdolgozat\">Szakdolgozati t\u00e9ma\/ tdk\/ rektori p\u00e1ly\u00e1zat c\u00edmlista \u2192<\/a> Kutat\u00e1si ter\u00fcletek a Baross utcai r\u00e9szlegen A tudom\u00e1nyos munka nagy hagyom\u00e1nyokra tekint vissza r\u00e9szleg\u00fcnk\u00f6n. A sz\u00fcl\u00e9szet-n\u0151gy\u00f3gy\u00e1szat gyakorlati \u00e9s elm\u00e9leti fejl\u0151d\u00e9s\u00e9ben a int\u00e9zm\u00e9ny\u00fcnk kutat\u00e1si tev\u00e9kenys\u00e9ge sz\u00e9les k\u00f6r\u0171, \u00e9s nemzetk\u00f6zi viszonylatban is jelent\u0151s eredm\u00e9nyeket \u00e9rt el. Az ut\u00f3bbi \u00e9vekben t\u00f6bbek k\u00f6z\u00f6tt a laparosz\u00f3pos seb\u00e9szet, a fetomatern\u00e1lis medicina, a molekul\u00e1ris genetika, az immunol\u00f3gia \u00e9s az assziszt\u00e1lt reprodukci\u00f3 legkorszer\u0171bb &hellip;<\/p>\n","protected":false},"author":12,"featured_media":0,"parent":0,"menu_order":3,"comment_status":"closed","ping_status":"closed","template":"","meta":{"_acf_changed":false,"footnotes":""},"categories":[],"tags":[],"class_list":["post-877","page","type-page","status-publish","hentry"],"acf":[],"_links":{"self":[{"href":"https:\/\/semmelweis.hu\/noiklinika\/wp-json\/wp\/v2\/pages\/877","targetHints":{"allow":["GET"]}}],"collection":[{"href":"https:\/\/semmelweis.hu\/noiklinika\/wp-json\/wp\/v2\/pages"}],"about":[{"href":"https:\/\/semmelweis.hu\/noiklinika\/wp-json\/wp\/v2\/types\/page"}],"author":[{"embeddable":true,"href":"https:\/\/semmelweis.hu\/noiklinika\/wp-json\/wp\/v2\/users\/12"}],"replies":[{"embeddable":true,"href":"https:\/\/semmelweis.hu\/noiklinika\/wp-json\/wp\/v2\/comments?post=877"}],"version-history":[{"count":9,"href":"https:\/\/semmelweis.hu\/noiklinika\/wp-json\/wp\/v2\/pages\/877\/revisions"}],"predecessor-version":[{"id":1373,"href":"https:\/\/semmelweis.hu\/noiklinika\/wp-json\/wp\/v2\/pages\/877\/revisions\/1373"}],"wp:attachment":[{"href":"https:\/\/semmelweis.hu\/noiklinika\/wp-json\/wp\/v2\/media?parent=877"}],"wp:term":[{"taxonomy":"category","embeddable":true,"href":"https:\/\/semmelweis.hu\/noiklinika\/wp-json\/wp\/v2\/categories?post=877"},{"taxonomy":"post_tag","embeddable":true,"href":"https:\/\/semmelweis.hu\/noiklinika\/wp-json\/wp\/v2\/tags?post=877"}],"curies":[{"name":"wp","href":"https:\/\/api.w.org\/{rel}","templated":true}]}}