{"id":703,"date":"2022-09-06T10:40:24","date_gmt":"2022-09-06T08:40:24","guid":{"rendered":"https:\/\/semmelweis.hu\/noiklinika\/?page_id=703"},"modified":"2023-01-19T18:41:08","modified_gmt":"2023-01-19T17:41:08","slug":"patientenversorgung","status":"publish","type":"page","link":"https:\/\/semmelweis.hu\/noiklinika\/de\/patientenversorgung\/","title":{"rendered":"Patientenversorgung"},"content":{"rendered":"<p style=\"text-align: center;\"><span style=\"font-size: 18pt;\">Wir m\u00f6chten alle zuk\u00fcnftigen Patienten aus dem Ausland dar\u00fcber informieren, dass unsere Dienstleistungen <a href=\"https:\/\/semmelweiskft.hu\/site\/english\" target=\"_blank\" rel=\"noopener\"><strong>auf dieser Website<\/strong><\/a> (in englischer Sprache) ohne gesetzliche Krankenversicherung verf\u00fcgbar sind.<\/span><\/p>\n","protected":false},"excerpt":{"rendered":"<p>Wir m\u00f6chten alle zuk\u00fcnftigen Patienten aus dem Ausland dar\u00fcber informieren, dass unsere Dienstleistungen <a href=\"https:\/\/semmelweiskft.hu\/site\/english\" target=\"_blank\" rel=\"noopener\">auf dieser Website<\/a> (in englischer Sprache) ohne gesetzliche Krankenversicherung verf\u00fcgbar sind.<\/p>\n","protected":false},"author":102064,"featured_media":0,"parent":0,"menu_order":0,"comment_status":"closed","ping_status":"closed","template":"","meta":{"_acf_changed":false,"footnotes":""},"categories":[],"tags":[],"class_list":["post-703","page","type-page","status-publish","hentry"],"acf":[],"_links":{"self":[{"href":"https:\/\/semmelweis.hu\/noiklinika\/wp-json\/wp\/v2\/pages\/703","targetHints":{"allow":["GET"]}}],"collection":[{"href":"https:\/\/semmelweis.hu\/noiklinika\/wp-json\/wp\/v2\/pages"}],"about":[{"href":"https:\/\/semmelweis.hu\/noiklinika\/wp-json\/wp\/v2\/types\/page"}],"author":[{"embeddable":true,"href":"https:\/\/semmelweis.hu\/noiklinika\/wp-json\/wp\/v2\/users\/102064"}],"replies":[{"embeddable":true,"href":"https:\/\/semmelweis.hu\/noiklinika\/wp-json\/wp\/v2\/comments?post=703"}],"version-history":[{"count":6,"href":"https:\/\/semmelweis.hu\/noiklinika\/wp-json\/wp\/v2\/pages\/703\/revisions"}],"predecessor-version":[{"id":908,"href":"https:\/\/semmelweis.hu\/noiklinika\/wp-json\/wp\/v2\/pages\/703\/revisions\/908"}],"wp:attachment":[{"href":"https:\/\/semmelweis.hu\/noiklinika\/wp-json\/wp\/v2\/media?parent=703"}],"wp:term":[{"taxonomy":"category","embeddable":true,"href":"https:\/\/semmelweis.hu\/noiklinika\/wp-json\/wp\/v2\/categories?post=703"},{"taxonomy":"post_tag","embeddable":true,"href":"https:\/\/semmelweis.hu\/noiklinika\/wp-json\/wp\/v2\/tags?post=703"}],"curies":[{"name":"wp","href":"https:\/\/api.w.org\/{rel}","templated":true}]}}