{"id":692,"date":"2022-09-06T10:09:16","date_gmt":"2022-09-06T08:09:16","guid":{"rendered":"https:\/\/semmelweis.hu\/noiklinika\/?page_id=692"},"modified":"2023-10-13T08:45:29","modified_gmt":"2023-10-13T06:45:29","slug":"sechster-jahrgang","status":"publish","type":"page","link":"https:\/\/semmelweis.hu\/noiklinika\/de\/bildung\/sechster-jahrgang\/","title":{"rendered":"Sechster Jahrgang"},"content":{"rendered":"<p><strong>I. Geburtshilfe<\/strong><\/p>\n<ol>\n<li>Diagnose der Schwangerschaft<br \/>\nSchwangerschaftstest, Schwangerschaftszeichen<\/li>\n<li>Physiologische Ver\u00e4nderungen des m\u00fctterlichen Organismus w\u00e4hrend der Schwangerschaft Betreuung der Schwangeren<\/li>\n<li>Schwangersschaftsbetreuung<\/li>\n<li>Hyperemesis gravidarum<\/li>\n<li>M\u00f6glichkeiten der Pr\u00e4nataldiagnostik (Ultraschalldiagnostik, NIPT, Amniozentese, Chorionzottenbiopsie<\/li>\n<li>Endokrinologie der Schwangerschaft. Die Plazenta als endokrines Organ. hCG und Schwangerschaft<\/li>\n<li>Funktionen der Plazenta. Fruchtwasser \u2013 Ursprung, Funktion, Zusammensetzung, Austauschgeschwindigkeit Oligo -\/An-\/Polyhydramnie<\/li>\n<li>Hypertensive Erkrankungen und Schwangerschaft<br \/>\nSchwangerschaftsinduzierte Hypertonie Pr\u00e4eklampsie<br \/>\nEklampsie, HELLP Syndrom<\/li>\n<li>Nierenerkrankungen und Harnwegserkrankungen unter der Schwangerschaft Bakteriurie<\/li>\n<li>Erkrankungen des Verdauungstraktes unter der Schwangerschaft Appendizitis in der Schwangerschaft<\/li>\n<li>Diabetes und Schwangerschaft<br \/>\nTherapie, geburtshilfliche Komplikationen, M\u00f6glichkeiten des Screenings Embryo-fetopathia diabetica<\/li>\n<li>Abortus<br \/>\nUrsachen, Abortus imminens Abortus incipiens Abortus incompletus Abortus habitualis Septischer Abort Missed abortion<\/li>\n<li>Extrauteringravidit\u00e4t (Ursachen, Systematik, Diagnostik, Therapie)<\/li>\n<li>Fr\u00fchgeburt (\u00c4tiologie und Risikofaktoren, Bedeutung und Management)<\/li>\n<li>Behandlung der drohenden Fr\u00fchgeburt, M\u00f6glichkeiten der Wehenhemmung<\/li>\n<li>Vorzeitiger Blasensprung, Amnioninfektionssyndrom<\/li>\n<li>Intrauterine Mangelentwicklung (IUGR)<\/li>\n<li>Termin\u00fcberschreitung, Sauerstoffmangel unter der Geburt, Intrauteriner Fruchttod<\/li>\n<li>Teratologische Effekte (Medikamente, R\u00f6ntgen, Alkohol und Rauchen) und Schwangerschaft<\/li>\n<li>Irregul\u00e4re Antik\u00f6rper und Schwangerschaft, Rhesus Inkompatibilit\u00e4t, AB0-Inkompatibilit\u00e4t, Nicht-immunlogische Ursachen f\u00fcr einen Hydrops universalis<\/li>\n<li>Pr\u00e4natale Infektionen und Impfungen w\u00e4hrend der Schwangerschaft<\/li>\n<li>Geburtshilfliche Anamnese<br \/>\nGrundbegriffe: Lage, Stellung, Haltung, Einstellung, Beurteilung der Portio \u2013 Bishop score, Leopoldsche Handgriffe, Zangenmeistersche Handgriff<\/li>\n<li>Normale Geburt, Arten des Blasensprungs, Arten der Wehen, \u2013 Geburtsmechanik \u2013 Episiotomie<\/li>\n<li>CTG \u2013 (Prinzip der Methode, Parameter Klinische Konsequenzen von pathologischen CTG Mustern)<\/li>\n<li>M\u00f6glichkeiten der Schmerzlinderung unter der Geburt<\/li>\n<li>Entwicklung, des Kindes Abnabelung, APGAR-Score<br \/>\nL\u00f6sungsmechanismus der Plazenta Leitung der Plazentarperiode<br \/>\nL\u00f6sungszeichen der Plazenta Postplazentarperiode<\/li>\n<li>M\u00f6glichkeiten der Geburtseinleitung, Geburtsstillstand, Kristellerscher Handgriff, Vakuumextraktion, Zangengeburt<\/li>\n<li>Deflexionslagen<br \/>\nHintere Hinterhauptslage Vorderhauptslage Stirnlage Gesichtslage<\/li>\n<li>Scheitelbeineinstellung Asynklitismus<br \/>\nKorrekturmechanismen bei Sch\u00e4del-Beckenmissverh\u00e4ltnis tiefer Querstand, hoher Geradstand<br \/>\nSchulterdystokie<\/li>\n<li>Mehrlingsschwangerschaft<\/li>\n<li>Lehrlingsgeburt \u2013 Leitung der Zwillingsgeburt<\/li>\n<li>Beckenendlage (\u00c4tiologie, Leitung der Geburt, \u00c4u\u00dfere Wendung, Innere Wendung, Manualhilfe, Brachtscher Handgriff, Manuelle Extraktion)<\/li>\n<li>Querlage, Vorliegen und Vorfall der Nabelschnur, Uterusruptur<\/li>\n<li>Placenta praevia, Placenta accreta\/increta\/percreta, Vorzeitige Sitzl\u00f6sung<\/li>\n<li>Gerinnungsst\u00f6rungen in der Nachgeburtsperiode, DIC, Fruchtwasserembolie Schockbehandlung<\/li>\n<li>Atonische Nachblutung, Plazentarest, Manuelle Plazental\u00f6sung<\/li>\n<li>Geburtsverletzungen (Dammriss, Zervixriss, Kephalh\u00e4matom Plexusl\u00e4hmungen, Clavikulafraktur, Inversio uteri, Symphysenschaden\/l\u00f6sung)<\/li>\n<li>Sectio caesarea (Indikationen Technik, Komplikationen)<\/li>\n<li>Wochenbett Physiologische Ver\u00e4nderungen und Komplikationen<\/li>\n<\/ol>\n<p><strong>II. Gyn\u00e4kologie<\/strong><\/p>\n<ol>\n<li>Gyn\u00e4kologische Anamnese, Untersuchung, Palpationsbefund, Kolposkopie<\/li>\n<li>Normale Geschlechtsdifferenzierung. Wolffscher und M\u00fcllerscher Gang. Fehlbildungen in den Geschlechtsorganen<\/li>\n<li>Regulation des menstruellen Zyklus, Menarche, Pubert\u00e4t, Corpus luteum, Ovarialinsuffizienz<\/li>\n<li>Anatomie und Histologie der Vulva Entz\u00fcndung der Vulva Bartholinitis, Marsupialisation. Gutartige Tumoren der Vulva<\/li>\n<li>Anatomie und Histologie der Vagina, Normale Vaginalflora \u2013 Scheidenmilieu Kolpitis, Gutartige Tumoren der Vagina<\/li>\n<li>Infektion mit dem humanen Papillomavirus (HPV) und Ver\u00e4nderungen an der Zervixzytologie. Konisation Gutartige Tumoren der Zervix<\/li>\n<li>Infektionen des oberen Genitaltraktes (Pyometra, Pyosalpinx, Tuboovariellen Abszess)<\/li>\n<li>Allgemeine Beschreibung der sexuell \u00fcbertragbaren Infektionen (STD)<\/li>\n<li>Syphilis. Gonorrhoe. Chlamydien-Infektion<\/li>\n<li>Ver\u00e4nderungen des Endometriums w\u00e4hrend des Zyklus und postmenopausal. Ultraschall des Endometriums. Gutartige Tumoren des Endometriums<\/li>\n<li>Endometriose \u2013 Definition, Einteilung Behandlung der Endometriose<\/li>\n<li>Stein-Leventhal-Syndrom (PCO)<\/li>\n<li>Dysfunktionellen und organische Blutungen<\/li>\n<li>Prim\u00e4re und sekund\u00e4re Amenorrhoe<\/li>\n<li>Hormonelle Kontrazeption, Notfallkontrazeption<\/li>\n<li>Intrauterinpessar, Barrieremethoden, Sterilisation Methoden<\/li>\n<li>Sterilit\u00e4t\/Infertilit\u00e4t (\u00c4tiologie, Diagnostik, Therapie)<\/li>\n<li>In vitro Fertilisierung und Reproduktionstechnologien<\/li>\n<li>Ovarielles hyperstimulationssyndrom<\/li>\n<li>Descensus und Prolaps des Uterus und der Vagina<\/li>\n<li>Harninkontinentz \u2013 Formen, diagnostische M\u00f6glichkeiten, Therapie der Stress-Harninkontinentz, operative und konservative Behandlung<\/li>\n<li>Klimakterium, Menopause, Hormonsubstitution, Osteoporose<\/li>\n<li>Ruptura cervicis uteri inveterata, Ruptura perinei inveterata, Fisteln<\/li>\n<li>Endometriumkarzinom<\/li>\n<li>Gutartige Tumoren des Corpus uteri<\/li>\n<li>Vulvakarzinom<\/li>\n<li>Zervixkarzinom I. (\u00c4tiologie, Symptome, histologische Typen, Ausbreitung, Diagnose, Screening)<\/li>\n<li>Zervixkarzinom II. (Stadieneinteilung, Therapie und Prognose)<\/li>\n<li>Sarkom uteri<\/li>\n<li>Funktionelle Zysten des Eierstocks<\/li>\n<li>Epitheliale Tumoren des Eierstocks I. (\u00c4tiologie, Krankheitsbild, histologische Typen, Ausbreitung, Diagnose)<\/li>\n<li>Epitheliale Karzinom des Ovars II. (Stadieneinteilung, Therapie und Prognose)<\/li>\n<li>Nicht epitheliale Ovartumoren (Stroma-, Keimzelltumoren)<\/li>\n<li>Vorstufen des Mammakarzinoms, Mastopathie, Galaktorrhoe<\/li>\n<li>Gestationale Throphoblasttumoren Chorionkarzinom Behandlung und \u00dcberwachung der Therapie bei Throphoblasttumoren<\/li>\n<li>Differentialdiagnose der Blutungen in der Bauchh\u00f6hle<\/li>\n<li>Psychosomatik in der Gyn\u00e4kologie (Chronische Unterbauchschmerzen \u00c4ngste vor Schwangerschaft, Geburt und Mutterschaft Scheinschwangerschaft\/negierte Schwangerschaft<\/li>\n<\/ol>\n<p><a href=\"https:\/\/semmelweis.hu\/noiklinika\/files\/2023\/10\/Tantargyi-kovetelmenyrendszer-Form-anyomtatvany-nemet-VI.-ev-2023.pdf\">Anforderungssystem<\/a><\/p>\n","protected":false},"excerpt":{"rendered":"<p>I. Geburtshilfe Diagnose der Schwangerschaft Schwangerschaftstest, Schwangerschaftszeichen Physiologische Ver\u00e4nderungen des m\u00fctterlichen Organismus w\u00e4hrend der Schwangerschaft Betreuung der Schwangeren Schwangersschaftsbetreuung Hyperemesis gravidarum M\u00f6glichkeiten der Pr\u00e4nataldiagnostik (Ultraschalldiagnostik, NIPT, Amniozentese, Chorionzottenbiopsie Endokrinologie der Schwangerschaft. Die Plazenta als endokrines Organ. hCG und Schwangerschaft Funktionen der Plazenta. Fruchtwasser \u2013 Ursprung, Funktion, Zusammensetzung, Austauschgeschwindigkeit Oligo -\/An-\/Polyhydramnie Hypertensive Erkrankungen und Schwangerschaft Schwangerschaftsinduzierte &hellip;<\/p>\n","protected":false},"author":102064,"featured_media":0,"parent":674,"menu_order":0,"comment_status":"closed","ping_status":"closed","template":"","meta":{"_acf_changed":false,"footnotes":""},"categories":[],"tags":[],"class_list":["post-692","page","type-page","status-publish","hentry"],"acf":[],"_links":{"self":[{"href":"https:\/\/semmelweis.hu\/noiklinika\/wp-json\/wp\/v2\/pages\/692","targetHints":{"allow":["GET"]}}],"collection":[{"href":"https:\/\/semmelweis.hu\/noiklinika\/wp-json\/wp\/v2\/pages"}],"about":[{"href":"https:\/\/semmelweis.hu\/noiklinika\/wp-json\/wp\/v2\/types\/page"}],"author":[{"embeddable":true,"href":"https:\/\/semmelweis.hu\/noiklinika\/wp-json\/wp\/v2\/users\/102064"}],"replies":[{"embeddable":true,"href":"https:\/\/semmelweis.hu\/noiklinika\/wp-json\/wp\/v2\/comments?post=692"}],"version-history":[{"count":3,"href":"https:\/\/semmelweis.hu\/noiklinika\/wp-json\/wp\/v2\/pages\/692\/revisions"}],"predecessor-version":[{"id":1132,"href":"https:\/\/semmelweis.hu\/noiklinika\/wp-json\/wp\/v2\/pages\/692\/revisions\/1132"}],"up":[{"embeddable":true,"href":"https:\/\/semmelweis.hu\/noiklinika\/wp-json\/wp\/v2\/pages\/674"}],"wp:attachment":[{"href":"https:\/\/semmelweis.hu\/noiklinika\/wp-json\/wp\/v2\/media?parent=692"}],"wp:term":[{"taxonomy":"category","embeddable":true,"href":"https:\/\/semmelweis.hu\/noiklinika\/wp-json\/wp\/v2\/categories?post=692"},{"taxonomy":"post_tag","embeddable":true,"href":"https:\/\/semmelweis.hu\/noiklinika\/wp-json\/wp\/v2\/tags?post=692"}],"curies":[{"name":"wp","href":"https:\/\/api.w.org\/{rel}","templated":true}]}}