{"id":687,"date":"2022-09-06T09:37:56","date_gmt":"2022-09-06T07:37:56","guid":{"rendered":"https:\/\/semmelweis.hu\/noiklinika\/?page_id=687"},"modified":"2023-10-13T08:52:45","modified_gmt":"2023-10-13T06:52:45","slug":"fuenfter-jahrgang","status":"publish","type":"page","link":"https:\/\/semmelweis.hu\/noiklinika\/de\/bildung\/fuenfter-jahrgang\/","title":{"rendered":"F\u00fcnfter Jahrgang"},"content":{"rendered":"<h1 class=\"entry-title\">Geburtshilfe und Frauenheilkunde Kolloquium<\/h1>\n<div class=\"entry-content\">\n<p><strong>Gyn\u00e4kologie<\/strong><\/p>\n<ol>\n<li>Gyn\u00e4kologische Anamnese, Untersuchung, Palpationsbefund, Kolposkopie<\/li>\n<li>Normale Geschlechtsdifferenzierung. Wolffscher und M\u00fcllerscher Gang. Fehlbildungen in den Geschlechtsorganen<\/li>\n<li>Regulation des menstruellen Zyklus, Menarche, Pubert\u00e4t, Corpus luteum, Ovarialinsuffizienz<\/li>\n<li>Anatomie und Histologie der Vulva Entz\u00fcndung der Vulva Bartholinitis, Marsupialisation. Gutartige Tumoren der Vulva<\/li>\n<li>Anatomie und Histologie der Vagina, Normale Vaginalflora \u2013 Scheidenmilieu Kolpitis, Gutartige Tumoren der Vagina<\/li>\n<li>Infektion mit dem humanen Papillomavirus (HPV) und Ver\u00e4nderungen an der Zervixzytologie. Konisation Gutartige Tumoren der Zervix<\/li>\n<li>Infektionen des oberen Genitaltraktes (Pyometra, Pyosalpinx, Tuboovariellen Abszess)<\/li>\n<li>Allgemeine Beschreibung der sexuell \u00fcbertragbaren Infektionen (STD)<\/li>\n<li>Syphilis. Gonorrhoe. Chlamydien-Infektion<\/li>\n<li>Ver\u00e4nderungen des Endometriums w\u00e4hrend des Zyklus und postmenopausal. Ultraschall des Endometriums. Gutartige Tumoren des Endometriums<\/li>\n<li>Endometriose \u2013 Definition, Einteilung Behandlung der Endometriose<\/li>\n<li>Stein-Leventhal-Syndrom (PCO)<\/li>\n<li>Dysfunktionellen und organische Blutungen<\/li>\n<li>Prim\u00e4re und sekund\u00e4re Amenorrhoe<\/li>\n<li>Hormonelle Kontrazeption, Notfallkontrazeption<\/li>\n<li>Intrauterinpessar, Barrieremethoden, Sterilisation Methoden<\/li>\n<li>Sterilit\u00e4t\/Infertilit\u00e4t (\u00c4tiologie, Diagnostik, Therapie)<\/li>\n<li>In vitro Fertilisierung und Reproduktionstechnologien<\/li>\n<li>Ovarielles hyperstimulationssyndrom<\/li>\n<li>Descensus und Prolaps des Uterus und der Vagina<\/li>\n<li>Harninkontinentz \u2013 Formen, diagnostische M\u00f6glichkeiten, Therapie der Stress-Harninkontinentz, operative und konservative Behandlung<\/li>\n<li>Klimakterium, Menopause, Hormonsubstitution, Osteoporose<\/li>\n<li>Ruptura cervicis uteri inveterata, Ruptura perinei inveterata, Fisteln<\/li>\n<li>Endometriumkarzinom<\/li>\n<li>Gutartige Tumoren des Corpus uteri<\/li>\n<li>Vulvakarzinom<\/li>\n<li>Zervixkarzinom I. (\u00c4tiologie, Symptome, histologische Typen, Ausbreitung, Diagnose, Screening)<\/li>\n<li>Zervixkarzinom II. (Stadieneinteilung, Therapie und Prognose)<\/li>\n<li>Sarkom uteri<\/li>\n<li>Funktionelle Zysten des Eierstocks<\/li>\n<li>Epitheliale Tumoren des Eierstocks I. (\u00c4tiologie, Krankheitsbild, histologische Typen, Ausbreitung, Diagnose)<\/li>\n<li>Epitheliale Karzinom des Ovars II. (Stadieneinteilung, Therapie und Prognose)<\/li>\n<li>Nicht epitheliale Ovartumoren (Stroma-, Keimzelltumoren)<\/li>\n<li>Vorstufen des Mammakarzinoms, Mastopathie, Galaktorrhoe<\/li>\n<li>Gestationale Throphoblasttumoren Chorionkarzinom Behandlung und \u00dcberwachung der Therapie bei Throphoblasttumoren<\/li>\n<li>Differentialdiagnose der Blutungen in der Bauchh\u00f6hle<\/li>\n<li>Psychosomatik in der Gyn\u00e4kologie (Chronische Unterbauchschmerzen \u00c4ngste vor Schwangerschaft, Geburt und Mutterschaft Scheinschwangerschaft\/negierte Schwangerschaft<\/li>\n<\/ol>\n<p><a href=\"https:\/\/semmelweis.hu\/noiklinika\/files\/2023\/10\/Tantargyi-kovetelmenyrendszer-Formanyomtatvany-nemet-V.-2023.pdf\">Anforderungssystem<\/a><\/p>\n<\/div>\n","protected":false},"excerpt":{"rendered":"<p>Geburtshilfe und Frauenheilkunde Kolloquium Gyn\u00e4kologie Gyn\u00e4kologische Anamnese, Untersuchung, Palpationsbefund, Kolposkopie Normale Geschlechtsdifferenzierung. Wolffscher und M\u00fcllerscher Gang. Fehlbildungen in den Geschlechtsorganen Regulation des menstruellen Zyklus, Menarche, Pubert\u00e4t, Corpus luteum, Ovarialinsuffizienz Anatomie und Histologie der Vulva Entz\u00fcndung der Vulva Bartholinitis, Marsupialisation. Gutartige Tumoren der Vulva Anatomie und Histologie der Vagina, Normale Vaginalflora \u2013 Scheidenmilieu Kolpitis, Gutartige Tumoren &hellip;<\/p>\n","protected":false},"author":102064,"featured_media":0,"parent":674,"menu_order":0,"comment_status":"closed","ping_status":"closed","template":"","meta":{"_acf_changed":false,"footnotes":""},"categories":[],"tags":[],"class_list":["post-687","page","type-page","status-publish","hentry"],"acf":[],"_links":{"self":[{"href":"https:\/\/semmelweis.hu\/noiklinika\/wp-json\/wp\/v2\/pages\/687","targetHints":{"allow":["GET"]}}],"collection":[{"href":"https:\/\/semmelweis.hu\/noiklinika\/wp-json\/wp\/v2\/pages"}],"about":[{"href":"https:\/\/semmelweis.hu\/noiklinika\/wp-json\/wp\/v2\/types\/page"}],"author":[{"embeddable":true,"href":"https:\/\/semmelweis.hu\/noiklinika\/wp-json\/wp\/v2\/users\/102064"}],"replies":[{"embeddable":true,"href":"https:\/\/semmelweis.hu\/noiklinika\/wp-json\/wp\/v2\/comments?post=687"}],"version-history":[{"count":4,"href":"https:\/\/semmelweis.hu\/noiklinika\/wp-json\/wp\/v2\/pages\/687\/revisions"}],"predecessor-version":[{"id":1134,"href":"https:\/\/semmelweis.hu\/noiklinika\/wp-json\/wp\/v2\/pages\/687\/revisions\/1134"}],"up":[{"embeddable":true,"href":"https:\/\/semmelweis.hu\/noiklinika\/wp-json\/wp\/v2\/pages\/674"}],"wp:attachment":[{"href":"https:\/\/semmelweis.hu\/noiklinika\/wp-json\/wp\/v2\/media?parent=687"}],"wp:term":[{"taxonomy":"category","embeddable":true,"href":"https:\/\/semmelweis.hu\/noiklinika\/wp-json\/wp\/v2\/categories?post=687"},{"taxonomy":"post_tag","embeddable":true,"href":"https:\/\/semmelweis.hu\/noiklinika\/wp-json\/wp\/v2\/tags?post=687"}],"curies":[{"name":"wp","href":"https:\/\/api.w.org\/{rel}","templated":true}]}}