{"id":676,"date":"2022-09-02T09:53:05","date_gmt":"2022-09-02T07:53:05","guid":{"rendered":"https:\/\/semmelweis.hu\/noiklinika\/?page_id=676"},"modified":"2024-02-20T15:18:23","modified_gmt":"2024-02-20T14:18:23","slug":"impressum","status":"publish","type":"page","link":"https:\/\/semmelweis.hu\/noiklinika\/en\/impressum\/","title":{"rendered":"Impressum"},"content":{"rendered":"<h3 id=\"site-title\">Department of Obstetrics and Gynecology<\/h3>\n<h5 id=\"site-description\">Semmelweis University, Faculty of Medicine<\/h5>\n<p>Website editor: Dr. D\u00e9nes KOV\u00c1CS &amp; Dr. M\u00e1rk\u00f3 UNICSOVICS<\/p>\n","protected":false},"excerpt":{"rendered":"<p>Department of Obstetrics and Gynecology<br \/>\nSemmelweis University, Faculty of Medicine<br \/>\nWebsite editor: Dr. D\u00e9nes KOV\u00c1CS &amp; Dr. M\u00e1rk\u00f3 UNICSOVICS<\/p>\n","protected":false},"author":12,"featured_media":0,"parent":0,"menu_order":9,"comment_status":"closed","ping_status":"closed","template":"","meta":{"_acf_changed":false,"footnotes":""},"categories":[],"tags":[],"class_list":["post-676","page","type-page","status-publish","hentry"],"acf":[],"_links":{"self":[{"href":"https:\/\/semmelweis.hu\/noiklinika\/wp-json\/wp\/v2\/pages\/676","targetHints":{"allow":["GET"]}}],"collection":[{"href":"https:\/\/semmelweis.hu\/noiklinika\/wp-json\/wp\/v2\/pages"}],"about":[{"href":"https:\/\/semmelweis.hu\/noiklinika\/wp-json\/wp\/v2\/types\/page"}],"author":[{"embeddable":true,"href":"https:\/\/semmelweis.hu\/noiklinika\/wp-json\/wp\/v2\/users\/12"}],"replies":[{"embeddable":true,"href":"https:\/\/semmelweis.hu\/noiklinika\/wp-json\/wp\/v2\/comments?post=676"}],"version-history":[{"count":3,"href":"https:\/\/semmelweis.hu\/noiklinika\/wp-json\/wp\/v2\/pages\/676\/revisions"}],"predecessor-version":[{"id":1161,"href":"https:\/\/semmelweis.hu\/noiklinika\/wp-json\/wp\/v2\/pages\/676\/revisions\/1161"}],"wp:attachment":[{"href":"https:\/\/semmelweis.hu\/noiklinika\/wp-json\/wp\/v2\/media?parent=676"}],"wp:term":[{"taxonomy":"category","embeddable":true,"href":"https:\/\/semmelweis.hu\/noiklinika\/wp-json\/wp\/v2\/categories?post=676"},{"taxonomy":"post_tag","embeddable":true,"href":"https:\/\/semmelweis.hu\/noiklinika\/wp-json\/wp\/v2\/tags?post=676"}],"curies":[{"name":"wp","href":"https:\/\/api.w.org\/{rel}","templated":true}]}}