{"id":672,"date":"2022-09-02T09:51:25","date_gmt":"2022-09-02T07:51:25","guid":{"rendered":"https:\/\/semmelweis.hu\/noiklinika\/?page_id=672"},"modified":"2023-01-27T10:24:28","modified_gmt":"2023-01-27T09:24:28","slug":"ueber-uns","status":"publish","type":"page","link":"https:\/\/semmelweis.hu\/noiklinika\/de\/ueber-uns\/","title":{"rendered":"\u00dcber uns"},"content":{"rendered":"<div class=\"lead\" style=\"text-align: justify;\">Unsere Klinik ist ein Geburtshilfe-, Gyn\u00e4kologie-, Fr\u00fchgeburts- und Reproduktionszentrum mit au\u00dfergew\u00f6hnlich hohen professionellen Standards, welches gemeinsam von unseren Abteilungen Baross utca und \u00dcll\u0151i \u00fat gebildet wird.<\/div>\n<p style=\"text-align: justify;\">Neben der allgemeinen geburtshilflichen und gyn\u00e4kologischen Versorgung konzentrieren wir uns auf Spezialgebiete wie Endometriose, gyn\u00e4kologische Krebserkrankungen, Beckenbodenerkrankungen oder Unfruchtbarkeit.<\/p>\n<p style=\"text-align: justify;\">Au\u00dfer unserer Heilt\u00e4tigkeit genie\u00dft die Ausbildung den gleichen Stellenwert, Medizinstudenten, Hebammen und Sanit\u00e4ter in ungarischer, deutscher und englischer Sprache auszubilden.<\/p>\n<p style=\"text-align: justify;\">Unsere Kollegen legen besonderen Wert auf die Ausbildung und Patientenversorgung sowie auf wissenschaftliche T\u00e4tigkeiten: Sie versorgen jedes Jahr ambitionierte Studenten mit aktuellen wissenschaftlichen Themen, nehmen an Weiterbildungen im In- und Ausland teil und ver\u00f6ffentlichen regelm\u00e4\u00dfig in f\u00fchrenden internationalen Fachzeitschriften.<\/p>\n\r\n        [slb_exclude]\r\n        <div class=\"row galeria-wrapper mx-0 h-auto\">\r\n            <div class=\"col-9 pl-0 pr-2\">\r\n            <span class=\"gallery-item frame\">\r\n\t\t\t\t<div class=\"galeria-left-img\"><a href=\"https:\/\/semmelweis.hu\/noiklinika\/files\/2023\/01\/RS30655_KA-20150422-IMG_8488-pic-scr.jpg\"><img src=https:\/\/semmelweis.hu\/noiklinika\/files\/2023\/01\/RS30655_KA-20150422-IMG_8488-pic-scr.jpg  \r\n                            alt=\"\" \r\n                            class=\"attachment-sote-gallery-big size-sote-gallery-big\" \r\n                            srcset=\"https:\/\/semmelweis.hu\/noiklinika\/files\/2023\/01\/RS30655_KA-20150422-IMG_8488-pic-scr-400x267.jpg 400w, https:\/\/semmelweis.hu\/noiklinika\/files\/2023\/01\/RS30655_KA-20150422-IMG_8488-pic-scr-768x512.jpg 768w, https:\/\/semmelweis.hu\/noiklinika\/files\/2023\/01\/RS30655_KA-20150422-IMG_8488-pic-scr-753x502.jpg 753w, https:\/\/semmelweis.hu\/noiklinika\/files\/2023\/01\/RS30655_KA-20150422-IMG_8488-pic-scr-203x135.jpg 203w, https:\/\/semmelweis.hu\/noiklinika\/files\/2023\/01\/RS30655_KA-20150422-IMG_8488-pic-scr.jpg 950w\" ><\/a><\/div>\r\n            <\/span>\r\n\r\n            <\/div>\r\n\r\n\t\t\t<div class=\"col-3 pl-0 pr-0\">\r\n\t\t\t\t<div class=\"galeria-right-img d-flex justify-content-between flex-column h-100 w-100 px-0 mx-0 \">\r\n                <div class=\"galeria-box\">\r\n\t\t\t\t\t<h3 class=\"galeria-title\">Gal\u00e9ria<\/h3>\r\n\t\t\t\t\t<div class=\"galeria-subtitle\">\r\n\r\n\t\t\t\t\t\t<div class=\"galeria-page-counter\"><span>25<\/span>k\u00e9p<\/div>\r\n                    <\/div> <\/div>\r\n                    <span class=\"gallery-item frame d-none d-md-flex\">\r\n\t\t\t\t\t<div class=\"galeria-small-img mt-0\"><a href=\"https:\/\/semmelweis.hu\/noiklinika\/files\/2023\/01\/RS40568_Szuleszeti-Klinika-5-scr.jpg\"><img src=https:\/\/semmelweis.hu\/noiklinika\/files\/2023\/01\/RS40568_Szuleszeti-Klinika-5-scr.jpg \r\n                                alt=\"\"  \r\n                                class=\"attachment-sote-gallery-small size-sote-gallery-small\" \r\n                                srcset=\"https:\/\/semmelweis.hu\/noiklinika\/files\/2023\/01\/RS40568_Szuleszeti-Klinika-5-scr-400x204.jpg 400w, https:\/\/semmelweis.hu\/noiklinika\/files\/2023\/01\/RS40568_Szuleszeti-Klinika-5-scr-768x392.jpg 768w, https:\/\/semmelweis.hu\/noiklinika\/files\/2023\/01\/RS40568_Szuleszeti-Klinika-5-scr-753x384.jpg 753w, https:\/\/semmelweis.hu\/noiklinika\/files\/2023\/01\/RS40568_Szuleszeti-Klinika-5-scr.jpg 950w\" ><\/a><\/div>\r\n                    <\/span>\r\n                    <span class=\"gallery-item frame d-none d-md-flex\">\r\n\t\t\t\t\t<div class=\"galeria-small-img mt-0\"><a href=\"https:\/\/semmelweis.hu\/noiklinika\/files\/2023\/01\/RS36049_KA-20150922-IMG_0854-scr.jpg\"><img src=https:\/\/semmelweis.hu\/noiklinika\/files\/2023\/01\/RS36049_KA-20150922-IMG_0854-scr.jpg \r\n                                alt=\"\" \r\n                                class=\"attachment-sote-gallery-small size-sote-gallery-small\" \r\n                                srcset=\"https:\/\/semmelweis.hu\/noiklinika\/files\/2023\/01\/RS36049_KA-20150922-IMG_0854-scr-400x267.jpg 400w, https:\/\/semmelweis.hu\/noiklinika\/files\/2023\/01\/RS36049_KA-20150922-IMG_0854-scr-768x512.jpg 768w, https:\/\/semmelweis.hu\/noiklinika\/files\/2023\/01\/RS36049_KA-20150922-IMG_0854-scr-753x502.jpg 753w, https:\/\/semmelweis.hu\/noiklinika\/files\/2023\/01\/RS36049_KA-20150922-IMG_0854-scr-203x135.jpg 203w, https:\/\/semmelweis.hu\/noiklinika\/files\/2023\/01\/RS36049_KA-20150922-IMG_0854-scr.jpg 950w\" ><\/a><\/div>\r\n                    <\/span>\r\n\r\n                <\/div>\r\n\r\n            <\/div>\r\n\r\n            <span class=\"gallery-item\"><div class=\"hidden\"><a href=\"https:\/\/semmelweis.hu\/noiklinika\/files\/2023\/01\/RS7278_20120827-IMG_3627-scr.jpg\">\r\n        <img src=https:\/\/semmelweis.hu\/noiklinika\/files\/2023\/01\/RS7278_20120827-IMG_3627-scr.jpg alt=\"\" class=\"attachment-sote-gallery-big size-sote-gallery-big\" srcset=\"https:\/\/semmelweis.hu\/noiklinika\/files\/2023\/01\/RS7278_20120827-IMG_3627-scr-400x267.jpg 400w, https:\/\/semmelweis.hu\/noiklinika\/files\/2023\/01\/RS7278_20120827-IMG_3627-scr-768x512.jpg 768w, https:\/\/semmelweis.hu\/noiklinika\/files\/2023\/01\/RS7278_20120827-IMG_3627-scr-753x502.jpg 753w, https:\/\/semmelweis.hu\/noiklinika\/files\/2023\/01\/RS7278_20120827-IMG_3627-scr-203x135.jpg 203w, https:\/\/semmelweis.hu\/noiklinika\/files\/2023\/01\/RS7278_20120827-IMG_3627-scr.jpg 950w\" >\r\n        <\/a><\/div><\/span><span class=\"gallery-item\"><div class=\"hidden\"><a href=\"https:\/\/semmelweis.hu\/noiklinika\/files\/2023\/01\/RS91998_IMG_6668-scr.jpg\">\r\n        <img src=https:\/\/semmelweis.hu\/noiklinika\/files\/2023\/01\/RS91998_IMG_6668-scr.jpg alt=\"\" class=\"attachment-sote-gallery-big size-sote-gallery-big\" srcset=\"https:\/\/semmelweis.hu\/noiklinika\/files\/2023\/01\/RS91998_IMG_6668-scr-400x267.jpg 400w, https:\/\/semmelweis.hu\/noiklinika\/files\/2023\/01\/RS91998_IMG_6668-scr-768x512.jpg 768w, https:\/\/semmelweis.hu\/noiklinika\/files\/2023\/01\/RS91998_IMG_6668-scr-753x502.jpg 753w, https:\/\/semmelweis.hu\/noiklinika\/files\/2023\/01\/RS91998_IMG_6668-scr-203x135.jpg 203w, https:\/\/semmelweis.hu\/noiklinika\/files\/2023\/01\/RS91998_IMG_6668-scr.jpg 950w\" >\r\n        <\/a><\/div><\/span><span class=\"gallery-item\"><div class=\"hidden\"><a href=\"https:\/\/semmelweis.hu\/noiklinika\/files\/2023\/01\/RS92005_IMG_6644-scr.jpg\">\r\n        <img src=https:\/\/semmelweis.hu\/noiklinika\/files\/2023\/01\/RS92005_IMG_6644-scr.jpg alt=\"\" class=\"attachment-sote-gallery-big size-sote-gallery-big\" srcset=\"https:\/\/semmelweis.hu\/noiklinika\/files\/2023\/01\/RS92005_IMG_6644-scr-400x267.jpg 400w, https:\/\/semmelweis.hu\/noiklinika\/files\/2023\/01\/RS92005_IMG_6644-scr-768x512.jpg 768w, https:\/\/semmelweis.hu\/noiklinika\/files\/2023\/01\/RS92005_IMG_6644-scr-753x502.jpg 753w, https:\/\/semmelweis.hu\/noiklinika\/files\/2023\/01\/RS92005_IMG_6644-scr-203x135.jpg 203w, https:\/\/semmelweis.hu\/noiklinika\/files\/2023\/01\/RS92005_IMG_6644-scr.jpg 950w\" >\r\n        <\/a><\/div><\/span><span class=\"gallery-item\"><div class=\"hidden\"><a href=\"https:\/\/semmelweis.hu\/noiklinika\/files\/2023\/01\/RS92024_IMG_6590-scr.jpg\">\r\n        <img src=https:\/\/semmelweis.hu\/noiklinika\/files\/2023\/01\/RS92024_IMG_6590-scr.jpg alt=\"\" class=\"attachment-sote-gallery-big size-sote-gallery-big\" srcset=\"https:\/\/semmelweis.hu\/noiklinika\/files\/2023\/01\/RS92024_IMG_6590-scr-400x267.jpg 400w, https:\/\/semmelweis.hu\/noiklinika\/files\/2023\/01\/RS92024_IMG_6590-scr-768x512.jpg 768w, https:\/\/semmelweis.hu\/noiklinika\/files\/2023\/01\/RS92024_IMG_6590-scr-753x502.jpg 753w, https:\/\/semmelweis.hu\/noiklinika\/files\/2023\/01\/RS92024_IMG_6590-scr-203x135.jpg 203w, https:\/\/semmelweis.hu\/noiklinika\/files\/2023\/01\/RS92024_IMG_6590-scr.jpg 950w\" >\r\n        <\/a><\/div><\/span><span class=\"gallery-item\"><div class=\"hidden\"><a href=\"https:\/\/semmelweis.hu\/noiklinika\/files\/2023\/01\/RS102457_IMG_4568-scr.jpg\">\r\n        <img src=https:\/\/semmelweis.hu\/noiklinika\/files\/2023\/01\/RS102457_IMG_4568-scr.jpg alt=\"\" class=\"attachment-sote-gallery-big size-sote-gallery-big\" srcset=\"https:\/\/semmelweis.hu\/noiklinika\/files\/2023\/01\/RS102457_IMG_4568-scr-400x249.jpg 400w, https:\/\/semmelweis.hu\/noiklinika\/files\/2023\/01\/RS102457_IMG_4568-scr-768x478.jpg 768w, https:\/\/semmelweis.hu\/noiklinika\/files\/2023\/01\/RS102457_IMG_4568-scr-753x468.jpg 753w, https:\/\/semmelweis.hu\/noiklinika\/files\/2023\/01\/RS102457_IMG_4568-scr.jpg 950w\" >\r\n        <\/a><\/div><\/span><span class=\"gallery-item\"><div class=\"hidden\"><a href=\"https:\/\/semmelweis.hu\/noiklinika\/files\/2023\/01\/RS102295_IMG_3529-scr.jpg\">\r\n        <img src=https:\/\/semmelweis.hu\/noiklinika\/files\/2023\/01\/RS102295_IMG_3529-scr.jpg alt=\"\" class=\"attachment-sote-gallery-big size-sote-gallery-big\" srcset=\"https:\/\/semmelweis.hu\/noiklinika\/files\/2023\/01\/RS102295_IMG_3529-scr-400x267.jpg 400w, https:\/\/semmelweis.hu\/noiklinika\/files\/2023\/01\/RS102295_IMG_3529-scr-768x512.jpg 768w, https:\/\/semmelweis.hu\/noiklinika\/files\/2023\/01\/RS102295_IMG_3529-scr-753x502.jpg 753w, https:\/\/semmelweis.hu\/noiklinika\/files\/2023\/01\/RS102295_IMG_3529-scr-203x135.jpg 203w, https:\/\/semmelweis.hu\/noiklinika\/files\/2023\/01\/RS102295_IMG_3529-scr.jpg 950w\" >\r\n        <\/a><\/div><\/span><span class=\"gallery-item\"><div class=\"hidden\"><a href=\"https:\/\/semmelweis.hu\/noiklinika\/files\/2023\/01\/RS14011_KA-20140314-IMG_1116-scr.jpg\">\r\n        <img src=https:\/\/semmelweis.hu\/noiklinika\/files\/2023\/01\/RS14011_KA-20140314-IMG_1116-scr.jpg alt=\"\" class=\"attachment-sote-gallery-big size-sote-gallery-big\" srcset=\"https:\/\/semmelweis.hu\/noiklinika\/files\/2023\/01\/RS14011_KA-20140314-IMG_1116-scr-400x267.jpg 400w, https:\/\/semmelweis.hu\/noiklinika\/files\/2023\/01\/RS14011_KA-20140314-IMG_1116-scr-768x512.jpg 768w, https:\/\/semmelweis.hu\/noiklinika\/files\/2023\/01\/RS14011_KA-20140314-IMG_1116-scr-753x502.jpg 753w, https:\/\/semmelweis.hu\/noiklinika\/files\/2023\/01\/RS14011_KA-20140314-IMG_1116-scr-203x135.jpg 203w, https:\/\/semmelweis.hu\/noiklinika\/files\/2023\/01\/RS14011_KA-20140314-IMG_1116-scr.jpg 950w\" >\r\n        <\/a><\/div><\/span><span class=\"gallery-item\"><div class=\"hidden\"><a href=\"https:\/\/semmelweis.hu\/noiklinika\/files\/2023\/01\/RS107896_C19A9056-scr.jpg\">\r\n        <img src=https:\/\/semmelweis.hu\/noiklinika\/files\/2023\/01\/RS107896_C19A9056-scr.jpg alt=\"\" class=\"attachment-sote-gallery-big size-sote-gallery-big\" srcset=\"https:\/\/semmelweis.hu\/noiklinika\/files\/2023\/01\/RS107896_C19A9056-scr-400x267.jpg 400w, https:\/\/semmelweis.hu\/noiklinika\/files\/2023\/01\/RS107896_C19A9056-scr-1024x683.jpg 1024w, https:\/\/semmelweis.hu\/noiklinika\/files\/2023\/01\/RS107896_C19A9056-scr-768x512.jpg 768w, https:\/\/semmelweis.hu\/noiklinika\/files\/2023\/01\/RS107896_C19A9056-scr-753x502.jpg 753w, https:\/\/semmelweis.hu\/noiklinika\/files\/2023\/01\/RS107896_C19A9056-scr-203x135.jpg 203w, https:\/\/semmelweis.hu\/noiklinika\/files\/2023\/01\/RS107896_C19A9056-scr.jpg 1200w\" >\r\n        <\/a><\/div><\/span><span class=\"gallery-item\"><div class=\"hidden\"><a href=\"https:\/\/semmelweis.hu\/noiklinika\/files\/2023\/01\/RS54816_KA-20161107-KA__6549-scr.jpg\">\r\n        <img src=https:\/\/semmelweis.hu\/noiklinika\/files\/2023\/01\/RS54816_KA-20161107-KA__6549-scr.jpg alt=\"\" class=\"attachment-sote-gallery-big size-sote-gallery-big\" srcset=\"https:\/\/semmelweis.hu\/noiklinika\/files\/2023\/01\/RS54816_KA-20161107-KA__6549-scr-400x267.jpg 400w, https:\/\/semmelweis.hu\/noiklinika\/files\/2023\/01\/RS54816_KA-20161107-KA__6549-scr-768x512.jpg 768w, https:\/\/semmelweis.hu\/noiklinika\/files\/2023\/01\/RS54816_KA-20161107-KA__6549-scr-753x502.jpg 753w, https:\/\/semmelweis.hu\/noiklinika\/files\/2023\/01\/RS54816_KA-20161107-KA__6549-scr-203x135.jpg 203w, https:\/\/semmelweis.hu\/noiklinika\/files\/2023\/01\/RS54816_KA-20161107-KA__6549-scr.jpg 950w\" >\r\n        <\/a><\/div><\/span><span class=\"gallery-item\"><div class=\"hidden\"><a href=\"https:\/\/semmelweis.hu\/noiklinika\/files\/2023\/01\/RS107914_C19A8801-scr.jpg\">\r\n        <img src=https:\/\/semmelweis.hu\/noiklinika\/files\/2023\/01\/RS107914_C19A8801-scr.jpg alt=\"\" class=\"attachment-sote-gallery-big size-sote-gallery-big\" srcset=\"https:\/\/semmelweis.hu\/noiklinika\/files\/2023\/01\/RS107914_C19A8801-scr-400x267.jpg 400w, https:\/\/semmelweis.hu\/noiklinika\/files\/2023\/01\/RS107914_C19A8801-scr-1024x683.jpg 1024w, https:\/\/semmelweis.hu\/noiklinika\/files\/2023\/01\/RS107914_C19A8801-scr-768x512.jpg 768w, https:\/\/semmelweis.hu\/noiklinika\/files\/2023\/01\/RS107914_C19A8801-scr-753x502.jpg 753w, https:\/\/semmelweis.hu\/noiklinika\/files\/2023\/01\/RS107914_C19A8801-scr-203x135.jpg 203w, https:\/\/semmelweis.hu\/noiklinika\/files\/2023\/01\/RS107914_C19A8801-scr.jpg 1200w\" >\r\n        <\/a><\/div><\/span><span class=\"gallery-item\"><div class=\"hidden\"><a href=\"https:\/\/semmelweis.hu\/noiklinika\/files\/2023\/01\/RS12675_KA-20120831-IMG_4994-scr.jpg\">\r\n        <img src=https:\/\/semmelweis.hu\/noiklinika\/files\/2023\/01\/RS12675_KA-20120831-IMG_4994-scr.jpg alt=\"\" class=\"attachment-sote-gallery-big size-sote-gallery-big\" srcset=\"https:\/\/semmelweis.hu\/noiklinika\/files\/2023\/01\/RS12675_KA-20120831-IMG_4994-scr-400x267.jpg 400w, https:\/\/semmelweis.hu\/noiklinika\/files\/2023\/01\/RS12675_KA-20120831-IMG_4994-scr-768x512.jpg 768w, https:\/\/semmelweis.hu\/noiklinika\/files\/2023\/01\/RS12675_KA-20120831-IMG_4994-scr-753x502.jpg 753w, https:\/\/semmelweis.hu\/noiklinika\/files\/2023\/01\/RS12675_KA-20120831-IMG_4994-scr-203x135.jpg 203w, https:\/\/semmelweis.hu\/noiklinika\/files\/2023\/01\/RS12675_KA-20120831-IMG_4994-scr.jpg 950w\" >\r\n        <\/a><\/div><\/span><span class=\"gallery-item\"><div class=\"hidden\"><a href=\"https:\/\/semmelweis.hu\/noiklinika\/files\/2023\/01\/RS37154_KA-20151014-IMG_1696-scr.jpg\">\r\n        <img src=https:\/\/semmelweis.hu\/noiklinika\/files\/2023\/01\/RS37154_KA-20151014-IMG_1696-scr.jpg alt=\"\" class=\"attachment-sote-gallery-big size-sote-gallery-big\" srcset=\"https:\/\/semmelweis.hu\/noiklinika\/files\/2023\/01\/RS37154_KA-20151014-IMG_1696-scr-400x267.jpg 400w, https:\/\/semmelweis.hu\/noiklinika\/files\/2023\/01\/RS37154_KA-20151014-IMG_1696-scr-768x512.jpg 768w, https:\/\/semmelweis.hu\/noiklinika\/files\/2023\/01\/RS37154_KA-20151014-IMG_1696-scr-753x502.jpg 753w, https:\/\/semmelweis.hu\/noiklinika\/files\/2023\/01\/RS37154_KA-20151014-IMG_1696-scr-203x135.jpg 203w, https:\/\/semmelweis.hu\/noiklinika\/files\/2023\/01\/RS37154_KA-20151014-IMG_1696-scr.jpg 950w\" >\r\n        <\/a><\/div><\/span><span class=\"gallery-item\"><div class=\"hidden\"><a href=\"https:\/\/semmelweis.hu\/noiklinika\/files\/2023\/01\/RS30628_KA-20150422-IMG_8461-pic-scr.jpg\">\r\n        <img src=https:\/\/semmelweis.hu\/noiklinika\/files\/2023\/01\/RS30628_KA-20150422-IMG_8461-pic-scr.jpg alt=\"\" class=\"attachment-sote-gallery-big size-sote-gallery-big\" srcset=\"https:\/\/semmelweis.hu\/noiklinika\/files\/2023\/01\/RS30628_KA-20150422-IMG_8461-pic-scr-400x267.jpg 400w, https:\/\/semmelweis.hu\/noiklinika\/files\/2023\/01\/RS30628_KA-20150422-IMG_8461-pic-scr-768x512.jpg 768w, https:\/\/semmelweis.hu\/noiklinika\/files\/2023\/01\/RS30628_KA-20150422-IMG_8461-pic-scr-753x502.jpg 753w, https:\/\/semmelweis.hu\/noiklinika\/files\/2023\/01\/RS30628_KA-20150422-IMG_8461-pic-scr-203x135.jpg 203w, https:\/\/semmelweis.hu\/noiklinika\/files\/2023\/01\/RS30628_KA-20150422-IMG_8461-pic-scr.jpg 950w\" >\r\n        <\/a><\/div><\/span><span class=\"gallery-item\"><div class=\"hidden\"><a href=\"https:\/\/semmelweis.hu\/noiklinika\/files\/2023\/01\/RS36042_KA-20150922-IMG_0878-scr.jpg\">\r\n        <img src=https:\/\/semmelweis.hu\/noiklinika\/files\/2023\/01\/RS36042_KA-20150922-IMG_0878-scr.jpg alt=\"\" class=\"attachment-sote-gallery-big size-sote-gallery-big\" srcset=\"https:\/\/semmelweis.hu\/noiklinika\/files\/2023\/01\/RS36042_KA-20150922-IMG_0878-scr-400x267.jpg 400w, https:\/\/semmelweis.hu\/noiklinika\/files\/2023\/01\/RS36042_KA-20150922-IMG_0878-scr-768x512.jpg 768w, https:\/\/semmelweis.hu\/noiklinika\/files\/2023\/01\/RS36042_KA-20150922-IMG_0878-scr-753x502.jpg 753w, https:\/\/semmelweis.hu\/noiklinika\/files\/2023\/01\/RS36042_KA-20150922-IMG_0878-scr-203x135.jpg 203w, https:\/\/semmelweis.hu\/noiklinika\/files\/2023\/01\/RS36042_KA-20150922-IMG_0878-scr.jpg 950w\" >\r\n        <\/a><\/div><\/span><span class=\"gallery-item\"><div class=\"hidden\"><a href=\"https:\/\/semmelweis.hu\/noiklinika\/files\/2023\/01\/RS7282_20120827-IMG_3638-scr.jpg\">\r\n        <img src=https:\/\/semmelweis.hu\/noiklinika\/files\/2023\/01\/RS7282_20120827-IMG_3638-scr.jpg alt=\"\" class=\"attachment-sote-gallery-big size-sote-gallery-big\" srcset=\"https:\/\/semmelweis.hu\/noiklinika\/files\/2023\/01\/RS7282_20120827-IMG_3638-scr-400x267.jpg 400w, https:\/\/semmelweis.hu\/noiklinika\/files\/2023\/01\/RS7282_20120827-IMG_3638-scr-768x512.jpg 768w, https:\/\/semmelweis.hu\/noiklinika\/files\/2023\/01\/RS7282_20120827-IMG_3638-scr-753x502.jpg 753w, https:\/\/semmelweis.hu\/noiklinika\/files\/2023\/01\/RS7282_20120827-IMG_3638-scr-203x135.jpg 203w, https:\/\/semmelweis.hu\/noiklinika\/files\/2023\/01\/RS7282_20120827-IMG_3638-scr.jpg 950w\" >\r\n        <\/a><\/div><\/span><span class=\"gallery-item\"><div class=\"hidden\"><a href=\"https:\/\/semmelweis.hu\/noiklinika\/files\/2023\/01\/RS12692_KA-20120831-IMG_5068-scr.jpg\">\r\n        <img src=https:\/\/semmelweis.hu\/noiklinika\/files\/2023\/01\/RS12692_KA-20120831-IMG_5068-scr.jpg alt=\"\" class=\"attachment-sote-gallery-big size-sote-gallery-big\" srcset=\"https:\/\/semmelweis.hu\/noiklinika\/files\/2023\/01\/RS12692_KA-20120831-IMG_5068-scr-400x267.jpg 400w, https:\/\/semmelweis.hu\/noiklinika\/files\/2023\/01\/RS12692_KA-20120831-IMG_5068-scr-768x512.jpg 768w, https:\/\/semmelweis.hu\/noiklinika\/files\/2023\/01\/RS12692_KA-20120831-IMG_5068-scr-753x502.jpg 753w, https:\/\/semmelweis.hu\/noiklinika\/files\/2023\/01\/RS12692_KA-20120831-IMG_5068-scr-203x135.jpg 203w, https:\/\/semmelweis.hu\/noiklinika\/files\/2023\/01\/RS12692_KA-20120831-IMG_5068-scr.jpg 950w\" >\r\n        <\/a><\/div><\/span><span class=\"gallery-item\"><div class=\"hidden\"><a href=\"https:\/\/semmelweis.hu\/noiklinika\/files\/2023\/01\/RS56611_KA-20161118-KA__8754-scr.jpg\">\r\n        <img src=https:\/\/semmelweis.hu\/noiklinika\/files\/2023\/01\/RS56611_KA-20161118-KA__8754-scr.jpg alt=\"\" class=\"attachment-sote-gallery-big size-sote-gallery-big\" srcset=\"https:\/\/semmelweis.hu\/noiklinika\/files\/2023\/01\/RS56611_KA-20161118-KA__8754-scr-400x267.jpg 400w, https:\/\/semmelweis.hu\/noiklinika\/files\/2023\/01\/RS56611_KA-20161118-KA__8754-scr-768x512.jpg 768w, https:\/\/semmelweis.hu\/noiklinika\/files\/2023\/01\/RS56611_KA-20161118-KA__8754-scr-753x502.jpg 753w, https:\/\/semmelweis.hu\/noiklinika\/files\/2023\/01\/RS56611_KA-20161118-KA__8754-scr-203x135.jpg 203w, https:\/\/semmelweis.hu\/noiklinika\/files\/2023\/01\/RS56611_KA-20161118-KA__8754-scr.jpg 950w\" >\r\n        <\/a><\/div><\/span><span class=\"gallery-item\"><div class=\"hidden\"><a href=\"https:\/\/semmelweis.hu\/noiklinika\/files\/2023\/01\/RS12697_KA-20120831-IMG_5080-scr.jpg\">\r\n        <img src=https:\/\/semmelweis.hu\/noiklinika\/files\/2023\/01\/RS12697_KA-20120831-IMG_5080-scr.jpg alt=\"\" class=\"attachment-sote-gallery-big size-sote-gallery-big\" srcset=\"https:\/\/semmelweis.hu\/noiklinika\/files\/2023\/01\/RS12697_KA-20120831-IMG_5080-scr-400x267.jpg 400w, https:\/\/semmelweis.hu\/noiklinika\/files\/2023\/01\/RS12697_KA-20120831-IMG_5080-scr-768x512.jpg 768w, https:\/\/semmelweis.hu\/noiklinika\/files\/2023\/01\/RS12697_KA-20120831-IMG_5080-scr-753x502.jpg 753w, https:\/\/semmelweis.hu\/noiklinika\/files\/2023\/01\/RS12697_KA-20120831-IMG_5080-scr-203x135.jpg 203w, https:\/\/semmelweis.hu\/noiklinika\/files\/2023\/01\/RS12697_KA-20120831-IMG_5080-scr.jpg 950w\" >\r\n        <\/a><\/div><\/span><span class=\"gallery-item\"><div class=\"hidden\"><a href=\"https:\/\/semmelweis.hu\/noiklinika\/files\/2023\/01\/RS12672_KA-20120831-IMG_4977-scr.jpg\">\r\n        <img src=https:\/\/semmelweis.hu\/noiklinika\/files\/2023\/01\/RS12672_KA-20120831-IMG_4977-scr.jpg alt=\"\" class=\"attachment-sote-gallery-big size-sote-gallery-big\" srcset=\"https:\/\/semmelweis.hu\/noiklinika\/files\/2023\/01\/RS12672_KA-20120831-IMG_4977-scr-400x267.jpg 400w, https:\/\/semmelweis.hu\/noiklinika\/files\/2023\/01\/RS12672_KA-20120831-IMG_4977-scr-768x512.jpg 768w, https:\/\/semmelweis.hu\/noiklinika\/files\/2023\/01\/RS12672_KA-20120831-IMG_4977-scr-753x502.jpg 753w, https:\/\/semmelweis.hu\/noiklinika\/files\/2023\/01\/RS12672_KA-20120831-IMG_4977-scr-203x135.jpg 203w, https:\/\/semmelweis.hu\/noiklinika\/files\/2023\/01\/RS12672_KA-20120831-IMG_4977-scr.jpg 950w\" >\r\n        <\/a><\/div><\/span><span class=\"gallery-item\"><div class=\"hidden\"><a href=\"https:\/\/semmelweis.hu\/noiklinika\/files\/2023\/01\/RS12678_KA-20120831-IMG_5009-scr.jpg\">\r\n        <img src=https:\/\/semmelweis.hu\/noiklinika\/files\/2023\/01\/RS12678_KA-20120831-IMG_5009-scr.jpg alt=\"\" class=\"attachment-sote-gallery-big size-sote-gallery-big\" srcset=\"https:\/\/semmelweis.hu\/noiklinika\/files\/2023\/01\/RS12678_KA-20120831-IMG_5009-scr-400x267.jpg 400w, https:\/\/semmelweis.hu\/noiklinika\/files\/2023\/01\/RS12678_KA-20120831-IMG_5009-scr-768x512.jpg 768w, https:\/\/semmelweis.hu\/noiklinika\/files\/2023\/01\/RS12678_KA-20120831-IMG_5009-scr-753x502.jpg 753w, https:\/\/semmelweis.hu\/noiklinika\/files\/2023\/01\/RS12678_KA-20120831-IMG_5009-scr-203x135.jpg 203w, https:\/\/semmelweis.hu\/noiklinika\/files\/2023\/01\/RS12678_KA-20120831-IMG_5009-scr.jpg 950w\" >\r\n        <\/a><\/div><\/span><span class=\"gallery-item\"><div class=\"hidden\"><a href=\"https:\/\/semmelweis.hu\/noiklinika\/files\/2023\/01\/RS12670_KA-20120831-IMG_4973-scr.jpg\">\r\n        <img src=https:\/\/semmelweis.hu\/noiklinika\/files\/2023\/01\/RS12670_KA-20120831-IMG_4973-scr.jpg alt=\"\" class=\"attachment-sote-gallery-big size-sote-gallery-big\" srcset=\"https:\/\/semmelweis.hu\/noiklinika\/files\/2023\/01\/RS12670_KA-20120831-IMG_4973-scr-400x267.jpg 400w, https:\/\/semmelweis.hu\/noiklinika\/files\/2023\/01\/RS12670_KA-20120831-IMG_4973-scr-768x512.jpg 768w, https:\/\/semmelweis.hu\/noiklinika\/files\/2023\/01\/RS12670_KA-20120831-IMG_4973-scr-753x502.jpg 753w, https:\/\/semmelweis.hu\/noiklinika\/files\/2023\/01\/RS12670_KA-20120831-IMG_4973-scr-203x135.jpg 203w, https:\/\/semmelweis.hu\/noiklinika\/files\/2023\/01\/RS12670_KA-20120831-IMG_4973-scr.jpg 950w\" >\r\n        <\/a><\/div><\/span><span class=\"gallery-item\"><div class=\"hidden\"><a href=\"https:\/\/semmelweis.hu\/noiklinika\/files\/2023\/01\/RS30659_KA-20150422-IMG_8482-pic-scr.jpg\">\r\n        <img src=https:\/\/semmelweis.hu\/noiklinika\/files\/2023\/01\/RS30659_KA-20150422-IMG_8482-pic-scr.jpg alt=\"\" class=\"attachment-sote-gallery-big size-sote-gallery-big\" srcset=\"https:\/\/semmelweis.hu\/noiklinika\/files\/2023\/01\/RS30659_KA-20150422-IMG_8482-pic-scr-400x267.jpg 400w, https:\/\/semmelweis.hu\/noiklinika\/files\/2023\/01\/RS30659_KA-20150422-IMG_8482-pic-scr-768x512.jpg 768w, https:\/\/semmelweis.hu\/noiklinika\/files\/2023\/01\/RS30659_KA-20150422-IMG_8482-pic-scr-753x502.jpg 753w, https:\/\/semmelweis.hu\/noiklinika\/files\/2023\/01\/RS30659_KA-20150422-IMG_8482-pic-scr-203x135.jpg 203w, https:\/\/semmelweis.hu\/noiklinika\/files\/2023\/01\/RS30659_KA-20150422-IMG_8482-pic-scr.jpg 950w\" >\r\n        <\/a><\/div><\/span>\r\n            <\/div>\r\n\r\n            [\/slb_exclude]\r\n\t\n<p>&nbsp;<\/p>\n","protected":false},"excerpt":{"rendered":"<p>Unsere Klinik ist ein Geburtshilfe-, Gyn\u00e4kologie-, Fr\u00fchgeburts- und Reproduktionszentrum mit au\u00dfergew\u00f6hnlich hohen professionellen Standards, welches gemeinsam von unseren Abteilungen Baross utca und \u00dcll\u0151i \u00fat gebildet wird. Neben der allgemeinen geburtshilflichen und gyn\u00e4kologischen Versorgung konzentrieren wir uns auf Spezialgebiete wie Endometriose, gyn\u00e4kologische Krebserkrankungen, Beckenbodenerkrankungen oder Unfruchtbarkeit. Au\u00dfer unserer Heilt\u00e4tigkeit genie\u00dft die Ausbildung den gleichen Stellenwert, Medizinstudenten, &hellip;<\/p>\n","protected":false},"author":12,"featured_media":6,"parent":0,"menu_order":0,"comment_status":"closed","ping_status":"closed","template":"","meta":{"_acf_changed":false,"footnotes":""},"categories":[],"tags":[],"class_list":["post-672","page","type-page","status-publish","has-post-thumbnail","hentry"],"acf":[],"_links":{"self":[{"href":"https:\/\/semmelweis.hu\/noiklinika\/wp-json\/wp\/v2\/pages\/672","targetHints":{"allow":["GET"]}}],"collection":[{"href":"https:\/\/semmelweis.hu\/noiklinika\/wp-json\/wp\/v2\/pages"}],"about":[{"href":"https:\/\/semmelweis.hu\/noiklinika\/wp-json\/wp\/v2\/types\/page"}],"author":[{"embeddable":true,"href":"https:\/\/semmelweis.hu\/noiklinika\/wp-json\/wp\/v2\/users\/12"}],"replies":[{"embeddable":true,"href":"https:\/\/semmelweis.hu\/noiklinika\/wp-json\/wp\/v2\/comments?post=672"}],"version-history":[{"count":6,"href":"https:\/\/semmelweis.hu\/noiklinika\/wp-json\/wp\/v2\/pages\/672\/revisions"}],"predecessor-version":[{"id":937,"href":"https:\/\/semmelweis.hu\/noiklinika\/wp-json\/wp\/v2\/pages\/672\/revisions\/937"}],"wp:featuredmedia":[{"embeddable":true,"href":"https:\/\/semmelweis.hu\/noiklinika\/wp-json\/wp\/v2\/media\/6"}],"wp:attachment":[{"href":"https:\/\/semmelweis.hu\/noiklinika\/wp-json\/wp\/v2\/media?parent=672"}],"wp:term":[{"taxonomy":"category","embeddable":true,"href":"https:\/\/semmelweis.hu\/noiklinika\/wp-json\/wp\/v2\/categories?post=672"},{"taxonomy":"post_tag","embeddable":true,"href":"https:\/\/semmelweis.hu\/noiklinika\/wp-json\/wp\/v2\/tags?post=672"}],"curies":[{"name":"wp","href":"https:\/\/api.w.org\/{rel}","templated":true}]}}