{"id":646,"date":"2022-07-11T11:15:31","date_gmt":"2022-07-11T09:15:31","guid":{"rendered":"https:\/\/semmelweis.hu\/noiklinika\/?page_id=646"},"modified":"2023-02-21T13:25:00","modified_gmt":"2023-02-21T12:25:00","slug":"ulloi-uti-reszleg-tortenete","status":"publish","type":"page","link":"https:\/\/semmelweis.hu\/noiklinika\/rolunk\/ulloi-uti-reszleg-tortenete\/","title":{"rendered":"Az \u00dcll\u0151i \u00fati r\u00e9szleg t\u00f6rt\u00e9nete"},"content":{"rendered":"<p>1880-ban \u00e1ll\u00edtott\u00e1k fel a II. sz\u00fcl\u00e9szeti \u00e9s n\u0151gy\u00f3gy\u00e1szati tansz\u00e9ket valamint poliklinik\u00e1t (k\u00f6zrendel\u0151 int\u00e9zet), melynek vezet\u00e9s\u00e9vel Tauffer Vilmos b\u00edzt\u00e1k meg 1881-ben. A tansz\u00e9ken a b\u00e1bajel\u00f6lteket az orvostanhallgat\u00f3kt\u00f3l elk\u00fcl\u00f6n\u00fclten k\u00e9pezt\u00e9k. Tauffert tekintj\u00fck a modern n\u0151gy\u00f3gy\u00e1szat \u00e9s sz\u00fcl\u00e9szet megalap\u00edt\u00f3j\u00e1nak haz\u00e1nkban, \u0151 v\u00e9gzett el\u0151sz\u00f6r Magyarorsz\u00e1gon &#8220;m\u00e9hkapar\u00e1st&#8221;, g\u00e1t-sipoly m\u0171t\u00e9tet \u00e9s cs\u00e1sz\u00e1rmetsz\u00e9st \u00fagy, hogy az anya \u00e9letben maradt. A klinik\u00e1nak b\u00e9relt \u00e9p\u00fclet adott otthont el\u0151sz\u00f6r a St\u00e1ci\u00f3, majd a Bodzafa (ma R\u00f6kk Szil\u00e1rd) utc\u00e1ban.\u00a0<\/p>\n<p>\u00daj \u00e9p\u00fcletbe, az\u00a0 \u00dcll\u0151i \u00fat 78. sz\u00e1m al\u00e1 1898. szeptember\u00e9ben k\u00f6lt\u00f6zhetett a II. Sz. Sz\u00fcl\u00e9szeti \u00e9s N\u0151gy\u00f3gy\u00e1szati Klinika. Az \u00e9p\u00edtkez\u00e9st az 1895\/96-os tan\u00e9vben kezdt\u00e9k meg. A H alak\u00fa \u00e9p\u00fclet egyik sz\u00e1rnya a sz\u00fcl\u00e9szet, a m\u00e1sik a m\u0171t\u0151k \u00e9s a n\u0151gy\u00f3gy\u00e1szati \u00e1gyak elhelyez\u00e9s\u00e9re szolg\u00e1lt. Az \u00e9p\u00fcletet 1966-1973 k\u00f6z\u00f6tt moderniz\u00e1lt\u00e1k \u00e9s \u00e1t\u00e9p\u00edtett\u00e9k.<\/p>\n<p>2017. janu\u00e1rj\u00e1t\u00f3l a Kor\u00e1nyi projekt keret\u00e9ben fel\u00faj\u00edtott ter\u00fcleteken m\u0171k\u00f6dnek a Sz\u00fcl\u00e9szeti \u00e9s N\u0151gy\u00f3gy\u00e1szati Klinika \u00dcll\u0151i \u00fati r\u00e9szleg\u00e9nek ambulanci\u00e1i, valamint itt kapott helyet a Perinat\u00e1lis Intenz\u00edv Centrum is.<\/p>\n\r\n        [slb_exclude]\r\n        <div class=\"row galeria-wrapper mx-0 h-auto\">\r\n            <div class=\"col-9 pl-0 pr-2\">\r\n            <span class=\"gallery-item frame\">\r\n\t\t\t\t<div class=\"galeria-left-img\"><a href=\"https:\/\/semmelweis.hu\/noiklinika\/files\/2023\/01\/RS33581_II.-Szuleszet-Rokk-Sz.-u.-scr.jpg\"><img src=https:\/\/semmelweis.hu\/noiklinika\/files\/2023\/01\/RS33581_II.-Szuleszet-Rokk-Sz.-u.-scr.jpg  \r\n                            alt=\"R\u00f6kk Szil\u00e1rd utcai \u00e9p\u00fclet\" \r\n                            class=\"attachment-sote-gallery-big size-sote-gallery-big\" \r\n                            srcset=\"https:\/\/semmelweis.hu\/noiklinika\/files\/2023\/01\/RS33581_II.-Szuleszet-Rokk-Sz.-u.-scr-400x271.jpg 400w, https:\/\/semmelweis.hu\/noiklinika\/files\/2023\/01\/RS33581_II.-Szuleszet-Rokk-Sz.-u.-scr-768x520.jpg 768w, https:\/\/semmelweis.hu\/noiklinika\/files\/2023\/01\/RS33581_II.-Szuleszet-Rokk-Sz.-u.-scr-175x120.jpg 175w, https:\/\/semmelweis.hu\/noiklinika\/files\/2023\/01\/RS33581_II.-Szuleszet-Rokk-Sz.-u.-scr-753x510.jpg 753w, https:\/\/semmelweis.hu\/noiklinika\/files\/2023\/01\/RS33581_II.-Szuleszet-Rokk-Sz.-u.-scr.jpg 950w\" ><\/a><\/div>\r\n            <\/span>\r\n\r\n            <\/div>\r\n\r\n\t\t\t<div class=\"col-3 pl-0 pr-0\">\r\n\t\t\t\t<div class=\"galeria-right-img d-flex justify-content-between flex-column h-100 w-100 px-0 mx-0 \">\r\n                <div class=\"galeria-box\">\r\n\t\t\t\t\t<h3 class=\"galeria-title\">Gal\u00e9ria<\/h3>\r\n\t\t\t\t\t<div class=\"galeria-subtitle\">\r\n\r\n\t\t\t\t\t\t<div class=\"galeria-page-counter\"><span>9<\/span>k\u00e9p<\/div>\r\n                    <\/div> <\/div>\r\n                    <span class=\"gallery-item frame d-none d-md-flex\">\r\n\t\t\t\t\t<div class=\"galeria-small-img mt-0\"><a href=\"https:\/\/semmelweis.hu\/noiklinika\/files\/2023\/01\/RS33578_IV-4-19-II.-Noi-klinika-1930-scr.jpg\"><img src=https:\/\/semmelweis.hu\/noiklinika\/files\/2023\/01\/RS33578_IV-4-19-II.-Noi-klinika-1930-scr.jpg \r\n                                alt=\"Az \u00dcll\u0151i \u00fat 78. sz. alatti \u00e9p\u00fclet\"  \r\n                                class=\"attachment-sote-gallery-small size-sote-gallery-small\" \r\n                                srcset=\"https:\/\/semmelweis.hu\/noiklinika\/files\/2023\/01\/RS33578_IV-4-19-II.-Noi-klinika-1930-scr-400x203.jpg 400w, https:\/\/semmelweis.hu\/noiklinika\/files\/2023\/01\/RS33578_IV-4-19-II.-Noi-klinika-1930-scr-768x390.jpg 768w, https:\/\/semmelweis.hu\/noiklinika\/files\/2023\/01\/RS33578_IV-4-19-II.-Noi-klinika-1930-scr-753x382.jpg 753w, https:\/\/semmelweis.hu\/noiklinika\/files\/2023\/01\/RS33578_IV-4-19-II.-Noi-klinika-1930-scr.jpg 950w\" ><\/a><\/div>\r\n                    <\/span>\r\n                    <span class=\"gallery-item frame d-none d-md-flex\">\r\n\t\t\t\t\t<div class=\"galeria-small-img mt-0\"><a href=\"https:\/\/semmelweis.hu\/noiklinika\/files\/2023\/01\/RS43001_79.-II.-Noi-klinika-eloadoterem-scr.jpg\"><img src=https:\/\/semmelweis.hu\/noiklinika\/files\/2023\/01\/RS43001_79.-II.-Noi-klinika-eloadoterem-scr.jpg \r\n                                alt=\"El\u0151ad\u00f3 terem\" \r\n                                class=\"attachment-sote-gallery-small size-sote-gallery-small\" \r\n                                srcset=\"https:\/\/semmelweis.hu\/noiklinika\/files\/2023\/01\/RS43001_79.-II.-Noi-klinika-eloadoterem-scr-400x250.jpg 400w, https:\/\/semmelweis.hu\/noiklinika\/files\/2023\/01\/RS43001_79.-II.-Noi-klinika-eloadoterem-scr-768x480.jpg 768w, https:\/\/semmelweis.hu\/noiklinika\/files\/2023\/01\/RS43001_79.-II.-Noi-klinika-eloadoterem-scr-753x471.jpg 753w, https:\/\/semmelweis.hu\/noiklinika\/files\/2023\/01\/RS43001_79.-II.-Noi-klinika-eloadoterem-scr.jpg 950w\" ><\/a><\/div>\r\n                    <\/span>\r\n\r\n                <\/div>\r\n\r\n            <\/div>\r\n\r\n            <span class=\"gallery-item\"><div class=\"hidden\"><a href=\"https:\/\/semmelweis.hu\/noiklinika\/files\/2023\/01\/RS55044_Tauffer-Vilmos-1.-scr.jpg\">\r\n        <img src=https:\/\/semmelweis.hu\/noiklinika\/files\/2023\/01\/RS55044_Tauffer-Vilmos-1.-scr.jpg alt=\"Tauffer Vilmos\" class=\"attachment-sote-gallery-big size-sote-gallery-big\" srcset=\"https:\/\/semmelweis.hu\/noiklinika\/files\/2023\/01\/RS55044_Tauffer-Vilmos-1.-scr-263x400.jpg 263w, https:\/\/semmelweis.hu\/noiklinika\/files\/2023\/01\/RS55044_Tauffer-Vilmos-1.-scr.jpg 493w\" >\r\n        <\/a><\/div><\/span><span class=\"gallery-item\"><div class=\"hidden\"><a href=\"https:\/\/semmelweis.hu\/noiklinika\/files\/2023\/01\/RS33574_78.-II.-Noi-klinika-elkulonito-pavilon-scr.jpg\">\r\n        <img src=https:\/\/semmelweis.hu\/noiklinika\/files\/2023\/01\/RS33574_78.-II.-Noi-klinika-elkulonito-pavilon-scr.jpg alt=\"Elk\u00fcl\u00f6n\u00edt\u0151 pavilon\" class=\"attachment-sote-gallery-big size-sote-gallery-big\" srcset=\"https:\/\/semmelweis.hu\/noiklinika\/files\/2023\/01\/RS33574_78.-II.-Noi-klinika-elkulonito-pavilon-scr-400x248.jpg 400w, https:\/\/semmelweis.hu\/noiklinika\/files\/2023\/01\/RS33574_78.-II.-Noi-klinika-elkulonito-pavilon-scr-768x475.jpg 768w, https:\/\/semmelweis.hu\/noiklinika\/files\/2023\/01\/RS33574_78.-II.-Noi-klinika-elkulonito-pavilon-scr-753x466.jpg 753w, https:\/\/semmelweis.hu\/noiklinika\/files\/2023\/01\/RS33574_78.-II.-Noi-klinika-elkulonito-pavilon-scr.jpg 950w\" >\r\n        <\/a><\/div><\/span><span class=\"gallery-item\"><div class=\"hidden\"><a href=\"https:\/\/semmelweis.hu\/noiklinika\/files\/2023\/01\/RS33575_II.-Noi-1900-as-evek.-fszek-010725.jpg\">\r\n        <img src=https:\/\/semmelweis.hu\/noiklinika\/files\/2023\/01\/RS33575_II.-Noi-1900-as-evek.-fszek-010725.jpg alt=\"Az \u00dcll\u0151i \u00fat 78. sz. alatti \u00e9p\u00fclet\" class=\"attachment-sote-gallery-big size-sote-gallery-big\" srcset=\"https:\/\/semmelweis.hu\/noiklinika\/files\/2023\/01\/RS33575_II.-Noi-1900-as-evek.-fszek-010725-400x297.jpg 400w, https:\/\/semmelweis.hu\/noiklinika\/files\/2023\/01\/RS33575_II.-Noi-1900-as-evek.-fszek-010725-753x559.jpg 753w, https:\/\/semmelweis.hu\/noiklinika\/files\/2023\/01\/RS33575_II.-Noi-1900-as-evek.-fszek-010725.jpg 755w\" >\r\n        <\/a><\/div><\/span><span class=\"gallery-item\"><div class=\"hidden\"><a href=\"https:\/\/semmelweis.hu\/noiklinika\/files\/2023\/01\/RS43003_81.-II.-Noi-klinika-kismuto-laparotomia-scr.jpg\">\r\n        <img src=https:\/\/semmelweis.hu\/noiklinika\/files\/2023\/01\/RS43003_81.-II.-Noi-klinika-kismuto-laparotomia-scr.jpg alt=\"Vizsg\u00e1l\u00f3\" class=\"attachment-sote-gallery-big size-sote-gallery-big\" srcset=\"https:\/\/semmelweis.hu\/noiklinika\/files\/2023\/01\/RS43003_81.-II.-Noi-klinika-kismuto-laparotomia-scr-400x241.jpg 400w, https:\/\/semmelweis.hu\/noiklinika\/files\/2023\/01\/RS43003_81.-II.-Noi-klinika-kismuto-laparotomia-scr-768x463.jpg 768w, https:\/\/semmelweis.hu\/noiklinika\/files\/2023\/01\/RS43003_81.-II.-Noi-klinika-kismuto-laparotomia-scr-753x454.jpg 753w, https:\/\/semmelweis.hu\/noiklinika\/files\/2023\/01\/RS43003_81.-II.-Noi-klinika-kismuto-laparotomia-scr.jpg 950w\" >\r\n        <\/a><\/div><\/span><span class=\"gallery-item\"><div class=\"hidden\"><a href=\"https:\/\/semmelweis.hu\/noiklinika\/files\/2023\/01\/II-sz-szuleszeti-klinika-1972.jpg\">\r\n        <img src=https:\/\/semmelweis.hu\/noiklinika\/files\/2023\/01\/II-sz-szuleszeti-klinika-1972.jpg alt=\"A 60'-as \u00e9vekben moderniz\u00e1lt \u00e9p\u00fclet\" class=\"attachment-sote-gallery-big size-sote-gallery-big\" srcset=\"https:\/\/semmelweis.hu\/noiklinika\/files\/2023\/01\/II-sz-szuleszeti-klinika-1972-400x293.jpg 400w, https:\/\/semmelweis.hu\/noiklinika\/files\/2023\/01\/II-sz-szuleszeti-klinika-1972-1024x750.jpg 1024w, https:\/\/semmelweis.hu\/noiklinika\/files\/2023\/01\/II-sz-szuleszeti-klinika-1972-768x563.jpg 768w, https:\/\/semmelweis.hu\/noiklinika\/files\/2023\/01\/II-sz-szuleszeti-klinika-1972-1536x1125.jpg 1536w, https:\/\/semmelweis.hu\/noiklinika\/files\/2023\/01\/II-sz-szuleszeti-klinika-1972-753x552.jpg 753w, https:\/\/semmelweis.hu\/noiklinika\/files\/2023\/01\/II-sz-szuleszeti-klinika-1972.jpg 1600w\" >\r\n        <\/a><\/div><\/span><span class=\"gallery-item\"><div class=\"hidden\"><a href=\"https:\/\/semmelweis.hu\/noiklinika\/files\/2023\/01\/II-sz-szuleszeti-klinika.jpg\">\r\n        <img src=https:\/\/semmelweis.hu\/noiklinika\/files\/2023\/01\/II-sz-szuleszeti-klinika.jpg alt=\"A 60'-as \u00e9vekben moderniz\u00e1lt \u00e9p\u00fclet\" class=\"attachment-sote-gallery-big size-sote-gallery-big\" srcset=\"https:\/\/semmelweis.hu\/noiklinika\/files\/2023\/01\/II-sz-szuleszeti-klinika-400x273.jpg 400w, https:\/\/semmelweis.hu\/noiklinika\/files\/2023\/01\/II-sz-szuleszeti-klinika-1024x700.jpg 1024w, https:\/\/semmelweis.hu\/noiklinika\/files\/2023\/01\/II-sz-szuleszeti-klinika-768x525.jpg 768w, https:\/\/semmelweis.hu\/noiklinika\/files\/2023\/01\/II-sz-szuleszeti-klinika-1536x1049.jpg 1536w, https:\/\/semmelweis.hu\/noiklinika\/files\/2023\/01\/II-sz-szuleszeti-klinika-175x120.jpg 175w, https:\/\/semmelweis.hu\/noiklinika\/files\/2023\/01\/II-sz-szuleszeti-klinika-753x514.jpg 753w, https:\/\/semmelweis.hu\/noiklinika\/files\/2023\/01\/II-sz-szuleszeti-klinika.jpg 1600w\" >\r\n        <\/a><\/div><\/span>\r\n            <\/div>\r\n\r\n            [\/slb_exclude]\r\n\t\n","protected":false},"excerpt":{"rendered":"<p>1880-ban \u00e1ll\u00edtott\u00e1k fel a II. sz\u00fcl\u00e9szeti \u00e9s n\u0151gy\u00f3gy\u00e1szati tansz\u00e9ket valamint poliklinik\u00e1t (k\u00f6zrendel\u0151 int\u00e9zet), melynek vezet\u00e9s\u00e9vel Tauffer Vilmos b\u00edzt\u00e1k meg 1881-ben. A tansz\u00e9ken a b\u00e1bajel\u00f6lteket az orvostanhallgat\u00f3kt\u00f3l elk\u00fcl\u00f6n\u00fclten k\u00e9pezt\u00e9k. Tauffert tekintj\u00fck a modern n\u0151gy\u00f3gy\u00e1szat \u00e9s sz\u00fcl\u00e9szet megalap\u00edt\u00f3j\u00e1nak haz\u00e1nkban, \u0151 v\u00e9gzett el\u0151sz\u00f6r Magyarorsz\u00e1gon &#8220;m\u00e9hkapar\u00e1st&#8221;, g\u00e1t-sipoly m\u0171t\u00e9tet \u00e9s cs\u00e1sz\u00e1rmetsz\u00e9st \u00fagy, hogy az anya \u00e9letben maradt. A klinik\u00e1nak b\u00e9relt &hellip;<\/p>\n","protected":false},"author":102064,"featured_media":0,"parent":5,"menu_order":1,"comment_status":"closed","ping_status":"closed","template":"","meta":{"_acf_changed":false,"footnotes":""},"categories":[],"tags":[],"class_list":["post-646","page","type-page","status-publish","hentry"],"acf":[],"_links":{"self":[{"href":"https:\/\/semmelweis.hu\/noiklinika\/wp-json\/wp\/v2\/pages\/646","targetHints":{"allow":["GET"]}}],"collection":[{"href":"https:\/\/semmelweis.hu\/noiklinika\/wp-json\/wp\/v2\/pages"}],"about":[{"href":"https:\/\/semmelweis.hu\/noiklinika\/wp-json\/wp\/v2\/types\/page"}],"author":[{"embeddable":true,"href":"https:\/\/semmelweis.hu\/noiklinika\/wp-json\/wp\/v2\/users\/102064"}],"replies":[{"embeddable":true,"href":"https:\/\/semmelweis.hu\/noiklinika\/wp-json\/wp\/v2\/comments?post=646"}],"version-history":[{"count":5,"href":"https:\/\/semmelweis.hu\/noiklinika\/wp-json\/wp\/v2\/pages\/646\/revisions"}],"predecessor-version":[{"id":837,"href":"https:\/\/semmelweis.hu\/noiklinika\/wp-json\/wp\/v2\/pages\/646\/revisions\/837"}],"up":[{"embeddable":true,"href":"https:\/\/semmelweis.hu\/noiklinika\/wp-json\/wp\/v2\/pages\/5"}],"wp:attachment":[{"href":"https:\/\/semmelweis.hu\/noiklinika\/wp-json\/wp\/v2\/media?parent=646"}],"wp:term":[{"taxonomy":"category","embeddable":true,"href":"https:\/\/semmelweis.hu\/noiklinika\/wp-json\/wp\/v2\/categories?post=646"},{"taxonomy":"post_tag","embeddable":true,"href":"https:\/\/semmelweis.hu\/noiklinika\/wp-json\/wp\/v2\/tags?post=646"}],"curies":[{"name":"wp","href":"https:\/\/api.w.org\/{rel}","templated":true}]}}