{"id":581,"date":"2022-05-31T13:11:49","date_gmt":"2022-05-31T11:11:49","guid":{"rendered":"https:\/\/semmelweis.hu\/noiklinika\/?page_id=581"},"modified":"2023-01-12T11:13:45","modified_gmt":"2023-01-12T10:13:45","slug":"medencefenek-szakambulancia","status":"publish","type":"page","link":"https:\/\/semmelweis.hu\/noiklinika\/ulloi\/szakrendelesek\/medencefenek-szakambulancia\/","title":{"rendered":"Medencefen\u00e9k szakambulancia &#8211; \u00dcll\u0151i \u00fat"},"content":{"rendered":"<div class=\"keretes w-100\">\n<h4><span style=\"background-color: #f0f3f6;font-size: 1rem\"><span style=\"font-size: 14pt\"><strong>Munkacsoport vezet\u0151je:<\/strong> Prof. Dr. \u00c1cs N\u00e1ndor<\/span>\u00a0<\/span><\/h4>\n<h4><span style=\"font-size: 14pt\"><strong>Munkacsoport tagjai:<\/strong> Dr. Ol\u00e1h Orsolya, Dr. Cseh Rich\u00e1rd<\/span><\/h4>\n<p>Ambulanci\u00e1nkra el\u0151jegyz\u00e9s kiz\u00e1r\u00f3lag egyetem\u00fcnk honlapj\u00e1n, online form\u00e1ban lehets\u00e9ges:\u00a0<\/p>\n<p><a href=\"https:\/\/semmelweis.hu\/noiklinika\/ulloi\/idopontfoglalas-ulloi\/\">Id\u0151pontfoglal\u00e1s \u2192<\/a><\/p>\n<p>A szakambulanci\u00e1ra a nagy \u00e9rdekl\u0151d\u00e9sre val\u00f3 tekintettel t\u00f6bb h\u00f3napos az el\u0151jegyz\u00e9s, meg\u00e9rt\u00e9s\u00fcket el\u0151re is k\u00f6sz\u00f6nj\u00fck.<\/p>\n<\/div>\n<p style=\"text-align: justify\">Az urogynekol\u00f3gia egy olyan n\u0151gy\u00f3gy\u00e1szati \u00e9s urol\u00f3giai hat\u00e1rter\u00fclet, mely a k\u00fcl\u00f6nb\u00f6z\u0151 medencefen\u00e9ki diszfunkci\u00f3k kivizsg\u00e1l\u00e1s\u00e1t \u00e9s kezel\u00e9s\u00e9t \u00f6leli fel.<\/p>\n<p style=\"text-align: justify\">A szakter\u00fclet \u00e1ltal kezelt k\u00f3rk\u00e9pekre jellemz\u0151, hogy t\u00fcneteik urol\u00f3giai, n\u0151gy\u00f3gy\u00e1szati, s\u0151t bizonyos esetekben proktol\u00f3giai vonatkoz\u00e1s\u00faak, sok esetben \u00f6sszef\u00fcggnek egym\u00e1ssal \u00e9s kezel\u00e9s\u00fck interdiszciplin\u00e1ris szeml\u00e9letben a legsikeresebb.<\/p>\n<h4><strong>Leggyakrabban kezelt betegs\u00e9gek<\/strong><\/h4>\n<p style=\"text-align: justify\">Ezek k\u00f6z\u00e9 tartoznak a kismedencei s\u00fcllyed\u00e9sek (pl. h\u00f3lyags\u00e9rv, v\u00e9gb\u00e9ls\u00e9rv \u00e9s m\u00e9hs\u00fcllyed\u00e9s) \u00e9s a vizeletinkontinencia, de a sz\u00e9klet\u00fcr\u00edt\u00e9si \u00e9s sz\u00e9klettart\u00e1si probl\u00e9m\u00e1k jelent\u0151s r\u00e9sze is a medencefen\u00e9k rendellenes m\u0171k\u00f6d\u00e9s\u00e9re vezethet\u0151 vissza.<\/p>\n<p style=\"text-align: justify\">Az akaratlan vizeletveszt\u00e9s, vizeletelakad\u00e1s, sz\u00e9kreked\u00e9s, h\u00fcvelyi idegentest\u00e9rz\u00e9s, der\u00e9kf\u00e1jdalom mind-mind jellegzetes panaszk\u00e9nt jelentkezhet a kialakult elv\u00e1ltoz\u00e1s form\u00e1j\u00e1t\u00f3l f\u00fcgg\u0151en.<\/p>\n<p style=\"text-align: justify\">Foglalkozunk a medencefen\u00e9k legals\u00f3 szintj\u00e9nek, a g\u00e1tnak a defektusaival, ilyenek p\u00e9ld\u00e1ul a g\u00e1t sz\u00fcl\u00e9si s\u00e9r\u00fcl\u00e9sei. A t\u00falm\u0171k\u00f6d\u0151 medencefen\u00e9ki izomzat t\u00fcnettana is sz\u00ednes lehet k\u00f6zt\u00fck a gyakori vizel\u00e9si ingerrel, g\u00e1ti vagy alhasi f\u00e1jdalommal illetve szexu\u00e1lis egy\u00fcttl\u00e9tkor tapasztalt f\u00e1jdalommal.<\/p>\n<p style=\"text-align: justify\">A medencefen\u00e9k defektusok m\u00e1s esetekben is vezethetnek szexu\u00e1lis diszfunkci\u00f3khoz, behatol\u00e1si zavarhoz, a szakter\u00fclet ezek kivizsg\u00e1l\u00e1s\u00e1val is foglalkozik.<\/p>\n<h4 style=\"text-align: justify\"><strong>Munkacsoportunk c\u00e9ljaI\u00a0<\/strong><\/h4>\n<p style=\"text-align: justify\">A fentebb r\u00e9szletezett elv\u00e1ltoz\u00e1sok szakszer\u0171 diagnosztik\u00e1ja, \u00e9s a kialakult panaszok legkorszer\u0171bb konzervat\u00edv (gy\u00f3gyszeres kezel\u00e9s, pessz\u00e1rium, intimtorna, elektrostimul\u00e1ci\u00f3 stb.) \u00e9s m\u0171t\u00e9ti ell\u00e1t\u00e1sa a p\u00e1ciensek ig\u00e9nyeinek megfelel\u0151en.<\/p>\n<p>&nbsp;<\/p>\n","protected":false},"excerpt":{"rendered":"<p>Munkacsoport vezet\u0151je: Prof. Dr. \u00c1cs N\u00e1ndor\u00a0 Munkacsoport tagjai: Dr. Ol\u00e1h Orsolya, Dr. Cseh Rich\u00e1rd Ambulanci\u00e1nkra el\u0151jegyz\u00e9s kiz\u00e1r\u00f3lag egyetem\u00fcnk honlapj\u00e1n, online form\u00e1ban lehets\u00e9ges:\u00a0 <a href=\"https:\/\/semmelweis.hu\/noiklinika\/ulloi\/idopontfoglalas-ulloi\/\">Id\u0151pontfoglal\u00e1s \u2192<\/a> A szakambulanci\u00e1ra a nagy \u00e9rdekl\u0151d\u00e9sre val\u00f3 tekintettel t\u00f6bb h\u00f3napos az el\u0151jegyz\u00e9s, meg\u00e9rt\u00e9s\u00fcket el\u0151re is k\u00f6sz\u00f6nj\u00fck. Az urogynekol\u00f3gia egy olyan n\u0151gy\u00f3gy\u00e1szati \u00e9s urol\u00f3giai hat\u00e1rter\u00fclet, mely a k\u00fcl\u00f6nb\u00f6z\u0151 medencefen\u00e9ki diszfunkci\u00f3k kivizsg\u00e1l\u00e1s\u00e1t \u00e9s kezel\u00e9s\u00e9t \u00f6leli fel. &hellip;<\/p>\n","protected":false},"author":102064,"featured_media":0,"parent":498,"menu_order":4,"comment_status":"closed","ping_status":"closed","template":"","meta":{"_acf_changed":false,"footnotes":""},"categories":[24],"tags":[22],"class_list":["post-581","page","type-page","status-publish","hentry","category-szakrendelesek-es-osztalyok","tag-betegellatas"],"acf":[],"_links":{"self":[{"href":"https:\/\/semmelweis.hu\/noiklinika\/wp-json\/wp\/v2\/pages\/581","targetHints":{"allow":["GET"]}}],"collection":[{"href":"https:\/\/semmelweis.hu\/noiklinika\/wp-json\/wp\/v2\/pages"}],"about":[{"href":"https:\/\/semmelweis.hu\/noiklinika\/wp-json\/wp\/v2\/types\/page"}],"author":[{"embeddable":true,"href":"https:\/\/semmelweis.hu\/noiklinika\/wp-json\/wp\/v2\/users\/102064"}],"replies":[{"embeddable":true,"href":"https:\/\/semmelweis.hu\/noiklinika\/wp-json\/wp\/v2\/comments?post=581"}],"version-history":[{"count":10,"href":"https:\/\/semmelweis.hu\/noiklinika\/wp-json\/wp\/v2\/pages\/581\/revisions"}],"predecessor-version":[{"id":744,"href":"https:\/\/semmelweis.hu\/noiklinika\/wp-json\/wp\/v2\/pages\/581\/revisions\/744"}],"up":[{"embeddable":true,"href":"https:\/\/semmelweis.hu\/noiklinika\/wp-json\/wp\/v2\/pages\/498"}],"wp:attachment":[{"href":"https:\/\/semmelweis.hu\/noiklinika\/wp-json\/wp\/v2\/media?parent=581"}],"wp:term":[{"taxonomy":"category","embeddable":true,"href":"https:\/\/semmelweis.hu\/noiklinika\/wp-json\/wp\/v2\/categories?post=581"},{"taxonomy":"post_tag","embeddable":true,"href":"https:\/\/semmelweis.hu\/noiklinika\/wp-json\/wp\/v2\/tags?post=581"}],"curies":[{"name":"wp","href":"https:\/\/api.w.org\/{rel}","templated":true}]}}