{"id":567,"date":"2022-05-27T11:42:46","date_gmt":"2022-05-27T09:42:46","guid":{"rendered":"https:\/\/semmelweis.hu\/noiklinika\/?page_id=567"},"modified":"2026-04-14T15:53:13","modified_gmt":"2026-04-14T13:53:13","slug":"szuleszet","status":"publish","type":"page","link":"https:\/\/semmelweis.hu\/noiklinika\/ulloi\/fekvobeteg-ellatas\/szuleszet\/","title":{"rendered":"Sz\u00fcl\u0151szoba &#8211; \u00dcll\u0151i \u00fat"},"content":{"rendered":"<p>Sz\u00fcl\u00e9szeti oszt\u00e1lyunkon egy hat\u00e1gyas k\u00f3rteremben zajlik a vaj\u00fad\u00e1s egy r\u00e9sze, majd a sz\u00fcl\u00e9sek 6 k\u00fcl\u00f6nb\u00f6z\u0151 sz\u00fcl\u0151szob\u00e1n t\u00f6rt\u00e9nnek. A cs\u00e1sz\u00e1rmetsz\u00e9sek egy erre a c\u00e9lra elk\u00fcl\u00f6n\u00edtett m\u0171t\u0151ben t\u00f6rt\u00e9nnek.<\/p>\n<h4><strong>Sz\u00fcl\u00e9sfelk\u00e9sz\u00edt\u00e9s<\/strong><\/h4>\n<p>Lehet\u0151s\u00e9g van sz\u00fcl\u00e9sfelk\u00e9sz\u00edt\u0151 tanfolyamon, kismama torn\u00e1n, baba massz\u00e1zs tanfolyamon \u00e9s sz\u00fcl\u0151szoba l\u00e1togat\u00e1son r\u00e9szt venni. Jelentkezni az <a href=\"mailto:se2vedono@gmail.com\"><strong>se2vedono@gmail.com<\/strong><\/a> email c\u00edmen tudnak.<\/p>\n<p>A sz\u00fcl\u00e9sfelk\u00e9sz\u00edt\u00e9s \u00e9s kismama torna keddenk\u00e9nt, sz\u00fcl\u0151szoba l\u00e1togat\u00e1s kedden, szerd\u00e1n \u00e9s cs\u00fct\u00f6rt\u00f6k\u00f6n t\u00f6rt\u00e9nik.<\/p>\n<h4><strong>Mit hozzunk a k\u00f3rh\u00e1zba?<\/strong><\/h4>\n<p><strong>Mama csomag:<\/strong><\/p>\n<ul>\n<li>szem\u00e9lyi igazolv\u00e1ny,<\/li>\n<li>lakc\u00edmk\u00e1rtya mindk\u00e9t sz\u00fcl\u0151\u00e9 <strong>f\u00e9nym\u00e1solva<u>,<\/u><\/strong><\/li>\n<li>v\u00e1rand\u00f3s k\u00f6nyv,<\/li>\n<li>TAJ k\u00e1rtya,<\/li>\n<li>h\u00e1zass\u00e1gi anyak\u00f6nyvi kivonat <strong>f\u00e9nym\u00e1solva<\/strong> vagy<strong> eredeti<\/strong> apas\u00e1gi nyilatkozat<\/li>\n<li>h\u00e1l\u00f3ing, pizsama, k\u00f6nt\u00f6s, papucs, feh\u00e9rnem\u0171<\/li>\n<li>t\u00f6r\u00f6lk\u00f6z\u0151, tiszt\u00e1lkod\u00e1si szerek, WC pap\u00edr\/ vaj\u00fad\u00e1s alatt is van m\u00f3d a zuhanyoz\u00e1sra\/<\/li>\n<li>\u00e9jszakai bet\u00e9t vagy Tena bet\u00e9t<\/li>\n<li>citrom, sz\u0151l\u0151cukor<\/li>\n<li>kicsi, puha takar\u00f3 az \u00fajsz\u00fcl\u00f6tt sz\u00e1m\u00e1ra<\/li>\n<li>Ap\u00e1nak: dobozos \u00fcd\u00edt\u0151, keksz, ropi vagy amit k\u00f6nnyen el lehet fogyasztani.<\/li>\n<li>ev\u0151eszk\u00f6z\u00f6k, poh\u00e1r<\/li>\n<li>sz\u00e9nsavmentes folyad\u00e9k<\/li>\n<\/ul>\n<p><strong>Baba csomag:<\/strong><\/p>\n<ul>\n<li>pelenka \/ kb. 5 db textilpelenka \u00e9s pap\u00edrpelenka napi 6-7 db a k\u00f3rh\u00e1zi tart\u00f3zkod\u00e1s idej\u00e9re\/<\/li>\n<li>popsi kr\u00e9m, popsi t\u00f6rl\u0151<\/li>\n<li>pelenk\u00e1z\u00f3 al\u00e1t\u00e9t 3 db<\/li>\n<li>babaruh\u00e1t tudunk biztos\u00edtani<\/li>\n<li>steriliz\u00e1l\u00f3 zacsk\u00f3 sz\u00fcks\u00e9g eset\u00e9re<\/li>\n<\/ul>\n<p><strong>Csak hazamenetelkor kell behozni!<\/strong><\/p>\n<ul>\n<li>kising, r\u00e9kli, body<\/li>\n<li>rugdal\u00f3z\u00f3 \/56-60\/<\/li>\n<li>id\u0151j\u00e1r\u00e1snak megfelel\u0151en vastagabb kab\u00e1t, p\u00f3lya, pl\u00e9d, bundazs\u00e1k<\/li>\n<li>egy v\u00e9kony \/ny\u00e1ron\/ vagy egy vastagabb pamut, k\u00f6t\u00f6tt sapka<\/li>\n<\/ul>\n<p>A j\u00e1rv\u00e1ny miatt maszk \u00e9s k\u00e9zfert\u0151tlen\u00edt\u0151.<\/p>\n<p>K\u00e9rj\u00fck, a klinik\u00e1ra ne hozzon nagyobb \u00e9rt\u00e9ket.<\/p>\n<p><a href=\"https:\/\/semmelweis.hu\/noiklinika\/files\/2022\/05\/Mit-hozzunk-a-korhazba.doc\">Mit hozzunk a k\u00f3rh\u00e1zba (\u00f6sszegy\u0171jtve let\u00f6lthet\u0151 doc form\u00e1tumban)<\/a><\/p>\n<p>\u00d6r\u00f6mmel \u00e9rtes\u00edtj\u00fck a sz\u00fcl\u0151szob\u00e1ra \u00e9rkez\u0151 kedves v\u00e1rand\u00f3sokat, hogy nemcsak sz\u00fcl\u0151\u00e1gyon, hanem sz\u00fcl\u0151sz\u00e9kben t\u00f6rt\u00e9n\u0151 sz\u00fcl\u00e9s lehet\u0151s\u00e9g\u00e9t is v\u00e1laszthatj\u00e1k.<\/p>\n<p>A sz\u00fcl\u0151sz\u00e9k beszerz\u00e9s\u00e9t a Richter Gedeon a Magyar Eg\u00e9szs\u00e9g\u00fcgy\u00e9rt Alap\u00edtv\u00e1ny t\u00e1mogat\u00e1tta.<\/p>\n<p><img loading=\"lazy\" decoding=\"async\" class=\"alignnone size-medium wp-image-1389\" src=\"https:\/\/semmelweis.hu\/noiklinika\/files\/2026\/04\/Szuloszek20260402-400x301.jpg\" alt=\"\" width=\"400\" height=\"301\" srcset=\"https:\/\/semmelweis.hu\/noiklinika\/files\/2026\/04\/Szuloszek20260402-400x301.jpg 400w, https:\/\/semmelweis.hu\/noiklinika\/files\/2026\/04\/Szuloszek20260402-1024x771.jpg 1024w, https:\/\/semmelweis.hu\/noiklinika\/files\/2026\/04\/Szuloszek20260402-768x578.jpg 768w, https:\/\/semmelweis.hu\/noiklinika\/files\/2026\/04\/Szuloszek20260402-1536x1157.jpg 1536w, https:\/\/semmelweis.hu\/noiklinika\/files\/2026\/04\/Szuloszek20260402-2048x1542.jpg 2048w, https:\/\/semmelweis.hu\/noiklinika\/files\/2026\/04\/Szuloszek20260402-753x567.jpg 753w\" sizes=\"auto, (max-width: 400px) 100vw, 400px\" \/><\/p>\n","protected":false},"excerpt":{"rendered":"<p>Sz\u00fcl\u00e9szeti oszt\u00e1lyunkon egy hat\u00e1gyas k\u00f3rteremben zajlik a vaj\u00fad\u00e1s egy r\u00e9sze, majd a sz\u00fcl\u00e9sek 6 k\u00fcl\u00f6nb\u00f6z\u0151 sz\u00fcl\u0151szob\u00e1n t\u00f6rt\u00e9nnek. A cs\u00e1sz\u00e1rmetsz\u00e9sek egy erre a c\u00e9lra elk\u00fcl\u00f6n\u00edtett m\u0171t\u0151ben t\u00f6rt\u00e9nnek. Sz\u00fcl\u00e9sfelk\u00e9sz\u00edt\u00e9s Lehet\u0151s\u00e9g van sz\u00fcl\u00e9sfelk\u00e9sz\u00edt\u0151 tanfolyamon, kismama torn\u00e1n, baba massz\u00e1zs tanfolyamon \u00e9s sz\u00fcl\u0151szoba l\u00e1togat\u00e1son r\u00e9szt venni. Jelentkezni az <a href=\"mailto:se2vedono@gmail.com\">se2vedono@gmail.com<\/a> email c\u00edmen tudnak. A sz\u00fcl\u00e9sfelk\u00e9sz\u00edt\u00e9s \u00e9s kismama torna keddenk\u00e9nt, sz\u00fcl\u0151szoba l\u00e1togat\u00e1s kedden, &hellip;<\/p>\n","protected":false},"author":102064,"featured_media":0,"parent":517,"menu_order":0,"comment_status":"closed","ping_status":"closed","template":"","meta":{"_acf_changed":false,"footnotes":""},"categories":[24],"tags":[22],"class_list":["post-567","page","type-page","status-publish","hentry","category-szakrendelesek-es-osztalyok","tag-betegellatas"],"acf":[],"_links":{"self":[{"href":"https:\/\/semmelweis.hu\/noiklinika\/wp-json\/wp\/v2\/pages\/567","targetHints":{"allow":["GET"]}}],"collection":[{"href":"https:\/\/semmelweis.hu\/noiklinika\/wp-json\/wp\/v2\/pages"}],"about":[{"href":"https:\/\/semmelweis.hu\/noiklinika\/wp-json\/wp\/v2\/types\/page"}],"author":[{"embeddable":true,"href":"https:\/\/semmelweis.hu\/noiklinika\/wp-json\/wp\/v2\/users\/102064"}],"replies":[{"embeddable":true,"href":"https:\/\/semmelweis.hu\/noiklinika\/wp-json\/wp\/v2\/comments?post=567"}],"version-history":[{"count":10,"href":"https:\/\/semmelweis.hu\/noiklinika\/wp-json\/wp\/v2\/pages\/567\/revisions"}],"predecessor-version":[{"id":1391,"href":"https:\/\/semmelweis.hu\/noiklinika\/wp-json\/wp\/v2\/pages\/567\/revisions\/1391"}],"up":[{"embeddable":true,"href":"https:\/\/semmelweis.hu\/noiklinika\/wp-json\/wp\/v2\/pages\/517"}],"wp:attachment":[{"href":"https:\/\/semmelweis.hu\/noiklinika\/wp-json\/wp\/v2\/media?parent=567"}],"wp:term":[{"taxonomy":"category","embeddable":true,"href":"https:\/\/semmelweis.hu\/noiklinika\/wp-json\/wp\/v2\/categories?post=567"},{"taxonomy":"post_tag","embeddable":true,"href":"https:\/\/semmelweis.hu\/noiklinika\/wp-json\/wp\/v2\/tags?post=567"}],"curies":[{"name":"wp","href":"https:\/\/api.w.org\/{rel}","templated":true}]}}