{"id":553,"date":"2022-05-22T15:09:26","date_gmt":"2022-05-22T13:09:26","guid":{"rendered":"https:\/\/semmelweis.hu\/noiklinika\/?page_id=553"},"modified":"2023-01-26T11:41:03","modified_gmt":"2023-01-26T10:41:03","slug":"betegjogi-kepviselo","status":"publish","type":"page","link":"https:\/\/semmelweis.hu\/noiklinika\/ulloi\/betegjogi-kepviselo\/","title":{"rendered":"Betegjogi k\u00e9pvisel\u0151 &#8211; \u00dcll\u0151i \u00fat"},"content":{"rendered":"<h1>BETEGJOGI K\u00c9PVISEL\u0150 Az \u00dcll\u0151i \u00fati R\u00c9SZLEGEN<\/h1>\n<p><a href=\"http:\/\/ijsz.hu\/\" target=\"_blank\" rel=\"noopener noreferrer\"><img loading=\"lazy\" decoding=\"async\" class=\"alignright size-full wp-image-11306\" src=\"https:\/\/semmelweis.hu\/noi1\/files\/2019\/06\/ijsz-logo.jpg\" alt=\"\" width=\"256\" height=\"102\" \/><\/a>Az Integr\u00e1lt Jogv\u00e9delmi Szolg\u00e1lat \u00e1ltal foglalkoztatott betegjogi k\u00e9pvisel\u0151 az eg\u00e9szs\u00e9g\u00fcgyi int\u00e9zm\u00e9nyekt\u0151l f\u00fcggetlen szem\u00e9lyk\u00e9nt a hat\u00e1lyos eg\u00e9szs\u00e9g\u00fcgyi t\u00f6rv\u00e9nyben (1997. \u00e9vi CLIV. t\u00f6rv\u00e9ny) \u00e9s a 381\/2016. (XII.2.) Korm\u00e1nyrendeletben foglaltak alapj\u00e1n j\u00e1rhat el.<\/p>\n<p><strong>A betegjogi k\u00e9pvisel\u0151 tev\u00e9kenys\u00e9ge k\u00fcl\u00f6n\u00f6sen az al\u00e1bbiakat foglalja mag\u00e1ban:<\/strong><\/p>\n<ul>\n<li><strong>seg\u00edti a beteget<\/strong>\u00a0az eg\u00e9szs\u00e9g\u00fcgyi dokument\u00e1ci\u00f3hoz val\u00f3 hozz\u00e1jut\u00e1sban, azzal kapcsolatos megjegyz\u00e9sek, k\u00e9rd\u00e9sek felt\u00e9tel\u00e9ben,<\/li>\n<li><strong>seg\u00edt a betegnek<\/strong>\u00a0panasza megfogalmaz\u00e1s\u00e1ban, kezdem\u00e9nyezheti annak kivizsg\u00e1l\u00e1s\u00e1t,<\/li>\n<li><strong>a beteg \u00edr\u00e1sbeli meghatalmaz\u00e1sa alapj\u00e1n<\/strong>\u00a0panaszt tehet az eg\u00e9szs\u00e9g\u00fcgyi szolg\u00e1ltat\u00f3 vezet\u0151j\u00e9n\u00e9l, fenntart\u00f3j\u00e1n\u00e1l, illetve \u2013\u00a0<strong>a beteg gy\u00f3gykezel\u00e9s\u00e9vel \u00f6sszef\u00fcgg\u0151 \u00fcgyekben elj\u00e1r<\/strong>\u00a0az arra hat\u00e1sk\u00f6rrel \u00e9s illet\u00e9kess\u00e9ggel rendelkez\u0151\u00a0<strong>hat\u00f3s\u00e1gn\u00e1l<\/strong>, \u00e9s\u00a0<strong>ennek sor\u00e1n k\u00e9pviseli\u00a0<\/strong>a beteget.<\/li>\n<\/ul>\n<h4><strong>Klinik\u00e1nk \u00dcll\u0151i r\u00e9szleg\u00e9n dolgoz\u00f3 betegjogi k\u00e9pvisel\u0151:<\/strong><\/h4>\n<div class=\"keretes w-100\">\n<p><strong>Dr. Lengyel Ingrid<\/strong><br \/>\nbetegjogi k\u00e9pvisel\u0151<br \/>\nTelefon: +36 20 489 9609<br \/>\nE-mail c\u00edm: ingrid.lengyel@ijsz.bm.gov.hu<\/p>\n<p><strong>A Semmelweis Egyetem Sz\u00fcl\u00e9szeti \u00e9s N\u0151gy\u00f3gy\u00e1szati Klinika \u00dcll\u0151i \u00fati r\u00e9szleg\u00e9n dolgoz\u00f3 betegjogi k\u00e9pvisel\u0151 el\u0151zetes telefonos egyeztet\u00e9s ut\u00e1n fogadja a betegeket.<\/strong><\/p>\n<p><strong><a href=\"http:\/\/ijsz.hu\/\" target=\"_blank\" rel=\"noopener noreferrer\">Integr\u00e1lt Jogv\u00e9delmi Szolg\u00e1lat<\/a>:<\/strong><br \/>\nC\u00edm: H-1134 Budapest, T\u00fcz\u00e9r u. 33. II. em.<br \/>\nPostac\u00edm: 1365 Bp., Pf.: 646.<br \/>\nTelefon: +36-1\/8969-000<br \/>\nZ\u00f6ld sz\u00e1m: 06-80-620-055<br \/>\n(k\u00fclf\u00f6ldr\u0151l): +36-20-489-96-14<\/p>\n<\/div>\n","protected":false},"excerpt":{"rendered":"<p>BETEGJOGI K\u00c9PVISEL\u0150 Az \u00dcll\u0151i \u00fati R\u00c9SZLEGEN <a href=\"http:\/\/ijsz.hu\/\" target=\"_blank\" rel=\"noopener noreferrer\"><\/a> Az Integr\u00e1lt Jogv\u00e9delmi Szolg\u00e1lat \u00e1ltal foglalkoztatott betegjogi k\u00e9pvisel\u0151 az eg\u00e9szs\u00e9g\u00fcgyi int\u00e9zm\u00e9nyekt\u0151l f\u00fcggetlen szem\u00e9lyk\u00e9nt a hat\u00e1lyos eg\u00e9szs\u00e9g\u00fcgyi t\u00f6rv\u00e9nyben (1997. \u00e9vi CLIV. t\u00f6rv\u00e9ny) \u00e9s a 381\/2016. (XII.2.) Korm\u00e1nyrendeletben foglaltak alapj\u00e1n j\u00e1rhat el. A betegjogi k\u00e9pvisel\u0151 tev\u00e9kenys\u00e9ge k\u00fcl\u00f6n\u00f6sen az al\u00e1bbiakat foglalja mag\u00e1ban: seg\u00edti a beteget\u00a0az eg\u00e9szs\u00e9g\u00fcgyi dokument\u00e1ci\u00f3hoz val\u00f3 hozz\u00e1jut\u00e1sban, azzal kapcsolatos megjegyz\u00e9sek, &hellip;<\/p>\n","protected":false},"author":102064,"featured_media":0,"parent":84,"menu_order":8,"comment_status":"closed","ping_status":"closed","template":"","meta":{"_acf_changed":false,"footnotes":""},"categories":[],"tags":[],"class_list":["post-553","page","type-page","status-publish","hentry"],"acf":[],"_links":{"self":[{"href":"https:\/\/semmelweis.hu\/noiklinika\/wp-json\/wp\/v2\/pages\/553","targetHints":{"allow":["GET"]}}],"collection":[{"href":"https:\/\/semmelweis.hu\/noiklinika\/wp-json\/wp\/v2\/pages"}],"about":[{"href":"https:\/\/semmelweis.hu\/noiklinika\/wp-json\/wp\/v2\/types\/page"}],"author":[{"embeddable":true,"href":"https:\/\/semmelweis.hu\/noiklinika\/wp-json\/wp\/v2\/users\/102064"}],"replies":[{"embeddable":true,"href":"https:\/\/semmelweis.hu\/noiklinika\/wp-json\/wp\/v2\/comments?post=553"}],"version-history":[{"count":9,"href":"https:\/\/semmelweis.hu\/noiklinika\/wp-json\/wp\/v2\/pages\/553\/revisions"}],"predecessor-version":[{"id":911,"href":"https:\/\/semmelweis.hu\/noiklinika\/wp-json\/wp\/v2\/pages\/553\/revisions\/911"}],"up":[{"embeddable":true,"href":"https:\/\/semmelweis.hu\/noiklinika\/wp-json\/wp\/v2\/pages\/84"}],"wp:attachment":[{"href":"https:\/\/semmelweis.hu\/noiklinika\/wp-json\/wp\/v2\/media?parent=553"}],"wp:term":[{"taxonomy":"category","embeddable":true,"href":"https:\/\/semmelweis.hu\/noiklinika\/wp-json\/wp\/v2\/categories?post=553"},{"taxonomy":"post_tag","embeddable":true,"href":"https:\/\/semmelweis.hu\/noiklinika\/wp-json\/wp\/v2\/tags?post=553"}],"curies":[{"name":"wp","href":"https:\/\/api.w.org\/{rel}","templated":true}]}}