{"id":527,"date":"2022-05-22T12:30:55","date_gmt":"2022-05-22T10:30:55","guid":{"rendered":"https:\/\/semmelweis.hu\/noiklinika\/?page_id=527"},"modified":"2023-01-12T11:13:46","modified_gmt":"2023-01-12T10:13:46","slug":"terhespatologia","status":"publish","type":"page","link":"https:\/\/semmelweis.hu\/noiklinika\/ulloi\/fekvobeteg-ellatas\/terhespatologia\/","title":{"rendered":"Terhespatol\u00f3gia &#8211; \u00dcll\u0151i \u00fat"},"content":{"rendered":"<p>A terhespatol\u00f3giai oszt\u00e1lyon elhelyezett p\u00e1ciensek r\u00e9szben kezel\u00e9sre szorul\u00f3 v\u00e1rand\u00f3sokb\u00f3l, r\u00e9szben pedig egynapos seb\u00e9szeti beavatkoz\u00e1sokra \u00e9rkez\u0151 betegekb\u0151l \u00e1ll.\u00a0Terhespatol\u00f3gia oszt\u00e1lyunk \u00f6sszesen 39 fekv\u0151beteg \u00e1ggyal rendelkezik, h\u00e1rom \u00e1gyas, \u00e9s hat \u00e1gyas k\u00f3rtermekben elosztva.<\/p>\n<div class=\"keretes w-100\">\n<h4><strong>L\u00e1togat\u00e1si id\u0151<\/strong><\/h4>\n<p>Az oszt\u00e1lyon \u00e9rv\u00e9nyben l\u00e9v\u0151 l\u00e1togat\u00e1si id\u0151 <strong>16:00 \u00e9s 17:00 \u00f3ra k\u00f6z\u00f6tt<\/strong> zajlik, mely sor\u00e1n egy hozz\u00e1tartoz\u00f3 jelenhet meg az oszt\u00e1ly t\u00e1rsalg\u00f3j\u00e1ban.<\/p>\n<\/div>\n<h4><strong>Mit \u00e9rdemes behozni?<\/strong><\/h4>\n<ul>\n<li>Als\u00f3nem\u0171, bet\u00e9t<\/li>\n<li>H\u00e1l\u00f3ing<\/li>\n<li>Papucs<\/li>\n<li>Tusf\u00fcrd\u0151<\/li>\n<li>T\u00f6r\u00f6lk\u00f6z\u0151<\/li>\n<li>V\u00edz<\/li>\n<li>Telefon, t\u00f6lt\u0151<\/li>\n<li>Saj\u00e1t gy\u00f3gyszerek<\/li>\n<li>Ev\u0151eszk\u00f6z, poh\u00e1r<\/li>\n<\/ul>\n<p>&nbsp;<\/p>\n","protected":false},"excerpt":{"rendered":"<p>A terhespatol\u00f3giai oszt\u00e1lyon elhelyezett p\u00e1ciensek r\u00e9szben kezel\u00e9sre szorul\u00f3 v\u00e1rand\u00f3sokb\u00f3l, r\u00e9szben pedig egynapos seb\u00e9szeti beavatkoz\u00e1sokra \u00e9rkez\u0151 betegekb\u0151l \u00e1ll.\u00a0Terhespatol\u00f3gia oszt\u00e1lyunk \u00f6sszesen 39 fekv\u0151beteg \u00e1ggyal rendelkezik, h\u00e1rom \u00e1gyas, \u00e9s hat \u00e1gyas k\u00f3rtermekben elosztva. L\u00e1togat\u00e1si id\u0151 Az oszt\u00e1lyon \u00e9rv\u00e9nyben l\u00e9v\u0151 l\u00e1togat\u00e1si id\u0151 16:00 \u00e9s 17:00 \u00f3ra k\u00f6z\u00f6tt zajlik, mely sor\u00e1n egy hozz\u00e1tartoz\u00f3 jelenhet meg az oszt\u00e1ly t\u00e1rsalg\u00f3j\u00e1ban. Mit \u00e9rdemes &hellip;<\/p>\n","protected":false},"author":102064,"featured_media":0,"parent":517,"menu_order":3,"comment_status":"closed","ping_status":"closed","template":"","meta":{"_acf_changed":false,"footnotes":""},"categories":[24],"tags":[22],"class_list":["post-527","page","type-page","status-publish","hentry","category-szakrendelesek-es-osztalyok","tag-betegellatas"],"acf":[],"_links":{"self":[{"href":"https:\/\/semmelweis.hu\/noiklinika\/wp-json\/wp\/v2\/pages\/527","targetHints":{"allow":["GET"]}}],"collection":[{"href":"https:\/\/semmelweis.hu\/noiklinika\/wp-json\/wp\/v2\/pages"}],"about":[{"href":"https:\/\/semmelweis.hu\/noiklinika\/wp-json\/wp\/v2\/types\/page"}],"author":[{"embeddable":true,"href":"https:\/\/semmelweis.hu\/noiklinika\/wp-json\/wp\/v2\/users\/102064"}],"replies":[{"embeddable":true,"href":"https:\/\/semmelweis.hu\/noiklinika\/wp-json\/wp\/v2\/comments?post=527"}],"version-history":[{"count":8,"href":"https:\/\/semmelweis.hu\/noiklinika\/wp-json\/wp\/v2\/pages\/527\/revisions"}],"predecessor-version":[{"id":749,"href":"https:\/\/semmelweis.hu\/noiklinika\/wp-json\/wp\/v2\/pages\/527\/revisions\/749"}],"up":[{"embeddable":true,"href":"https:\/\/semmelweis.hu\/noiklinika\/wp-json\/wp\/v2\/pages\/517"}],"wp:attachment":[{"href":"https:\/\/semmelweis.hu\/noiklinika\/wp-json\/wp\/v2\/media?parent=527"}],"wp:term":[{"taxonomy":"category","embeddable":true,"href":"https:\/\/semmelweis.hu\/noiklinika\/wp-json\/wp\/v2\/categories?post=527"},{"taxonomy":"post_tag","embeddable":true,"href":"https:\/\/semmelweis.hu\/noiklinika\/wp-json\/wp\/v2\/tags?post=527"}],"curies":[{"name":"wp","href":"https:\/\/api.w.org\/{rel}","templated":true}]}}