{"id":524,"date":"2022-05-22T12:26:06","date_gmt":"2022-05-22T10:26:06","guid":{"rendered":"https:\/\/semmelweis.hu\/noiklinika\/?page_id=524"},"modified":"2025-03-04T11:31:21","modified_gmt":"2025-03-04T10:31:21","slug":"gyermekagyas-ujszulott-osztaly","status":"publish","type":"page","link":"https:\/\/semmelweis.hu\/noiklinika\/ulloi\/fekvobeteg-ellatas\/gyermekagyas-ujszulott-osztaly\/","title":{"rendered":"Gyermek\u00e1gyas \u00e9s \u00dajsz\u00fcl\u00f6tt Oszt\u00e1ly &#8211; \u00dcll\u0151i \u00fat"},"content":{"rendered":"<p><strong>Kedves \u00c9desanya, \u00c9desapa!<\/strong><\/p>\n<p>A sz\u00fcl\u00e9st k\u00f6vet\u0151en a gyermek\u00e1gyas oszt\u00e1lyon ker\u00fclnek <strong>egy\u00fcttes elhelyez\u00e9sre a frissen sz\u00fclt \u00e9desany\u00e1k \u00e9s \u00fajsz\u00fcl\u00f6ttjeik<\/strong>. Az al\u00e1bbiakban \u00f6sszefoglaljuk azokat a <strong>legfontosabb inform\u00e1ci\u00f3kat<\/strong>, amelyek seg\u00edthetnek \u00d6nnek, hogy el\u0151re l\u00e1ssa a gyermek\u00e9vel kapcsolatos v\u00e1rhat\u00f3 t\u00f6rt\u00e9n\u00e9seket \u00e9s feladatokat a kicsi \u00e9let\u00e9nek els\u0151 napjaiban.<\/p>\n<p>A gyermeke <strong>\u00d6nn\u00e9l van a legnagyobb biztons\u00e1gban<\/strong>! A lehet\u0151 legr\u00f6videbb id\u0151re hagyja mag\u00e1ra, ha m\u00e9gis elengedhetetlen, <strong>k\u00e9rje seg\u00edts\u00e9g\u00fcnket!<\/strong> \u00a0<\/p>\n<p>A gyermek \u00e9s az \u00d6n \u00e1llapot\u00e1t\u00f3l f\u00fcgg\u0151en tervezetten <strong>legkevesebb 72 \u00f3r\u00e1t fognak elt\u00f6lteni Klinik\u00e1nkon<\/strong> a gyermek megsz\u00fclet\u00e9s\u00e9t k\u00f6vet\u0151en. Igyeksz\u00fcnk minden \u00fajsz\u00fcl\u00f6ttet \u00e1llapot\u00e1t\u00f3l (\u00e9s term\u00e9szetesen az \u00e9desanya \u00e1llapot\u00e1t\u00f3l) f\u00fcgg\u0151en min\u00e9l hamarabb hazabocs\u00e1tani, hogy mihamarabb a <strong>megszokott, k\u00e9nyelmes csal\u00e1di k\u00f6rnyezetben legyenek<\/strong>.\u00a0 \u00a0<\/p>\n<h5>Az oldalon az al\u00e1bbi t\u00e9m\u00e1ban tal\u00e1lhatnak inform\u00e1ci\u00f3kat:<\/h5>\n<ul style=\"list-style-type: square\">\n<li><a href=\"#szoba\">Szob\u00e1k az oszt\u00e1lyunkon<\/a><\/li>\n<li><a href=\"#mithozz\">Mit hozzanak magukkal a baba sz\u00e1m\u00e1ra?<\/a><\/li>\n<li><a href=\"#napirend\">Az \u00fajsz\u00fcl\u00f6tt oszt\u00e1ly napirendje<\/a><\/li>\n<li><a href=\"#latogatas\">L\u00e1togat\u00e1si rend a gyermek\u00e1gyas oszt\u00e1lyon<\/a><\/li>\n<li><a href=\"#infok\">\u00c1ltal\u00e1nos inform\u00e1ci\u00f3k<\/a><\/li>\n<li><a href=\"#szoptat\">Szoptat\u00e1s<\/a><\/li>\n<li><a href=\"#koldok\">K\u00f6ld\u00f6kkezel\u00e9s<\/a><\/li>\n<li><a href=\"#szures\">Sz\u0171r\u0151vizsg\u00e1latok<\/a><\/li>\n<li><a href=\"#oltas\">V\u00e9d\u0151olt\u00e1s \u00e9s vitaminok<\/a><\/li>\n<li><a href=\"#anyakonyv\">Anyak\u00f6nyvez\u00e9s<\/a><\/li>\n<li><a href=\"#haza\">Hazamenetel<\/a><a id=\"szoba\"><\/a><\/li>\n<\/ul>\n<h4><strong>SZOB\u00c1INK<\/strong><\/h4>\n<p>A sz\u00fcl\u00e9st k\u00f6vet\u0151en a gyermek\u00e1gyas oszt\u00e1lyon ker\u00fclnek elhelyez\u00e9sre\u00a0a frissen sz\u00fclt \u00e9desany\u00e1k \u00e9s \u00fajsz\u00fcl\u00f6ttjeik.<\/p>\n<p>Klinik\u00e1nk <strong>k\u00e9t gyermek\u00e1gyas oszt\u00e1llyal<\/strong> rendelkezik.<\/p>\n<ul style=\"list-style-type: square\">\n<li>Az I. sz\u00e1m\u00fa gyermek\u00e1gyas oszt\u00e1ly \u00f6sszesen <strong>18 \u00e1ggyal<\/strong> rendelkezik, melyek <strong>h\u00e1rom \u00e1gyas k\u00f3rtermekben<\/strong> oszlanak sz\u00e9t.<\/li>\n<li>A II. sz. gyermek\u00e1gyas oszt\u00e1ly jelenleg <strong>15 fekv\u0151beteg\u00e1ggyal<\/strong> m\u0171k\u00f6dik, amelyen <strong>egy, \u00e9s k\u00e9t\u00e1gyas k\u00f3rtermek<\/strong> \u00e1llnak a frissen sz\u00fclt \u00e9desany\u00e1k rendelkez\u00e9s\u00e9re.<a id=\"mithozz\"><\/a><\/li>\n<\/ul>\n<p><strong>Minden k\u00f3rterem saj\u00e1t f\u00fcrd\u0151vel rendelkezik<\/strong>. A p\u00e1ciensek az \u00fajsz\u00fcl\u00f6tt vil\u00e1graj\u00f6tt\u00e9t k\u00f6vet\u0151 48 \u00f3ra ut\u00e1n bocs\u00e1that\u00f3k haza.<\/p>\n<h4><strong>Mit hozzANAk a k\u00f3rh\u00e1zba?<\/strong><\/h4>\n<p>A Sz\u00fcl\u0151szob\u00e1nk bemutat\u00e1s\u00e1n\u00e1l olvashat\u00f3, hogy <a href=\"https:\/\/semmelweis.hu\/noiklinika\/ulloi\/fekvobeteg\/szuleszet\/\">mit \u00e9rdemes csomagolni a benntart\u00f3zkod\u00e1s idej\u00e9re \u2192<\/a><\/p>\n<h4><strong>\u00daJSZ\u00dcL\u00d6TT OSZT\u00c1LY NAPIRENDJE<\/strong><\/h4>\n<div class=\"keretes w-100\">\n<p>A gyermek\u00e1gyas oszt\u00e1lyhoz kapcsoltan m\u0171k\u00f6dik az <strong>\u00fajsz\u00fcl\u00f6tt oszt\u00e1ly<\/strong>, ahol a bab\u00e1k vizsg\u00e1latai, sz\u00fcks\u00e9g szerinti r\u00f6vidt\u00e1v\u00fa megfigyel\u00e9se \u00e9s sz\u00fcks\u00e9g szerinti \u00e1tmeneti fel\u00fcgyelete t\u00f6rt\u00e9nik.<a id=\"napirend\"><\/a><\/p>\n<\/div>\n<table class=\"bottom-border\" style=\"border-collapse: collapse;width: 100%;height: 282px\">\n<tbody>\n<tr style=\"height: 29px\">\n<td style=\"width: 147.042px;height: 29px\"><strong>7.00-8.00<\/strong>\u00a0<\/td>\n<td style=\"width: 588.292px;height: 29px\">Oszt\u00e1ly \u00e1tad\u00e1sa a nappali m\u0171szaknak (a n\u0151v\u00e9r kolleg\u00e1k ekkor elfoglaltak)<\/td>\n<\/tr>\n<tr style=\"height: 110px\">\n<td style=\"vertical-align: top;width: 147.042px;height: 110px\"><strong>8.00-10.00<\/strong>\u00a0<\/td>\n<td style=\"width: 588.292px;height: 110px\">V\u00e9rv\u00e9telek, laborvizsg\u00e1latok, hazamen\u0151 vizit. K\u00e9rj\u00fck az any\u00e1kat, hogy ebben az id\u0151szakban tart\u00f3zkodjanak a szob\u00e1ikban, hogy az orvosi vizsg\u00e1lat \u00e9s a tan\u00e1csad\u00e1s megt\u00f6rt\u00e9nhessen. A gyermekorvosi vizit ut\u00e1n a bab\u00e1kat k\u00e9rj\u00fck az \u00fajsz\u00fcl\u00f6tt oszt\u00e1lyra hozni (a g\u00f6rd\u00fcl\u0151 baba\u00e1gyakban)<\/td>\n<\/tr>\n<tr style=\"height: 56px\">\n<td style=\"vertical-align: top;width: 147.042px;height: 56px\"><strong>11.00-t\u00f3l<\/strong>\u00a0<\/td>\n<td style=\"width: 588.292px;height: 56px\">\u00c1pol\u00e1si vizit \u2013 anyuk\u00e1k tan\u00edt\u00e1sa, felvil\u00e1gos\u00edt\u00e1sa az \u00fajsz\u00fcl\u00f6ttek gondoz\u00e1s\u00e1val kapcsolatban (pelenk\u00e1z\u00e1s, szoptat\u00e1s, szoptat\u00e1si tan\u00e1csad\u00e1s)<\/td>\n<\/tr>\n<tr style=\"height: 29px\">\n<td style=\"width: 147.042px;height: 29px\"><strong>15.00-18.00<\/strong><\/td>\n<td style=\"width: 588.292px;height: 29px\">L\u00e1togat\u00e1si id\u0151<\/td>\n<\/tr>\n<tr style=\"height: 29px\">\n<td style=\"width: 147.042px;height: 29px\"><strong>19.00-20.00<\/strong><\/td>\n<td style=\"width: 588.292px;height: 29px\">Oszt\u00e1ly\u00e1tad\u00e1s az \u00e9jszakai m\u0171szaknak (a n\u0151v\u00e9r kolleg\u00e1k ekkor elfoglaltak)<\/td>\n<\/tr>\n<tr style=\"height: 29px\">\n<td style=\"width: 147.042px;height: 29px\"><strong>20.00-t\u00f3l<\/strong>\u00a0<\/td>\n<td style=\"width: 588.292px;height: 29px\">Esti n\u0151v\u00e9ri \u00e1pol\u00e1si vizit<\/td>\n<\/tr>\n<\/tbody>\n<\/table>\n<p>\u00c9jszakai rooming-in rendszer \u2013 a <strong>bab\u00e1k \u00e9jszaka is az anyuk\u00e1juk mellett vannak<\/strong>. Csak indokolt esetben vessz\u00fck \u00e1t az \u00e9desany\u00e1t\u00f3l a baba fel\u00fcgyelet\u00e9t. Ilyen esetben a baba az \u00fajsz\u00fcl\u00f6tt oszt\u00e1lyra ker\u00fcl. K\u00e9rj\u00fck, hogy \u00e9jszaka, a szob\u00e1ban mindig legyen egy kis vil\u00e1g\u00edt\u00e1s a bab\u00e1nak.<a id=\"latogatas\"><\/a><\/p>\n<h4><strong>L\u00c1TOGAT\u00c1SI REND A GYERMEK\u00c1GYAS OSZT\u00c1LYON <\/strong><\/h4>\n<div class=\"keretes w-100\">\n<p>L\u00e1togat\u00e1si id\u0151: <strong>minden nap 09.00 \u2013 19.00 k\u00f6z\u00f6tt<\/strong>.<\/p>\n<\/div>\n<ul style=\"list-style-type: square\">\n<li>A l\u00e1togat\u00e1sra a <strong>gyermek\u00e1gyas oszt\u00e1lyok el\u0151ter\u00e9ben<\/strong> ny\u00edlik lehet\u0151s\u00e9g.<\/li>\n<li>Az anyuk\u00e1hoz \u00e9s \u00fajsz\u00fcl\u00f6ttj\u00e9hez egyszerre <strong>1 f\u0151 l\u00e1togat\u00f3 j\u00f6het \u00e9s a l\u00e1togat\u00e1s id\u0151tartama nem l\u00e9pheti t\u00fal a 60 percet.<\/strong><\/li>\n<li><strong>14 \u00e9vn\u00e9l fiatalabb <\/strong>kor\u00fa testv\u00e9r l\u00e1togat\u00e1s\u00e1t k\u00e9rj\u00fck <strong>el\u0151re bejelenteni \u00e9s el\u0151re egyeztetni<\/strong> a n\u0151v\u00e9rekkel.<\/li>\n<li><strong>Fontos, hogy a d\u00e9lel\u0151tt folyam\u00e1n az \u00e9desany\u00e1k a szob\u00e1jukban tart\u00f3zkodjanak<\/strong>. \u00cdgy biztos\u00edtva, hogy megkaphassanak minden oktat\u00e1st, illetve az \u00f6sszes vizsg\u00e1lat elv\u00e9gezhet\u0151 legyen.<\/li>\n<li>A fenti inform\u00e1ci\u00f3k ok\u00e1n k\u00e9rj\u00fck, <strong>amennyiben megoldhat\u00f3, \u00fagy a d\u00e9lut\u00e1ni \u00f3r\u00e1kra id\u0151z\u00edts\u00e9k<\/strong> l\u00e1togat\u00e1saikat.<a id=\"infok\"><\/a><\/li>\n<\/ul>\n<h4><strong>\u00c1LTAL\u00c1NOS INFORM\u00c1CI\u00d3K A BAB\u00c1K GONDOZ\u00c1S\u00c1VAL KAPCSOLATBAN<\/strong><\/h4>\n<ul style=\"list-style-type: square\">\n<li>Az els\u0151 napon, valamint k\u00f6zvetlen\u00fcl a hazamenetel el\u0151tt <strong>r\u00e9szletes orvosi vizsg\u00e1latot v\u00e9gz\u00fcnk a bab\u00e1n<\/strong>.<\/li>\n<li>Az \u00fajsz\u00fcl\u00f6ttnek <strong>nincs sz\u00fcks\u00e9ge napi f\u00fcrdet\u00e9sre<\/strong>, a k\u00f3rh\u00e1zi tart\u00f3zkod\u00e1s alatt csak egyszer, 4-6 \u00f3r\u00e1s \u00e9letkorban f\u00fcrdetj\u00fck.<\/li>\n<li>Az \u00fajsz\u00fcl\u00f6ttek tests\u00faly\u00e1t megsz\u00fclet\u00e9s ut\u00e1n \u00e9s hazaad\u00e1s el\u0151tt m\u00e9rj\u00fck meg.<\/li>\n<li>A bab\u00e1kn\u00e1l \u00e1ltal\u00e1ban <strong>naponta 6-7 alkalommal sz\u00fcks\u00e9ges pelenkacsere<\/strong>. Ha m\u00e9g ilyet nem csin\u00e1lt, k\u00e9rje koll\u00e9g\u00e1ink seg\u00edts\u00e9g\u00e9t.<\/li>\n<li>Kolleg\u00e1ink dokument\u00e1lj\u00e1k, hogy h\u00e1ny alkalommal van sz\u00e9kletes, vizeletes pelenk\u00e1ja (h\u00e1nyszor \u00fcr\u00edt sz\u00e9klelet, vizeletet) kisbab\u00e1j\u00e1nak, <strong>k\u00e9rj\u00fck v\u00e1laszaikkal seg\u00edts\u00e9k \u0151ket<\/strong>.<\/li>\n<li>Hazaad\u00e1sig <strong>3 f\u00e9le k\u00f6telez\u0151 sz\u0171r\u0151vizsg\u00e1lat<\/strong> fog t\u00f6rt\u00e9nni.<\/li>\n<li>A bab\u00e1j\u00e1nak az anyatejen k\u00edv\u00fcl <strong>semmi m\u00e1s t\u00e1pl\u00e1l\u00e9kra nincs sz\u00fcks\u00e9ge<\/strong>.<a id=\"szoptat\"><\/a><\/li>\n<\/ul>\n<h4><strong>SZOPTAT\u00c1S<\/strong><\/h4>\n<ul style=\"list-style-type: square\">\n<li>Az els\u0151 napon az anyatejes t\u00e1pl\u00e1l\u00e1s \u00e9rdek\u00e9ben igyeksz\u00fcnk az <strong>min\u00e9l intenz\u00edvebb szoptat\u00e1st\u00e1mogat\u00e1st<\/strong> biztos\u00edtani \u00d6nnek.<\/li>\n<li>A szoptat\u00e1s a csecsem\u0151k t\u00e1pl\u00e1l\u00e1s\u00e1nak biol\u00f3giai m\u00f3dja, az anyatej az optim\u00e1lis t\u00e1pl\u00e1l\u00e9k. <strong>\u00c9rdemes a bab\u00e1t az \u00e9hs\u00e9g legkisebb jele eset\u00e9n azonnal mellre tenni<\/strong>. \u00c9hs\u00e9g jelek: a cuppog\u00e1s, \u00f6kl\u00f6k nyalogat\u00e1sa, keres\u00e9s-t\u00e1tog\u00e1s. \u00c9rdemes m\u00e1r ekkor mellre tenni a bab\u00e1t \u00e9s nem megv\u00e1rni, am\u00edg s\u00edrni kezd.<\/li>\n<li>Az els\u0151 hetekben norm\u00e1lis, ha az <strong>\u00fajsz\u00fcl\u00f6tt gyakran szeretne szopni<\/strong>. Gyomra m\u00e9g kicsi, a tejmennyis\u00e9g n\u00f6veked\u00e9se folyamatos. A legt\u00f6bbet \u00fagy tehet a tejmennyis\u00e9g n\u00f6veked\u00e9s\u00e9\u00e9rt, ha <strong>min\u00e9l gyakrabban mellre veszi a bab\u00e1t<\/strong> \u00e9s szoptatja.<\/li>\n<li>Ahhoz, hogy biztosak legy\u00fcnk abban, hogy a baba eleget szopik, <strong>nem sz\u00fcks\u00e9ges m\u00e9rni a s\u00faly\u00e1t<\/strong>. A j\u00f3 szop\u00e1si magatart\u00e1s, illetve a kakis-pisis pelenk\u00e1k megfelel\u0151 sz\u00e1ma (l\u00e1sd lejjebb a t\u00e1bl\u00e1zatot) biztos t\u00e1mpontot adnak. <strong>Az els\u0151 napokban szoptasson gyakran: legal\u00e1bb 8-12 alkalommal 24 \u00f3ra alatt! <\/strong><\/li>\n<\/ul>\n<h5>Mib\u0151l l\u00e1that\u00f3, hogy minden rendben halad?<\/h5>\n<ul style=\"list-style-type: square\">\n<li>Amikor a kisbaba szopik, egyre hosszabb akt\u00edv szop\u00e1st tapasztalhat. Akt\u00edv szop\u00e1son azt \u00e9rtj\u00fck, hogy folyamatosan sz\u00edv-nyel a baba, a finom kortyol\u00e1si hang teljes csendben j\u00f3l hallhat\u00f3, ilyenkor a baba \u00e1llkapocs mozg\u00e1sa megv\u00e1ltozik. J\u00f3l haladnak, ha az <strong>els\u0151 24 \u00f3ra eltelt\u00e9vel 10 egym\u00e1s ut\u00e1ni kortyol\u00e1st meg tud sz\u00e1molni<\/strong>, \u00e9s a baba szemmel l\u00e1that\u00f3an el\u00e9gedett. A szop\u00e1sok ideje alatt er\u0151teljes m\u00e9h\u00f6sszeh\u00faz\u00f3d\u00e1sokat tapasztalhat \u00e9s a gyermek\u00e1gyi v\u00e9rz\u00e9s er\u0151s\u00f6d\u00e9s\u00e9t.<\/li>\n<li>Az <strong>els\u0151 48 \u00f3r\u00e1ban s\u0171r\u0171, ragacsos, s\u00f6t\u00e9tz\u00f6ld<\/strong> sz\u00e9kletet \u00fcr\u00edt, ez a mek\u00f3nium. Ezt k\u00f6vet\u0151en barn\u00e1s, ny\u00e1lk\u00e1s, \u00e1tmeneti sz\u00e9klet k\u00f6vetkezik, majd a 3-4. napt\u00f3l egyre ink\u00e1bb must\u00e1rs\u00e1rga sz\u00edn\u0171, \u00e9des illat\u00fa anyatejes sz\u00e9klet.<\/li>\n<li>Mag\u00e1n is tapasztalhatja, hogy <strong>melle \u00e1llapota v\u00e1ltozik<\/strong> a sz\u00fcl\u00e9s el\u0151ttihez k\u00e9pest: h\u0151m\u00e9rs\u00e9klete n\u0151, tapint\u00e1sa teltebb.<\/li>\n<li><strong>Az \u00fajsz\u00fcl\u00f6tt mellret\u00e9tellel mindig megvigasztalhat\u00f3, ha s\u00edr.<\/strong><\/li>\n<li>Amennyiben van otthon m\u00e9rleg haza\u00e9rkez\u00e9skor, <strong>ruh\u00e1zat \u00e9s pelenka n\u00e9lk\u00fcl m\u00e9rj\u00e9k meg az \u00fajsz\u00fcl\u00f6ttet.<\/strong><\/li>\n<li>Amikor m\u00e1r otthonukba t\u00e9rtek, az \u00fajsz\u00fcl\u00f6tt <strong>norm\u00e1lis s\u00falyvesztes\u00e9ge nem haladja meg a sz\u00fclet\u00e9si s\u00faly 5-7%-\u00e1t<\/strong> (maximum 10%-\u00e1t). A s\u00falyes\u00e9s a 4. nap ut\u00e1n nem folytat\u00f3dik, \u00e9s <strong>10-14 napos korra el\u00e9ri a sz\u00fclet\u00e9si s\u00faly\u00e1t<\/strong>, majd att\u00f3l kezdve legal\u00e1bb heti 15-20 dkg-ot h\u00edzik.<\/li>\n<\/ul>\n<p><strong><a href=\"https:\/\/semmelweis.hu\/noiklinika\/files\/2023\/02\/koranykep.png\"><img loading=\"lazy\" decoding=\"async\" class=\"alignnone wp-image-971 size-full\" src=\"https:\/\/semmelweis.hu\/noiklinika\/files\/2023\/02\/koranykep.png\" alt=\"\" width=\"1118\" height=\"792\" srcset=\"https:\/\/semmelweis.hu\/noiklinika\/files\/2023\/02\/koranykep.png 1118w, https:\/\/semmelweis.hu\/noiklinika\/files\/2023\/02\/koranykep-400x283.png 400w, https:\/\/semmelweis.hu\/noiklinika\/files\/2023\/02\/koranykep-1024x725.png 1024w, https:\/\/semmelweis.hu\/noiklinika\/files\/2023\/02\/koranykep-768x544.png 768w, https:\/\/semmelweis.hu\/noiklinika\/files\/2023\/02\/koranykep-753x533.png 753w\" sizes=\"auto, (max-width: 1118px) 100vw, 1118px\" \/><\/a><\/strong><\/p>\n<h5>Mikor kell seg\u00edts\u00e9get k\u00e9rni?<\/h5>\n<ul style=\"list-style-type: square\">\n<li>ha nem tudja <strong>24 \u00f3ra alatt LEGAL\u00c1BB hatszor<\/strong> megszoptatni a bab\u00e1t, mert annyira alusz\u00e9kony. A norm\u00e1lis szop\u00e1sgyakoris\u00e1g enn\u00e9l is t\u00f6bb, ide\u00e1lis a minimum 8-12 alkalom 24 \u00f3ra alatt!<\/li>\n<li>ha a szoptat\u00e1s sor\u00e1n <strong>nem l\u00e1t akt\u00edv sz\u00edv\u00e1s-nyel\u00e9st<\/strong><\/li>\n<li>ha a baba b\u0151rsz\u00edne nappali, j\u00f3 f\u00e9nyviszonyok mellett egyre <strong>s\u00e1rg\u00e1bbnak<\/strong> t\u0171nik<\/li>\n<li>ha <strong>nem \u00fcr\u00edt sz\u00e9kletet<\/strong><\/li>\n<li>ha levetk\u0151ztet\u00e9ssel, finom massz\u00edroz\u00e1ssal, testkontaktusba hoz\u00e1ssal <strong>sem tudja<\/strong> <strong>fel\u00e9breszteni<\/strong><\/li>\n<li>ha a s\u00falyveszt\u00e9s napr\u00f3l napra folytat\u00f3dik, vagy <strong>a s\u00falya a 4. napot k\u00f6vet\u0151en stagn\u00e1l<a id=\"koldok\"><\/a><\/strong><\/li>\n<\/ul>\n<h4><strong>K\u00d6LD\u00d6KKEZEL\u00c9S<\/strong><\/h4>\n<p>Megsz\u00fclet\u00e9s ut\u00e1n a k\u00f6ld\u00f6kzsin\u00f3rt steril k\u00f6r\u00fclm\u00e9nyek k\u00f6z\u00f6tt elv\u00e1gj\u00e1k, k\u00f6ld\u00f6kcsattal lez\u00e1rj\u00e1k. <strong>Ha a csonk sz\u00e1raz, a k\u00f6ld\u00f6kcsatot 24 \u00f3ra ut\u00e1n le tudjuk venni<\/strong>. A csonk a m\u00e1sodik \u00e9leth\u00e9t v\u00e9g\u00e9re (14. nap) mag\u00e1t\u00f3l leesik.<\/p>\n<p>A csonkot <strong>nem kell semmivel kezelni<\/strong>. A pelenk\u00e1t visszahajtva, sz\u00e1razon sz\u00fcks\u00e9ges tartani. Amennyiben sz\u00e9klettel szennyez\u0151dik tiszta v\u00edzzel le kell mosni \u00e9s hagyni megsz\u00e1radni. Sav\u00f3s (\u00e1tl\u00e1tsz\u00f3) v\u00e1lad\u00e9k az <strong>els\u0151 napokban<\/strong> \u00fcr\u00fclhet bel\u0151le. Ha a b\u0151r k\u00f6r\u00fcl\u00f6tte nem piros, <strong>tennival\u00f3t nem ig\u00e9nyel.<\/strong><\/p>\n<p>Amennyiben v\u00e9rz\u00e9st, b\u0151vebb v\u00e1lad\u00e9koz\u00e1st \u00e9szlel, illetve a b\u0151r gyulladt, kipirosodott lesz a k\u00f6ld\u00f6k k\u00f6r\u00fcl ezt <strong>a n\u0151v\u00e9reknek (- amikor m\u00e1r otthon vannak, akkor a v\u00e9d\u0151n\u0151nek, gyermekorvosnak) jelezni kell<\/strong>. Ilyenkor sz\u00fcks\u00e9g lehet az Octaniseptes fert\u0151tlen\u00edt\u00e9sre, fel\u00fcleti kezel\u00e9sre.<a id=\"szures\"><\/a><\/p>\n<h4><strong>SZ\u0170R\u0150VIZSG\u00c1LATOK<\/strong><\/h4>\n<ul style=\"list-style-type: square\">\n<li><strong>K\u00f6telez\u0151 anyagcseresz\u0171r\u00e9s, amely<\/strong> sarokb\u00f3l vett v\u00e9rmint\u00e1b\u00f3l t\u00f6rt\u00e9nik. A v\u00e9rv\u00e9tel legkor\u00e1bban 48 \u00f3r\u00e1s \u00e9letkorban t\u00f6rt\u00e9nik. Eredm\u00e9ny csak napok m\u00falva lesz, amir\u0151l inform\u00e1ci\u00f3t csak akkor kapnak, ha ism\u00e9telni kell a vizsg\u00e1latot, vagy esetleg gyan\u00fa van betegs\u00e9gre. Az ilyen \u00e9rtes\u00edt\u00e9s lev\u00e9l vagy telefonh\u00edv\u00e1s form\u00e1j\u00e1ban a <strong>Semmelweis Egyetem Laborat\u00f3rium\u00e1b\u00f3l <\/strong>\u00e9rkezik. <strong>Negat\u00edv esetben nem kapnak visszajelz\u00e9st.<\/strong><\/li>\n<li>M\u0171szeres <strong>hall\u00e1svizsg\u00e1latot<\/strong> minden bab\u00e1n\u00e1l v\u00e9gz\u00fcnk, a vizsg\u00e1lat f\u00e1jdalommentes. El\u0151fordul, hogy az eredm\u00e9ny bizonytalan. Ilyen esetekben, kontroll id\u0151pontot adunk, melynek elv\u00e9gz\u00e9s\u00e9hez oszt\u00e1lyunkra majd vissza kell j\u00f6nni.<\/li>\n<li>A <strong>szem anat\u00f3miai \u00e9ps\u00e9g\u00e9t<\/strong> is vizsg\u00e1ljuk (v\u00f6r\u00f6s visszf\u00e9ny vizsg\u00e1lat) ami f\u00e1jdalommentes a baba sz\u00e1m\u00e1ra. Ennek eredm\u00e9nye szint\u00e9n a z\u00e1r\u00f3jelent\u00e9sben szerepel. Amennyiben elt\u00e9r\u00e9st l\u00e1tunk, szem\u00e9szhez k\u00fcldj\u00fck a bab\u00e1t (ez igen ritk\u00e1n fordul el\u0151).<\/li>\n<\/ul>\n<p>Ultrahangos koponya-, hasi- \u00e9s cs\u00edp\u0151vizsg\u00e1lat <strong>sz\u0171r\u0151 jelleggel nem t\u00f6rt\u00e9nik a klinik\u00e1n<\/strong>. Amennyiben az orvosi vizsg\u00e1lat sor\u00e1n olyan betegs\u00e9g gyan\u00faja mer\u00fcl fel, amely indokoltt\u00e1 tenn\u00e9 az UH vizsg\u00e1latot, akkor azt munkat\u00e1rsaink megszervezik.<a id=\"oltas\"><\/a><\/p>\n<h4><strong>V\u00c9D\u0150OLT\u00c1S \u00c9S VITAMINOK <\/strong><\/h4>\n<ul style=\"list-style-type: square\">\n<li>Hazamenetel el\u0151tt BCG-olt\u00e1st kapnak a bab\u00e1k a bal v\u00e1llukba. Kezdetben ennek semmi nyoma nincs, majd <strong>norm\u00e1l esetben egyhetes \u00e9s egy h\u00f3napos kor k\u00f6z\u00f6tt<\/strong> egy kis pattan\u00e1s form\u00e1j\u00e1ban mutatkozik a helye. V\u00e1lad\u00e9koz\u00e1s illetve b\u0171z\u00f6s szag eset\u00e9n Octanisepttel kezelhet\u0151, <strong>nyomkodni NEM szabad!<\/strong><\/li>\n<li>K-vitamint az els\u0151 \u00e9letnapon adunk a bab\u00e1nak, <strong>legk\u00f6zelebb 1 hetesen, majd havonta 1 ampull\u00e1t<\/strong> (2 mg-t) sz\u00fcks\u00e9ges adni a kiz\u00e1r\u00f3lagosan szoptatott bab\u00e1knak.<\/li>\n<li>D-vitamint a haza\u00e9rkez\u00e9st k\u00f6vet\u0151en napi 1 cseppet (400 nemzetk\u00f6zi egys\u00e9get) javasolt adni. <strong>A D vitamin kezd\u00e9s\u00e9vel nem kell 2 hetet v\u00e1rni! <\/strong>A vitaminok receptjeit a h\u00e1zi gyermekorvos fogja ki\u00e1ll\u00edtani a haza\u00e9rkez\u00e9s ut\u00e1n.<a id=\"anyakonyv\"><\/a><\/li>\n<\/ul>\n<h4><strong>ANYAK\u00d6NYVEZ\u00c9S<\/strong><\/h4>\n<p>Gyermek\u00fck anyak\u00f6nyveztet\u00e9se c\u00e9lj\u00e1b\u00f3l k\u00e9rj\u00fck \u00d6n\u00f6ket, hogy <strong>h\u00e9tf\u0151t\u0151l-p\u00e9ntekig 10-12-\u00f3r\u00e1ig \u00e9s 13-14-\u00f3r\u00e1ig<\/strong> f\u00e1radjanak a gyermek\u00e1gyas oszt\u00e1ly t\u00e1rsalg\u00f3j\u00e1ba, ahol koll\u00e9gan\u0151nk k\u00e9szs\u00e9ggel seg\u00edt az anyak\u00f6nyvez\u00e9s elind\u00edt\u00e1s\u00e1ban. <strong>H\u00e9tv\u00e9g\u00e9n \u00e9s \u00fcnnepnapokon nincs lehet\u0151s\u00e9g a klinik\u00e1n int\u00e9zni a sz\u00fcks\u00e9ges anyak\u00f6nyvez\u00e9st.<\/strong> H\u00e9tv\u00e9gi hazamenetel eset\u00e9n k\u00e9rj\u00fck, hogy a <strong>k\u00f6vetkez\u0151 h\u00e9t<\/strong> <strong>h\u00e9tf\u0151n sz\u00edveskedjenek bej\u00f6nni<\/strong> anyak\u00f6nyvez\u00e9s \u00fcgyint\u00e9z\u00e9se c\u00e9lj\u00e1b\u00f3l.<\/p>\n<div class=\"keretes w-100\">\n<p>Az \u00fcgyint\u00e9z\u00e9s idej\u00e9re <strong>semmik\u00e9pp ne hagyj\u00e1k gyermek\u00fcket a k\u00f3rteremben fel\u00fcgyelet n\u00e9lk\u00fcl, vagy ne b\u00edzz\u00e1k m\u00e1sik any\u00e1ra, hanem a n\u0151v\u00e9r kolleg\u00e1k seg\u00edts\u00e9g\u00e9t k\u00e9rj\u00e9k<\/strong>, akik az \u00fajsz\u00fcl\u00f6tt oszt\u00e1lyon vigy\u00e1zni fognak gyermek\u00fckre az \u00fcgyint\u00e9z\u00e9s ideje alatt.\u00a0<\/p>\n<\/div>\n<h5>Az \u00fcgyint\u00e9z\u00e9shez sz\u00fcks\u00e9ges:<\/h5>\n<ul style=\"list-style-type: square\">\n<li>Szem\u00e9lyi igazolv\u00e1ny mindk\u00e9t oldal\u00e1nak m\u00e1solata (mindk\u00e9t sz\u00fcl\u0151)<\/li>\n<li>Lakc\u00edmk\u00e1rtya mindk\u00e9t oldal\u00e1nak m\u00e1solata (mindk\u00e9t sz\u00fcl\u0151)<\/li>\n<li>H\u00e1zass\u00e1gi anyak\u00f6nyvi kivonat m\u00e1solata<\/li>\n<li>Ha nem h\u00e1zas, eredeti apas\u00e1gi nyilatkozat (ikrek eset\u00e9ben annyi p\u00e9ld\u00e1nyban ah\u00e1ny gyermek sz\u00fcletett)<\/li>\n<li>Reprodukci\u00f3s \u00faton fogant gyermek eset\u00e9ben: eredeti k\u00f6zjegyz\u0151i okirat <a id=\"haza\"><\/a><\/li>\n<\/ul>\n<h4><strong>HAZAMENETEL<\/strong><\/h4>\n<ul style=\"list-style-type: square\">\n<li>Hazabocs\u00e1t\u00e1s el\u0151tt az \u00fajsz\u00fcl\u00f6ttet az \u00e9desanyja mellett a <strong>Gyermek\u00e1gyas Oszt\u00e1lyon<\/strong> r\u00e9szletesen megvizsg\u00e1ljuk (orvosi fizik\u00e1lis vizsg\u00e1lat). B\u00e1rmilyen elt\u00e9r\u00e9st tapasztalunk, azt jelezz\u00fck \u00d6n\u00f6knek, mik\u00e9nt <strong>az esetleges teend\u0151kkel kapcsolatban is r\u00e9szletes t\u00e1j\u00e9koztat\u00e1ssal szolg\u00e1lunk<\/strong>. Az \u00fajsz\u00fcl\u00f6ttet \u00e9rint\u0151, valamennyi eg\u00e9szs\u00e9gre \u00e9s gondoz\u00e1sra vonatkoz\u00f3 k\u00e9rd\u00e9st \u00e9s az otthoni teend\u0151ket \u00e1tbesz\u00e9lj\u00fck. A fenti vizsg\u00e1latot \u00e9s konzult\u00e1ci\u00f3t k\u00f6vet\u0151en <strong>mindennap leghamarabb 12.00-t\u00f3l vehet\u0151 \u00e1t a gyermek z\u00e1r\u00f3jelent\u00e9se<\/strong>. A z\u00e1r\u00f3jelent\u00e9s \u00e1tv\u00e9tel\u00e9hez k\u00e9rj\u00fck, hogy <strong>az \u00e9desanya szem\u00e9lyesen, a t\u00e1voz\u00e1sra felk\u00e9sz\u00edtett, fel\u00f6lt\u00f6ztetett bab\u00e1j\u00e1val jelentkezzen<\/strong> az \u00fajsz\u00fcl\u00f6tt oszt\u00e1lyon.<\/li>\n<li>Hazamenetel ut\u00e1n k\u00e9rj\u00fck, <strong>m\u00e9g aznap \u00e9rtes\u00edtse gyermekh\u00e1ziorvos\u00e1t \u00e9s a ter\u00fcletileg illet\u00e9kes v\u00e9d\u0151n\u0151t.<\/strong><\/li>\n<li>A h\u00e1ziorvos a <strong>sz\u00fcks\u00e9ges e-recepteket<\/strong> ki\u00e1ll\u00edtja (elektronikus).<\/li>\n<li>Otthon is tarts\u00e1k be a fert\u0151z\u00e9s megel\u0151z\u00e9s\u00e9re szolg\u00e1l\u00f3 <strong>higi\u00e9niai szab\u00e1lyokat<\/strong> (rendszeres alapos k\u00e9zmos\u00e1s)<\/li>\n<\/ul>\n<h5>Hazamenetel ut\u00e1n, otthon<\/h5>\n<p>Az otthon gyakran felmer\u00fcl\u0151 k\u00e9rd\u00e9sekkel \u00e9s teend\u0151kkel kapcsolatosan a t\u00e1voz\u00e1skor <strong>k\u00fcl\u00f6n inform\u00e1ci\u00f3s anyagot bocs\u00e1tunk rendelkez\u00e9s\u00fckre<\/strong>, amit k\u00e9r\u00fcnk vigyenek magukkal \u2013 sz\u00fcks\u00e9g\u00fck lehet r\u00e1.\u00a0<\/p>\n<div class=\"keretes w-100\">\n<p>Amennyiben a hazaad\u00e1st k\u00f6vet\u0151 napokban az \u00fajsz\u00fcl\u00f6tt csecsem\u0151n\u00e9l <strong>a v\u00e9d\u0151n\u0151, vagy h\u00e1zi gyermekorvos javaslata alapj\u00e1n<\/strong> k\u00f3rh\u00e1zi vizsg\u00e1lat, vagy kezel\u00e9s sz\u00fcks\u00e9gess\u00e9ge mer\u00fclne fel, k\u00e9rj\u00fck a <strong>Semmelweis Egyetem I. Gyermekklinika S\u00fcrg\u0151ss\u00e9gi Oszt\u00e1ly\u00e1<\/strong>n jelentkezzenek (C\u00edm:1083 Budapest, B\u00f3kay J. u. 53-54. Tel: +36 20 8258252).<\/p>\n<\/div>\n","protected":false},"excerpt":{"rendered":"<p>Kedves \u00c9desanya, \u00c9desapa! A sz\u00fcl\u00e9st k\u00f6vet\u0151en a gyermek\u00e1gyas oszt\u00e1lyon ker\u00fclnek egy\u00fcttes elhelyez\u00e9sre a frissen sz\u00fclt \u00e9desany\u00e1k \u00e9s \u00fajsz\u00fcl\u00f6ttjeik. Az al\u00e1bbiakban \u00f6sszefoglaljuk azokat a legfontosabb inform\u00e1ci\u00f3kat, amelyek seg\u00edthetnek \u00d6nnek, hogy el\u0151re l\u00e1ssa a gyermek\u00e9vel kapcsolatos v\u00e1rhat\u00f3 t\u00f6rt\u00e9n\u00e9seket \u00e9s feladatokat a kicsi \u00e9let\u00e9nek els\u0151 napjaiban. A gyermeke \u00d6nn\u00e9l van a legnagyobb biztons\u00e1gban! A lehet\u0151 legr\u00f6videbb id\u0151re hagyja &hellip;<\/p>\n","protected":false},"author":102064,"featured_media":0,"parent":517,"menu_order":1,"comment_status":"closed","ping_status":"closed","template":"","meta":{"_acf_changed":false,"footnotes":""},"categories":[24],"tags":[22],"class_list":["post-524","page","type-page","status-publish","hentry","category-szakrendelesek-es-osztalyok","tag-betegellatas"],"acf":[],"_links":{"self":[{"href":"https:\/\/semmelweis.hu\/noiklinika\/wp-json\/wp\/v2\/pages\/524","targetHints":{"allow":["GET"]}}],"collection":[{"href":"https:\/\/semmelweis.hu\/noiklinika\/wp-json\/wp\/v2\/pages"}],"about":[{"href":"https:\/\/semmelweis.hu\/noiklinika\/wp-json\/wp\/v2\/types\/page"}],"author":[{"embeddable":true,"href":"https:\/\/semmelweis.hu\/noiklinika\/wp-json\/wp\/v2\/users\/102064"}],"replies":[{"embeddable":true,"href":"https:\/\/semmelweis.hu\/noiklinika\/wp-json\/wp\/v2\/comments?post=524"}],"version-history":[{"count":11,"href":"https:\/\/semmelweis.hu\/noiklinika\/wp-json\/wp\/v2\/pages\/524\/revisions"}],"predecessor-version":[{"id":1313,"href":"https:\/\/semmelweis.hu\/noiklinika\/wp-json\/wp\/v2\/pages\/524\/revisions\/1313"}],"up":[{"embeddable":true,"href":"https:\/\/semmelweis.hu\/noiklinika\/wp-json\/wp\/v2\/pages\/517"}],"wp:attachment":[{"href":"https:\/\/semmelweis.hu\/noiklinika\/wp-json\/wp\/v2\/media?parent=524"}],"wp:term":[{"taxonomy":"category","embeddable":true,"href":"https:\/\/semmelweis.hu\/noiklinika\/wp-json\/wp\/v2\/categories?post=524"},{"taxonomy":"post_tag","embeddable":true,"href":"https:\/\/semmelweis.hu\/noiklinika\/wp-json\/wp\/v2\/tags?post=524"}],"curies":[{"name":"wp","href":"https:\/\/api.w.org\/{rel}","templated":true}]}}