{"id":517,"date":"2022-05-22T12:19:17","date_gmt":"2022-05-22T10:19:17","guid":{"rendered":"https:\/\/semmelweis.hu\/noiklinika\/?page_id=517"},"modified":"2023-02-08T08:38:10","modified_gmt":"2023-02-08T07:38:10","slug":"fekvobeteg-ellatas","status":"publish","type":"page","link":"https:\/\/semmelweis.hu\/noiklinika\/ulloi\/fekvobeteg-ellatas\/","title":{"rendered":"Fekv\u0151beteg ell\u00e1t\u00e1s &#8211; \u00dcll\u0151i \u00fat"},"content":{"rendered":"","protected":false},"excerpt":{"rendered":"","protected":false},"author":102064,"featured_media":0,"parent":84,"menu_order":4,"comment_status":"closed","ping_status":"closed","template":"","meta":{"_acf_changed":false,"footnotes":""},"categories":[],"tags":[],"class_list":["post-517","page","type-page","status-publish","hentry"],"acf":[],"_links":{"self":[{"href":"https:\/\/semmelweis.hu\/noiklinika\/wp-json\/wp\/v2\/pages\/517","targetHints":{"allow":["GET"]}}],"collection":[{"href":"https:\/\/semmelweis.hu\/noiklinika\/wp-json\/wp\/v2\/pages"}],"about":[{"href":"https:\/\/semmelweis.hu\/noiklinika\/wp-json\/wp\/v2\/types\/page"}],"author":[{"embeddable":true,"href":"https:\/\/semmelweis.hu\/noiklinika\/wp-json\/wp\/v2\/users\/102064"}],"replies":[{"embeddable":true,"href":"https:\/\/semmelweis.hu\/noiklinika\/wp-json\/wp\/v2\/comments?post=517"}],"version-history":[{"count":2,"href":"https:\/\/semmelweis.hu\/noiklinika\/wp-json\/wp\/v2\/pages\/517\/revisions"}],"predecessor-version":[{"id":611,"href":"https:\/\/semmelweis.hu\/noiklinika\/wp-json\/wp\/v2\/pages\/517\/revisions\/611"}],"up":[{"embeddable":true,"href":"https:\/\/semmelweis.hu\/noiklinika\/wp-json\/wp\/v2\/pages\/84"}],"wp:attachment":[{"href":"https:\/\/semmelweis.hu\/noiklinika\/wp-json\/wp\/v2\/media?parent=517"}],"wp:term":[{"taxonomy":"category","embeddable":true,"href":"https:\/\/semmelweis.hu\/noiklinika\/wp-json\/wp\/v2\/categories?post=517"},{"taxonomy":"post_tag","embeddable":true,"href":"https:\/\/semmelweis.hu\/noiklinika\/wp-json\/wp\/v2\/tags?post=517"}],"curies":[{"name":"wp","href":"https:\/\/api.w.org\/{rel}","templated":true}]}}