{"id":507,"date":"2022-05-22T12:04:09","date_gmt":"2022-05-22T10:04:09","guid":{"rendered":"https:\/\/semmelweis.hu\/noiklinika\/?page_id=507"},"modified":"2024-10-08T15:51:48","modified_gmt":"2024-10-08T13:51:48","slug":"mioma-ambulancia","status":"publish","type":"page","link":"https:\/\/semmelweis.hu\/noiklinika\/ulloi\/szakrendelesek\/mioma-ambulancia\/","title":{"rendered":"Mi\u00f3ma szakambulancia &#8211; \u00dcll\u0151i \u00fat"},"content":{"rendered":"<div class=\"keretes w-100\">\n<p>A Semmelweis Egyetem Sz\u00fcl\u00e9szeti \u00e9s N\u0151gy\u00f3gy\u00e1szati Klinik\u00e1j\u00e1nak \u00dcll\u0151i \u00fati r\u00e9szleg\u00e9n l\u00e9trehozott <strong>Mi\u00f3ma Centrum<\/strong>ban a mi\u00f3m\u00e1ra gyan\u00fas \u00fajonnan felfedezett, vagy m\u00e1r kor\u00e1bban mi\u00f3m\u00e1val diagnosztiz\u00e1lt betegek kivizsg\u00e1l\u00e1s\u00e1t, m\u0171t\u00e9ti ell\u00e1t\u00e1s\u00e1t, illetve m\u0171t\u00e9t ut\u00e1ni k\u00f6vet\u0151 ut\u00f3gondoz\u00e1s\u00e1t v\u00e9gezz\u00fck.\u00a0\u00a0<\/p>\n<\/div>\n<p>A m\u00e9h j\u00f3indulat\u00fa, annak izomsz\u00f6vet\u00e9b\u0151l kiindul\u00f3 daganata a mi\u00f3ma. A n\u0151i nemiszervek leggyakoribb daganata. <a href=\"#mioma\" target=\"null\" rel=\"noopener\">Olvasson t\u00f6bbet a mi\u00f3m\u00e1r\u00f3l \u2193<\/a> Term\u00e9szetesen mint minden betegs\u00e9g, \u00edgy a mi\u00f3ma diagn\u00f3zisa is a P\u00e1ciens sz\u00e1m\u00e1ra els\u0151re nagy terhet r\u00f3hat.\u00a0C\u00e9lunk, hogy a n\u0151gy\u00f3gy\u00e1szat eme speci\u00e1lis ter\u00fclet\u00e9t felkarolva, a mi\u00f3m\u00e1val diagnosztiz\u00e1lt P\u00e1ciensek magas szint\u0171 <a href=\"#kezeles\">szakmai ell\u00e1t\u00e1sban<\/a> r\u00e9szes\u00fcljenek.\u00a0<\/p>\n<blockquote>\n<p>Fontos sz\u00e1munkra, hogy ebben az id\u0151szakban a p\u00e1ciens a legmagasabb szakmai \u00e9s emberi t\u00e1mogat\u00e1sban r\u00e9szes\u00fclj\u00f6n.\u00a0<\/p>\n<\/blockquote>\n<p>N\u00e1lunk teljes k\u00f6r\u0171 t\u00e1j\u00e9koztat\u00e1st kap az \u00f6sszes l\u00e9p\u00e9sr\u0151l, hogy k\u00f6z\u00f6sen tudjuk fel\u00e1ll\u00edtani a legjobb kezel\u00e9si tervet. <span style=\"font-size: 1rem;\">Seg\u00edt\u00fcnk mind a seb\u00e9szeti, emboliz\u00e1ci\u00f3s \u00e9s gy\u00f3gyszeres kezel\u00e9s kivitelez\u00e9s\u00e9ben, valamint a testi-lelki rehabilit\u00e1ci\u00f3 megszervez\u00e9s\u00e9ben.\u00a0<\/span><\/p>\n<div class=\"keretes w-100\">\n<p><strong>Centrumvezet\u0151:<\/strong>\u00a0Dr. Sobel G\u00e1bor, Med. Habil. Egyetemi docens<\/p>\n<p><strong>C\u00edm:<\/strong>\u00a01083 Budapest, \u00dcll\u0151i \u00fat 78\/A<\/p>\n<p><strong><a href=\"https:\/\/semmelweis.hu\/noiklinika\/ulloi\/idopontfoglalas-ulloi\/\">Id\u0151pontfoglal\u00e1s<\/a>\u00a0kiz\u00e1r\u00f3lag Online.\u00a0<\/strong><\/p>\n<p><strong>Telefon munkanapokon<\/strong><strong>\u00a07:00-15:00 \u00f3ra k\u00f6z\u00f6tt:<\/strong><\/p>\n<ul style=\"list-style-type: square;\">\n<li><strong>N\u0151gy\u00f3gy\u00e1szati Ambulancia:<\/strong> +36 20 666 1865<\/li>\n<li><strong>Recepci\u00f3<\/strong>: +36 20 666 1608<\/li>\n<li><strong>N\u0151gy\u00f3gy\u00e1szati Oszt\u00e1ly<\/strong>: +36 20 666 1753<\/li>\n<\/ul>\n<\/div>\n<h5>Tartalomjegyz\u00e9k:<\/h5>\n<ul style=\"list-style-type: square;\">\n<li>\n<p><a href=\"#mioma\">A mi\u00f3m\u00e1kr\u00f3l<\/a><\/p>\n<\/li>\n<li>\n<p><a href=\"#kezeles\">Diagnosztika \u00e9s kezel\u00e9s<\/a>\u00a0 \u00a0 \u00a0<\/p>\n<\/li>\n<li>\n<p><a href=\"#tudnivalok\">Gyakorlati teend\u0151k \u00e9s tudnival\u00f3k a m\u0171t\u00e9t el\u0151tt \u00e9s ut\u00e1n<\/a><\/p>\n<\/li>\n<\/ul>\n<h1>A Mi\u00f3m\u00e1kr\u00f3l<\/h1>\n<p>A m\u00e9h j\u00f3indulat\u00fa, annak izomsz\u00f6vet\u00e9b\u0151l kiindul\u00f3 daganata a mi\u00f3ma. A n\u0151i nemiszervek leggyakoribb daganata. A betegs\u00e9g szinonim\u00e1i k\u00f6z\u00f6tt ismert a fibromi\u00f3ma \u00e9s fibrioid kifejez\u00e9s is. Az \u00f6sszes ilyen elv\u00e1ltoz\u00e1s 20-50%-ban okoz t\u00fcneteket. Bizonyos adatok szerint az el\u0151fordul\u00e1si gyakoris\u00e1ga 20-25% is lehet a reprodukt\u00edv koroszt\u00e1lyban. A betegs\u00e9g kialakul\u00e1s\u00e1nak pontos oka az esetek d\u00f6nt\u0151 t\u00f6bbs\u00e9g\u00e9ben ismeretlen marad. Rendk\u00edv\u00fcl sok adatt bizony\u00edtja, hogy nagym\u00e9rt\u00e9kben hormon f\u00fcgg\u0151 (f\u0151k\u00e9pp \u00f6sztrog\u00e9nek) daganat.<\/p>\n<p>Az esetek egy r\u00e9sz\u00e9ben nem okoz t\u00fcneteket. A mi\u00f3ma \u00e1ltal okozott t\u00fcnetek rendk\u00edv\u00fcl v\u00e1ltozatosak lehetnek, melyek a tumor elhelyezked\u00e9s\u00e9t\u0151l, m\u00e9ret\u00e9t\u0151l, \u00e9s a m\u00e1sodlagos elv\u00e1ltoz\u00e1sait\u00f3l nagyban f\u00fcggenek.<\/p>\n<p>Annak ellen\u00e9re, hogy j\u00f3indulat\u00fa daganatr\u00f3l van sz\u00f3, gyakran okoz s\u00falyos n\u0151gy\u00f3gy\u00e1szati probl\u00e9m\u00e1t. T\u00f6bbek k\u00f6z\u00f6tt v\u00e9rz\u00e9si rendelleness\u00e9gek, f\u00e1jdalmas egy\u00fcttl\u00e9tek, tart\u00f3s b\u0151 h\u00fcvelyi foly\u00e1s, gyullad\u00e1sos g\u00f3c, v\u00e9rszeg\u00e9nys\u00e9g, kismedencei f\u00e1jdalom, medd\u0151s\u00e9g, ism\u00e9tl\u0151d\u0151 vet\u00e9l\u00e9sek form\u00e1j\u00e1ban jelentkezhet. Sz\u00fcl\u00e9s alatt fekv\u00e9si, beilleszked\u00e9si, tart\u00e1si rendelleness\u00e9geket, f\u00e1j\u00e1sgyenges\u00e9get, ak\u00e1r sz\u00fcl\u00e9si akad\u00e1lyt is k\u00e9pezhetnek. Ismert a j\u00f3indulat\u00fa mi\u00f3mag\u00f6b\u00f6k \u00e1talakul\u00e1sa rosszindulat\u00fa daganatok form\u00e1j\u00e1ba (leiomyosarcoma), melyek szerencs\u00e9re ritk\u00e1bb (0,1-0,5%-ban) el\u0151fordul\u00f3 jelens\u00e9gek. Amennyiben ezek a t\u00fcnetek jelentkeznek, jelentkezzen kezel\u0151orvos\u00e1n\u00e1l tov\u00e1bbi kivizsg\u00e1l\u00e1s c\u00e9lj\u00e1b\u00f3l.<\/p>\n<p>Megjelen\u00e9s\u00e9t tekintve a mi\u00f3ma j\u00f3l k\u00f6r\u00fcl\u00edrt, kem\u00e9ny, g\u00f6mbszer\u0171, g\u00f3cokb\u00f3l \u00e1ll\u00f3 daganat. A g\u00f6b\u00f6k lehetnek egyszeresek vagy t\u00f6bbsz\u00f6r\u00f6sek. Elhelyezkedhetnek a m\u00e9h bels\u0151 fel\u00fclet\u00e9t bedombor\u00edt\u00f3, a m\u00e9h izom\u00e1llom\u00e1ny\u00e1t kisz\u00e9les\u00edt\u0151 vagy \u00e9pp a has\u00fcreg fel\u00e9 n\u00f6veked\u0151 form\u00e1ban.<a id=\"kezeles\"><\/a><\/p>\n<h1>Diagnosztika \u00e9s Kezel\u00e9s<\/h1>\n<h2>Hogyan diagnosztiz\u00e1lja a kezel\u0151orvosa a mi\u00f3m\u00e1t?\u00a0\u00a0<\/h2>\n<p>A mi\u00f3ma diagn\u00f3zis\u00e1hoz, h\u00fcvelyi vizsg\u00e1lat, h\u00fcvelyi vagy hasi ultrahangvizsg\u00e1lat sz\u00fcks\u00e9ges.<\/p>\n<p>Ezen k\u00edv\u00fcl amennyiben \u00fagy \u00edt\u00e9lj\u00fck meg, hogy pontosabb k\u00e9pet kaphatunk a betegs\u00e9gr\u0151l \u00e9s az elv\u00e9gzend\u0151 vizsg\u00e1lat eredm\u00e9nye a kezel\u00e9s ir\u00e1ny\u00e1t is nagyban befoly\u00e1solja, sz\u00f3ba j\u00f6het m\u00e9g curettage (m\u00e9hny\u00e1lkah\u00e1rtya mintav\u00e9tel), m\u00e9ht\u00fckr\u00f6z\u00e9s, 3D ultrahang, MR vizsg\u00e1lat is.<\/p>\n<p>Amennyiben mi\u00f3ma vagy a betegs\u00e9g gyan\u00faja ker\u00fcl le\u00edr\u00e1sra, javasoljuk, hogy forduljon ambulanci\u00e1nkhoz a min\u00e9l gyorsabb ell\u00e1t\u00e1s \u00e9rdek\u00e9ben.<\/p>\n<p>A Semmelweis Egyetem szak\u00e9rt\u0151kb\u0151l \u00e1ll\u00f3 orvosi csapata seg\u00edt a mi\u00f3m\u00e1k min\u00e9l hamarabbi kivizsg\u00e1l\u00e1sban \u00e9s kezel\u00e9s\u00e9ben, foglaljon id\u0151pontot az <a href=\"https:\/\/semmelweis.hu\/noiklinika\/ulloi\/idopontfoglalas-ulloi\/\"><strong>Id\u0151pontfoglal\u00e1s<\/strong><\/a>\u00a0f\u00fcl alatt.\u00a0<\/p>\n<h2>Hogyan kezelhet\u0151 a mi\u00f3ma?<\/h2>\n<p>Nagyon fontos, hogy a betegs\u00e9gnek rengeteg megjelen\u00e9si form\u00e1ja ismeretes. A modern orvostudom\u00e1nyban a mi\u00f3m\u00e1k kezel\u00e9se egy kiemelked\u0151en egy\u00e9nre szabott szakter\u00fclet. <strong>A ter\u00e1pia kiv\u00e1laszt\u00e1sa minden esetben a P\u00e1ciens egy\u00e9ni adotts\u00e1gait, egy\u00e9ni betegs\u00e9g\u00e9t figyelembe v\u00e9ve, vele k\u00f6z\u00f6sen meghozott d\u00f6nt\u00e9s alapj\u00e1n t\u00f6rt\u00e9nik.<\/strong><\/p>\n<p>Amennyiben az P\u00e1ciens egy\u00e9ni \u00e1llapota, \u00e9lethelyzete, k\u00eds\u00e9r\u0151 betegs\u00e9gei a mi\u00f3m\u00e1k elhelyezked\u00e9se, azok m\u00e9rete megengedi sz\u00f3ba j\u00f6het a rendszeresen v\u00e9gzett ellen\u0151rz\u00e9sek lehet\u0151s\u00e9ge is.<\/p>\n<p>Legnagyobb jelent\u0151s\u00e9g egy\u00e9rtelm\u0171en a <strong>seb\u00e9szi<\/strong> kezel\u00e9snek tulajdon\u00edthat\u00f3. A m\u0171t\u00e9tek minden esetben altat\u00e1sban t\u00f6rt\u00e9nnek. C\u00e9lunk a legkisebb invazivit\u00e1s szem el\u00f6tt tart\u00e1sa (hast\u00fckr\u00f6z\u00e9s, m\u00e9ht\u00fckr\u00f6z\u00e9s a kisebb m\u0171t\u00e9ti megterhel\u00e9s, gyorsabb gy\u00f3gyul\u00e1s \u00e9rdek\u00e9ben. A g\u00f6b\u00f6k megk\u00f6zel\u00edt\u00e9se tekintet\u00e9ben lehets\u00e9ges h\u00fcvely fel\u00f6l v\u00e9gzett (m\u00e9ht\u00fckr\u00f6z\u00e9s vagy hysteroszk\u00f3pia), has fel\u00f6l v\u00e9gzett hast\u00fckr\u00f6z\u00e9ses (laparoszk\u00f3pia) m\u0171t\u00e9t. Sz\u00fcks\u00e9g eset\u00e9n sor ker\u00fclhet nyitott hasi m\u0171t\u00e9tekre is. Lehets\u00e9gesek szervmegtart\u00f3 (mi\u00f3ma g\u00f6b elt\u00e1vol\u00edt\u00f3) \u00e9s radik\u00e1lisabb (m\u00e9helt\u00e1vol\u00edt\u00f3) beavatkoz\u00e1sok. Term\u00e9szetesen ezen esetben is egy\u00e9nre szabott a kezel\u00e9s.<\/p>\n<p><strong>Gy\u00f3gyszeres<\/strong> kezel\u00e9sek szerepe egyre n\u00f6vekv\u0151ben van, azonban m\u00e9g ma is a seb\u00e9szi beavatkoz\u00e1s el\u0151szob\u00e1j\u00e1nak tekinthet\u0151, ahol a c\u00e9l a mi\u00f3ma m\u00e9ret\u00e9nek cs\u00f6kkent\u00e9se.<\/p>\n<p>Ismeretesek a m\u00e9het v\u00e9rrel ell\u00e1t\u00f3 art\u00e9ria (a. uterina) <strong>emboliz\u00e1ci\u00f3ja<\/strong> vagy f\u00f3kusz\u00e1lt ultrahang kezel\u00e9sek is.<\/p>\n<h2>Mennyibe ker\u00fcl a kivizsg\u00e1l\u00e1s?\u00a0<\/h2>\n<p>A Semmelweis Egyetem \u00e9rv\u00e9nyes TAJ k\u00e1rtya birtok\u00e1ban a kivizsg\u00e1l\u00e1s \u00e9s a m\u0171t\u00e9t TB-alapon t\u00f6rt\u00e9nik, \u00d6nnek ez\u00e9rt fizetnie nem kell. A ki\u00e1ll\u00edtott beutal\u00f3k felhaszn\u00e1l\u00e1s\u00e1val az \u00f6sszes kieg\u00e9sz\u00edt\u0151 vizsg\u00e1latot is el tudja int\u00e9zni t\u00e9r\u00edt\u00e9smentesen.<\/p>\n<h2>Milyen mi\u00f3m\u00e1t tudnak megoper\u00e1lni?\u00a0\u00a0<\/h2>\n<p>Amennyiben a mi\u00f3ma m\u0171t\u00e9ti megold\u00e1sa sz\u00fcks\u00e9ges, a mi\u00f3ma el\u0151fordul\u00e1s\u00e1t\u00f3l\u00a0 f\u00fcggetlen\u00fcl, a teljes palett\u00e1j\u00e1t meg tudjuk oper\u00e1lni.<a id=\"tudnivalok\"><\/a><\/p>\n<h1>Gyakorlati teend\u0151k a M\u0171t\u00e9t el\u0151tt<\/h1>\n<h2>A kivizsg\u00e1l\u00e1s menete<\/h2>\n<p>A m\u0171t\u00e9t el\u0151tti kivizsg\u00e1l\u00e1sa kapcs\u00e1n a\u00a0 k\u00f6nnyebb eligazod\u00e1s c\u00e9lj\u00e1b\u00f3l t\u00e1j\u00e9koztatjuk \u00d6nt a legsz\u00fcks\u00e9gesebb tudnival\u00f3kr\u00f3l a Sz\u00fcl\u00e9szeti \u00e9s N\u0151gy\u00f3gy\u00e1szati Klinika \u00dcll\u0151i \u00fati r\u00e9szleg\u00e9n (1082, Budapest \u00dcll\u0151i \u00fat 78\/A) tervezett m\u0171t\u00e9tje kapcs\u00e1n.<\/p>\n<p>A m\u0171t\u00e9ti el\u0151k\u00e9sz\u00fcletek:<\/p>\n<ul>\n<li>Labor: v\u00e9rk\u00e9p, v\u00e9rcsoport+ellenanyagsz\u0171r\u00e9s, m\u00e1j \u00e9s vesefunkci\u00f3, t. vizelet, INR<\/li>\n<li>EKG vizsg\u00e1lat<\/li>\n<li>Mellkas r\u00f6ntgen<\/li>\n<li>Anesthesiol\u00f3giai vizsg\u00e1lat<\/li>\n<li>M\u0171t\u00e9t el\u0151tti teend\u0151k<\/li>\n<\/ul>\n<h5>Labor vizsg\u00e1lat<\/h5>\n<p>Laborvizsg\u00e1latot <strong>t\u00e1rsadalombiztos\u00edt\u00e1si alapon<\/strong> a ter\u00fcletileg illet\u00e9kes laborban tudja elv\u00e9gezni, melyhez sz\u00fcks\u00e9ges beutal\u00f3t az ambul\u00e1ns tal\u00e1lkoz\u00e1s sor\u00e1n \u00e1tadtuk.<\/p>\n<p>Laborvizsg\u00e1latot <strong>\u00f6nk\u00f6lts\u00e9gen<\/strong> is elv\u00e9geztetheti<\/p>\n<ul>\n<li>A Sz\u00fcl\u00e9szeti \u00e9s N\u0151gy\u00f3gy\u00e1szati Klinika Laborj\u00e1ban <br \/>\nH-P 07:00-10:00 k\u00f6z\u00f6tt. <br \/>\n(Labor: 1082 Bp. \u00dcll\u0151i \u00fat 78\/a, mozg\u00f3l\u00e9pcs\u0151n fel, majd jobbra sz\u00fcl\u0151szoba folyos\u00f3j\u00e1n)<\/li>\n<li>Synlab (\u00dcgyf\u00e9lszolg\u00e1lat:+36 1 5 888 500)<\/li>\n<\/ul>\n<h5>EKG vizsg\u00e1lat, Mellkas r\u00f6ntgen<\/h5>\n<p>Az EKG vizsg\u00e1lat elv\u00e9gz\u00e9s\u00e9hez a beutal\u00f3t az ambul\u00e1ns kivizsg\u00e1l\u00e1s sor\u00e1n megkapja, a vizsg\u00e1latokat ig\u00e9ny szerint \u00f6nk\u00f6lts\u00e9gen is elv\u00e9geztetheti.<\/p>\n<h5>Aneszteziol\u00f3giai vizsg\u00e1lat<\/h5>\n<p>A fenti eredm\u00e9nyekkel\u00a0 (m\u0171t\u00e9t id\u0151pontj\u00e1hoz k\u00e9pest <strong><u>egy h\u00f3napn\u00e1l<\/u> <\/strong>egyik lelet sem lehet r\u00e9gebbi jelentkezzen altat\u00f3orvosi\u00a0 vizsg\u00e1latra.<\/p>\n<p>Altat\u00f3orvosi (aneszteziol\u00f3giai) vizsg\u00e1latra jelentkezzen a +36206661608 -as telefonsz\u00e1mon. Id\u0151pontk\u00e9r\u00e9s kapcs\u00e1n kalkul\u00e1ljon azzal, hogy az aneszteziol\u00f3gusok is leterheltek, \u00edgy az id\u0151pontot j\u00f3 el\u0151re k\u00e9rje meg!<\/p>\n<h2>A m\u0171t\u00e9t el\u0151tti teend\u0151k<\/h2>\n<ul style=\"list-style-type: square;\">\n<li>M\u0171t\u00e9t el\u0151tti napon k\u00f6nny\u0171 reggeli \u00e9s eb\u00e9d, majd eb\u00e9det k\u00f6vet\u0151en hashajt\u00e1s javasolt.<\/li>\n<li>M\u0171t\u00e9tet megel\u0151z\u0151en minden \u00e9kszert, gy\u0171r\u0171t, piercinget el kell t\u00e1vol\u00edtani.<\/li>\n<li>M\u0171t\u00e9t napj\u00e1n \u00e9jf\u00e9lt\u0151l ne egyen, ne igyon semmit (k\u00e1v\u00e9t sem).<\/li>\n<li>Rendszeresen szedett gy\u00f3gyszereit (hacsak az altat\u00f3 orvos nem javasol m\u00e1st) f\u00e9l korty sz\u00e9nsavmentes v\u00edzzel vegye be reggel.<\/li>\n<\/ul>\n<p><strong>Reggel 7:00-kor<\/strong> jelentkezzen a betegfelv\u00e9teli pultn\u00e1l, minden lelet\u00e9vel egy\u00fctt.<\/p>\n<p>K\u00f3rh\u00e1zi benntart\u00f3zkod\u00e1s \u00e1tlagos ideje: hasi, nagyobb h\u00fcvelyi m\u0171t\u00e9tek eset\u00e9n: 3-4 nap (2-3 \u00e9jszaka)<\/p>\n<h4><strong>K\u00f3rh\u00e1zba \u00e9rkez\u00e9s el\u0151tti checklista<\/strong><\/h4>\n<p><strong>M\u0171t\u00e9t el\u0151tti napon elv\u00e9gzend\u0151 otthoni teend\u0151k<\/strong><\/p>\n<ul>\n<li>Smink, m\u0171k\u00f6r\u00f6m, k\u00f6r\u00f6mlakk elt\u00e1vol\u00edt\u00e1sa<\/li>\n<li>M\u0171t\u00e9ti ter\u00fclet ( kiterjesztett) borotv\u00e1l\u00e1sa<\/li>\n<li>\u00c9kszerek elt\u00e1vol\u00edt\u00e1sa<\/li>\n<\/ul>\n<p><strong>K\u00f3rh\u00e1zi felv\u00e9telhez sz\u00fcks\u00e9ges iratok<\/strong><\/p>\n<ul>\n<li>Szem\u00e9lyi igazolv\u00e1ny, lakc\u00edm k\u00e1rtya, TAJ k\u00e1rtya<\/li>\n<li>Kor\u00e1bbi kivizsg\u00e1l\u00e1s dokument\u00e1ci\u00f3k<\/li>\n<li>Laborvizsg\u00e1lat lelete<\/li>\n<li>V\u00e9rcsoport lelet<\/li>\n<li>Aneszteziol\u00f3giai ambul\u00e1ns lap<\/li>\n<\/ul>\n<p><strong>Benttart\u00f3zkod\u00e1s alatt hasznos t\u00e1rgyak<\/strong><\/p>\n<ul>\n<li>Mobiltelefon \u00e9s t\u00f6lt\u0151<\/li>\n<li>H\u00e1l\u00f3ruha, v\u00e1lt\u00f3 h\u00e1l\u00f3ruha<\/li>\n<li>Tiszt\u00e1lkod\u00e1si szerek<\/li>\n<li>Toalettpap\u00edr<\/li>\n<li>Papucs<\/li>\n<li>Iv\u00f3poh\u00e1r<\/li>\n<li>L\u00e1zm\u00e9r\u0151<\/li>\n<li>\u00dajs\u00e1gok \/ olvasnival\u00f3k \/ zenelej\u00e1tsz\u00f3<\/li>\n<\/ul>\n<h2>A m\u0171t\u00e9t napja<\/h2>\n<p>Az al\u00e1bbi t\u00e1j\u00e9koztat\u00f3ban r\u00e9szletes le\u00edr\u00e1st olvashat a m\u0171t\u00e9t napj\u00e1n t\u00f6rt\u00e9n\u0151 teend\u0151kr\u0151l.<\/p>\n<h4><strong>BETEGFELV\u00c9TEL<\/strong><\/h4>\n<p>A be\u00e9rkez\u00e9s napj\u00e1n adminisztr\u00e1ci\u00f3s, n\u0151v\u00e9ri \u00e9s orvosi betegfelv\u00e9tel fog t\u00f6rt\u00e9nni.<\/p>\n<p>A betegfelv\u00e9tel a f\u0151bej\u00e1ratt\u00f3l jobbra a n\u0151gy\u00f3gy\u00e1szati ambulanci\u00e1n kezd\u0151dik, minden h\u00e9tk\u00f6znap reggel 07:00 \u00f3r\u00e1t\u00f3l.<\/p>\n<p>K\u00e9rj\u00fck legal\u00e1bb 15 perccel kor\u00e1bban \u00e9rkezzen hamarabb, hogy megfelel\u0151 id\u0151ben siker\u00fclj\u00f6n a regisztr\u00e1ci\u00f3s teend\u0151ket elv\u00e9gezni<\/p>\n<p><strong>K\u00e9rj\u00fck, hogy felv\u00e9telkor hozza mag\u00e1val:<\/strong><\/p>\n<ul>\n<li><strong><em>szem\u00e9lyi igazolv\u00e1ny\u00e1tlakc\u00edm k\u00e1rty\u00e1j\u00e1t<\/em><\/strong><\/li>\n<li><strong><em>betegbiztos\u00edt\u00e1si (TAJ) k\u00e1rty\u00e1j\u00e1t<\/em><\/strong><\/li>\n<li>a m\u0171t\u00e9ti beavatkoz\u00e1shoz sz\u00fcks\u00e9ges, a\u00a0<strong><em>kivizsg\u00e1l\u00e1s kapcs\u00e1n elk\u00e9sz\u00fclt minden lelet\u00e9t<\/em><\/strong><\/li>\n<li>r\u00e9gebbi\u00a0<strong><em>z\u00e1r\u00f3jelent\u00e9seit<\/em><\/strong><\/li>\n<li>egy\u00e9b orvosi dokumentumait.<\/li>\n<\/ul>\n<p>Az betegfelv\u00e9telen \u00a0t\u00f6rt\u00e9n\u0151 felv\u00e9tel\u00e9t k\u00f6vet\u0151en a Klinika N\u0151oszt\u00e1ly\u00e1ra fogj\u00e1k ir\u00e1ny\u00edtani. Ez a liftekkel k\u00f6zlekedve a legfels\u0151 emeleten van. Itt t\u00f6rt\u00e9nik a n\u0151v\u00e9ri \u00e9s orvosi betegfelv\u00e9tel, ahol az \u00e1pol\u00e1si dokumentumait \u00e9s orvosi leleteit fogj\u00e1k rendszerezni. Ezt k\u00f6vet\u0151en tudja elfoglalni k\u00f3rterm\u00e9t \u00e9s \u00e1gy\u00e1t.<\/p>\n<p>A n\u0151gy\u00f3gy\u00e1szati oszt\u00e1lyon csak 1-2 \u00e1gyas k\u00f3rtermeink vannak, mindegyik saj\u00e1t f\u00fcrd\u0151szob\u00e1val felszerelve.<\/p>\n<p>Saj\u00e1t k\u00e9nyelme \u00e9rdek\u00e9ben felv\u00e9telkor az al\u00e1bbi t\u00e1rgyakat hozza mag\u00e1val:<\/p>\n<ul>\n<li>mobiltelefon \u00e9s t\u00f6lt\u0151<\/li>\n<li>saj\u00e1t h\u00e1l\u00f3ruh\u00e1ja \u00e9s egy v\u00e1lt\u00f3 h\u00e1l\u00f3ruha<\/li>\n<li>tiszt\u00e1lkod\u00e1si szerek (szappan\/tusf\u00fcrd\u0151, f\u00e9s\u0171, fog\u00e1pol\u00e1si szerek)<\/li>\n<li>toalettpap\u00edr<\/li>\n<li>papucs<\/li>\n<li>iv\u00f3poh\u00e1r<\/li>\n<li>ha lehets\u00e9ges, saj\u00e1t l\u00e1zm\u00e9r\u0151<\/li>\n<\/ul>\n<p>Egy\u00e9b szem\u00e9lyes t\u00e1rgyait, utcai ruh\u00e1it a k\u00f3rtermekben l\u00e9v\u0151 szekr\u00e9nyekben, \u00e9jjeli szekr\u00e9nyekben helyezheti el. A Klinik\u00e1n t\u00f6lt\u00f6tt id\u0151 megk\u00f6nny\u00edt\u00e9se v\u00e9gett hozhat mag\u00e1val k\u00f6nyvet, \u00fajs\u00e1got, sz\u00e1m\u00edt\u00f3g\u00e9pet, zenelej\u00e1tsz\u00f3t, stb.<\/p>\n<p>K\u00e9rj\u00fck \u00e9rt\u00e9keket ne hozzon mag\u00e1val, hiszen a k\u00f3rh\u00e1zban t\u00f6rt\u00e9n\u0151 benntart\u00f3zkod\u00e1sa alatt t\u00f6bbsz\u00f6r fog a k\u00fcl\u00f6nb\u00f6z\u0151 r\u00e9szlegek (ultrahang, m\u0171t\u0151, posztoperat\u00edv \u0151rz\u0151)\u00a0 k\u00f6z\u00f6tt mozogni \u00e9s az \u00e9rt\u00e9kek \u0151rz\u00e9se nem megoldott. Amennyiben ig\u00e9nyli \u00e9rt\u00e9keit az oszt\u00e1lyos f\u0151n\u0151v\u00e9r tudja elz\u00e1rni.<\/p>\n<p>K\u00e9rj\u00fck k\u00f3rh\u00e1zba \u00e9rkez\u00e9s el\u0151tt <strong>\u00e9kszereit<\/strong> \u00e9s amennyiben visel, k\u00f6r\u00f6mlakkot, <strong>m\u0171k\u00f6rm\u00f6t<\/strong>\u00a0 <strong>t\u00e1vol\u00edtsa<\/strong> el. A m\u0171t\u00e9ti ter\u00fclet higi\u00e9nikusan tart\u00e1sa miatt a <strong>nemiszervek ter\u00fclet\u00e9t le kell borotv\u00e1lni.<\/strong><strong>\u00a0<\/strong><\/p>\n<h4><strong>NAPIREND<\/strong><\/h4>\n<p>Reggel 06:00-kor a nap tiszt\u00e1lkod\u00e1ssal, h\u0151m\u00e9r\u0151z\u00e9ssel, \u00e1gyak, k\u00f3rtermek rendbet\u00e9tel\u00e9vel kezd\u0151dik, majd a vizsg\u00e1lati anyagok (v\u00e9r, vizelet, stb.) lev\u00e9tele k\u00f6vetkezik. A d\u00e9lel\u0151tti oszt\u00e1lyos vizit 07:30-kor kezd\u0151dik, amikor a betegek az aznapi \u00e9s a m\u00e1snapi vizsg\u00e1latokr\u00f3l, beavatkoz\u00e1sokr\u00f3l, hazabocs\u00e1jt\u00e1sr\u00f3l t\u00e1j\u00e9koztat\u00e1st kapnak<\/p>\n<p>Ekkor van lehet\u0151s\u00e9ge k\u00e9rdezni az oszt\u00e1lyvezet\u0151t\u0151l.<\/p>\n<p>K\u00e9rj\u00fck, hogy a reggeli vizit sor\u00e1n tart\u00f3zkodjon k\u00f3rterm\u00e9ben! A beavatkoz\u00e1sok, m\u0171t\u00e9ti ell\u00e1t\u00e1s, 08:00-kor kezd\u0151dik.<\/p>\n<p><strong>\u00c9TKEZ\u00c9SEK<\/strong><\/p>\n<p>Reggeli: 07:00<br \/>\nEb\u00e9d: 11:30<br \/>\nVacsora: Kioszt\u00e1sa a d\u00e9lut\u00e1ni \u00f3r\u00e1kban t\u00f6rt\u00e9nik.<\/p>\n<p><strong>L\u00c1TOGAT\u00c1SI REND<\/strong><\/p>\n<p>H\u00e9tk\u00f6znapokon \u00e9s h\u00e9tv\u00e9g\u00e9n: 16-17 \u00f3r\u00e1ig<\/p>\n<p>A l\u00e1togat\u00e1si rendet oszt\u00e1lyunkon szigor\u00faan betartjuk \u00e9s betartatjuk az oszt\u00e1lyos\u00a0 g\u00f6rd\u00fcl\u00e9kenny\u00e9 t\u00e9tele \u00e9rdek\u00e9ben.<\/p>\n<p>K\u00e9rj\u00fck, hogy a l\u00e1togat\u00e1s sor\u00e1n vegy\u00e9k figyelembe az al\u00e1bbiakat:<br \/>\n\u2013 A l\u00e1togat\u00e1si id\u0151ben egy betegn\u00e9l egyszerre csak k\u00e9t l\u00e1togat\u00f3 tart\u00f3zkodhat.<br \/>\n\u2013 10 \u00e9v alatti gyermek csak fel\u00fcgyelet mellett tart\u00f3zkodhat a Klinika ter\u00fclet\u00e9n.<br \/>\n\u2013 A Posztoperat\u00edv \u0150rz\u0151 l\u00e1togat\u00e1sa 10 \u00e9v alatti gyermek sz\u00e1m\u00e1ra nem enged\u00e9lyezett.<\/p>\n<h4><strong>HAZABOCS\u00c1T\u00c1S<\/strong><\/h4>\n<p>A Klinik\u00e1r\u00f3l t\u00f6rt\u00e9n\u0151 hazabocs\u00e1t\u00e1s id\u0151pontj\u00e1r\u00f3l kezel\u0151orvosa, vagy az oszt\u00e1lyvezet\u0151 t\u00e1j\u00e9koztatja \u00d6nt.<\/p>\n<p>A t\u00e1voz\u00e1s napj\u00e1nak d\u00e9lel\u0151ttj\u00e9n a klinikai tart\u00f3zkod\u00e1sr\u00f3l\u00a0<strong>z\u00e1r\u00f3jelent\u00e9st<\/strong>\u00a0\u00e9s\u00a0<strong>igazol\u00e1st\u00a0<\/strong>is kapnak, melyet a h\u00e1ziorvos\u00e1n\u00e1l bemutatva tudja igazolni t\u00e1pp\u00e9nzes jogosults\u00e1g\u00e1t.<\/p>\n","protected":false},"excerpt":{"rendered":"<p>A Semmelweis Egyetem Sz\u00fcl\u00e9szeti \u00e9s N\u0151gy\u00f3gy\u00e1szati Klinik\u00e1j\u00e1nak \u00dcll\u0151i \u00fati r\u00e9szleg\u00e9n l\u00e9trehozott Mi\u00f3ma Centrumban a mi\u00f3m\u00e1ra gyan\u00fas \u00fajonnan felfedezett, vagy m\u00e1r kor\u00e1bban mi\u00f3m\u00e1val diagnosztiz\u00e1lt betegek kivizsg\u00e1l\u00e1s\u00e1t, m\u0171t\u00e9ti ell\u00e1t\u00e1s\u00e1t, illetve m\u0171t\u00e9t ut\u00e1ni k\u00f6vet\u0151 ut\u00f3gondoz\u00e1s\u00e1t v\u00e9gezz\u00fck.\u00a0\u00a0 A m\u00e9h j\u00f3indulat\u00fa, annak izomsz\u00f6vet\u00e9b\u0151l kiindul\u00f3 daganata a mi\u00f3ma. A n\u0151i nemiszervek leggyakoribb daganata. <a href=\"#mioma\" target=\"null\" rel=\"noopener\">Olvasson t\u00f6bbet a mi\u00f3m\u00e1r\u00f3l \u2193<\/a> Term\u00e9szetesen mint minden betegs\u00e9g, \u00edgy a mi\u00f3ma diagn\u00f3zisa &hellip;<\/p>\n","protected":false},"author":102064,"featured_media":0,"parent":498,"menu_order":3,"comment_status":"closed","ping_status":"closed","template":"template-fullwidth.php","meta":{"_acf_changed":false,"footnotes":""},"categories":[24],"tags":[22],"class_list":["post-507","page","type-page","status-publish","hentry","category-szakrendelesek-es-osztalyok","tag-betegellatas"],"acf":[],"_links":{"self":[{"href":"https:\/\/semmelweis.hu\/noiklinika\/wp-json\/wp\/v2\/pages\/507","targetHints":{"allow":["GET"]}}],"collection":[{"href":"https:\/\/semmelweis.hu\/noiklinika\/wp-json\/wp\/v2\/pages"}],"about":[{"href":"https:\/\/semmelweis.hu\/noiklinika\/wp-json\/wp\/v2\/types\/page"}],"author":[{"embeddable":true,"href":"https:\/\/semmelweis.hu\/noiklinika\/wp-json\/wp\/v2\/users\/102064"}],"replies":[{"embeddable":true,"href":"https:\/\/semmelweis.hu\/noiklinika\/wp-json\/wp\/v2\/comments?post=507"}],"version-history":[{"count":10,"href":"https:\/\/semmelweis.hu\/noiklinika\/wp-json\/wp\/v2\/pages\/507\/revisions"}],"predecessor-version":[{"id":1260,"href":"https:\/\/semmelweis.hu\/noiklinika\/wp-json\/wp\/v2\/pages\/507\/revisions\/1260"}],"up":[{"embeddable":true,"href":"https:\/\/semmelweis.hu\/noiklinika\/wp-json\/wp\/v2\/pages\/498"}],"wp:attachment":[{"href":"https:\/\/semmelweis.hu\/noiklinika\/wp-json\/wp\/v2\/media?parent=507"}],"wp:term":[{"taxonomy":"category","embeddable":true,"href":"https:\/\/semmelweis.hu\/noiklinika\/wp-json\/wp\/v2\/categories?post=507"},{"taxonomy":"post_tag","embeddable":true,"href":"https:\/\/semmelweis.hu\/noiklinika\/wp-json\/wp\/v2\/tags?post=507"}],"curies":[{"name":"wp","href":"https:\/\/api.w.org\/{rel}","templated":true}]}}