{"id":504,"date":"2022-05-22T11:58:38","date_gmt":"2022-05-22T09:58:38","guid":{"rendered":"https:\/\/semmelweis.hu\/noiklinika\/?page_id=504"},"modified":"2025-03-04T11:40:52","modified_gmt":"2025-03-04T10:40:52","slug":"endokrinologiai-ambulancia","status":"publish","type":"page","link":"https:\/\/semmelweis.hu\/noiklinika\/ulloi\/szakrendelesek\/endokrinologiai-ambulancia\/","title":{"rendered":"Endokrinol\u00f3giai \u00e9s diabetol\u00f3giai szakambulancia &#8211; \u00dcll\u0151i \u00fat"},"content":{"rendered":"<div class=\"keretes w-100\">\n<h4><strong>Rendel:<\/strong><\/h4>\n<h4>Dr. Hal\u00e1sz l\u00e1szl\u00f3 &#8211; gdm ambulancia<\/h4>\n<h4>Dr. Gerszi d\u00f3ra<br \/>\nDr. greff dorina<\/h4>\n<p><a href=\"https:\/\/semmelweis.hu\/noiklinika\/ulloi\/idopontfoglalas-ulloi\/\">Id\u0151pontfoglal\u00e1s \u2192<\/a><\/p>\n<p><strong>Telefon:<\/strong> <a href=\"tel:+3614591500\">+36 1 459 1500<\/a> \/ 53360-as mell\u00e9k<br \/>\n<strong>Helye:<\/strong> \u00dcll\u0151i \u00fati R\u00e9szleg, Ambulancia <br \/>\n1082 Budapest, \u00dcll\u0151i \u00fat 78\/a<\/p>\n<\/div>\n<p>Az endokrinol\u00f3giai ell\u00e1t\u00e1s id\u0151ig\u00e9nyes, ennek biztos\u00edt\u00e1s\u00e1ra \u00e9s a betegek idej\u00e9nek tiszteletben tart\u00e1s\u00e1ra, a g\u00f6rd\u00fcl\u00e9keny betegell\u00e1t\u00e1s \u00e9rdek\u00e9ben <strong>el\u0151jegyz\u00e9si rendszer<\/strong>t vezett\u00fcnk be, s\u00fcrg\u0151s esetet csak abban az esetben \u00e1ll m\u00f3dunkban fogadni, ha a beutal\u00f3 orvos err\u0151l telefonon egyeztet. A betegfogad\u00e1s a rendel\u00e9s v\u00e9ge el\u0151tt f\u00e9l \u00f3r\u00e1val befejez\u0151dik.<\/p>\n<h4><strong>Az Endokrinol\u00f3giai szakrendel\u00e9sr\u0151l<\/strong><\/h4>\n<p>Endokrin szakrendel\u00e9s keretein bel\u00fcl a szervezet hormonh\u00e1ztart\u00e1s\u00e1nak zavarait, a bels\u0151 elv\u00e1laszt\u00e1s\u00fa mirigyek alul- \u00e9s t\u00falm\u0171k\u00f6d\u00e9s\u00e9t (hypo-hyper functio) vizsg\u00e1ljuk, kezelj\u00fck. Az endokrin rendszer legfontosabb feladata a szervezet\u00fcnk \u00e9lettani folyamatainak szab\u00e1lyoz\u00e1sa, illetve a bels\u0151 k\u00f6rnyezeti \u00e1lland\u00f3s\u00e1g\u00e1nak biztos\u00edt\u00e1sa hormonok seg\u00edts\u00e9g\u00e9vel.<\/p>\n<p>Klinik\u00e1nk ambulanci\u00e1ja els\u0151sorban a n\u0151i nemi szervek m\u0171k\u00f6d\u00e9s\u00e9nek ir\u00e1ny\u00edt\u00e1s\u00e1ban jelent\u0151s szerepet j\u00e1tsz\u00f3 n\u0151i nemi hormonok \u00e9s azok zavarainak kivizsg\u00e1l\u00e1s\u00e1val foglalkozik. Ezek egyens\u00falyzavara eset\u00e9n kialakulhatnak n\u0151gy\u00f3gy\u00e1szati endokrinol\u00f3giai k\u00f3rk\u00e9pek: menstru\u00e1ci\u00f3s zavarok, a petef\u00e9szek-m\u0171k\u00f6d\u00e9s zavarai, medd\u0151s\u00e9gi probl\u00e9m\u00e1k, policiszt\u00e1s petef\u00e9szek szindr\u00f3ma, fokozott sz\u0151rn\u00f6veked\u00e9s (hirzutizmus). A terhess\u00e9gi diabetes az inzulinh\u00e1ztart\u00e1s zavara miatt alakul ki terhess\u00e9g alatt, \u00edgy ennek kivizsg\u00e1l\u00e1sa \u00e9s gondoz\u00e1sa az ambulancia egy specifikus alter\u00fclete.<\/p>\n<p>&nbsp;<\/p>\n<p>&nbsp;<\/p>\n","protected":false},"excerpt":{"rendered":"<p>Rendel: Dr. Hal\u00e1sz l\u00e1szl\u00f3 &#8211; gdm ambulancia Dr. Gerszi d\u00f3ra Dr. greff dorina <a href=\"https:\/\/semmelweis.hu\/noiklinika\/ulloi\/idopontfoglalas-ulloi\/\">Id\u0151pontfoglal\u00e1s \u2192<\/a> Telefon: <a href=\"tel:+3614591500\">+36 1 459 1500<\/a> \/ 53360-as mell\u00e9k Helye: \u00dcll\u0151i \u00fati R\u00e9szleg, Ambulancia 1082 Budapest, \u00dcll\u0151i \u00fat 78\/a Az endokrinol\u00f3giai ell\u00e1t\u00e1s id\u0151ig\u00e9nyes, ennek biztos\u00edt\u00e1s\u00e1ra \u00e9s a betegek idej\u00e9nek tiszteletben tart\u00e1s\u00e1ra, a g\u00f6rd\u00fcl\u00e9keny betegell\u00e1t\u00e1s \u00e9rdek\u00e9ben el\u0151jegyz\u00e9si rendszert vezett\u00fcnk be, s\u00fcrg\u0151s esetet csak abban az esetben \u00e1ll m\u00f3dunkban &hellip;<\/p>\n","protected":false},"author":102064,"featured_media":0,"parent":498,"menu_order":1,"comment_status":"closed","ping_status":"closed","template":"","meta":{"_acf_changed":false,"footnotes":""},"categories":[24],"tags":[22],"class_list":["post-504","page","type-page","status-publish","hentry","category-szakrendelesek-es-osztalyok","tag-betegellatas"],"acf":[],"_links":{"self":[{"href":"https:\/\/semmelweis.hu\/noiklinika\/wp-json\/wp\/v2\/pages\/504","targetHints":{"allow":["GET"]}}],"collection":[{"href":"https:\/\/semmelweis.hu\/noiklinika\/wp-json\/wp\/v2\/pages"}],"about":[{"href":"https:\/\/semmelweis.hu\/noiklinika\/wp-json\/wp\/v2\/types\/page"}],"author":[{"embeddable":true,"href":"https:\/\/semmelweis.hu\/noiklinika\/wp-json\/wp\/v2\/users\/102064"}],"replies":[{"embeddable":true,"href":"https:\/\/semmelweis.hu\/noiklinika\/wp-json\/wp\/v2\/comments?post=504"}],"version-history":[{"count":10,"href":"https:\/\/semmelweis.hu\/noiklinika\/wp-json\/wp\/v2\/pages\/504\/revisions"}],"predecessor-version":[{"id":1316,"href":"https:\/\/semmelweis.hu\/noiklinika\/wp-json\/wp\/v2\/pages\/504\/revisions\/1316"}],"up":[{"embeddable":true,"href":"https:\/\/semmelweis.hu\/noiklinika\/wp-json\/wp\/v2\/pages\/498"}],"wp:attachment":[{"href":"https:\/\/semmelweis.hu\/noiklinika\/wp-json\/wp\/v2\/media?parent=504"}],"wp:term":[{"taxonomy":"category","embeddable":true,"href":"https:\/\/semmelweis.hu\/noiklinika\/wp-json\/wp\/v2\/categories?post=504"},{"taxonomy":"post_tag","embeddable":true,"href":"https:\/\/semmelweis.hu\/noiklinika\/wp-json\/wp\/v2\/tags?post=504"}],"curies":[{"name":"wp","href":"https:\/\/api.w.org\/{rel}","templated":true}]}}