{"id":495,"date":"2022-05-22T11:46:43","date_gmt":"2022-05-22T09:46:43","guid":{"rendered":"https:\/\/semmelweis.hu\/noiklinika\/?page_id=495"},"modified":"2023-08-28T08:29:13","modified_gmt":"2023-08-28T06:29:13","slug":"idopontfoglalas-ulloi","status":"publish","type":"page","link":"https:\/\/semmelweis.hu\/noiklinika\/ulloi\/idopontfoglalas-ulloi\/","title":{"rendered":"Id\u0151pontfoglal\u00e1s &#8211; \u00dcll\u0151i \u00fat"},"content":{"rendered":"\n<!-- iframe plugin v.4.9 wordpress.org\/plugins\/iframe\/ -->\n<iframe loading=\"lazy\" id=\"iframe\" src=\"https:\/\/elojegyzes.meditime.hu\/4\" frameborder=\"0\" scrolling=\"no\" width=\"100%\" height=\"500\" class=\"iframe-class\"><\/iframe>\n\n","protected":false},"excerpt":{"rendered":"","protected":false},"author":102064,"featured_media":0,"parent":84,"menu_order":0,"comment_status":"closed","ping_status":"closed","template":"template-fullwidth.php","meta":{"_acf_changed":false,"footnotes":""},"categories":[],"tags":[],"class_list":["post-495","page","type-page","status-publish","hentry"],"acf":[],"_links":{"self":[{"href":"https:\/\/semmelweis.hu\/noiklinika\/wp-json\/wp\/v2\/pages\/495","targetHints":{"allow":["GET"]}}],"collection":[{"href":"https:\/\/semmelweis.hu\/noiklinika\/wp-json\/wp\/v2\/pages"}],"about":[{"href":"https:\/\/semmelweis.hu\/noiklinika\/wp-json\/wp\/v2\/types\/page"}],"author":[{"embeddable":true,"href":"https:\/\/semmelweis.hu\/noiklinika\/wp-json\/wp\/v2\/users\/102064"}],"replies":[{"embeddable":true,"href":"https:\/\/semmelweis.hu\/noiklinika\/wp-json\/wp\/v2\/comments?post=495"}],"version-history":[{"count":5,"href":"https:\/\/semmelweis.hu\/noiklinika\/wp-json\/wp\/v2\/pages\/495\/revisions"}],"predecessor-version":[{"id":1102,"href":"https:\/\/semmelweis.hu\/noiklinika\/wp-json\/wp\/v2\/pages\/495\/revisions\/1102"}],"up":[{"embeddable":true,"href":"https:\/\/semmelweis.hu\/noiklinika\/wp-json\/wp\/v2\/pages\/84"}],"wp:attachment":[{"href":"https:\/\/semmelweis.hu\/noiklinika\/wp-json\/wp\/v2\/media?parent=495"}],"wp:term":[{"taxonomy":"category","embeddable":true,"href":"https:\/\/semmelweis.hu\/noiklinika\/wp-json\/wp\/v2\/categories?post=495"},{"taxonomy":"post_tag","embeddable":true,"href":"https:\/\/semmelweis.hu\/noiklinika\/wp-json\/wp\/v2\/tags?post=495"}],"curies":[{"name":"wp","href":"https:\/\/api.w.org\/{rel}","templated":true}]}}