{"id":484,"date":"2022-05-22T10:57:35","date_gmt":"2022-05-22T08:57:35","guid":{"rendered":"https:\/\/semmelweis.hu\/noiklinika\/?page_id=484"},"modified":"2023-05-24T10:06:05","modified_gmt":"2023-05-24T08:06:05","slug":"betegellatas","status":"publish","type":"page","link":"https:\/\/semmelweis.hu\/noiklinika\/ulloi\/fekvobeteg-ellatas\/betegellatas\/","title":{"rendered":"Betegfelv\u00e9teli inform\u00e1ci\u00f3k az \u00dcll\u0151i \u00fati R\u00e9szlegen"},"content":{"rendered":"<h1>BETEGFELV\u00c9TEL<\/h1>\n<h4><strong>HOL?<br \/>\n<\/strong><\/h4>\n<p><strong>\u00dcll\u0151i \u00fati r\u00e9szleg <\/strong>(1082 Budapest, VIII. \u00dcll\u0151i \u00fat 78\/A.<span class=\"LrzXr\">)\u00a0<\/span>\u00a0\u00a0<\/p>\n<div class=\"keretes w-100\">\n<p>Minden kedves p\u00e1cienst megk\u00e9rn\u00e9nk, <strong>aki fekv\u0151beteg ell\u00e1t\u00e1sra jelentkezik, hogy reggel 7:00-ra \u00e9rkezzen<\/strong>. A regisztr\u00e1ci\u00f3 az \u00dcll\u0151i \u00fati \u00e9p\u00fclet <strong>magasf\u00f6ldszint<\/strong>j\u00e9n a <strong>Felv\u00e9teli Irod\u00e1n\u00e1l<\/strong> t\u00f6rt\u00e9nik.<\/p>\n<\/div>\n<h6>Szakambulanci\u00e1inkra a bejelentkez\u00e9s kiz\u00e1r\u00f3lag online m\u00f3don t\u00f6rt\u00e9nik.<\/h6>\n<p><strong><a class=\"btn btn-secondary\" href=\"https:\/\/semmelweis.hu\/noiklinika\/ulloi\/idopontfoglalas-ulloi\/\">Bejelentkezem szakambulanci\u00e1ra<\/a><\/strong><\/p>\n<h5>Sz\u00fcks\u00e9gesek az al\u00e1bbi dokumentumok:<\/h5>\n<ul>\n<li>szem\u00e9lyi igazolv\u00e1ny,<\/li>\n<li>lakc\u00edm k\u00e1rtya,<\/li>\n<li>betegbiztos\u00edt\u00e1si (TAJ) k\u00e1rtya\u00a0<\/li>\n<li>a m\u0171t\u00e9ti beavatkoz\u00e1shoz sz\u00fcks\u00e9ges leletek,<\/li>\n<li>nem s\u00fcrg\u0151s esetekben beutal\u00f3,<\/li>\n<li>ha vannak, r\u00e9gi z\u00e1r\u00f3jelent\u00e9sek, egy\u00e9b orvosi dokumentumok.\u00a0<\/li>\n<\/ul>\n<p>Az egy\u00e9b sz\u00fcks\u00e9ges t\u00e1rgyak list\u00e1j\u00e1t megtal\u00e1lj\u00e1k <a href=\"https:\/\/semmelweis.hu\/noiklinika\/category\/szakrendelesek-es-osztalyok\/\">a k\u00fcl\u00f6nb\u00f6z\u0151 oszt\u00e1lyok men\u00fcpontjaiban<\/a>.<\/p>\n","protected":false},"excerpt":{"rendered":"<p>BETEGFELV\u00c9TEL HOL? \u00dcll\u0151i \u00fati r\u00e9szleg (1082 Budapest, VIII. \u00dcll\u0151i \u00fat 78\/A.)\u00a0\u00a0\u00a0 Minden kedves p\u00e1cienst megk\u00e9rn\u00e9nk, aki fekv\u0151beteg ell\u00e1t\u00e1sra jelentkezik, hogy reggel 7:00-ra \u00e9rkezzen. A regisztr\u00e1ci\u00f3 az \u00dcll\u0151i \u00fati \u00e9p\u00fclet magasf\u00f6ldszintj\u00e9n a Felv\u00e9teli Irod\u00e1n\u00e1l t\u00f6rt\u00e9nik. Szakambulanci\u00e1inkra a bejelentkez\u00e9s kiz\u00e1r\u00f3lag online m\u00f3don t\u00f6rt\u00e9nik. <a class=\"btn btn-secondary\" href=\"https:\/\/semmelweis.hu\/noiklinika\/ulloi\/idopontfoglalas-ulloi\/\">Bejelentkezem szakambulanci\u00e1ra<\/a> Sz\u00fcks\u00e9gesek az al\u00e1bbi dokumentumok: szem\u00e9lyi igazolv\u00e1ny, lakc\u00edm k\u00e1rtya, betegbiztos\u00edt\u00e1si (TAJ) k\u00e1rtya\u00a0 a m\u0171t\u00e9ti beavatkoz\u00e1shoz &hellip;<\/p>\n","protected":false},"author":102064,"featured_media":0,"parent":517,"menu_order":0,"comment_status":"closed","ping_status":"closed","template":"","meta":{"_acf_changed":false,"footnotes":""},"categories":[],"tags":[],"class_list":["post-484","page","type-page","status-publish","hentry"],"acf":[],"_links":{"self":[{"href":"https:\/\/semmelweis.hu\/noiklinika\/wp-json\/wp\/v2\/pages\/484","targetHints":{"allow":["GET"]}}],"collection":[{"href":"https:\/\/semmelweis.hu\/noiklinika\/wp-json\/wp\/v2\/pages"}],"about":[{"href":"https:\/\/semmelweis.hu\/noiklinika\/wp-json\/wp\/v2\/types\/page"}],"author":[{"embeddable":true,"href":"https:\/\/semmelweis.hu\/noiklinika\/wp-json\/wp\/v2\/users\/102064"}],"replies":[{"embeddable":true,"href":"https:\/\/semmelweis.hu\/noiklinika\/wp-json\/wp\/v2\/comments?post=484"}],"version-history":[{"count":10,"href":"https:\/\/semmelweis.hu\/noiklinika\/wp-json\/wp\/v2\/pages\/484\/revisions"}],"predecessor-version":[{"id":1082,"href":"https:\/\/semmelweis.hu\/noiklinika\/wp-json\/wp\/v2\/pages\/484\/revisions\/1082"}],"up":[{"embeddable":true,"href":"https:\/\/semmelweis.hu\/noiklinika\/wp-json\/wp\/v2\/pages\/517"}],"wp:attachment":[{"href":"https:\/\/semmelweis.hu\/noiklinika\/wp-json\/wp\/v2\/media?parent=484"}],"wp:term":[{"taxonomy":"category","embeddable":true,"href":"https:\/\/semmelweis.hu\/noiklinika\/wp-json\/wp\/v2\/categories?post=484"},{"taxonomy":"post_tag","embeddable":true,"href":"https:\/\/semmelweis.hu\/noiklinika\/wp-json\/wp\/v2\/tags?post=484"}],"curies":[{"name":"wp","href":"https:\/\/api.w.org\/{rel}","templated":true}]}}