{"id":367,"date":"2021-10-02T08:13:16","date_gmt":"2021-10-02T06:13:16","guid":{"rendered":"https:\/\/semmelweis.hu\/noiklinika\/?page_id=367"},"modified":"2025-01-30T12:08:09","modified_gmt":"2025-01-30T11:08:09","slug":"koraszulott-utanvizsgalati-ambulancia","status":"publish","type":"page","link":"https:\/\/semmelweis.hu\/noiklinika\/baross\/jarobeteg\/koraszulott-utanvizsgalati-ambulancia\/","title":{"rendered":"Korasz\u00fcl\u00f6tt Ut\u00e1nvizsg\u00e1lati Ambulancia &#8211; Baross utca"},"content":{"rendered":"<h1>Korasz\u00fcl\u00f6tt Ut\u00e1nvizsg\u00e1lati Ambulancia<\/h1>\n<div class=\"keretes w-100\">\n<p><strong>Szakrendel\u00e9s helysz\u00edne: <\/strong><strong>Baross utcai r\u00e9szleg\u00a0<\/strong>(1088 Budapest,<span class=\"LrzXr\"> Baross u. 27.) \u2013\u00a0<\/span>Pavilon f\u00f6ldszint<\/p>\n<p><strong>M\u0171k\u00f6d\u00e9s rendje, id\u0151pont szerint:<\/strong><\/p>\n<ul style=\"list-style-type: square\">\n<li>H\u00e9tf\u0151: <br \/>\n14.00 \u2013 16.30 fejl\u0151d\u00e9spszichol\u00f3gia<\/li>\n<li>Kedd:<br \/>\n09.00 \u2013 15.00 fejl\u0151d\u00e9sneurol\u00f3gia, kondukt\u00edv pedag\u00f3gia<br \/>\n14.00 \u2013 16.30 logop\u00e9dia<\/li>\n<li>Szerda:<br \/>\n08.30 \u2013 16.00 fejl\u0151d\u00e9spszichol\u00f3gia<\/li>\n<li>Cs\u00fct\u00f6rt\u00f6k:<br \/>\n09.00 \u2013 15.00 fejl\u0151d\u00e9sneurol\u00f3gia<\/li>\n<\/ul>\n<p><strong>Rendel\u0151 orvosok neve:<\/strong><\/p>\n<p>Dr. Beke Anna M\u00e1ria PHD gyermekgy\u00f3gy\u00e1sz, neonatol\u00f3gus, gyermekneurol\u00f3gus \u2013 ambulancia vezet\u0151<\/p>\n<p><strong>Munkat\u00e1rsak:<\/strong><\/p>\n<p>Nagy Anett PHD klinikai pszichol\u00f3gus<br \/>\nSzesz\u00e1k Szilvia logop\u00e9dus-gy\u00f3gypedag\u00f3gus<br \/>\nMakk \u00c1d\u00e1m konduktor<br \/>\nRaczki Krisztina asszisztens<\/p>\n<p><strong>Beutal\u00f3, el\u0151jegyz\u00e9si id\u0151pont: <\/strong>El\u0151jegyz\u00e9si id\u0151pont sz\u00fcks\u00e9ges<br \/>\n<strong>Telefonsz\u00e1m a bejelentkez\u00e9shez:<\/strong><br \/>\n<strong>06 1 459 1500 \/ 54265<\/strong><br \/>\n<strong>06 20 670 1438<\/strong><br \/>\n<strong>E-mail: <\/strong>utanvizsgalo.noibaross@med.semmelweis-univ.hu<\/p>\n<\/div>\n","protected":false},"excerpt":{"rendered":"<p>Korasz\u00fcl\u00f6tt Ut\u00e1nvizsg\u00e1lati Ambulancia Szakrendel\u00e9s helysz\u00edne: Baross utcai r\u00e9szleg\u00a0(1088 Budapest, Baross u. 27.) \u2013\u00a0Pavilon f\u00f6ldszint M\u0171k\u00f6d\u00e9s rendje, id\u0151pont szerint: H\u00e9tf\u0151: 14.00 \u2013 16.30 fejl\u0151d\u00e9spszichol\u00f3gia Kedd: 09.00 \u2013 15.00 fejl\u0151d\u00e9sneurol\u00f3gia, kondukt\u00edv pedag\u00f3gia 14.00 \u2013 16.30 logop\u00e9dia Szerda: 08.30 \u2013 16.00 fejl\u0151d\u00e9spszichol\u00f3gia Cs\u00fct\u00f6rt\u00f6k: 09.00 \u2013 15.00 fejl\u0151d\u00e9sneurol\u00f3gia Rendel\u0151 orvosok neve: Dr. Beke Anna M\u00e1ria PHD gyermekgy\u00f3gy\u00e1sz, neonatol\u00f3gus, gyermekneurol\u00f3gus &hellip;<\/p>\n","protected":false},"author":12,"featured_media":0,"parent":99,"menu_order":10,"comment_status":"closed","ping_status":"closed","template":"","meta":{"_acf_changed":false,"footnotes":""},"categories":[24],"tags":[22],"class_list":["post-367","page","type-page","status-publish","hentry","category-szakrendelesek-es-osztalyok","tag-betegellatas"],"acf":[],"_links":{"self":[{"href":"https:\/\/semmelweis.hu\/noiklinika\/wp-json\/wp\/v2\/pages\/367","targetHints":{"allow":["GET"]}}],"collection":[{"href":"https:\/\/semmelweis.hu\/noiklinika\/wp-json\/wp\/v2\/pages"}],"about":[{"href":"https:\/\/semmelweis.hu\/noiklinika\/wp-json\/wp\/v2\/types\/page"}],"author":[{"embeddable":true,"href":"https:\/\/semmelweis.hu\/noiklinika\/wp-json\/wp\/v2\/users\/12"}],"replies":[{"embeddable":true,"href":"https:\/\/semmelweis.hu\/noiklinika\/wp-json\/wp\/v2\/comments?post=367"}],"version-history":[{"count":6,"href":"https:\/\/semmelweis.hu\/noiklinika\/wp-json\/wp\/v2\/pages\/367\/revisions"}],"predecessor-version":[{"id":1276,"href":"https:\/\/semmelweis.hu\/noiklinika\/wp-json\/wp\/v2\/pages\/367\/revisions\/1276"}],"up":[{"embeddable":true,"href":"https:\/\/semmelweis.hu\/noiklinika\/wp-json\/wp\/v2\/pages\/99"}],"wp:attachment":[{"href":"https:\/\/semmelweis.hu\/noiklinika\/wp-json\/wp\/v2\/media?parent=367"}],"wp:term":[{"taxonomy":"category","embeddable":true,"href":"https:\/\/semmelweis.hu\/noiklinika\/wp-json\/wp\/v2\/categories?post=367"},{"taxonomy":"post_tag","embeddable":true,"href":"https:\/\/semmelweis.hu\/noiklinika\/wp-json\/wp\/v2\/tags?post=367"}],"curies":[{"name":"wp","href":"https:\/\/api.w.org\/{rel}","templated":true}]}}