{"id":365,"date":"2021-10-02T08:12:48","date_gmt":"2021-10-02T06:12:48","guid":{"rendered":"https:\/\/semmelweis.hu\/noiklinika\/?page_id=365"},"modified":"2025-09-04T09:32:18","modified_gmt":"2025-09-04T07:32:18","slug":"gyermeknogyogyaszati-szakambulancia","status":"publish","type":"page","link":"https:\/\/semmelweis.hu\/noiklinika\/baross\/jarobeteg\/gyermeknogyogyaszati-szakambulancia\/","title":{"rendered":"Gyermekn\u0151gy\u00f3gy\u00e1szati szakambulancia &#8211; Baross utca"},"content":{"rendered":"<h1>Gyermekn\u0151gy\u00f3gy\u00e1szati szakambulancia<\/h1>\n<div class=\"keretes w-100\">\n<p><strong>Szakrendel\u00e9s helysz\u00edne: <\/strong><strong>Baross utcai r\u00e9szleg\u00a0<\/strong>(1088 Budapest,<span class=\"LrzXr\"> Baross u. 27.) \u2013\u00a0<\/span>M\u00e9lyf\u00f6ldszint 2-es ajt\u00f3<\/p>\n<p><strong>M\u0171k\u00f6d\u00e9s rendje, id\u0151pont szerint:<\/strong><\/p>\n<ul style=\"list-style-type: square\">\n<li>H\u00e9tf\u0151: 09.00 \u2013 12.00<\/li>\n<\/ul>\n<p><strong>Rendel\u0151 orvosok neve:<\/strong><\/p>\n<p>Dr. Prosszer M\u00e1ria &#8211; ambulanciavezet\u0151<br \/>\nDr. F\u00e9derer Krisztina<br \/>\nDr. Szentirmay Apolka<br \/>\nDr. T\u00f3th Edina<\/p>\n<p><strong>Beutal\u00f3, el\u0151jegyz\u00e9si id\u0151pont: <\/strong>El\u0151jegyz\u00e9si id\u0151pont sz\u00fcks\u00e9ges<br \/>\n<strong>Bejelentkez\u00e9s: EESZT &#8211; kereszt\u00fcl<\/strong><br \/>\nK\u00e9rj\u00fck vegy\u00e9k figyelembe, hogy az EESZT-ben az el\u0151jegyz\u00e9si opci\u00f3 a sz\u00fcl\u00e9szet-n\u0151gy\u00f3gy\u00e1szaton bel\u00fcl tal\u00e1lhat\u00f3, nem a gyermekn\u0151gy\u00f3gy\u00e1szat f\u00fcl alatt.<\/p>\n<p>Akut panaszok eset\u00e9n el\u0151zetes telefonos egyeztet\u00e9s sz\u00fcks\u00e9ges.<\/p>\n<\/div>\n","protected":false},"excerpt":{"rendered":"<p>Gyermekn\u0151gy\u00f3gy\u00e1szati szakambulancia Szakrendel\u00e9s helysz\u00edne: Baross utcai r\u00e9szleg\u00a0(1088 Budapest, Baross u. 27.) \u2013\u00a0M\u00e9lyf\u00f6ldszint 2-es ajt\u00f3 M\u0171k\u00f6d\u00e9s rendje, id\u0151pont szerint: H\u00e9tf\u0151: 09.00 \u2013 12.00 Rendel\u0151 orvosok neve: Dr. Prosszer M\u00e1ria &#8211; ambulanciavezet\u0151 Dr. F\u00e9derer Krisztina Dr. Szentirmay Apolka Dr. T\u00f3th Edina Beutal\u00f3, el\u0151jegyz\u00e9si id\u0151pont: El\u0151jegyz\u00e9si id\u0151pont sz\u00fcks\u00e9ges Bejelentkez\u00e9s: EESZT &#8211; kereszt\u00fcl K\u00e9rj\u00fck vegy\u00e9k figyelembe, hogy az EESZT-ben &hellip;<\/p>\n","protected":false},"author":12,"featured_media":0,"parent":99,"menu_order":9,"comment_status":"closed","ping_status":"closed","template":"","meta":{"_acf_changed":false,"footnotes":""},"categories":[24],"tags":[22],"class_list":["post-365","page","type-page","status-publish","hentry","category-szakrendelesek-es-osztalyok","tag-betegellatas"],"acf":[],"_links":{"self":[{"href":"https:\/\/semmelweis.hu\/noiklinika\/wp-json\/wp\/v2\/pages\/365","targetHints":{"allow":["GET"]}}],"collection":[{"href":"https:\/\/semmelweis.hu\/noiklinika\/wp-json\/wp\/v2\/pages"}],"about":[{"href":"https:\/\/semmelweis.hu\/noiklinika\/wp-json\/wp\/v2\/types\/page"}],"author":[{"embeddable":true,"href":"https:\/\/semmelweis.hu\/noiklinika\/wp-json\/wp\/v2\/users\/12"}],"replies":[{"embeddable":true,"href":"https:\/\/semmelweis.hu\/noiklinika\/wp-json\/wp\/v2\/comments?post=365"}],"version-history":[{"count":10,"href":"https:\/\/semmelweis.hu\/noiklinika\/wp-json\/wp\/v2\/pages\/365\/revisions"}],"predecessor-version":[{"id":1356,"href":"https:\/\/semmelweis.hu\/noiklinika\/wp-json\/wp\/v2\/pages\/365\/revisions\/1356"}],"up":[{"embeddable":true,"href":"https:\/\/semmelweis.hu\/noiklinika\/wp-json\/wp\/v2\/pages\/99"}],"wp:attachment":[{"href":"https:\/\/semmelweis.hu\/noiklinika\/wp-json\/wp\/v2\/media?parent=365"}],"wp:term":[{"taxonomy":"category","embeddable":true,"href":"https:\/\/semmelweis.hu\/noiklinika\/wp-json\/wp\/v2\/categories?post=365"},{"taxonomy":"post_tag","embeddable":true,"href":"https:\/\/semmelweis.hu\/noiklinika\/wp-json\/wp\/v2\/tags?post=365"}],"curies":[{"name":"wp","href":"https:\/\/api.w.org\/{rel}","templated":true}]}}