{"id":361,"date":"2021-10-02T08:11:16","date_gmt":"2021-10-02T06:11:16","guid":{"rendered":"https:\/\/semmelweis.hu\/noiklinika\/?page_id=361"},"modified":"2026-03-13T08:13:55","modified_gmt":"2026-03-13T07:13:55","slug":"endokrinologiai-szakambulancia","status":"publish","type":"page","link":"https:\/\/semmelweis.hu\/noiklinika\/baross\/jarobeteg\/endokrinologiai-szakambulancia\/","title":{"rendered":"Endokrinol\u00f3giai szakambulancia &#8211; Baross utca"},"content":{"rendered":"<h1>Endokrinol\u00f3giai szakambulancia<\/h1>\n<div class=\"keretes w-100\">\n<p><strong>Szakrendel\u00e9s helysz\u00edne: <\/strong><strong>Baross utcai r\u00e9szleg\u00a0<\/strong>(1088 Budapest,<span class=\"LrzXr\"> Baross u. 27.) \u2013\u00a0<\/span>F\u00f6ldszint 3-as ajt\u00f3<\/p>\n<p><strong>M\u0171k\u00f6d\u00e9s rendje, id\u0151pont szerint:<\/strong><\/p>\n<ul style=\"list-style-type: square\">\n<li>Kedd, Cs\u00fct\u00f6rt\u00f6k: 9.00 \u2013 13.00<\/li>\n<\/ul>\n<p><strong>Rendel\u0151 orvosok neve:<\/strong><\/p>\n<p>Prof. Dr. Molvarec Attila \u2013 ambulancia vezet\u0151<br \/>\nDr. F\u00e9nyi Anett<br \/>\nDr. Szab\u00f3 Katalin<\/p>\n<p><strong>Beutal\u00f3, el\u0151jegyz\u00e9si id\u0151pont:<\/strong><\/p>\n<ul style=\"list-style-type: square\">\n<li>H\u00e9tf\u0151: 8:00 \u2013 14:00<\/li>\n<li>P\u00e9ntek: 8:00 \u2013 13:00<\/li>\n<\/ul>\n<p><strong>Telefonsz\u00e1m a bejelentkez\u00e9shez: <\/strong>06 1 459 1500 \/ 54278<\/p>\n<\/div>\n","protected":false},"excerpt":{"rendered":"<p>Endokrinol\u00f3giai szakambulancia Szakrendel\u00e9s helysz\u00edne: Baross utcai r\u00e9szleg\u00a0(1088 Budapest, Baross u. 27.) \u2013\u00a0F\u00f6ldszint 3-as ajt\u00f3 M\u0171k\u00f6d\u00e9s rendje, id\u0151pont szerint: Kedd, Cs\u00fct\u00f6rt\u00f6k: 9.00 \u2013 13.00 Rendel\u0151 orvosok neve: Prof. Dr. Molvarec Attila \u2013 ambulancia vezet\u0151 Dr. F\u00e9nyi Anett Dr. Szab\u00f3 Katalin Beutal\u00f3, el\u0151jegyz\u00e9si id\u0151pont: H\u00e9tf\u0151: 8:00 \u2013 14:00 P\u00e9ntek: 8:00 \u2013 13:00 Telefonsz\u00e1m a bejelentkez\u00e9shez: 06 1 &hellip;<\/p>\n","protected":false},"author":12,"featured_media":0,"parent":99,"menu_order":7,"comment_status":"closed","ping_status":"closed","template":"","meta":{"_acf_changed":false,"footnotes":""},"categories":[24],"tags":[22],"class_list":["post-361","page","type-page","status-publish","hentry","category-szakrendelesek-es-osztalyok","tag-betegellatas"],"acf":[],"_links":{"self":[{"href":"https:\/\/semmelweis.hu\/noiklinika\/wp-json\/wp\/v2\/pages\/361","targetHints":{"allow":["GET"]}}],"collection":[{"href":"https:\/\/semmelweis.hu\/noiklinika\/wp-json\/wp\/v2\/pages"}],"about":[{"href":"https:\/\/semmelweis.hu\/noiklinika\/wp-json\/wp\/v2\/types\/page"}],"author":[{"embeddable":true,"href":"https:\/\/semmelweis.hu\/noiklinika\/wp-json\/wp\/v2\/users\/12"}],"replies":[{"embeddable":true,"href":"https:\/\/semmelweis.hu\/noiklinika\/wp-json\/wp\/v2\/comments?post=361"}],"version-history":[{"count":11,"href":"https:\/\/semmelweis.hu\/noiklinika\/wp-json\/wp\/v2\/pages\/361\/revisions"}],"predecessor-version":[{"id":1376,"href":"https:\/\/semmelweis.hu\/noiklinika\/wp-json\/wp\/v2\/pages\/361\/revisions\/1376"}],"up":[{"embeddable":true,"href":"https:\/\/semmelweis.hu\/noiklinika\/wp-json\/wp\/v2\/pages\/99"}],"wp:attachment":[{"href":"https:\/\/semmelweis.hu\/noiklinika\/wp-json\/wp\/v2\/media?parent=361"}],"wp:term":[{"taxonomy":"category","embeddable":true,"href":"https:\/\/semmelweis.hu\/noiklinika\/wp-json\/wp\/v2\/categories?post=361"},{"taxonomy":"post_tag","embeddable":true,"href":"https:\/\/semmelweis.hu\/noiklinika\/wp-json\/wp\/v2\/tags?post=361"}],"curies":[{"name":"wp","href":"https:\/\/api.w.org\/{rel}","templated":true}]}}