{"id":359,"date":"2021-10-02T08:10:14","date_gmt":"2021-10-02T06:10:14","guid":{"rendered":"https:\/\/semmelweis.hu\/noiklinika\/?page_id=359"},"modified":"2026-03-13T08:17:09","modified_gmt":"2026-03-13T07:17:09","slug":"endometriosis-szakambulancia","status":"publish","type":"page","link":"https:\/\/semmelweis.hu\/noiklinika\/baross\/jarobeteg\/endometriosis-szakambulancia\/","title":{"rendered":"Endometriosis szakambulancia &#8211; Baross utca"},"content":{"rendered":"<h1>Endometriosis szakambulancia<\/h1>\n<div class=\"keretes w-100\">\n<p><strong>Szakrendel\u00e9s helysz\u00edne: <\/strong><strong>Baross utcai r\u00e9szleg\u00a0<\/strong>(1088 Budapest,<span class=\"LrzXr\"> Baross u. 27.) \u2013\u00a0<\/span>F\u00f6ldszint 3-as ajt\u00f3<\/p>\n<p><strong>M\u0171k\u00f6d\u00e9s rendje, el\u0151jegyz\u00e9s szerint:<\/strong><\/p>\n<ul style=\"list-style-type: square\">\n<li>H\u00e9tf\u0151: 8.00 \u2013 14.00<\/li>\n<li>Kedd: 8.00 \u2013 14.00<\/li>\n<\/ul>\n<p><strong>Rendel\u0151 orvosok:<\/strong><\/p>\n<p>Dr. Bokor Attila \u2013 ambulancia vezet\u0151<br \/>\nDr. Brubel R\u00e9ka<br \/>\nDr. Csibi No\u00e9mi<br \/>\nDr. Dob\u00f3 No\u00e9mi<br \/>\nDr. S\u00edk P\u00e1l Botond<\/p>\n<p><strong>\u00dcgyint\u00e9z\u00e9s az ambulanci\u00e1n 2026 \u00e1prilist\u00f3l:<\/strong><\/p>\n<p><strong>Telefonon:<\/strong> 06 1 459 1500 \/ 54278; 06 20 670 1487<\/p>\n<p><strong>Szem\u00e9lyesen: <\/strong><br \/>\n&#8211; GnRH injekci\u00f3 bead\u00e1sa: h\u00e9tf\u0151-kedd-cs\u00fct\u00f6rt\u00f6k (12.00-14.00), szerda (9.00-14.00)<br \/>\n&#8211; Ad\u00f3igazol\u00e1s ig\u00e9nyl\u00e9se: h\u00e9tf\u0151-kedd-cs\u00fct\u00f6rt\u00f6k (12.00-14.00), szerda (9.00-14.00)<\/p>\n<p><strong>Id\u0151pontfoglal\u00e1s: <\/strong><br \/>\n&#8211; EESZT<br \/>\n&#8211; Eg\u00e9szs\u00e9gAblak<\/p>\n<ul style=\"list-style-type: none\">\n<li>Foglal\u00e1s menete:<\/li>\n<ul style=\"list-style-type: decimal\">\n<li>Id\u0151pontok<\/li>\n<li>Id\u0151pontfoglal\u00e1s beutal\u00f3 n\u00e9lk\u00fcl<\/li>\n<li>Vizsg\u00e1lat: Sz\u00fcl\u00e9szet-N\u0151gy\u00f3gy\u00e1szat<\/li>\n<li>Int\u00e9zm\u00e9ny: Semmelweis Egyetem<\/li>\n<li>Vizsg\u00e1lat neve a felsorol\u00e1sban: Endometri\u00f3zis ambulancia<\/li>\n<\/ul>\n<\/ul>\n<p>&#8211; 1812 &#8211; Eg\u00e9szs\u00e9gvonal<\/p>\n<\/div>\n","protected":false},"excerpt":{"rendered":"<p>Endometriosis szakambulancia Szakrendel\u00e9s helysz\u00edne: Baross utcai r\u00e9szleg\u00a0(1088 Budapest, Baross u. 27.) \u2013\u00a0F\u00f6ldszint 3-as ajt\u00f3 M\u0171k\u00f6d\u00e9s rendje, el\u0151jegyz\u00e9s szerint: H\u00e9tf\u0151: 8.00 \u2013 14.00 Kedd: 8.00 \u2013 14.00 Rendel\u0151 orvosok: Dr. Bokor Attila \u2013 ambulancia vezet\u0151 Dr. Brubel R\u00e9ka Dr. Csibi No\u00e9mi Dr. Dob\u00f3 No\u00e9mi Dr. S\u00edk P\u00e1l Botond \u00dcgyint\u00e9z\u00e9s az ambulanci\u00e1n 2026 \u00e1prilist\u00f3l: Telefonon: 06 1 &hellip;<\/p>\n","protected":false},"author":12,"featured_media":0,"parent":99,"menu_order":6,"comment_status":"closed","ping_status":"closed","template":"","meta":{"_acf_changed":false,"footnotes":""},"categories":[24],"tags":[22],"class_list":["post-359","page","type-page","status-publish","hentry","category-szakrendelesek-es-osztalyok","tag-betegellatas"],"acf":[],"_links":{"self":[{"href":"https:\/\/semmelweis.hu\/noiklinika\/wp-json\/wp\/v2\/pages\/359","targetHints":{"allow":["GET"]}}],"collection":[{"href":"https:\/\/semmelweis.hu\/noiklinika\/wp-json\/wp\/v2\/pages"}],"about":[{"href":"https:\/\/semmelweis.hu\/noiklinika\/wp-json\/wp\/v2\/types\/page"}],"author":[{"embeddable":true,"href":"https:\/\/semmelweis.hu\/noiklinika\/wp-json\/wp\/v2\/users\/12"}],"replies":[{"embeddable":true,"href":"https:\/\/semmelweis.hu\/noiklinika\/wp-json\/wp\/v2\/comments?post=359"}],"version-history":[{"count":11,"href":"https:\/\/semmelweis.hu\/noiklinika\/wp-json\/wp\/v2\/pages\/359\/revisions"}],"predecessor-version":[{"id":1386,"href":"https:\/\/semmelweis.hu\/noiklinika\/wp-json\/wp\/v2\/pages\/359\/revisions\/1386"}],"up":[{"embeddable":true,"href":"https:\/\/semmelweis.hu\/noiklinika\/wp-json\/wp\/v2\/pages\/99"}],"wp:attachment":[{"href":"https:\/\/semmelweis.hu\/noiklinika\/wp-json\/wp\/v2\/media?parent=359"}],"wp:term":[{"taxonomy":"category","embeddable":true,"href":"https:\/\/semmelweis.hu\/noiklinika\/wp-json\/wp\/v2\/categories?post=359"},{"taxonomy":"post_tag","embeddable":true,"href":"https:\/\/semmelweis.hu\/noiklinika\/wp-json\/wp\/v2\/tags?post=359"}],"curies":[{"name":"wp","href":"https:\/\/api.w.org\/{rel}","templated":true}]}}