{"id":354,"date":"2021-10-02T08:07:39","date_gmt":"2021-10-02T06:07:39","guid":{"rendered":"https:\/\/semmelweis.hu\/noiklinika\/?page_id=354"},"modified":"2023-02-28T18:53:55","modified_gmt":"2023-02-28T17:53:55","slug":"nogyogyaszati-ambulancia","status":"publish","type":"page","link":"https:\/\/semmelweis.hu\/noiklinika\/baross\/jarobeteg\/nogyogyaszati-ambulancia\/","title":{"rendered":"N\u0151gy\u00f3gy\u00e1szati ambulancia &#8211; Baross utca"},"content":{"rendered":"<h1>N\u0151gy\u00f3gy\u00e1szati ambulancia<\/h1>\n<div class=\"keretes w-100\">\n<p><strong>Szakrendel\u00e9s helysz\u00edne: Baross utcai r\u00e9szleg <\/strong>(1088 Budapest,<span class=\"LrzXr\"> Baross u. 27.) &#8211; <\/span>F\u00f6ldszint 5-\u00f6s ajt\u00f3<\/p>\n<h4><strong>M\u0171k\u00f6d\u00e9s rendje, id\u0151pont szerint:<\/strong><\/h4>\n<ul style=\"list-style-type: square\">\n<li><strong>H\u00e9tf\u0151 \u2013 Cs\u00fct\u00f6rt\u00f6k:<\/strong><br \/>\n7.00 Kism\u0171t\u00e9tre \u00e9rkez\u0151 betegek fogad\u00e1sa<br \/>\n7.15 \u2013 8.30 Betegfelv\u00e9tel<br \/>\n8.30 Betegbemutat\u00e1s<br \/>\n9.00 \u2013 13.00 N\u0151gy\u00f3gy\u00e1szati ambul\u00e1ns betegek ell\u00e1t\u00e1sa<\/li>\n<li><strong>P\u00e9ntek:<\/strong><br \/>\n7.00 Kism\u0171t\u00e9tre \u00e9rkez\u0151 betegek fogad\u00e1sa<br \/>\n7.15 \u2013 8.30 Betegfelv\u00e9tel<br \/>\n8.30 Betegbemutat\u00e1s<br \/>\n9.00 \u2013 12.00 N\u0151gy\u00f3gy\u00e1szati ambul\u00e1ns betegek ell\u00e1t\u00e1sa<\/li>\n<\/ul>\n<p><strong>Beutal\u00f3, el\u0151jegyz\u00e9si id\u0151pont: <\/strong>sz\u00fcks\u00e9ges, el\u0151jegyz\u00e9s akut esetben mell\u0151zhet\u0151<br \/>\n<strong>Telefonsz\u00e1m a bejelentkez\u00e9shez: <\/strong>06 1 459 1500 \/ 54257<\/p>\n<\/div>\n","protected":false},"excerpt":{"rendered":"<p>N\u0151gy\u00f3gy\u00e1szati ambulancia Szakrendel\u00e9s helysz\u00edne: Baross utcai r\u00e9szleg (1088 Budapest, Baross u. 27.) &#8211; F\u00f6ldszint 5-\u00f6s ajt\u00f3 M\u0171k\u00f6d\u00e9s rendje, id\u0151pont szerint: H\u00e9tf\u0151 \u2013 Cs\u00fct\u00f6rt\u00f6k: 7.00 Kism\u0171t\u00e9tre \u00e9rkez\u0151 betegek fogad\u00e1sa 7.15 \u2013 8.30 Betegfelv\u00e9tel 8.30 Betegbemutat\u00e1s 9.00 \u2013 13.00 N\u0151gy\u00f3gy\u00e1szati ambul\u00e1ns betegek ell\u00e1t\u00e1sa P\u00e9ntek: 7.00 Kism\u0171t\u00e9tre \u00e9rkez\u0151 betegek fogad\u00e1sa 7.15 \u2013 8.30 Betegfelv\u00e9tel 8.30 Betegbemutat\u00e1s 9.00 \u2013 &hellip;<\/p>\n","protected":false},"author":12,"featured_media":0,"parent":99,"menu_order":4,"comment_status":"closed","ping_status":"closed","template":"","meta":{"_acf_changed":false,"footnotes":""},"categories":[24],"tags":[22],"class_list":["post-354","page","type-page","status-publish","hentry","category-szakrendelesek-es-osztalyok","tag-betegellatas"],"acf":[],"_links":{"self":[{"href":"https:\/\/semmelweis.hu\/noiklinika\/wp-json\/wp\/v2\/pages\/354","targetHints":{"allow":["GET"]}}],"collection":[{"href":"https:\/\/semmelweis.hu\/noiklinika\/wp-json\/wp\/v2\/pages"}],"about":[{"href":"https:\/\/semmelweis.hu\/noiklinika\/wp-json\/wp\/v2\/types\/page"}],"author":[{"embeddable":true,"href":"https:\/\/semmelweis.hu\/noiklinika\/wp-json\/wp\/v2\/users\/12"}],"replies":[{"embeddable":true,"href":"https:\/\/semmelweis.hu\/noiklinika\/wp-json\/wp\/v2\/comments?post=354"}],"version-history":[{"count":10,"href":"https:\/\/semmelweis.hu\/noiklinika\/wp-json\/wp\/v2\/pages\/354\/revisions"}],"predecessor-version":[{"id":1054,"href":"https:\/\/semmelweis.hu\/noiklinika\/wp-json\/wp\/v2\/pages\/354\/revisions\/1054"}],"up":[{"embeddable":true,"href":"https:\/\/semmelweis.hu\/noiklinika\/wp-json\/wp\/v2\/pages\/99"}],"wp:attachment":[{"href":"https:\/\/semmelweis.hu\/noiklinika\/wp-json\/wp\/v2\/media?parent=354"}],"wp:term":[{"taxonomy":"category","embeddable":true,"href":"https:\/\/semmelweis.hu\/noiklinika\/wp-json\/wp\/v2\/categories?post=354"},{"taxonomy":"post_tag","embeddable":true,"href":"https:\/\/semmelweis.hu\/noiklinika\/wp-json\/wp\/v2\/tags?post=354"}],"curies":[{"name":"wp","href":"https:\/\/api.w.org\/{rel}","templated":true}]}}