{"id":350,"date":"2021-10-02T08:06:03","date_gmt":"2021-10-02T06:06:03","guid":{"rendered":"https:\/\/semmelweis.hu\/noiklinika\/?page_id=350"},"modified":"2025-01-30T16:03:57","modified_gmt":"2025-01-30T15:03:57","slug":"varandos-ambulancia","status":"publish","type":"page","link":"https:\/\/semmelweis.hu\/noiklinika\/baross\/jarobeteg\/varandos-ambulancia\/","title":{"rendered":"V\u00e1rand\u00f3s ambulancia &#8211; Baross utca"},"content":{"rendered":"<h1>V\u00e1rand\u00f3s ambulancia<\/h1>\n<div class=\"keretes w-100\">\n<p>A g\u00f6rd\u00fcl\u00e9kenyebb \u00e9s a min\u0151s\u00e9gi betegell\u00e1t\u00e1s fokoz\u00e1sa, a v\u00e1rakoz\u00e1si id\u0151 jelent\u0151s cs\u00f6kkent\u00e9se \u00e9rdek\u00e9ben Klinik\u00e1nk Baross utcai r\u00e9szleg\u00e9n <strong>2025.02.03-t\u00f3l<\/strong> v\u00e1rand\u00f3s ambulanci\u00e1nk <strong>online el\u0151jegyz\u00e9s alapj\u00e1n<\/strong> m\u0171k\u00f6dik.<\/p>\n<\/div>\n<h2>Az id\u0151pont foglal\u00e1s menete<\/h2>\n<p>V\u00e1rand\u00f3s ambulanci\u00e1nkra val\u00f3 bejelentkez\u00e9s\/id\u0151pont foglal\u00e1sa <strong>2025.02.03-t\u00f3l<\/strong> (terhesgondoz\u00e1sra \u00e9s CTG vizsg\u00e1latra) <strong>kiz\u00e1r\u00f3lag az EESZT fel\u00fcleten tal\u00e1lhat\u00f3 Lakoss\u00e1gi Port\u00e1lon kereszt\u00fcl<\/strong> lehets\u00e9ges.<\/p>\n<p>A v\u00e1rand\u00f3sok ell\u00e1t\u00e1sa 2025.02.03-t\u00f3l <strong>el\u0151jegyz\u00e9si sorrendben<\/strong> t\u00f6rt\u00e9nik. <strong>El\u0151jegyzett id\u0151pont n\u00e9lk\u00fcl<\/strong> a kismam\u00e1kat ezent\u00fal a min\u0151s\u00e9gi betegell\u00e1t\u00e1s \u00e9s a v\u00e1rakoz\u00e1si id\u0151 jelent\u0151s cs\u00f6kkent\u00e9se \u00e9rdek\u00e9ben <strong>nem \u00e1ll m\u00f3dunkban ell\u00e1tni.<\/strong><\/p>\n<p>A kismam\u00e1kat <strong>panasz eset\u00e9n<\/strong> \u00e9s a <strong>bet\u00f6lt\u00f6tt 40. terhess\u00e9gi h\u00e9tt\u0151l<\/strong> k\u00f6telez\u0151en v\u00e9gzend\u0151 napi CTG vizsg\u00e1latra <strong>soron k\u00edv\u00fcl<\/strong> fogadjuk.<\/p>\n<h2>Ultrahang vizsg\u00e1lat<\/h2>\n<p>Ultrahang vizsg\u00e1latra tov\u00e1bbra is <strong>szem\u00e9lyesen vagy telefonon kereszt\u00fcl<\/strong> lehet id\u0151pontot foglalni a 061\/459-1579-es telefonsz\u00e1mon az ultrahang laborunk szabad kapacit\u00e1s\u00e1nak erej\u00e9ig (<strong>azon fel\u00fcl rutin sz\u0171r\u0151vizsg\u00e1latot nem, csak s\u00fcrg\u0151s esetben, orvosi javaslat alapj\u00e1n v\u00e9gz\u00fcnk ultrahang vizsg\u00e1latot<\/strong>)!<\/p>\n<h2>Klinikai sz\u00fcl\u00e9s lehet\u0151s\u00e9ge<\/h2>\n<p>Szeretn\u00e9nk felh\u00edvni figyelm\u00fcket arra, hogy Klinik\u00e1nkon <strong>minden<\/strong> kedves kismam\u00e1nak <strong>lakc\u00edm\u00e9t\u0151l, v\u00e1rand\u00f3sgondoz\u00e1si helysz\u00edn\u00e9t\u0151l, az ultrahang sz\u0171r\u0151vizsg\u00e1latok \u00e9s CTG vizsg\u00e1latok elv\u00e9gz\u00e9si helysz\u00edn\u00e9t\u0151l (ter\u00fcleti szakrendel\u0151 vagy k\u00f3rh\u00e1z \/ mag\u00e1nrendel\u0151), beutal\u00f3 \u00e9s befogad\u00f3 nyilatkozat n\u00e9lk\u00fcl<\/strong> van lehet\u0151s\u00e9ge sz\u00fclni. Nem jelent akad\u00e1lyt az sem, ha a kismama <strong>Klinik\u00e1nkon val\u00f3 els\u0151 megjelen\u00e9se a sz\u00fcl\u0151szob\u00e1n t\u00f6rt\u00e9nik<\/strong> a f\u00e1j\u00e1sok megindul\u00e1s\u00e1t vagy magzatv\u00edzsziv\u00e1rg\u00e1st k\u00f6vet\u0151en, teh\u00e1t <strong>nem el\u0151felt\u00e9tele<\/strong> a Klinik\u00e1nkon val\u00f3 v\u00e1rand\u00f3sgondoz\u00e1s, ultrahang \u00e9s CTG-vizsg\u00e1latok v\u00e9gz\u00e9se a klinikai sz\u00fcl\u00e9snek.<\/p>\n<p>&nbsp;<\/p>\n<div class=\"fontos_div\">\n<p>Figyelem! A cs\u00e1sz\u00e1rmetsz\u00e9s ut\u00e1ni <strong>varratszed\u00e9s 2025.02.03-t\u00f3l<\/strong> Klinik\u00e1nk <strong>n\u0151gy\u00f3gy\u00e1szati ambulanci\u00e1j\u00e1n<\/strong> t\u00f6rt\u00e9nik.<\/p>\n<\/div>\n<p>&nbsp;<\/p>\n<p>A v\u00e1rand\u00f3s ambulancia helysz\u00edne:<br \/>\n<strong>1088 Budapest, Baross u. 27. F\u00f6ldszint 10-es ajt\u00f3.<\/strong><\/p>\n<p>A n\u0151gy\u00f3gy\u00e1szati ambulancia helysz\u00edne:<br \/>\n<strong>1088 Budapest, Baross u. 27. F\u00f6ldszint 6-os ajt\u00f3.<\/strong><\/p>\n<p>&nbsp;<\/p>\n<p>Egy\u00fcttm\u0171k\u00f6d\u00e9s\u00fcket \u00e9s meg\u00e9rt\u00e9s\u00fcket k\u00f6sz\u00f6nj\u00fck!<\/p>\n<p>Szeretettel v\u00e1rjuk \u00d6n\u00f6ket!<\/p>\n<p>&nbsp;<\/p>\n<h2>Az id\u0151pont foglal\u00e1s l\u00e9p\u00e9sei:<\/h2>\n[slb_exclude]<div data-carousel-extra='{\"blog_id\":191,\"permalink\":\"https:\\\/\\\/semmelweis.hu\\\/noiklinika\\\/baross\\\/jarobeteg\\\/varandos-ambulancia\\\/\"}' class=\"tiled-gallery type-rectangular\" data-original-width=\"753\"><div class=\"gallery-row\" style=\"width: 748px; height: 366px;\"><div class=\"gallery-group images-1\" style=\"width: 187px; height: 370px;\"><div class=\"tiled-gallery-item tiled-gallery-item-small\"><a href=\"https:\/\/semmelweis.hu\/noiklinika\/files\/2025\/01\/egeszsegablak-belepes.jpg\"><img loading=\"lazy\" decoding=\"async\" data-attachment-id=\"1281\" data-orig-file=\"https:\/\/semmelweis.hu\/noiklinika\/files\/2025\/01\/egeszsegablak-belepes.jpg\" data-orig-size=\"512,1024\" data-comments-opened=\"0\" data-image-meta=\"{&quot;aperture&quot;:&quot;0&quot;,&quot;credit&quot;:&quot;&quot;,&quot;camera&quot;:&quot;&quot;,&quot;caption&quot;:&quot;&quot;,&quot;created_timestamp&quot;:&quot;0&quot;,&quot;copyright&quot;:&quot;&quot;,&quot;focal_length&quot;:&quot;0&quot;,&quot;iso&quot;:&quot;0&quot;,&quot;shutter_speed&quot;:&quot;0&quot;,&quot;title&quot;:&quot;&quot;,&quot;orientation&quot;:&quot;1&quot;}\" data-image-title=\"egeszsegablak-belepes\" data-image-description=\"\" data-medium-file=\"https:\/\/semmelweis.hu\/noiklinika\/files\/2025\/01\/egeszsegablak-belepes-200x400.jpg\" data-large-file=\"https:\/\/semmelweis.hu\/noiklinika\/files\/2025\/01\/egeszsegablak-belepes.jpg\" src=\"https:\/\/semmelweis.hu\/noiklinika\/files\/2025\/01\/egeszsegablak-belepes-183x366.jpg\" width=\"183\" height=\"366\" align=\"left\" title=\"\" \/><\/a><\/div><\/div><div class=\"gallery-group images-1\" style=\"width: 187px; height: 370px;\"><div class=\"tiled-gallery-item tiled-gallery-item-small\"><a href=\"https:\/\/semmelweis.hu\/noiklinika\/files\/2025\/01\/i01-512x1024-1.jpg\"><img loading=\"lazy\" decoding=\"async\" data-attachment-id=\"1282\" data-orig-file=\"https:\/\/semmelweis.hu\/noiklinika\/files\/2025\/01\/i01-512x1024-1.jpg\" data-orig-size=\"512,1024\" data-comments-opened=\"0\" data-image-meta=\"{&quot;aperture&quot;:&quot;0&quot;,&quot;credit&quot;:&quot;&quot;,&quot;camera&quot;:&quot;&quot;,&quot;caption&quot;:&quot;&quot;,&quot;created_timestamp&quot;:&quot;0&quot;,&quot;copyright&quot;:&quot;&quot;,&quot;focal_length&quot;:&quot;0&quot;,&quot;iso&quot;:&quot;0&quot;,&quot;shutter_speed&quot;:&quot;0&quot;,&quot;title&quot;:&quot;&quot;,&quot;orientation&quot;:&quot;1&quot;}\" data-image-title=\"i01-512&#215;1024\" data-image-description=\"\" data-medium-file=\"https:\/\/semmelweis.hu\/noiklinika\/files\/2025\/01\/i01-512x1024-1-200x400.jpg\" data-large-file=\"https:\/\/semmelweis.hu\/noiklinika\/files\/2025\/01\/i01-512x1024-1.jpg\" src=\"https:\/\/semmelweis.hu\/noiklinika\/files\/2025\/01\/i01-512x1024-1-183x366.jpg\" width=\"183\" height=\"366\" align=\"left\" title=\"\" \/><\/a><\/div><\/div><div class=\"gallery-group images-1\" style=\"width: 187px; height: 370px;\"><div class=\"tiled-gallery-item tiled-gallery-item-small\"><a href=\"https:\/\/semmelweis.hu\/noiklinika\/files\/2025\/01\/i02-512x1024-1.jpg\"><img loading=\"lazy\" decoding=\"async\" data-attachment-id=\"1283\" data-orig-file=\"https:\/\/semmelweis.hu\/noiklinika\/files\/2025\/01\/i02-512x1024-1.jpg\" data-orig-size=\"512,1024\" data-comments-opened=\"0\" data-image-meta=\"{&quot;aperture&quot;:&quot;0&quot;,&quot;credit&quot;:&quot;&quot;,&quot;camera&quot;:&quot;&quot;,&quot;caption&quot;:&quot;&quot;,&quot;created_timestamp&quot;:&quot;0&quot;,&quot;copyright&quot;:&quot;&quot;,&quot;focal_length&quot;:&quot;0&quot;,&quot;iso&quot;:&quot;0&quot;,&quot;shutter_speed&quot;:&quot;0&quot;,&quot;title&quot;:&quot;&quot;,&quot;orientation&quot;:&quot;1&quot;}\" data-image-title=\"i02-512&#215;1024\" data-image-description=\"\" data-medium-file=\"https:\/\/semmelweis.hu\/noiklinika\/files\/2025\/01\/i02-512x1024-1-200x400.jpg\" data-large-file=\"https:\/\/semmelweis.hu\/noiklinika\/files\/2025\/01\/i02-512x1024-1.jpg\" src=\"https:\/\/semmelweis.hu\/noiklinika\/files\/2025\/01\/i02-512x1024-1-183x366.jpg\" width=\"183\" height=\"366\" align=\"left\" title=\"\" \/><\/a><\/div><\/div><div class=\"gallery-group images-1\" style=\"width: 187px; height: 370px;\"><div class=\"tiled-gallery-item tiled-gallery-item-small\"><a href=\"https:\/\/semmelweis.hu\/noiklinika\/files\/2025\/01\/i03-512x1024-1.jpg\"><img loading=\"lazy\" decoding=\"async\" data-attachment-id=\"1284\" data-orig-file=\"https:\/\/semmelweis.hu\/noiklinika\/files\/2025\/01\/i03-512x1024-1.jpg\" data-orig-size=\"512,1024\" data-comments-opened=\"0\" data-image-meta=\"{&quot;aperture&quot;:&quot;0&quot;,&quot;credit&quot;:&quot;&quot;,&quot;camera&quot;:&quot;&quot;,&quot;caption&quot;:&quot;&quot;,&quot;created_timestamp&quot;:&quot;0&quot;,&quot;copyright&quot;:&quot;&quot;,&quot;focal_length&quot;:&quot;0&quot;,&quot;iso&quot;:&quot;0&quot;,&quot;shutter_speed&quot;:&quot;0&quot;,&quot;title&quot;:&quot;&quot;,&quot;orientation&quot;:&quot;1&quot;}\" data-image-title=\"i03-512&#215;1024\" data-image-description=\"\" data-medium-file=\"https:\/\/semmelweis.hu\/noiklinika\/files\/2025\/01\/i03-512x1024-1-200x400.jpg\" data-large-file=\"https:\/\/semmelweis.hu\/noiklinika\/files\/2025\/01\/i03-512x1024-1.jpg\" src=\"https:\/\/semmelweis.hu\/noiklinika\/files\/2025\/01\/i03-512x1024-1-183x366.jpg\" width=\"183\" height=\"366\" align=\"left\" title=\"\" \/><\/a><\/div><\/div><\/div><div class=\"gallery-row\" style=\"width: 748px; height: 491px;\"><div class=\"gallery-group images-1\" style=\"width: 250px; height: 495px;\"><div class=\"tiled-gallery-item tiled-gallery-item-small\"><a href=\"https:\/\/semmelweis.hu\/noiklinika\/files\/2025\/01\/i04-512x1024-1.jpg\"><img loading=\"lazy\" decoding=\"async\" data-attachment-id=\"1285\" data-orig-file=\"https:\/\/semmelweis.hu\/noiklinika\/files\/2025\/01\/i04-512x1024-1.jpg\" data-orig-size=\"512,1024\" data-comments-opened=\"0\" data-image-meta=\"{&quot;aperture&quot;:&quot;0&quot;,&quot;credit&quot;:&quot;&quot;,&quot;camera&quot;:&quot;&quot;,&quot;caption&quot;:&quot;&quot;,&quot;created_timestamp&quot;:&quot;0&quot;,&quot;copyright&quot;:&quot;&quot;,&quot;focal_length&quot;:&quot;0&quot;,&quot;iso&quot;:&quot;0&quot;,&quot;shutter_speed&quot;:&quot;0&quot;,&quot;title&quot;:&quot;&quot;,&quot;orientation&quot;:&quot;1&quot;}\" data-image-title=\"i04-512&#215;1024\" data-image-description=\"\" data-medium-file=\"https:\/\/semmelweis.hu\/noiklinika\/files\/2025\/01\/i04-512x1024-1-200x400.jpg\" data-large-file=\"https:\/\/semmelweis.hu\/noiklinika\/files\/2025\/01\/i04-512x1024-1.jpg\" src=\"https:\/\/semmelweis.hu\/noiklinika\/files\/2025\/01\/i04-512x1024-1-246x491.jpg\" width=\"246\" height=\"491\" align=\"left\" title=\"\" \/><\/a><\/div><\/div><div class=\"gallery-group images-1\" style=\"width: 249px; height: 495px;\"><div class=\"tiled-gallery-item tiled-gallery-item-small\"><a href=\"https:\/\/semmelweis.hu\/noiklinika\/files\/2025\/01\/i05-512x1024-1.jpg\"><img loading=\"lazy\" decoding=\"async\" data-attachment-id=\"1286\" data-orig-file=\"https:\/\/semmelweis.hu\/noiklinika\/files\/2025\/01\/i05-512x1024-1.jpg\" data-orig-size=\"512,1024\" data-comments-opened=\"0\" data-image-meta=\"{&quot;aperture&quot;:&quot;0&quot;,&quot;credit&quot;:&quot;&quot;,&quot;camera&quot;:&quot;&quot;,&quot;caption&quot;:&quot;&quot;,&quot;created_timestamp&quot;:&quot;0&quot;,&quot;copyright&quot;:&quot;&quot;,&quot;focal_length&quot;:&quot;0&quot;,&quot;iso&quot;:&quot;0&quot;,&quot;shutter_speed&quot;:&quot;0&quot;,&quot;title&quot;:&quot;&quot;,&quot;orientation&quot;:&quot;1&quot;}\" data-image-title=\"i05-512&#215;1024\" data-image-description=\"\" data-medium-file=\"https:\/\/semmelweis.hu\/noiklinika\/files\/2025\/01\/i05-512x1024-1-200x400.jpg\" data-large-file=\"https:\/\/semmelweis.hu\/noiklinika\/files\/2025\/01\/i05-512x1024-1.jpg\" src=\"https:\/\/semmelweis.hu\/noiklinika\/files\/2025\/01\/i05-512x1024-1-245x491.jpg\" width=\"245\" height=\"491\" align=\"left\" title=\"\" \/><\/a><\/div><\/div><div class=\"gallery-group images-1\" style=\"width: 249px; height: 495px;\"><div class=\"tiled-gallery-item tiled-gallery-item-small\"><a href=\"https:\/\/semmelweis.hu\/noiklinika\/files\/2025\/01\/i06-512x1024-1.jpg\"><img loading=\"lazy\" decoding=\"async\" data-attachment-id=\"1287\" data-orig-file=\"https:\/\/semmelweis.hu\/noiklinika\/files\/2025\/01\/i06-512x1024-1.jpg\" data-orig-size=\"512,1024\" data-comments-opened=\"0\" data-image-meta=\"{&quot;aperture&quot;:&quot;0&quot;,&quot;credit&quot;:&quot;&quot;,&quot;camera&quot;:&quot;&quot;,&quot;caption&quot;:&quot;&quot;,&quot;created_timestamp&quot;:&quot;0&quot;,&quot;copyright&quot;:&quot;&quot;,&quot;focal_length&quot;:&quot;0&quot;,&quot;iso&quot;:&quot;0&quot;,&quot;shutter_speed&quot;:&quot;0&quot;,&quot;title&quot;:&quot;&quot;,&quot;orientation&quot;:&quot;1&quot;}\" data-image-title=\"i06-512&#215;1024\" data-image-description=\"\" data-medium-file=\"https:\/\/semmelweis.hu\/noiklinika\/files\/2025\/01\/i06-512x1024-1-200x400.jpg\" data-large-file=\"https:\/\/semmelweis.hu\/noiklinika\/files\/2025\/01\/i06-512x1024-1.jpg\" src=\"https:\/\/semmelweis.hu\/noiklinika\/files\/2025\/01\/i06-512x1024-1-245x491.jpg\" width=\"245\" height=\"491\" align=\"left\" title=\"\" \/><\/a><\/div><\/div><\/div><div class=\"gallery-row\" style=\"width: 748px; height: 366px;\"><div class=\"gallery-group images-1\" style=\"width: 187px; height: 370px;\"><div class=\"tiled-gallery-item tiled-gallery-item-small\"><a href=\"https:\/\/semmelweis.hu\/noiklinika\/files\/2025\/01\/i07-512x1024-1.jpg\"><img loading=\"lazy\" decoding=\"async\" data-attachment-id=\"1288\" data-orig-file=\"https:\/\/semmelweis.hu\/noiklinika\/files\/2025\/01\/i07-512x1024-1.jpg\" data-orig-size=\"512,1024\" data-comments-opened=\"0\" data-image-meta=\"{&quot;aperture&quot;:&quot;0&quot;,&quot;credit&quot;:&quot;&quot;,&quot;camera&quot;:&quot;&quot;,&quot;caption&quot;:&quot;&quot;,&quot;created_timestamp&quot;:&quot;0&quot;,&quot;copyright&quot;:&quot;&quot;,&quot;focal_length&quot;:&quot;0&quot;,&quot;iso&quot;:&quot;0&quot;,&quot;shutter_speed&quot;:&quot;0&quot;,&quot;title&quot;:&quot;&quot;,&quot;orientation&quot;:&quot;1&quot;}\" data-image-title=\"i07-512&#215;1024\" data-image-description=\"\" data-medium-file=\"https:\/\/semmelweis.hu\/noiklinika\/files\/2025\/01\/i07-512x1024-1-200x400.jpg\" data-large-file=\"https:\/\/semmelweis.hu\/noiklinika\/files\/2025\/01\/i07-512x1024-1.jpg\" src=\"https:\/\/semmelweis.hu\/noiklinika\/files\/2025\/01\/i07-512x1024-1-183x366.jpg\" width=\"183\" height=\"366\" align=\"left\" title=\"\" \/><\/a><\/div><\/div><div class=\"gallery-group images-1\" style=\"width: 187px; height: 370px;\"><div class=\"tiled-gallery-item tiled-gallery-item-small\"><a href=\"https:\/\/semmelweis.hu\/noiklinika\/files\/2025\/01\/i08-512x1024-1.jpg\"><img loading=\"lazy\" decoding=\"async\" data-attachment-id=\"1289\" data-orig-file=\"https:\/\/semmelweis.hu\/noiklinika\/files\/2025\/01\/i08-512x1024-1.jpg\" data-orig-size=\"512,1024\" data-comments-opened=\"0\" data-image-meta=\"{&quot;aperture&quot;:&quot;0&quot;,&quot;credit&quot;:&quot;&quot;,&quot;camera&quot;:&quot;&quot;,&quot;caption&quot;:&quot;&quot;,&quot;created_timestamp&quot;:&quot;0&quot;,&quot;copyright&quot;:&quot;&quot;,&quot;focal_length&quot;:&quot;0&quot;,&quot;iso&quot;:&quot;0&quot;,&quot;shutter_speed&quot;:&quot;0&quot;,&quot;title&quot;:&quot;&quot;,&quot;orientation&quot;:&quot;1&quot;}\" data-image-title=\"i08-512&#215;1024\" data-image-description=\"\" data-medium-file=\"https:\/\/semmelweis.hu\/noiklinika\/files\/2025\/01\/i08-512x1024-1-200x400.jpg\" data-large-file=\"https:\/\/semmelweis.hu\/noiklinika\/files\/2025\/01\/i08-512x1024-1.jpg\" src=\"https:\/\/semmelweis.hu\/noiklinika\/files\/2025\/01\/i08-512x1024-1-183x366.jpg\" width=\"183\" height=\"366\" align=\"left\" title=\"\" \/><\/a><\/div><\/div><div class=\"gallery-group images-1\" style=\"width: 187px; height: 370px;\"><div class=\"tiled-gallery-item tiled-gallery-item-small\"><a href=\"https:\/\/semmelweis.hu\/noiklinika\/files\/2025\/01\/i09-512x1024-1.jpg\"><img loading=\"lazy\" decoding=\"async\" data-attachment-id=\"1290\" data-orig-file=\"https:\/\/semmelweis.hu\/noiklinika\/files\/2025\/01\/i09-512x1024-1.jpg\" data-orig-size=\"512,1024\" data-comments-opened=\"0\" data-image-meta=\"{&quot;aperture&quot;:&quot;0&quot;,&quot;credit&quot;:&quot;&quot;,&quot;camera&quot;:&quot;&quot;,&quot;caption&quot;:&quot;&quot;,&quot;created_timestamp&quot;:&quot;0&quot;,&quot;copyright&quot;:&quot;&quot;,&quot;focal_length&quot;:&quot;0&quot;,&quot;iso&quot;:&quot;0&quot;,&quot;shutter_speed&quot;:&quot;0&quot;,&quot;title&quot;:&quot;&quot;,&quot;orientation&quot;:&quot;1&quot;}\" data-image-title=\"i09-512&#215;1024\" data-image-description=\"\" data-medium-file=\"https:\/\/semmelweis.hu\/noiklinika\/files\/2025\/01\/i09-512x1024-1-200x400.jpg\" data-large-file=\"https:\/\/semmelweis.hu\/noiklinika\/files\/2025\/01\/i09-512x1024-1.jpg\" src=\"https:\/\/semmelweis.hu\/noiklinika\/files\/2025\/01\/i09-512x1024-1-183x366.jpg\" width=\"183\" height=\"366\" align=\"left\" title=\"\" \/><\/a><\/div><\/div><div class=\"gallery-group images-1\" style=\"width: 187px; height: 370px;\"><div class=\"tiled-gallery-item tiled-gallery-item-small\"><a href=\"https:\/\/semmelweis.hu\/noiklinika\/files\/2025\/01\/i10-512x1024-1.jpg\"><img loading=\"lazy\" decoding=\"async\" data-attachment-id=\"1291\" data-orig-file=\"https:\/\/semmelweis.hu\/noiklinika\/files\/2025\/01\/i10-512x1024-1.jpg\" data-orig-size=\"512,1024\" data-comments-opened=\"0\" data-image-meta=\"{&quot;aperture&quot;:&quot;0&quot;,&quot;credit&quot;:&quot;&quot;,&quot;camera&quot;:&quot;&quot;,&quot;caption&quot;:&quot;&quot;,&quot;created_timestamp&quot;:&quot;0&quot;,&quot;copyright&quot;:&quot;&quot;,&quot;focal_length&quot;:&quot;0&quot;,&quot;iso&quot;:&quot;0&quot;,&quot;shutter_speed&quot;:&quot;0&quot;,&quot;title&quot;:&quot;&quot;,&quot;orientation&quot;:&quot;1&quot;}\" data-image-title=\"i10-512&#215;1024\" data-image-description=\"\" data-medium-file=\"https:\/\/semmelweis.hu\/noiklinika\/files\/2025\/01\/i10-512x1024-1-200x400.jpg\" data-large-file=\"https:\/\/semmelweis.hu\/noiklinika\/files\/2025\/01\/i10-512x1024-1.jpg\" src=\"https:\/\/semmelweis.hu\/noiklinika\/files\/2025\/01\/i10-512x1024-1-183x366.jpg\" width=\"183\" height=\"366\" align=\"left\" title=\"\" \/><\/a><\/div><\/div><\/div><\/div>[\/slb_exclude]\n<p>&nbsp;<\/p>\n","protected":false},"excerpt":{"rendered":"<p>V\u00e1rand\u00f3s ambulancia A g\u00f6rd\u00fcl\u00e9kenyebb \u00e9s a min\u0151s\u00e9gi betegell\u00e1t\u00e1s fokoz\u00e1sa, a v\u00e1rakoz\u00e1si id\u0151 jelent\u0151s cs\u00f6kkent\u00e9se \u00e9rdek\u00e9ben Klinik\u00e1nk Baross utcai r\u00e9szleg\u00e9n 2025.02.03-t\u00f3l v\u00e1rand\u00f3s ambulanci\u00e1nk online el\u0151jegyz\u00e9s alapj\u00e1n m\u0171k\u00f6dik. Az id\u0151pont foglal\u00e1s menete V\u00e1rand\u00f3s ambulanci\u00e1nkra val\u00f3 bejelentkez\u00e9s\/id\u0151pont foglal\u00e1sa 2025.02.03-t\u00f3l (terhesgondoz\u00e1sra \u00e9s CTG vizsg\u00e1latra) kiz\u00e1r\u00f3lag az EESZT fel\u00fcleten tal\u00e1lhat\u00f3 Lakoss\u00e1gi Port\u00e1lon kereszt\u00fcl lehets\u00e9ges. A v\u00e1rand\u00f3sok ell\u00e1t\u00e1sa 2025.02.03-t\u00f3l el\u0151jegyz\u00e9si sorrendben &hellip;<\/p>\n","protected":false},"author":12,"featured_media":0,"parent":99,"menu_order":1,"comment_status":"closed","ping_status":"closed","template":"","meta":{"_acf_changed":false,"footnotes":""},"categories":[24],"tags":[22],"class_list":["post-350","page","type-page","status-publish","hentry","category-szakrendelesek-es-osztalyok","tag-betegellatas"],"acf":[],"_links":{"self":[{"href":"https:\/\/semmelweis.hu\/noiklinika\/wp-json\/wp\/v2\/pages\/350","targetHints":{"allow":["GET"]}}],"collection":[{"href":"https:\/\/semmelweis.hu\/noiklinika\/wp-json\/wp\/v2\/pages"}],"about":[{"href":"https:\/\/semmelweis.hu\/noiklinika\/wp-json\/wp\/v2\/types\/page"}],"author":[{"embeddable":true,"href":"https:\/\/semmelweis.hu\/noiklinika\/wp-json\/wp\/v2\/users\/12"}],"replies":[{"embeddable":true,"href":"https:\/\/semmelweis.hu\/noiklinika\/wp-json\/wp\/v2\/comments?post=350"}],"version-history":[{"count":11,"href":"https:\/\/semmelweis.hu\/noiklinika\/wp-json\/wp\/v2\/pages\/350\/revisions"}],"predecessor-version":[{"id":1309,"href":"https:\/\/semmelweis.hu\/noiklinika\/wp-json\/wp\/v2\/pages\/350\/revisions\/1309"}],"up":[{"embeddable":true,"href":"https:\/\/semmelweis.hu\/noiklinika\/wp-json\/wp\/v2\/pages\/99"}],"wp:attachment":[{"href":"https:\/\/semmelweis.hu\/noiklinika\/wp-json\/wp\/v2\/media?parent=350"}],"wp:term":[{"taxonomy":"category","embeddable":true,"href":"https:\/\/semmelweis.hu\/noiklinika\/wp-json\/wp\/v2\/categories?post=350"},{"taxonomy":"post_tag","embeddable":true,"href":"https:\/\/semmelweis.hu\/noiklinika\/wp-json\/wp\/v2\/tags?post=350"}],"curies":[{"name":"wp","href":"https:\/\/api.w.org\/{rel}","templated":true}]}}