{"id":274,"date":"2021-09-30T23:13:17","date_gmt":"2021-09-30T21:13:17","guid":{"rendered":"https:\/\/semmelweis.hu\/noiklinika\/?page_id=274"},"modified":"2024-10-02T14:34:08","modified_gmt":"2024-10-02T12:34:08","slug":"tudnivalo-az-egyhetes-bentlakasos-gyakorlatrol","status":"publish","type":"page","link":"https:\/\/semmelweis.hu\/noiklinika\/oktatas\/aok-v-evfolyam\/tudnivalo-az-egyhetes-bentlakasos-gyakorlatrol\/","title":{"rendered":"Tudnival\u00f3 az egyhetes bentlak\u00e1sos gyakorlatr\u00f3l"},"content":{"rendered":"<h1 class=\"entry-title\">Tudnival\u00f3 az egyhetes bentlak\u00e1sos gyakorlatr\u00f3l<\/h1>\n<div class=\"entry-content\">\n<p>A II. szemeszter folyam\u00e1n maximum 18 f\u0151s csoportokban minden V. \u00e9vfolyamos hallgat\u00f3 egyhetes intenz\u00edv \u201cbentlak\u00e1sos\u201d gyakorlaton vesz r\u00e9szt. A h\u00e9tf\u0151n 12:00 \u00f3rakor kezd\u0151d\u0151 gyakorlatok sor\u00e1n \u00f3rarendszer\u0171 beoszt\u00e1sban a sz\u00fcl\u00e9szet \u00e9s n\u0151gy\u00f3gy\u00e1szat minden ter\u00fclete r\u00e9szletes ismertet\u00e9sre ker\u00fcl. A tematika \u00f6ssze\u00e1ll\u00edt\u00e1sa olyan, hogy a Klinika minden r\u00e9szleg\u00e9n, betegvizsg\u00e1latok, esetismertet\u00e9sek kapcs\u00e1n lehet\u0151s\u00e9g van elsaj\u00e1t\u00edtani az orvosi gondolkod\u00e1st \u00e9s a gyakorlati ismereteket. A gyakorlat het\u00e9ben egy alkalommal 24 \u00f3r\u00e1s \u00fcgyeleti szolg\u00e1lat k\u00f6telez\u0151, amikor az \u00fcgyeleti esem\u00e9nyek r\u00e9szesek\u00e9nt a s\u00fcrg\u0151ss\u00e9gi ell\u00e1t\u00e1sba kell bekapcsol\u00f3dni.<\/p>\n<p>Hallgat\u00f3k sz\u00e1m\u00e1ra az \u00fcgyelet 18:00-t\u00f3l m\u00e1snap reggel 06:00-ig tart. A gyakorlat sor\u00e1n minden nap egy\u00f3r\u00e1s eb\u00e9dsz\u00fcnetet \u00e9s a foglalkoz\u00e1sok k\u00f6z\u00f6tt 10-15 perces sz\u00fcnetet biztos\u00edtunk. A gyakorlatra tiszta v\u00e1lt\u00f3cip\u0151t, jegyzetf\u00fczetet kell hozni. A gyakorlatokat- tekintettel a magas hallgat\u00f3i l\u00e9tsz\u00e1mra- k\u00e9t csoportra bontva p\u00e1rhuzamosan tartjuk. A hallgat\u00f3k sz\u00e1m\u00e1ra k\u00fcl\u00f6n szob\u00e1t biztos\u00edtunk, azonban az \u00fcgyeleti id\u0151szakban tan\u00e1csos h\u00e1l\u00f3zs\u00e1kot magukkal hozni.<\/p>\n<p>A gyakorlat teljes\u00edt\u00e9s\u00e9t a jelenl\u00e9ti \u00edven a gyakorlat- illetve \u00fcgyeletvezet\u0151 al\u00e1\u00edr\u00e1s\u00e1val igazolja. A gyakorlatot nem, vagy csak r\u00e9szben teljes\u00edt\u0151 hallgat\u00f3nak az utols\u00f3 oktat\u00e1si h\u00e9ten p\u00f3tgyakorlaton kell r\u00e9szt vennie a szemeszter v\u00e9gi al\u00e1\u00edr\u00e1s megszerz\u00e9s\u00e9hez.<\/p>\n<p>Az utols\u00f3 oktat\u00e1si h\u00e9ten a tantermi el\u0151ad\u00e1s idej\u00e9ben szabadon v\u00e1laszthat\u00f3an \u00e9s n\u00e9vtelen\u00fcl a n\u0151gy\u00f3gy\u00e1szati el\u0151ad\u00e1sok anyag\u00e1b\u00f3l teszt meg\u00edr\u00e1s\u00e1ra van lehet\u0151s\u00e9g. Sikeres teszt \u00edr\u00e1s eset\u00e9n a hallgat\u00f3 jutalomban r\u00e9szes\u00fcl.<\/p>\n<p>\u00c9lm\u00e9nyben gazdag \u00e9s sikeres tanul\u00e1st, valamint eredm\u00e9nyes vizsg\u00e1ra felk\u00e9sz\u00fcl\u00e9st k\u00edv\u00e1nok!<\/p>\n<p>Dr. Ny\u00edri S\u00e1ndor<br \/>\nV. \u00e9vfolyam felel\u0151s<\/p>\n<\/div>\n","protected":false},"excerpt":{"rendered":"<p>Tudnival\u00f3 az egyhetes bentlak\u00e1sos gyakorlatr\u00f3l A II. szemeszter folyam\u00e1n maximum 18 f\u0151s csoportokban minden V. \u00e9vfolyamos hallgat\u00f3 egyhetes intenz\u00edv \u201cbentlak\u00e1sos\u201d gyakorlaton vesz r\u00e9szt. A h\u00e9tf\u0151n 12:00 \u00f3rakor kezd\u0151d\u0151 gyakorlatok sor\u00e1n \u00f3rarendszer\u0171 beoszt\u00e1sban a sz\u00fcl\u00e9szet \u00e9s n\u0151gy\u00f3gy\u00e1szat minden ter\u00fclete r\u00e9szletes ismertet\u00e9sre ker\u00fcl. A tematika \u00f6ssze\u00e1ll\u00edt\u00e1sa olyan, hogy a Klinika minden r\u00e9szleg\u00e9n, betegvizsg\u00e1latok, esetismertet\u00e9sek kapcs\u00e1n lehet\u0151s\u00e9g van &hellip;<\/p>\n","protected":false},"author":101531,"featured_media":0,"parent":258,"menu_order":3,"comment_status":"closed","ping_status":"closed","template":"","meta":{"_acf_changed":false,"footnotes":""},"categories":[],"tags":[],"class_list":["post-274","page","type-page","status-publish","hentry"],"acf":[],"_links":{"self":[{"href":"https:\/\/semmelweis.hu\/noiklinika\/wp-json\/wp\/v2\/pages\/274","targetHints":{"allow":["GET"]}}],"collection":[{"href":"https:\/\/semmelweis.hu\/noiklinika\/wp-json\/wp\/v2\/pages"}],"about":[{"href":"https:\/\/semmelweis.hu\/noiklinika\/wp-json\/wp\/v2\/types\/page"}],"author":[{"embeddable":true,"href":"https:\/\/semmelweis.hu\/noiklinika\/wp-json\/wp\/v2\/users\/101531"}],"replies":[{"embeddable":true,"href":"https:\/\/semmelweis.hu\/noiklinika\/wp-json\/wp\/v2\/comments?post=274"}],"version-history":[{"count":2,"href":"https:\/\/semmelweis.hu\/noiklinika\/wp-json\/wp\/v2\/pages\/274\/revisions"}],"predecessor-version":[{"id":669,"href":"https:\/\/semmelweis.hu\/noiklinika\/wp-json\/wp\/v2\/pages\/274\/revisions\/669"}],"up":[{"embeddable":true,"href":"https:\/\/semmelweis.hu\/noiklinika\/wp-json\/wp\/v2\/pages\/258"}],"wp:attachment":[{"href":"https:\/\/semmelweis.hu\/noiklinika\/wp-json\/wp\/v2\/media?parent=274"}],"wp:term":[{"taxonomy":"category","embeddable":true,"href":"https:\/\/semmelweis.hu\/noiklinika\/wp-json\/wp\/v2\/categories?post=274"},{"taxonomy":"post_tag","embeddable":true,"href":"https:\/\/semmelweis.hu\/noiklinika\/wp-json\/wp\/v2\/tags?post=274"}],"curies":[{"name":"wp","href":"https:\/\/api.w.org\/{rel}","templated":true}]}}