{"id":258,"date":"2021-09-30T23:08:29","date_gmt":"2021-09-30T21:08:29","guid":{"rendered":"https:\/\/semmelweis.hu\/noiklinika\/?page_id=258"},"modified":"2025-06-13T17:32:43","modified_gmt":"2025-06-13T15:32:43","slug":"aok-v-evfolyam","status":"publish","type":"page","link":"https:\/\/semmelweis.hu\/noiklinika\/oktatas\/aok-v-evfolyam\/","title":{"rendered":"\u00c1OK- V. \u00e9vfolyam"},"content":{"rendered":"<p>Minden kedves hallgat\u00f3nkat szeretn\u00e9nk megk\u00e9rni, hogy az 5 hetes blokkgyakorlatok kezdet\u00e9n <strong>h\u00e9tf\u0151 reggel 8 \u00f3r\u00e1ra<\/strong> legyenek sz\u00edvesek megjelenni az \u00dcll\u0151i \u00fati r\u00e9szleg\u00fcnk tanterme el\u0151tt. A tudott hi\u00e1nyz\u00e1sokat el\u0151re k\u00e9rn\u00e9nk jelezni. K\u00f3rh\u00e1zi papucs sz\u00fcks\u00e9ges, m\u0171t\u0151s ruh\u00e1t biztos\u00edtunk.<\/p>\n<div>\n<p>&nbsp;<\/p>\n<\/div>\n<p><a href=\"https:\/\/semmelweis.hu\/noiklinika\/files\/2024\/09\/Kollokviumi-tetelsor.docx\">Kollokviumi t\u00e9telsor<\/a><\/p>\n<p><a href=\"https:\/\/semmelweis.hu\/noiklinika\/files\/2024\/09\/Tantargyi-kovetelmenyrendszer-Formanyomtatvany-magyar_V.-ev-2024-2025.pdf\">Tantargyi-kovetelmenyrendszer-Formanyomtatvany-magyar_V. \u00e9v 2024-2025<\/a><\/p>\n<p><a href=\"https:\/\/semmelweis.hu\/noiklinika\/files\/2023\/10\/Tantargyi-kovetelmenyrendszer-Formanyo-mtatvany_magyar_Cikluskovetes-2023.pdf\">Tantargyi-kovetelmenyrendszer-Formanyo mtatvany_magyar_Ciklusk\u00f6vet\u00e9s 2023<\/a><\/p>\n<p><a href=\"https:\/\/semmelweis.hu\/noiklinika\/files\/2025\/03\/Intezkedesi-terv-2025.pdf\">Int\u00e9zked\u00e9si terv 2025<\/a><\/p>\n<p><a href=\"https:\/\/semmelweis.hu\/noiklinika\/files\/2025\/06\/compressed_UH-tantermi-eloadas-digitalis-tananyag-Valent.pptx\">compressed_UH tantermi elo\u030bada\u0301s digita\u0301lis tananyag Valent<\/a><\/p>\n<p><a href=\"https:\/\/semmelweis.hu\/noiklinika\/files\/2025\/06\/Magzati-novekedesi-lemaradas.pdf\">Magzati n\u00f6veked\u00e9si lemarad\u00e1s<\/a><\/p>\n<p><a href=\"https:\/\/semmelweis.hu\/noiklinika\/files\/2025\/06\/Terhessegi-hypertonia-praeeclampsia.pdf\">Terhess\u00e9gi hypertonia, praeeclampsia<\/a><\/p>\n","protected":false},"excerpt":{"rendered":"<p>Minden kedves hallgat\u00f3nkat szeretn\u00e9nk megk\u00e9rni, hogy az 5 hetes blokkgyakorlatok kezdet\u00e9n h\u00e9tf\u0151 reggel 8 \u00f3r\u00e1ra legyenek sz\u00edvesek megjelenni az \u00dcll\u0151i \u00fati r\u00e9szleg\u00fcnk tanterme el\u0151tt. A tudott hi\u00e1nyz\u00e1sokat el\u0151re k\u00e9rn\u00e9nk jelezni. K\u00f3rh\u00e1zi papucs sz\u00fcks\u00e9ges, m\u0171t\u0151s ruh\u00e1t biztos\u00edtunk.<\/p>\n<p>&nbsp;<\/p>\n<p><a href=\"https:\/\/semmelweis.hu\/noiklinika\/files\/2024\/09\/Kollokviumi-tetelsor.docx\">Kollokviumi t\u00e9telsor<\/a><br \/>\n<a href=\"https:\/\/semmelweis.hu\/noiklinika\/files\/2024\/09\/Tantargyi-kovetelmenyrendszer-Formanyomtatvany-magyar_V.-ev-2024-2025.pdf\">Tantargyi-kovetelmenyrendszer-Formanyomtatvany-magyar_V. \u00e9v 2024-2025<\/a><br \/>\n<a href=\"https:\/\/semmelweis.hu\/noiklinika\/files\/2023\/10\/Tantargyi-kovetelmenyrendszer-Formanyo-mtatvany_magyar_Cikluskovetes-2023.pdf\">Tantargyi-kovetelmenyrendszer-Formanyo mtatvany_magyar_Ciklusk\u00f6vet\u00e9s 2023<\/a><br \/>\n<a href=\"https:\/\/semmelweis.hu\/noiklinika\/files\/2025\/03\/Intezkedesi-terv-2025.pdf\">Int\u00e9zked\u00e9si terv 2025<\/a><br \/>\n<a href=\"https:\/\/semmelweis.hu\/noiklinika\/files\/2025\/06\/compressed_UH-tantermi-eloadas-digitalis-tananyag-Valent.pptx\">compressed_UH tantermi elo\u030bada\u0301s digita\u0301lis tananyag Valent<\/a><br \/>\n<a href=\"https:\/\/semmelweis.hu\/noiklinika\/files\/2025\/06\/Magzati-novekedesi-lemaradas.pdf\">Magzati n\u00f6veked\u00e9si lemarad\u00e1s<\/a><br \/>\n<a href=\"https:\/\/semmelweis.hu\/noiklinika\/files\/2025\/06\/Terhessegi-hypertonia-praeeclampsia.pdf\">Terhess\u00e9gi hypertonia, praeeclampsia<\/a><\/p>\n","protected":false},"author":101531,"featured_media":0,"parent":108,"menu_order":0,"comment_status":"closed","ping_status":"closed","template":"","meta":{"_acf_changed":false,"footnotes":""},"categories":[],"tags":[],"class_list":["post-258","page","type-page","status-publish","hentry"],"acf":[],"_links":{"self":[{"href":"https:\/\/semmelweis.hu\/noiklinika\/wp-json\/wp\/v2\/pages\/258","targetHints":{"allow":["GET"]}}],"collection":[{"href":"https:\/\/semmelweis.hu\/noiklinika\/wp-json\/wp\/v2\/pages"}],"about":[{"href":"https:\/\/semmelweis.hu\/noiklinika\/wp-json\/wp\/v2\/types\/page"}],"author":[{"embeddable":true,"href":"https:\/\/semmelweis.hu\/noiklinika\/wp-json\/wp\/v2\/users\/101531"}],"replies":[{"embeddable":true,"href":"https:\/\/semmelweis.hu\/noiklinika\/wp-json\/wp\/v2\/comments?post=258"}],"version-history":[{"count":11,"href":"https:\/\/semmelweis.hu\/noiklinika\/wp-json\/wp\/v2\/pages\/258\/revisions"}],"predecessor-version":[{"id":1334,"href":"https:\/\/semmelweis.hu\/noiklinika\/wp-json\/wp\/v2\/pages\/258\/revisions\/1334"}],"up":[{"embeddable":true,"href":"https:\/\/semmelweis.hu\/noiklinika\/wp-json\/wp\/v2\/pages\/108"}],"wp:attachment":[{"href":"https:\/\/semmelweis.hu\/noiklinika\/wp-json\/wp\/v2\/media?parent=258"}],"wp:term":[{"taxonomy":"category","embeddable":true,"href":"https:\/\/semmelweis.hu\/noiklinika\/wp-json\/wp\/v2\/categories?post=258"},{"taxonomy":"post_tag","embeddable":true,"href":"https:\/\/semmelweis.hu\/noiklinika\/wp-json\/wp\/v2\/tags?post=258"}],"curies":[{"name":"wp","href":"https:\/\/api.w.org\/{rel}","templated":true}]}}