{"id":224,"date":"2021-09-30T22:31:45","date_gmt":"2021-09-30T20:31:45","guid":{"rendered":"https:\/\/semmelweis.hu\/noiklinika\/?page_id=224"},"modified":"2022-07-01T16:07:13","modified_gmt":"2022-07-01T14:07:13","slug":"tajekoztato-a-betegdokumentacio-kiadasarol","status":"publish","type":"page","link":"https:\/\/semmelweis.hu\/noiklinika\/baross\/tajekoztato-a-betegdokumentacio-kiadasarol\/","title":{"rendered":"A betegdokument\u00e1ci\u00f3 kiad\u00e1sa &#8211; Baross utca"},"content":{"rendered":"<p>Az 1997. \u00e9vi CLIV tv. 24 \u00a7 (3) alapj\u00e1n a beteg jogosult az eg\u00e9szs\u00e9g\u00fcgyi dokument\u00e1ci\u00f3ba beletekinteni, valamint arr\u00f3l saj\u00e1t k\u00f6lts\u00e9g\u00e9re m\u00e1solatot k\u00e9rni. A betegdokument\u00e1ci\u00f3 kiad\u00e1s\u00e1ra \u2013 a t\u00f6rv\u00e9nyi felt\u00e9telek fenn\u00e1ll\u00e1sa eset\u00e9n \u2013 m\u00e1s szem\u00e9lyek, \u00e9s Hat\u00f3s\u00e1g sz\u00e1m\u00e1ra is van jogszab\u00e1lyi lehet\u0151s\u00e9g. A felt\u00e9telek fenn\u00e1ll\u00e1s\u00e1t minden esetben megvizsg\u00e1ljuk.<\/p>\n<p><strong>A k\u00e9relem lead\u00e1sa ut\u00e1n a k\u00e9relmez\u0151t telefonon \u00e9rtes\u00edtj\u00fck a m\u00e1solatok elk\u00e9sz\u00fclt\u00e9r\u0151l.<\/strong><\/p>\n<h4><strong>A k\u00e9relem lead\u00e1sa<\/strong><\/h4>\n<p>A k\u00e9relem lead\u00e1s\u00e1ra, valamint a m\u00e1solatok \u00e1tv\u00e9tel\u00e9re <strong>egyeztetett id\u0151pontban<\/strong> szem\u00e9lyesen, vagy meghatalmaz\u00e1ssal (amely saj\u00e1t kez\u0171leg \u00edrt \u00e9s al\u00e1\u00edrt, vagy elektronikusan \u00edrt, al\u00e1\u00edrt \u00e9s k\u00e9t tan\u00faval hiteles\u00edtett, vagy mag\u00e1nokiratba foglalt).<\/p>\n<div class=\"fontos_div\">\n<p><strong>El\u0151zetes telefonos egyeztet\u00e9s h\u00e9tf\u0151n 10 \u00e9s 12 \u00f3ra k\u00f6z\u00f6tt, valamint cs\u00fct\u00f6rt\u00f6k\u00f6n 13 \u00e9s 15 \u00f3ra k\u00f6z\u00f6tt<\/strong>: <a href=\"tel:+36208250435\">+36-20-825-0435<\/a> (L\u00e1posi Andrea adatv\u00e9delmi felel\u0151s)\u00a0<\/p>\n<\/div>\n<p><strong>\u00a0Az \u00e1tv\u00e9tel is <\/strong><strong>h\u00e9tf\u0151n 10 \u00e9s 12 \u00f3ra k\u00f6z\u00f6tt, valamint cs\u00fct\u00f6rt\u00f6k\u00f6n 13 \u00e9s 15 \u00f3ra k\u00f6z\u00f6tt lehets\u00e9ges.<\/strong><\/p>\n<p><strong>K\u00e9relm\u00fcket postai \u00faton is eljuttathatj\u00e1k Klinik\u00e1nk c\u00edm\u00e9re.<\/strong> (1428 Budapest, Pf. 2.)<\/p>\n<h4><strong>A betegdokument\u00e1ci\u00f3 m\u00e1solat\u00e1nak kiad\u00e1si d\u00edjai:<\/strong><\/h4>\n<p>A <strong>Semmelweis Egyetem T\u00e9r\u00edt\u00e9si d\u00edj Szab\u00e1lyzata<\/strong> szerint a betegdokument\u00e1ci\u00f3 m\u00e1solat\u00e1nak kiad\u00e1si d\u00edjai:<\/p>\n<p style=\"padding-left: 40px;\"><strong>a)<\/strong> Sz\u00fclet\u00e9si id\u0151pont igazol\u00e1sa 6.000 Ft+\u00c1FA<br \/>\n<strong>b)<\/strong> Pap\u00edralap\u00fa dokument\u00e1ci\u00f3 m\u00e1sol\u00e1sa<\/p>\n<ul>\n<li style=\"list-style-type: none;\">\n<ul>\n<li><strong>oldalank\u00e9nt (A\/4 \u00e9s A\/3 is) 100,- Ft,<br \/>\n<\/strong><\/li>\n<li>k\u00e9r\u00e9sre sz\u00ednes m\u00e1solat oldalank\u00e9nt 150,- Ft,<\/li>\n<li><strong>teljes eg\u00e9szs\u00e9g\u00fcgyi dokument\u00e1ci\u00f3 50 oldalig 5 000,- Ft, felette oldalank\u00e9nt 100,-Ft.<\/strong><\/li>\n<\/ul>\n<\/li>\n<\/ul>\n<p style=\"padding-left: 40px;\"><strong>c)<\/strong> Elektronikus m\u00e1solat \u2013 CD\/DVD \u2013 (CT, MR, Ultrahang felv\u00e9telek): 700 Ft\/darab.<br \/>\nA klinika szakorvosa \u00e1ltal a beteg m\u00e1s int\u00e9zetbe t\u00f6rt\u00e9n\u0151 utal\u00e1sa eset\u00e9n a CD-re \u00edr\u00e1s t\u00e9r\u00edt\u00e9smentes. A CD kiad\u00e1s\u00e1nak t\u00e9ny\u00e9t a leleten vagy z\u00e1r\u00f3jelent\u00e9sben r\u00f6gz\u00edteni kell. Elektronikus adathordoz\u00f3n t\u00f6rt\u00e9nt kiad\u00e1s csak CD-re t\u00f6rt\u00e9nhet, pendrive, egy\u00e9b adathordoz\u00f3ra t\u00f6rt\u00e9n\u0151 ment\u00e9s tilos. Eredeti (hagyom\u00e1nyos) r\u00f6ntgenfelv\u00e9tel szakorvosi, \u00edr\u00e1sbeli k\u00e9r\u00e9s eset\u00e9n, \u00e9s hat\u00f3s\u00e1gi megkeres\u00e9sre adhat\u00f3 ki. A felv\u00e9telr\u0151l k\u00e9sz\u00fclt lelet m\u00e1solat kiad\u00e1sa fentiek szerint t\u00f6rt\u00e9nik.<\/p>\n","protected":false},"excerpt":{"rendered":"<p>Az 1997. \u00e9vi CLIV tv. 24 \u00a7 (3) alapj\u00e1n a beteg jogosult az eg\u00e9szs\u00e9g\u00fcgyi dokument\u00e1ci\u00f3ba beletekinteni, valamint arr\u00f3l saj\u00e1t k\u00f6lts\u00e9g\u00e9re m\u00e1solatot k\u00e9rni. A betegdokument\u00e1ci\u00f3 kiad\u00e1s\u00e1ra \u2013 a t\u00f6rv\u00e9nyi felt\u00e9telek fenn\u00e1ll\u00e1sa eset\u00e9n \u2013 m\u00e1s szem\u00e9lyek, \u00e9s Hat\u00f3s\u00e1g sz\u00e1m\u00e1ra is van jogszab\u00e1lyi lehet\u0151s\u00e9g. A felt\u00e9telek fenn\u00e1ll\u00e1s\u00e1t minden esetben megvizsg\u00e1ljuk. A k\u00e9relem lead\u00e1sa ut\u00e1n a k\u00e9relmez\u0151t telefonon \u00e9rtes\u00edtj\u00fck &hellip;<\/p>\n","protected":false},"author":101531,"featured_media":0,"parent":82,"menu_order":9,"comment_status":"closed","ping_status":"closed","template":"","meta":{"_acf_changed":false,"footnotes":""},"categories":[],"tags":[],"class_list":["post-224","page","type-page","status-publish","hentry"],"acf":[],"_links":{"self":[{"href":"https:\/\/semmelweis.hu\/noiklinika\/wp-json\/wp\/v2\/pages\/224","targetHints":{"allow":["GET"]}}],"collection":[{"href":"https:\/\/semmelweis.hu\/noiklinika\/wp-json\/wp\/v2\/pages"}],"about":[{"href":"https:\/\/semmelweis.hu\/noiklinika\/wp-json\/wp\/v2\/types\/page"}],"author":[{"embeddable":true,"href":"https:\/\/semmelweis.hu\/noiklinika\/wp-json\/wp\/v2\/users\/101531"}],"replies":[{"embeddable":true,"href":"https:\/\/semmelweis.hu\/noiklinika\/wp-json\/wp\/v2\/comments?post=224"}],"version-history":[{"count":8,"href":"https:\/\/semmelweis.hu\/noiklinika\/wp-json\/wp\/v2\/pages\/224\/revisions"}],"predecessor-version":[{"id":636,"href":"https:\/\/semmelweis.hu\/noiklinika\/wp-json\/wp\/v2\/pages\/224\/revisions\/636"}],"up":[{"embeddable":true,"href":"https:\/\/semmelweis.hu\/noiklinika\/wp-json\/wp\/v2\/pages\/82"}],"wp:attachment":[{"href":"https:\/\/semmelweis.hu\/noiklinika\/wp-json\/wp\/v2\/media?parent=224"}],"wp:term":[{"taxonomy":"category","embeddable":true,"href":"https:\/\/semmelweis.hu\/noiklinika\/wp-json\/wp\/v2\/categories?post=224"},{"taxonomy":"post_tag","embeddable":true,"href":"https:\/\/semmelweis.hu\/noiklinika\/wp-json\/wp\/v2\/tags?post=224"}],"curies":[{"name":"wp","href":"https:\/\/api.w.org\/{rel}","templated":true}]}}