{"id":219,"date":"2021-09-30T22:29:58","date_gmt":"2021-09-30T20:29:58","guid":{"rendered":"https:\/\/semmelweis.hu\/noiklinika\/?page_id=219"},"modified":"2025-09-25T11:26:23","modified_gmt":"2025-09-25T09:26:23","slug":"nogyogyaszati-uh","status":"publish","type":"page","link":"https:\/\/semmelweis.hu\/noiklinika\/baross\/jarobeteg\/nogyogyaszati-uh\/","title":{"rendered":"N\u0151gy\u00f3gy\u00e1szati ultrahangvizsg\u00e1latok &#8211; Baross utca"},"content":{"rendered":"<h1>N\u0151gy\u00f3gy\u00e1szati ultrahangvizsg\u00e1lat<\/h1>\n<div class=\"keretes w-100\">\n<p>Az ultrahang vizsg\u00e1latok el\u0151jegyz\u00e9s alapj\u00e1n t\u00f6rt\u00e9nnek, Bejelentkezni a\u00a0<strong>+36 1 459 1579<\/strong> telefonsz\u00e1mon, vagy szem\u00e9lyesen a V\u00e1rand\u00f3s Ambulanci\u00e1n lehet.<\/p>\n<p><strong>Helysz\u00edn: Baross utcai r\u00e9szleg <\/strong>(1088 Budapest,<span class=\"LrzXr\"> Baross u. 27.) &#8211; <\/span>alagsori ultrahang rendel\u0151k.<\/p>\n<\/div>\n<p align=\"left\">C\u00e9lja a bels\u0151 n\u0151i nemi szervek (m\u00e9h, petef\u00e9szkek, petevezet\u00e9kek) \u00e1ttekint\u00e9se. Alkalmas \u00e9lettani v\u00e1ltoz\u00e1sok (pete\u00e9r\u00e9s) k\u00f6vet\u00e9s\u00e9re, a kismedencei szervek k\u00f3ros \u00e1llapotainak felismer\u00e9s\u00e9re, az egyes betegs\u00e9gek k\u00f3rlefoly\u00e1s\u00e1nak ellen\u0151rz\u00e9s\u00e9re. Hasi vagy h\u00fcvelyi \u00faton v\u00e9gezhet\u0151. Az ut\u00f3bbi \u00e9vtizedben a n\u0151i kismedence ultrahangvizsg\u00e1lat\u00e1ban a h\u00fcvelyi vizsg\u00e1l\u00f3fejek alkalmaz\u00e1sa terjedt el. A m\u00f3dszer el\u0151nye: a vizsg\u00e1l\u00f3fej magasabb frekvenci\u00e1n m\u0171k\u00f6dik, ez\u00e9rt jobb a felbont\u00f3k\u00e9pess\u00e9ge, a kapott k\u00e9p r\u00e9szletgazdagabb, a kismedencei szervek k\u00f6zvetlen k\u00f6zelr\u0151l vizsg\u00e1lhat\u00f3k, a p\u00e1ciensnek nem kell telt h\u00fagyh\u00f3lyaggal lennie, mint hasi ultrahangvizsg\u00e1latn\u00e1l.<\/p>\n<h4 align=\"left\"><b>h\u00fcvelyi ultrahangvizsg\u00e1lat<\/b><\/h4>\n<p align=\"left\">A h\u00fcvelyi ultrahangvizsg\u00e1lat \u00fcres h\u00fagyh\u00f3lyag mellett t\u00f6rt\u00e9nik. A vizsg\u00e1lat h\u00e1ton fekv\u0151 helyzetben, vizsg\u00e1l\u00f3\u00e1gyon t\u00f6rt\u00e9nik. Ez ut\u00f3bbi esetben a cs\u00edp\u0151 kell\u0151 megemel\u00e9s\u00e9t \u00e9kp\u00e1rn\u00e1val biztos\u00edtjuk. Az ujjszer\u0171en kik\u00e9pezett vizsg\u00e1l\u00f3fejre ultrahang-g\u00e9llel kit\u00f6lt\u00f6tt v\u00e9d\u0151gumit h\u00fazunk. Ezt k\u00edv\u00fclr\u0151l is g\u00e9llel vonjuk be, majd a vizsg\u00e1l\u00f3fejet \u00f3vatosan a h\u00fcvelybe vezetj\u00fck. A vizsg\u00e1lat menet\u00e9t a p\u00e1ciens a megfelel\u0151 helyzetben elhelyezett k\u00fcl\u00f6n monitoron tudja k\u00f6vetni.<\/p>\n<h4 align=\"left\"><b>Hasi ultrahangvizsg\u00e1lat<\/b><\/h4>\n<p align=\"left\">Hasi ultrahangvizsg\u00e1lattal nemcsak a kismedence, hanem az eg\u00e9sz has\u00fcreg vizsg\u00e1lhat\u00f3, ez\u00e9rt olyankor j\u00f6n sz\u00f3ba, ha a n\u0151gy\u00f3gy\u00e1szati betegs\u00e9gr\u0151l h\u00fcvelyi \u00faton nem szerezhet\u0151 kell\u0151 inform\u00e1ci\u00f3. A kismedencei szervek kell\u0151 \u00e1br\u00e1zol\u00e1s\u00e1hoz telt h\u00fagyh\u00f3lyag sz\u00fcks\u00e9ges. A vizsg\u00e1lat h\u00e1ton fekv\u0151 helyzetben t\u00f6rt\u00e9nik. A hasfal b\u0151r\u00e9t a vizsg\u00e1lat el\u0151tt v\u00edzzel lemoshat\u00f3 speci\u00e1lis g\u00e9llel kenj\u00fck be, hogy a vizsg\u00e1l\u00f3fej \u00e9s a b\u0151r k\u00f6z\u00f6tt l\u00e9gmentes, az ultrahang sz\u00e1m\u00e1ra j\u00f3l \u00e1tj\u00e1rhat\u00f3 kapcsolat j\u00f6jj\u00f6n l\u00e9tre.<\/p>\n<h4 align=\"left\"><strong>Diagn\u00f3zis \u00e9s Lelet<\/strong><\/h4>\n<p align=\"left\">A korszer\u0171 vizsg\u00e1l\u00f3k\u00e9sz\u00fcl\u00e9kek, a jelent\u0151s szakmai tapasztalat \u00e9s a nagyfok\u00fa gondoss\u00e1g ellen\u00e9re sem lehets\u00e9ges mindenkor, minden rendelleness\u00e9g, k\u00f3ros \u00e1llapot teljes biztons\u00e1ggal t\u00f6rt\u00e9n\u0151 felismer\u00e9se illetve kiz\u00e1r\u00e1sa. Az ultrahangvizsg\u00e1lat diagnosztikus hat\u00e9konys\u00e1ga az egyes elv\u00e1ltoz\u00e1sok eset\u00e9ben elt\u00e9r\u0151, bizonyos rendelleness\u00e9gek rejtve maradhatnak. Az ultrahangvizsg\u00e1lat minden esetben lelet \u00edr\u00e1s\u00e1val z\u00e1rul. A lelet \u00e9rt\u00e9kel\u00e9s\u00e9t a kezel\u0151orvos v\u00e9gzi az \u00f6sszes klinikai \u00e9s laborat\u00f3riumi lelet egy\u00fcttes figyelembe v\u00e9tel\u00e9vel, teh\u00e1t az ultrahangvizsg\u00e1latot k\u00f6vet\u0151en felt\u00e9tlen\u00fcl keresse fel kezel\u0151orvos\u00e1t.<\/p>\n","protected":false},"excerpt":{"rendered":"<p>N\u0151gy\u00f3gy\u00e1szati ultrahangvizsg\u00e1lat Az ultrahang vizsg\u00e1latok el\u0151jegyz\u00e9s alapj\u00e1n t\u00f6rt\u00e9nnek, Bejelentkezni a\u00a0+36 1 459 1579 telefonsz\u00e1mon, vagy szem\u00e9lyesen a V\u00e1rand\u00f3s Ambulanci\u00e1n lehet. Helysz\u00edn: Baross utcai r\u00e9szleg (1088 Budapest, Baross u. 27.) &#8211; alagsori ultrahang rendel\u0151k. C\u00e9lja a bels\u0151 n\u0151i nemi szervek (m\u00e9h, petef\u00e9szkek, petevezet\u00e9kek) \u00e1ttekint\u00e9se. Alkalmas \u00e9lettani v\u00e1ltoz\u00e1sok (pete\u00e9r\u00e9s) k\u00f6vet\u00e9s\u00e9re, a kismedencei szervek k\u00f3ros \u00e1llapotainak felismer\u00e9s\u00e9re, az &hellip;<\/p>\n","protected":false},"author":101531,"featured_media":0,"parent":99,"menu_order":5,"comment_status":"closed","ping_status":"closed","template":"","meta":{"_acf_changed":false,"footnotes":""},"categories":[24],"tags":[22],"class_list":["post-219","page","type-page","status-publish","hentry","category-szakrendelesek-es-osztalyok","tag-betegellatas"],"acf":[],"_links":{"self":[{"href":"https:\/\/semmelweis.hu\/noiklinika\/wp-json\/wp\/v2\/pages\/219","targetHints":{"allow":["GET"]}}],"collection":[{"href":"https:\/\/semmelweis.hu\/noiklinika\/wp-json\/wp\/v2\/pages"}],"about":[{"href":"https:\/\/semmelweis.hu\/noiklinika\/wp-json\/wp\/v2\/types\/page"}],"author":[{"embeddable":true,"href":"https:\/\/semmelweis.hu\/noiklinika\/wp-json\/wp\/v2\/users\/101531"}],"replies":[{"embeddable":true,"href":"https:\/\/semmelweis.hu\/noiklinika\/wp-json\/wp\/v2\/comments?post=219"}],"version-history":[{"count":10,"href":"https:\/\/semmelweis.hu\/noiklinika\/wp-json\/wp\/v2\/pages\/219\/revisions"}],"predecessor-version":[{"id":1357,"href":"https:\/\/semmelweis.hu\/noiklinika\/wp-json\/wp\/v2\/pages\/219\/revisions\/1357"}],"up":[{"embeddable":true,"href":"https:\/\/semmelweis.hu\/noiklinika\/wp-json\/wp\/v2\/pages\/99"}],"wp:attachment":[{"href":"https:\/\/semmelweis.hu\/noiklinika\/wp-json\/wp\/v2\/media?parent=219"}],"wp:term":[{"taxonomy":"category","embeddable":true,"href":"https:\/\/semmelweis.hu\/noiklinika\/wp-json\/wp\/v2\/categories?post=219"},{"taxonomy":"post_tag","embeddable":true,"href":"https:\/\/semmelweis.hu\/noiklinika\/wp-json\/wp\/v2\/tags?post=219"}],"curies":[{"name":"wp","href":"https:\/\/api.w.org\/{rel}","templated":true}]}}