{"id":217,"date":"2021-09-30T22:29:27","date_gmt":"2021-09-30T20:29:27","guid":{"rendered":"https:\/\/semmelweis.hu\/noiklinika\/?page_id=217"},"modified":"2022-07-01T15:26:01","modified_gmt":"2022-07-01T13:26:01","slug":"betegek-kotelezettsegei-es-jogai","status":"publish","type":"page","link":"https:\/\/semmelweis.hu\/noiklinika\/baross\/betegek-kotelezettsegei-es-jogai\/","title":{"rendered":"Betegek k\u00f6telezetts\u00e9gei \u00e9s jogai &#8211; Baross utca"},"content":{"rendered":"<div class=\"responsive-tabs\">\n<h2 class=\"tabtitle\">Betegjogok<\/h2>\n<div class=\"tabcontent\">\n\n<h1>Betegek k\u00f6telezetts\u00e9gei \u00e9s jogai<\/h1>\n<p>A Magyar Orsz\u00e1ggy\u0171l\u00e9s a lakoss\u00e1g eg\u00e9szs\u00e9ge ir\u00e1nt \u00e9rzett felel\u0151ss\u00e9g\u00e9t\u0151l \u00e1thatva, az eg\u00e9szs\u00e9gi \u00e1llapot meg\u0151rz\u00e9s\u00e9nek \u00e9s jav\u00edt\u00e1s\u00e1nak \u00f6sszetett felt\u00e9telrendszer\u00e9t meghat\u00e1roz\u00f3 t\u00f6rv\u00e9nyt alkotott (1997. \u00e9vi CLIV. t\u00f6rv\u00e9ny az eg\u00e9szs\u00e9g\u00fcgyr\u0151l), amelyben megfogalmaz\u00e1sra ker\u00fcltek mindazon k\u00f6telezetts\u00e9gek \u00e9s jogok, amelyek a betegeket \u00e9s hozz\u00e1tartoz\u00f3ikat \u00e9rintik az ell\u00e1t\u00e1s sor\u00e1n.<\/p>\n<h3>1. K\u00f6telezetts\u00e9gek:<\/h3>\n<p>\u2013 A beteg k\u00f6teles tiszteletben tartani az \u00e9rv\u00e9nyes jogszab\u00e1lyokat \u00e9s a k\u00f3rh\u00e1zi rendet.<br \/>\n\u2013 K\u00f6teles az ell\u00e1t\u00e1s\u00e1ban k\u00f6zrem\u0171k\u00f6d\u0151 eg\u00e9szs\u00e9g\u00fcgyi dolgoz\u00f3kkal egy\u00fcttm\u0171k\u00f6dni.<br \/>\n\u2013 K\u00f6teles t\u00e1j\u00e9koztatni az \u0151t kezel\u0151 orvosokat mindarr\u00f3l, ami sz\u00fcks\u00e9ges a k\u00f3rismeret meg\u00e1llap\u00edt\u00e1s\u00e1hoz (kor\u00e1bbi betegs\u00e9gekr\u0151l, gy\u00f3gyszerszed\u00e9sr\u0151l, eg\u00e9szs\u00e9gk\u00e1ros\u00edt\u00f3 kock\u00e1zati t\u00e9nyez\u0151kr\u0151l, tudott fert\u0151z\u0151 betegs\u00e9gr\u0151l), a t\u0151l\u00fck kapott rendelkez\u00e9seket a gy\u00f3gykezel\u00e9ssel kapcsolatban betartani.<br \/>\n\u2013 K\u00f6teles a k\u00f3rh\u00e1z H\u00e1zirendj\u00e9t betartani.<br \/>\n\u2013 K\u00f6teles m\u00e1s beteg\/betegek jogait tiszteletben tartani.<br \/>\n\u2013 K\u00f6teles szem\u00e9lyi adatait, biztos\u00edt\u00e1si jogviszony\u00e1t hitelt \u00e9rdeml\u0151 m\u00f3don igazolni.<br \/>\n\u2013 K\u00f6teles az OEP \u00e1ltal finansz\u00edrozott tev\u00e9kenys\u00e9geken t\u00fali szolg\u00e1ltat\u00e1sok t\u00e9r\u00edt\u00e9si d\u00edjait megfizetni.<\/p>\n<h3>2.Betegek jogai:<\/h3>\n<ul style=\"list-style-type: square;\">\n<li><strong>Az eg\u00e9szs\u00e9g\u00fcgyi ell\u00e1t\u00e1shoz val\u00f3 jog<\/strong><br \/>\nMinden betegnek \u2013 tekintet n\u00e9lk\u00fcl arra, hogy magyar \u00e1llampolg\u00e1r-e, vagy hogy rendelkezik-e \u00e9rv\u00e9nyes biztos\u00edt\u00e1ssal \u2013 s\u00fcrg\u0151s sz\u00fcks\u00e9g eset\u00e9n joga van az \u00e9letment\u0151, a s\u00falyos vagy maradand\u00f3 eg\u00e9szs\u00e9gk\u00e1rosod\u00e1s megel\u0151z\u00e9s\u00e9t biztos\u00edt\u00f3 ell\u00e1t\u00e1shoz, valamint f\u00e1jdalm\u00e1nak csillap\u00edt\u00e1s\u00e1hoz \u00e9s szenved\u00e9seinek cs\u00f6kkent\u00e9s\u00e9hez. A biztos\u00edtottnak joga van az eg\u00e9szs\u00e9gi \u00e1llapota \u00e1ltal indokolt, megfelel\u0151, folyamatosan hozz\u00e1f\u00e9rhet\u0151 \u00e9s megk\u00fcl\u00f6nb\u00f6ztet\u00e9s n\u00e9lk\u00fcli eg\u00e9szs\u00e9g\u00fcgyi ell\u00e1t\u00e1shoz.<br \/>\nA beteg szabadon megv\u00e1laszthatja, hogy melyik k\u00f3rh\u00e1zban veszi ig\u00e9nybe az ell\u00e1t\u00e1st (ha ezt eg\u00e9szs\u00e9gi \u00e1llapota indokolja), \u00e9s joga van arra is, hogy az ell\u00e1t\u00e1s\u00e1t v\u00e9gz\u0151 orvost megv\u00e1lassza.<\/li>\n<li><strong>Az emberi m\u00e9lt\u00f3s\u00e1ghoz val\u00f3 jog<\/strong><br \/>\nAz eg\u00e9szs\u00e9g\u00fcgyi ell\u00e1t\u00e1s sor\u00e1n a beteg emberi m\u00e9lt\u00f3s\u00e1g\u00e1t tiszteletben kell tartani.\u00a0A beteget csak m\u00e9lt\u00e1nyolhat\u00f3 okb\u00f3l \u00e9s ideig szabad v\u00e1rakoztatni. A beteg ell\u00e1t\u00e1sa sor\u00e1n szem\u00e9rem\u00e9rzet\u00e9re tekintettel ruh\u00e1zata csak a sz\u00fcks\u00e9ges id\u0151re \u00e9s a szakmailag indokolt m\u00e9rt\u00e9kben t\u00e1vol\u00edthat\u00f3 el.<\/li>\n<li><strong>A kapcsolattart\u00e1s joga<\/strong><br \/>\nA beteg k\u00f3rh\u00e1zi elhelyez\u00e9se sor\u00e1n m\u00e1s szem\u00e9lyekkel ak\u00e1r \u00edr\u00e1sban, ak\u00e1r sz\u00f3ban kapcsolatot tarthat, l\u00e1togat\u00f3kat fogadhat. A s\u00falyos \u00e1llapot\u00fa (aki \u00f6nell\u00e1t\u00e1sra k\u00e9ptelen, vagy f\u00e1jdalmai gy\u00f3gyszerrel sem sz\u00fcntethet\u0151k meg, vagy lelki kr\u00edzishelyzetben van) betegnek joga van arra, hogy az \u00e1ltala megjel\u00f6lt 1 szem\u00e9ly mellette tart\u00f3zkodjon. A sz\u00fcl\u0151 n\u0151nek joga van arra, hogy az \u00e1ltala megjel\u00f6lt (1) nagykor\u00fa szem\u00e9ly a vaj\u00fad\u00e1s \u00e9s a sz\u00fcl\u00e9s alatt folyamatosan vele lehessen, a sz\u00fcl\u00e9st k\u00f6vet\u0151en pedig arra, hogy \u2013 amennyiben ezt az \u0151, vagy \u00fajsz\u00fcl\u00f6ttje eg\u00e9szs\u00e9gi \u00e1llapota nem z\u00e1rja ki, \u00fajsz\u00fcl\u00f6ttj\u00e9vel egy helyis\u00e9gben helyezz\u00e9k el.<\/li>\n<li><strong>Az int\u00e9zm\u00e9ny elhagy\u00e1s\u00e1nak joga<\/strong><br \/>\nA betegnek joga van a k\u00f3rh\u00e1zat elhagyni, amennyiben azzal m\u00e1sok testi \u00e9ps\u00e9g\u00e9t, eg\u00e9szs\u00e9g\u00e9t nem vesz\u00e9lyezteti. A t\u00e1voz\u00e1si sz\u00e1nd\u00e9kot a kezel\u0151orvosnak kell bejelenteni, a sz\u00fcks\u00e9ges dokument\u00e1ci\u00f3 elk\u00e9sz\u00edt\u00e9s\u00e9ben k\u00f6teles egy\u00fcttm\u0171k\u00f6dni. Ha a beteget a k\u00f3rh\u00e1zb\u00f3l el akarj\u00e1k bocs\u00e1tani, \u0151t, illet\u0151leg hozz\u00e1tartoz\u00f3j\u00e1t err\u0151l el\u0151zetesen t\u00e1j\u00e9koztatni kell.<\/li>\n<li><strong>A t\u00e1j\u00e9koztat\u00e1shoz val\u00f3 jog<\/strong><br \/>\nA betegnek joga van arra, hogy kezel\u0151orvos\u00e1t\u00f3l r\u00e9szletes t\u00e1j\u00e9koztat\u00e1st kapjon eg\u00e9szs\u00e9gi \u00e1llapot\u00e1r\u00f3l, bele\u00e9rtve ennek orvosi meg\u00edt\u00e9l\u00e9s\u00e9t is. K\u00e9r\u00e9s\u00e9nek megfelel\u0151en sz\u00fcks\u00e9ges a javasolt vizsg\u00e1latokr\u00f3l, beavatkoz\u00e1sokr\u00f3l, ezek eredm\u00e9ny\u00e9r\u0151l,a javasolt vizsg\u00e1latok, beavatkoz\u00e1sok elv\u00e9gz\u00e9s\u00e9nek, illetve elmarad\u00e1s\u00e1nak lehets\u00e9ges el\u0151nyeir\u0151l \u00e9s kock\u00e1zatair\u00f3l, a vizsg\u00e1latok, beavatkoz\u00e1sok elv\u00e9gz\u00e9s\u00e9nek tervezett id\u0151pontjair\u00f3l, a sz\u00f3ba j\u00f6het\u0151 egy\u00e9b elj\u00e1r\u00e1sokr\u00f3l, m\u00f3dszerekr\u0151l, az ell\u00e1t\u00e1s folyamat\u00e1r\u00f3l \u00e9s v\u00e1rhat\u00f3 kimenetel\u00e9r\u0151l, a tov\u00e1bbi ell\u00e1t\u00e1sokr\u00f3l, valamint a javasolt \u00e9letm\u00f3dr\u00f3l t\u00e1j\u00e9koztatni. A betegnek joga van a t\u00e1j\u00e9koztat\u00e1s sor\u00e1n \u00e9s azt k\u00f6vet\u0151en tov\u00e1bbi k\u00e9rd\u00e9sekre. A beteg a t\u00e1j\u00e9koztat\u00e1s\u00e1r\u00f3l lemondhat, \u00e9s joga van kijel\u00f6lni azt a szem\u00e9lyt, akit helyette t\u00e1j\u00e9koztatni kell.<\/li>\n<li><strong>Beleegyez\u00e9s a gy\u00f3gykezel\u00e9sbe<\/strong><br \/>\nB\u00e1rmely eg\u00e9szs\u00e9g\u00fcgyi beavatkoz\u00e1s elv\u00e9gz\u00e9s\u00e9nek felt\u00e9tele, hogy ahhoz a beteg megfelel\u0151 t\u00e1j\u00e9koztat\u00e1son alapul\u00f3 beleegyez\u00e9s\u00e9t adja. Invaz\u00edv beavatkoz\u00e1s (m\u0171t\u00e9t, sug\u00e1rkezel\u00e9s, stb.) eset\u00e9ben a beleegyez\u00e9s csak \u00edr\u00e1sban \u00e9rv\u00e9nyes. A beteg a beavatkoz\u00e1s elv\u00e9gz\u00e9s\u00e9hez val\u00f3 beleegyez\u00e9s\u00e9t b\u00e1rmikor visszavonhatja. A beleegyez\u00e9s alapos ok n\u00e9lk\u00fcli visszavon\u00e1sa eset\u00e9n azonban k\u00f6telezhet\u0151 az ennek k\u00f6vetkezt\u00e9ben felmer\u00fclt \u00e9s indokolt k\u00f6lts\u00e9gek megt\u00e9r\u00edt\u00e9s\u00e9re. Ha a beteg maga nem tud a kezel\u00e9sbe beleegyezni (mert pl. eszm\u00e9letlen, vagy zavart \u00e1llapot\u00fa), \u00e9s nem hatalmazott fel kor\u00e1bban senkit, hogy helyette a beleegyez\u00e9s jog\u00e1t gyakorolja, a kezel\u0151orvosnak a beteg hozz\u00e1tartoz\u00f3it kell megk\u00e9rdeznie arr\u00f3l, hogy beleegyeznek-e a kezel\u00e9sbe. \u0151k azonban a beteg tov\u00e1bbi \u00e9lete szempontj\u00e1b\u00f3l fontoss\u00e1ggal b\u00edr\u00f3 m\u0171t\u00e9tet nem utas\u00edthatnak vissza az eszm\u00e9letlen beteg nev\u00e9ben). Abban az esetben azonban, ha a hozz\u00e1tartoz\u00f3k megk\u00e9rdez\u00e9se a beteg gy\u00f3gyul\u00e1sa szempontj\u00e1b\u00f3l jelent\u0151s k\u00e9sedelemmel j\u00e1rna, a kezel\u0151orvos saj\u00e1t bel\u00e1t\u00e1sa szerint d\u00f6nt.<\/li>\n<li><strong>A kezel\u00e9s visszautas\u00edt\u00e1sa<\/strong><br \/>\nA nagykor\u00fa, cselekv\u0151k\u00e9pes beteget \u00e1ltal\u00e1ban megilleti az a jog, hogy b\u00e1rmely ell\u00e1t\u00e1st visszautas\u00edtson. Olyan beavatkoz\u00e1st, amely elmarad\u00e1sa el\u0151rel\u00e1that\u00f3an a beteg hal\u00e1l\u00e1hoz vezet (\u00e9letfenntart\u00f3 vagy \u00e9letment\u0151 beavatkoz\u00e1s, pld. mesters\u00e9ges l\u00e9legeztet\u00e9s, mesters\u00e9ges t\u00e1pl\u00e1l\u00e1s megsz\u00fcntet\u00e9se), csak akkor lehet visszautas\u00edtani, ha a beteg olyan gy\u00f3gy\u00edthatatlan s\u00falyos betegs\u00e9gben szenved, amely az orvostudom\u00e1ny mindenkori \u00e1ll\u00e1sa szerint r\u00f6vid id\u0151n bel\u00fcl \u2013 megfelel\u0151 eg\u00e9szs\u00e9g\u00fcgyi ell\u00e1t\u00e1s mellett is \u2013 hal\u00e1lhoz vezet \u00e9s egy h\u00e1romtag\u00fa orvosi bizotts\u00e1g a beteget megvizsg\u00e1lja \u00e9s egybehangz\u00f3an, \u00edr\u00e1sban nyilatkozik arr\u00f3l, hogy a beteg d\u00f6nt\u00e9s\u00e9t annak k\u00f6vetkezm\u00e9nyei tudat\u00e1ban hozta meg, illetve, hogy a fenti felt\u00e9telek fenn\u00e1llnak, tov\u00e1bb\u00e1 a beteg az orvosi bizotts\u00e1g nyilatkozat\u00e1t k\u00f6vet\u0151 3. napon \u2013 k\u00e9t tan\u00fa el\u0151tt \u2013 ism\u00e9telten kinyilv\u00e1n\u00edtja a visszautas\u00edt\u00e1sra ir\u00e1nyul\u00f3 sz\u00e1nd\u00e9k\u00e1t. A beteg a visszautas\u00edt\u00e1sra vonatkoz\u00f3 nyilatkozat\u00e1t b\u00e1rmikor, alaki k\u00f6t\u00f6tts\u00e9g n\u00e9lk\u00fcl visszavonhatja.<\/li>\n<li><strong>Az eg\u00e9szs\u00e9g\u00fcgyi dokument\u00e1ci\u00f3 megismer\u00e9s\u00e9nek joga, \u00e9s az orvosi titoktart\u00e1shoz val\u00f3 jog<\/strong><br \/>\nA beteg jogosult a r\u00e1 vonatkoz\u00f3 eg\u00e9szs\u00e9g\u00fcgyi dokument\u00e1ci\u00f3ba (k\u00f3rlap, l\u00e1zlap, z\u00e1r\u00f3jelent\u00e9s, vizsg\u00e1lati leletek) betekinteni, valamint azokr\u00f3l saj\u00e1t k\u00f6lts\u00e9g\u00e9re m\u00e1solatot kapni. Pap\u00edralap\u00fa dokument\u00e1ci\u00f3 A4 m\u00e9retben oldalank\u00e9nt 200 Ft+\u00c1FA, sz\u00fclet\u00e9si id\u0151pont visszakeres\u00e9se \u00e9s kiad\u00e1sa 6000+\u00c1FA. A beteg jogosult arra, hogy az eg\u00e9szs\u00e9g\u00fcgyi ell\u00e1t\u00e1s\u00e1ban r\u00e9szt vev\u0151 szem\u00e9lyek az ell\u00e1t\u00e1sa sor\u00e1n tudom\u00e1sukra jutott eg\u00e9szs\u00e9g\u00fcgyi \u00e9s szem\u00e9lyes adatait (orvosi titok) csak az arra jogosulttal k\u00f6z\u00f6lj\u00e9k, \u00e9s azokat bizalmasan kezelj\u00e9k. A betegnek joga van arr\u00f3l nyilatkozni, hogy betegs\u00e9g\u00e9r\u0151l, annak v\u00e1rhat\u00f3 kimenetel\u00e9r\u0151l kiknek adhat\u00f3 felvil\u00e1gos\u00edt\u00e1s, illetve kiket z\u00e1r ki eg\u00e9szs\u00e9g\u00fcgyi adatainak r\u00e9szleges vagy teljes megismer\u00e9s\u00e9b\u0151l.<\/li>\n<li><strong>A beteg jogainak \u00e9rv\u00e9nyes\u00edt\u00e9se<\/strong><br \/>\nA beteg jogosult az eg\u00e9szs\u00e9g\u00fcgyi ell\u00e1t\u00e1ssal kapcsolatban a Klinika igazgat\u00f3j\u00e1n\u00e1l, annak t\u00e1voll\u00e9t\u00e9ben Klinikavezet\u0151 f\u0151n\u0151v\u00e9rn\u00e9l panaszt tenni. Az eg\u00e9szs\u00e9g\u00fcgyi szolg\u00e1ltat\u00f3 k\u00f6teles a panaszt kivizsg\u00e1lni, \u00e9s ennek eredm\u00e9ny\u00e9r\u0151l a beteget 10 munkanapon bel\u00fcl \u00edr\u00e1sban t\u00e1j\u00e9koztatni. 2000. janu\u00e1r 1. \u00f3ta lehet\u0151s\u00e9g van a Betegjogi K\u00e9pvisel\u0151 seg\u00edts\u00e9g\u00e9t k\u00e9rni, \u00edr\u00e1sos meghatalmaz\u00e1ssal a panasz kezel\u00e9s\u00e9vel megb\u00edzni, valamint felhatalmazni a dokument\u00e1ci\u00f3ba val\u00f3 betekint\u00e9sre. A fentieken t\u00fal a betegnek vagy hozz\u00e1tartoz\u00f3j\u00e1nak joga van panasszal \u00e9lni az \u00c1NTSZ ter\u00fcletileg illet\u00e9kes szerve fel\u00e9.<\/li>\n<\/ul>\n\n<\/div><h2 class=\"tabtitle\">Betegjogi k\u00e9pvisel\u0151<\/h2>\n<div class=\"tabcontent\">\n\n<h1>Betegjogi k\u00e9pvisel\u0151 A Baross utcai r\u00e9szlegen<\/h1>\n<p><a href=\"http:\/\/ijsz.hu\" target=\"_blank\" rel=\"noopener noreferrer\"><img loading=\"lazy\" decoding=\"async\" class=\"alignright size-full wp-image-11306\" src=\"https:\/\/semmelweis.hu\/noi1\/files\/2019\/06\/ijsz-logo.jpg\" alt=\"\" width=\"256\" height=\"102\" \/><\/a>Az Integr\u00e1lt Jogv\u00e9delmi Szolg\u00e1lat \u00e1ltal foglalkoztatott betegjogi k\u00e9pvisel\u0151 az eg\u00e9szs\u00e9g\u00fcgyi int\u00e9zm\u00e9nyekt\u0151l f\u00fcggetlen szem\u00e9lyk\u00e9nt a hat\u00e1lyos eg\u00e9szs\u00e9g\u00fcgyi t\u00f6rv\u00e9nyben (1997. \u00e9vi CLIV. t\u00f6rv\u00e9ny) \u00e9s a 381\/2016. (XII.2.) Korm\u00e1nyrendeletben foglaltak alapj\u00e1n j\u00e1rhat el.<\/p>\n<p><strong>A betegjogi k\u00e9pvisel\u0151 tev\u00e9kenys\u00e9ge k\u00fcl\u00f6n\u00f6sen az al\u00e1bbiakat foglalja mag\u00e1ban:<\/strong><\/p>\n<ul>\n<li><strong>seg\u00edti a beteget<\/strong> az eg\u00e9szs\u00e9g\u00fcgyi dokument\u00e1ci\u00f3hoz val\u00f3 hozz\u00e1jut\u00e1sban, azzal kapcsolatos megjegyz\u00e9sek, k\u00e9rd\u00e9sek felt\u00e9tel\u00e9ben,<\/li>\n<li><strong>seg\u00edt a betegnek<\/strong> panasza megfogalmaz\u00e1s\u00e1ban, kezdem\u00e9nyezheti annak kivizsg\u00e1l\u00e1s\u00e1t,<\/li>\n<li><strong>a beteg \u00edr\u00e1sbeli meghatalmaz\u00e1sa alapj\u00e1n<\/strong> panaszt tehet az eg\u00e9szs\u00e9g\u00fcgyi szolg\u00e1ltat\u00f3 vezet\u0151j\u00e9n\u00e9l, fenntart\u00f3j\u00e1n\u00e1l, illetve \u2013 <strong>a beteg gy\u00f3gykezel\u00e9s\u00e9vel \u00f6sszef\u00fcgg\u0151 \u00fcgyekben elj\u00e1r<\/strong> az arra hat\u00e1sk\u00f6rrel \u00e9s illet\u00e9kess\u00e9ggel rendelkez\u0151 <strong>hat\u00f3s\u00e1gn\u00e1l<\/strong>, \u00e9s <strong>ennek sor\u00e1n k\u00e9pviseli <\/strong>a beteget.<\/li>\n<\/ul>\n<p>&nbsp;<\/p>\n<h4><strong>Klinik\u00e1nk Baross utcai r\u00e9szleg\u00e9n dolgoz\u00f3 betegjogi k\u00e9pvisel\u0151:<\/strong><\/h4>\n<div class=\"keretes w-100\">\n<p><strong>Lengyel Ingrid<\/strong><br \/>\nbetegjogi k\u00e9pvisel\u0151<br \/>\nTelefon: +36\/20\/4899-609<br \/>\ne-mail c\u00edm: ingrid.lengyel@ijb.emmi.gov.hu<\/p>\n<p><strong>A Semmelweis Egyetem Sz\u00fcl\u00e9szeti \u00e9s N\u0151gy\u00f3gy\u00e1szati Klinika Baross utcai r\u00e9szleg\u00e9n dolgoz\u00f3 betegjogi k\u00e9pvisel\u0151 el\u0151zetes telefonos egyeztet\u00e9s ut\u00e1n fogadja a betegeket.<\/strong><\/p>\n<p><strong><a href=\"http:\/\/ijsz.hu\" target=\"_blank\" rel=\"noopener noreferrer\">Integr\u00e1lt Jogv\u00e9delmi Szolg\u00e1lat<\/a>:<\/strong><br \/>\nC\u00edm: H-1134 Budapest, T\u00fcz\u00e9r u. 33. II. em.<br \/>\nPostac\u00edm: 1365 Bp., Pf.: 646.<br \/>\nTelefon: +36-1\/8969-000<br \/>\nZ\u00f6ld sz\u00e1m: 06-80-620-055<br \/>\n(k\u00fclf\u00f6ldr\u0151l): +36-20-489-96-14<\/p>\n<\/div>\n<\/div><\/div>\n","protected":false},"excerpt":{"rendered":"<p>Betegek k\u00f6telezetts\u00e9gei \u00e9s jogai A Magyar Orsz\u00e1ggy\u0171l\u00e9s a lakoss\u00e1g eg\u00e9szs\u00e9ge ir\u00e1nt \u00e9rzett felel\u0151ss\u00e9g\u00e9t\u0151l \u00e1thatva, az eg\u00e9szs\u00e9gi \u00e1llapot meg\u0151rz\u00e9s\u00e9nek \u00e9s jav\u00edt\u00e1s\u00e1nak \u00f6sszetett felt\u00e9telrendszer\u00e9t meghat\u00e1roz\u00f3 t\u00f6rv\u00e9nyt alkotott (1997. \u00e9vi CLIV. t\u00f6rv\u00e9ny az eg\u00e9szs\u00e9g\u00fcgyr\u0151l), amelyben megfogalmaz\u00e1sra ker\u00fcltek mindazon k\u00f6telezetts\u00e9gek \u00e9s jogok, amelyek a betegeket \u00e9s hozz\u00e1tartoz\u00f3ikat \u00e9rintik az ell\u00e1t\u00e1s sor\u00e1n. 1. K\u00f6telezetts\u00e9gek: \u2013 A beteg k\u00f6teles tiszteletben tartani &hellip;<\/p>\n","protected":false},"author":101531,"featured_media":0,"parent":82,"menu_order":7,"comment_status":"closed","ping_status":"closed","template":"","meta":{"_acf_changed":false,"footnotes":""},"categories":[],"tags":[],"class_list":["post-217","page","type-page","status-publish","hentry"],"acf":[],"_links":{"self":[{"href":"https:\/\/semmelweis.hu\/noiklinika\/wp-json\/wp\/v2\/pages\/217","targetHints":{"allow":["GET"]}}],"collection":[{"href":"https:\/\/semmelweis.hu\/noiklinika\/wp-json\/wp\/v2\/pages"}],"about":[{"href":"https:\/\/semmelweis.hu\/noiklinika\/wp-json\/wp\/v2\/types\/page"}],"author":[{"embeddable":true,"href":"https:\/\/semmelweis.hu\/noiklinika\/wp-json\/wp\/v2\/users\/101531"}],"replies":[{"embeddable":true,"href":"https:\/\/semmelweis.hu\/noiklinika\/wp-json\/wp\/v2\/comments?post=217"}],"version-history":[{"count":6,"href":"https:\/\/semmelweis.hu\/noiklinika\/wp-json\/wp\/v2\/pages\/217\/revisions"}],"predecessor-version":[{"id":604,"href":"https:\/\/semmelweis.hu\/noiklinika\/wp-json\/wp\/v2\/pages\/217\/revisions\/604"}],"up":[{"embeddable":true,"href":"https:\/\/semmelweis.hu\/noiklinika\/wp-json\/wp\/v2\/pages\/82"}],"wp:attachment":[{"href":"https:\/\/semmelweis.hu\/noiklinika\/wp-json\/wp\/v2\/media?parent=217"}],"wp:term":[{"taxonomy":"category","embeddable":true,"href":"https:\/\/semmelweis.hu\/noiklinika\/wp-json\/wp\/v2\/categories?post=217"},{"taxonomy":"post_tag","embeddable":true,"href":"https:\/\/semmelweis.hu\/noiklinika\/wp-json\/wp\/v2\/tags?post=217"}],"curies":[{"name":"wp","href":"https:\/\/api.w.org\/{rel}","templated":true}]}}