{"id":213,"date":"2021-09-30T22:28:00","date_gmt":"2021-09-30T20:28:00","guid":{"rendered":"https:\/\/semmelweis.hu\/noiklinika\/?page_id=213"},"modified":"2026-03-10T12:13:27","modified_gmt":"2026-03-10T11:13:27","slug":"napirend","status":"publish","type":"page","link":"https:\/\/semmelweis.hu\/noiklinika\/baross\/fekvobeteg-ellatas\/napirend\/","title":{"rendered":"Napirend \u00e9s l\u00e1togat\u00e1si szab\u00e1lyok &#8211; Baross utca"},"content":{"rendered":"<div class=\"responsive-tabs\">\n<h2 class=\"tabtitle\">Napirend<\/h2>\n<div class=\"tabcontent\">\n\n<h1>Napirend<\/h1>\n<p>Reggel 5.30 \u00f3rakor a nap tiszt\u00e1lkod\u00e1ssal, h\u0151m\u00e9r\u0151z\u00e9ssel, \u00e1gyak, k\u00f3rtermek rendbet\u00e9tel\u00e9vel kezd\u0151dik, majd a vizsg\u00e1lati anyagok (v\u00e9r, vizelet, stb.) lev\u00e9tele k\u00f6vetkezik.<\/p>\n<p>A <strong>d\u00e9lel\u0151tti oszt\u00e1lyos vizit 7.15 \u00f3rakor kezd\u0151dik<\/strong>, amikor a beteg az aznapi \u00e9s a m\u00e1snapi vizsg\u00e1latokr\u00f3l, beavatkoz\u00e1sokr\u00f3l t\u00e1j\u00e9koztat\u00e1st kap. K\u00e9rj\u00fck, hogy reggeli vizit el\u0151tt ne fogyasszon \u00e9telt, italt \u00e9s sz\u00edveskedjen a k\u00f3rteremben, \u00e1gyban tart\u00f3zkodni.\u00a0<\/p>\n<p>A nap tov\u00e1bbi r\u00e9sz\u00e9ben d\u00e9lut\u00e1n \u2013 a m\u0171t\u00e9ti programt\u00f3l f\u00fcgg\u0151en \u2013 14.00 \u00e9s 15.30 \u00f3ra k\u00f6z\u00f6tt az oszt\u00e1lyos orvos, 18.00 \u00e9s 20.00 \u00f3ra k\u00f6z\u00f6tt az \u00fcgyeletes orvos vizitel.<\/p>\n<p>A vizsg\u00e1latok, kezel\u00e9sek az elrendelt id\u0151ben kezd\u0151dnek.<\/p>\n<p><strong>\u00c9tkez\u00e9sek id\u0151pontjai:<\/strong><br \/>\nReggeli: 7.00 \u00f3r\u00e1t\u00f3l<br \/>\nEb\u00e9d: 11.30 \u00f3r\u00e1t\u00f3l<\/p>\n<p>Vacsora: h\u0171t\u0151szekr\u00e9nyben t\u00e1roljuk, kioszt\u00e1sa a d\u00e9lut\u00e1ni \u00f3r\u00e1kban t\u00f6rt\u00e9nik.<\/p>\n<p>Az \u00e9lelmez\u00e9st a Klinika betegei sz\u00e1m\u00e1ra az Eurest Kft. szolg\u00e1ltatja.<\/p>\n<p>\u00d6nmaga \u00e9s betegt\u00e1rsai \u00e9rdek\u00e9ben k\u00e9rj\u00fck vegye figyelembe, hogy <strong>a doh\u00e1nyz\u00e1s valamint az alkoholfogyaszt\u00e1s a Klinika eg\u00e9sz ter\u00fclet\u00e9n tilos<\/strong>!<\/p>\n\n<\/div><h2 class=\"tabtitle\">L\u00e1togat\u00e1si rend<\/h2>\n<div class=\"tabcontent\">\n\n<h1>L\u00e1togat\u00e1si rend<\/h1>\n<p>L\u00e1togat\u00e1si rendszer\u00fcnk lehet\u0151v\u00e9 teszi, hogy a Klinik\u00e1n ell\u00e1t\u00e1sra ker\u00fcl\u0151 betegeket, v\u00e1rand\u00f3s \u00e9s gyermek\u00e1gyas n\u0151ket, valamint \u00fajsz\u00fcl\u00f6ttjeiket hozz\u00e1tartoz\u00f3ik naponta l\u00e1togathass\u00e1k. A szab\u00e1lyoz\u00e1s a betegek nyugalm\u00e1t, gy\u00f3gyul\u00e1s\u00e1t \u00e9s a zavartalan betegell\u00e1t\u00e1st szolg\u00e1lja.<\/p>\n<p><strong>A l\u00e1togat\u00e1s id\u0151pontjai a fekv\u0151beteg oszt\u00e1lyokon:<\/strong><br \/>\nMunkanapokon: d\u00e9lut\u00e1n 16.00 \u00f3r\u00e1t\u00f3l 18.00 \u00f3r\u00e1ig<br \/>\nMunkasz\u00fcneti napokon: d\u00e9lel\u0151tt 10.00 \u00f3r\u00e1t\u00f3l 12.00 \u00f3r\u00e1ig d\u00e9lut\u00e1n 16.00 \u00f3r\u00e1t\u00f3l 18.00 \u00f3r\u00e1ig<\/p>\n<p><strong>A l\u00e1togat\u00e1s id\u0151pontjai a Neonat\u00e1lis Intenz\u00edv Centrumban:<\/strong><br \/>\nMinden nap: d\u00e9lut\u00e1n 14.00 \u00f3r\u00e1t\u00f3l 16.00 \u00f3r\u00e1ig, valamint 19.15 \u00f3r\u00e1t\u00f3l 19.45 \u00f3r\u00e1ig<\/p>\n<p><strong>A l\u00e1togat\u00e1s id\u0151pontjai a Posztoperat\u00edv \u0150rz\u0151ben:<\/strong><br \/>\nMinden nap: d\u00e9lut\u00e1n 17.00 \u00f3r\u00e1t\u00f3l 18.00 \u00f3r\u00e1ig<\/p>\n<p><strong>A l\u00e1togat\u00e1s id\u0151pontjai a Gyermek\u00e1gyas Oszt\u00e1lyon:<\/strong><br \/>\nMinden nap: d\u00e9lut\u00e1n 15.00 \u00f3r\u00e1t\u00f3l 18.00 \u00f3r\u00e1ig<\/p>\n<p>A s\u00falyos \u00e1llapot\u00fa betegnek \u00e9s a sz\u00fcl\u0151 n\u0151nek joga van arra, hogy az \u00e1ltala megjel\u00f6lt (egy) szem\u00e9ly folyamatosan mellette tart\u00f3zkodjon. Azonban ezekben az esetekben is sz\u00fcks\u00e9ges biztos\u00edtani az orvosi \u00e9s \u00e1pol\u00e1si feladatok zavartalan ell\u00e1t\u00e1s\u00e1nak felt\u00e9teleit, mely sor\u00e1n k\u00edv\u00e1natos lehet a l\u00e1togat\u00e1s felf\u00fcggeszt\u00e9se.<\/p>\n<p>A Gyermek\u00e1gyas Oszt\u00e1lyon a k\u00f3rtermekben t\u00f6rt\u00e9n\u0151 l\u00e1togat\u00e1s tilos! Az \u00fajsz\u00fcl\u00f6tteket a hozz\u00e1tartoz\u00f3knak l\u00e1togat\u00e1si id\u0151ben meg lehet mutatni, de az oszt\u00e1lyr\u00f3l szigor\u00faan tilos elvinni (s\u00e9t\u00e1ltatni, alagsori b\u00fcf\u00e9hez, emeletre). A fentiekt\u0151l elt\u00e9r\u0151 l\u00e1togat\u00e1si felt\u00e9teleket az oszt\u00e1lyvezet\u0151 f\u0151orvosokkal sz\u00fcks\u00e9ges egyeztetni.<\/p>\n<p><strong>K\u00e9rj\u00fck, hogy a l\u00e1togat\u00e1s sor\u00e1n vegy\u00e9k figyelembe az al\u00e1bbiakat:<\/strong><\/p>\n<ul style=\"list-style-type: square\">\n<li>A l\u00e1togat\u00e1si id\u0151ben egy betegn\u00e9l egyszerre csak k\u00e9t l\u00e1togat\u00f3 tart\u00f3zkodhat.<\/li>\n<li>10 \u00e9v alatti gyermek csak fel\u00fcgyelettel tart\u00f3zkodhat az int\u00e9zm\u00e9nyben.<\/li>\n<li>A Neonatol\u00f3giai Intenz\u00edv Centrumban, valamint a Posztoperat\u00edv \u0150rz\u0151ben 10 \u00e9v alatti gyermek nem l\u00e1togathat.<\/li>\n<\/ul>\n<p>K\u00e9rj\u00fck, hogy a l\u00e1togat\u00e1s sor\u00e1n a t\u00f6bbi beteg, v\u00e1rand\u00f3s \u00e9s gyermek\u00e1gyas n\u0151 nyugalm\u00e1t ne zavarj\u00e1k. Abban az esetben, ha <strong>a k\u00f3rteremben vizit van, illetve vizsg\u00e1latot, beavatkoz\u00e1st k\u00edv\u00e1nnak v\u00e9gezni, annak id\u0151tartam\u00e1ra a l\u00e1togat\u00f3knak el kell hagyniuk a k\u00f3rtermet<\/strong>.<\/p>\n<p>K\u00e9rj\u00fck a l\u00e1togat\u00f3kat, hogy cserepes, illetve v\u00e1gott vir\u00e1g behozatal\u00e1t mell\u0151zz\u00e9k.<\/p>\n<p>\u00d6nmaga \u00e9s betegt\u00e1rsai \u00e9rdek\u00e9ben k\u00e9rj\u00fck vegye figyelembe, hogy <strong>a doh\u00e1nyz\u00e1s valamint az alkoholfogyaszt\u00e1s a Klinika eg\u00e9sz ter\u00fclet\u00e9n tilos<\/strong>! A doh\u00e1nyz\u00e1s a jogszab\u00e1lynak megfelel\u0151en a Baross utca t\u00fals\u00f3 oldal\u00e1n lehets\u00e9ges. Ellen\u0151rz\u00e9s eset\u00e9n b\u00fcntet\u00e9sre lehet sz\u00e1m\u00edtani.<\/p>\n<\/div><\/div>\n","protected":false},"excerpt":{"rendered":"<p>Napirend Reggel 5.30 \u00f3rakor a nap tiszt\u00e1lkod\u00e1ssal, h\u0151m\u00e9r\u0151z\u00e9ssel, \u00e1gyak, k\u00f3rtermek rendbet\u00e9tel\u00e9vel kezd\u0151dik, majd a vizsg\u00e1lati anyagok (v\u00e9r, vizelet, stb.) lev\u00e9tele k\u00f6vetkezik. A d\u00e9lel\u0151tti oszt\u00e1lyos vizit 7.15 \u00f3rakor kezd\u0151dik, amikor a beteg az aznapi \u00e9s a m\u00e1snapi vizsg\u00e1latokr\u00f3l, beavatkoz\u00e1sokr\u00f3l t\u00e1j\u00e9koztat\u00e1st kap. K\u00e9rj\u00fck, hogy reggeli vizit el\u0151tt ne fogyasszon \u00e9telt, italt \u00e9s sz\u00edveskedjen a k\u00f3rteremben, \u00e1gyban tart\u00f3zkodni.\u00a0 &hellip;<\/p>\n","protected":false},"author":101531,"featured_media":0,"parent":112,"menu_order":2,"comment_status":"closed","ping_status":"closed","template":"","meta":{"_acf_changed":false,"footnotes":""},"categories":[],"tags":[],"class_list":["post-213","page","type-page","status-publish","hentry"],"acf":[],"_links":{"self":[{"href":"https:\/\/semmelweis.hu\/noiklinika\/wp-json\/wp\/v2\/pages\/213","targetHints":{"allow":["GET"]}}],"collection":[{"href":"https:\/\/semmelweis.hu\/noiklinika\/wp-json\/wp\/v2\/pages"}],"about":[{"href":"https:\/\/semmelweis.hu\/noiklinika\/wp-json\/wp\/v2\/types\/page"}],"author":[{"embeddable":true,"href":"https:\/\/semmelweis.hu\/noiklinika\/wp-json\/wp\/v2\/users\/101531"}],"replies":[{"embeddable":true,"href":"https:\/\/semmelweis.hu\/noiklinika\/wp-json\/wp\/v2\/comments?post=213"}],"version-history":[{"count":8,"href":"https:\/\/semmelweis.hu\/noiklinika\/wp-json\/wp\/v2\/pages\/213\/revisions"}],"predecessor-version":[{"id":1375,"href":"https:\/\/semmelweis.hu\/noiklinika\/wp-json\/wp\/v2\/pages\/213\/revisions\/1375"}],"up":[{"embeddable":true,"href":"https:\/\/semmelweis.hu\/noiklinika\/wp-json\/wp\/v2\/pages\/112"}],"wp:attachment":[{"href":"https:\/\/semmelweis.hu\/noiklinika\/wp-json\/wp\/v2\/media?parent=213"}],"wp:term":[{"taxonomy":"category","embeddable":true,"href":"https:\/\/semmelweis.hu\/noiklinika\/wp-json\/wp\/v2\/categories?post=213"},{"taxonomy":"post_tag","embeddable":true,"href":"https:\/\/semmelweis.hu\/noiklinika\/wp-json\/wp\/v2\/tags?post=213"}],"curies":[{"name":"wp","href":"https:\/\/api.w.org\/{rel}","templated":true}]}}