{"id":181,"date":"2023-01-02T13:30:22","date_gmt":"2023-01-02T12:30:22","guid":{"rendered":"https:\/\/semmelweis.hu\/szuleszet2\/?page_id=181"},"modified":"2024-02-28T14:07:02","modified_gmt":"2024-02-28T13:07:02","slug":"adatkezelesi-tajekoztatok","status":"publish","type":"page","link":"https:\/\/semmelweis.hu\/noiklinika\/rolunk\/adatkezelesi-tajekoztatok\/","title":{"rendered":"Adatkezel\u00e9si t\u00e1j\u00e9koztat\u00f3k"},"content":{"rendered":"<p><a href=\"https:\/\/semmelweis.hu\/noiklinika\/files\/2022\/10\/1.-adatkezeles_fekvobeteg_ellatas.xlsx\">1. adatkezeles_fekvobeteg_ellatas (xlsx)<\/a><\/p>\n<p><a href=\"https:\/\/semmelweis.hu\/noiklinika\/files\/2022\/10\/2.-adatkezeles_jarobeteg_ellatas.xlsx\">2. adatkezeles_jarobeteg_ellatas (xlsx)<\/a><\/p>\n<p><a href=\"https:\/\/semmelweis.hu\/noiklinika\/files\/2022\/10\/3.-adatkezeles_szakkepzes.xlsx\">3. adatkezeles_szakkepzes (xlsx)<\/a><\/p>\n<p><a href=\"https:\/\/semmelweis.hu\/noiklinika\/files\/2022\/10\/4.-adatkezeles_tovabbkepzes.xlsx\">4. adatkezeles_tovabbkepzes (xlsx)<\/a><\/p>\n<p><a href=\"https:\/\/semmelweis.hu\/noiklinika\/files\/2024\/02\/5.adatkezeles_tudomanyos_kutatas-2024.xlsx\">5.adatkezeles_tudomanyos_kutatas (xlsx)<\/a><\/p>\n<p><a href=\"https:\/\/semmelweis.hu\/noiklinika\/files\/2022\/10\/6.-adatkezeles_titkarsag.xlsx\">6. adatkezeles_titkarsag (xlsx)<\/a><\/p>\n<p><a href=\"https:\/\/semmelweis.hu\/noiklinika\/files\/2022\/10\/7.-adatkezeles_beszerzes.xlsx\">7. adatkezeles_beszerzes (xlsx)<\/a><\/p>\n<p><a href=\"https:\/\/semmelweis.hu\/noiklinika\/files\/2022\/10\/8.-adatkezeles_penzugy.xlsx\">8. adatkezeles_penzugy (xlsx)<\/a><\/p>\n<p><a href=\"https:\/\/semmelweis.hu\/noiklinika\/files\/2022\/10\/9.-adatkezeles_vagyongazdalkodas.xlsx\">9. adatkezeles_vagyongazdalkodas (xlsx)<\/a><\/p>\n<p><a href=\"https:\/\/semmelweis.hu\/noiklinika\/files\/2024\/02\/10.-adatkezelesi-tajekoztato-2024.pdf\" target=\"_blank\" rel=\"noopener\">10. adatkezel\u00e9si t\u00e1j\u00e9koztat\u00f3 iktatott (pdf)<\/a><\/p>\n<p>&nbsp;<\/p>\n","protected":false},"excerpt":{"rendered":"<p><a href=\"https:\/\/semmelweis.hu\/noiklinika\/files\/2022\/10\/1.-adatkezeles_fekvobeteg_ellatas.xlsx\">1. adatkezeles_fekvobeteg_ellatas (xlsx)<\/a><br \/>\n<a href=\"https:\/\/semmelweis.hu\/noiklinika\/files\/2022\/10\/2.-adatkezeles_jarobeteg_ellatas.xlsx\">2. adatkezeles_jarobeteg_ellatas (xlsx)<\/a><br \/>\n<a href=\"https:\/\/semmelweis.hu\/noiklinika\/files\/2022\/10\/3.-adatkezeles_szakkepzes.xlsx\">3. adatkezeles_szakkepzes (xlsx)<\/a><br \/>\n<a href=\"https:\/\/semmelweis.hu\/noiklinika\/files\/2022\/10\/4.-adatkezeles_tovabbkepzes.xlsx\">4. adatkezeles_tovabbkepzes (xlsx)<\/a><br \/>\n<a href=\"https:\/\/semmelweis.hu\/noiklinika\/files\/2024\/02\/5.adatkezeles_tudomanyos_kutatas-2024.xlsx\">5.adatkezeles_tudomanyos_kutatas (xlsx)<\/a><br \/>\n<a href=\"https:\/\/semmelweis.hu\/noiklinika\/files\/2022\/10\/6.-adatkezeles_titkarsag.xlsx\">6. adatkezeles_titkarsag (xlsx)<\/a><br \/>\n<a href=\"https:\/\/semmelweis.hu\/noiklinika\/files\/2022\/10\/7.-adatkezeles_beszerzes.xlsx\">7. adatkezeles_beszerzes (xlsx)<\/a><br \/>\n<a href=\"https:\/\/semmelweis.hu\/noiklinika\/files\/2022\/10\/8.-adatkezeles_penzugy.xlsx\">8. adatkezeles_penzugy (xlsx)<\/a><br \/>\n<a href=\"https:\/\/semmelweis.hu\/noiklinika\/files\/2022\/10\/9.-adatkezeles_vagyongazdalkodas.xlsx\">9. adatkezeles_vagyongazdalkodas (xlsx)<\/a><br \/>\n<a href=\"https:\/\/semmelweis.hu\/noiklinika\/files\/2024\/02\/10.-adatkezelesi-tajekoztato-2024.pdf\" target=\"_blank\" rel=\"noopener\">10. adatkezel\u00e9si t\u00e1j\u00e9koztat\u00f3 iktatott (pdf)<\/a><br \/>\n&nbsp;<\/p>\n","protected":false},"author":102064,"featured_media":0,"parent":5,"menu_order":4,"comment_status":"closed","ping_status":"closed","template":"","meta":{"_acf_changed":false,"footnotes":""},"categories":[],"tags":[],"class_list":["post-181","page","type-page","status-publish","hentry"],"acf":[],"_links":{"self":[{"href":"https:\/\/semmelweis.hu\/noiklinika\/wp-json\/wp\/v2\/pages\/181","targetHints":{"allow":["GET"]}}],"collection":[{"href":"https:\/\/semmelweis.hu\/noiklinika\/wp-json\/wp\/v2\/pages"}],"about":[{"href":"https:\/\/semmelweis.hu\/noiklinika\/wp-json\/wp\/v2\/types\/page"}],"author":[{"embeddable":true,"href":"https:\/\/semmelweis.hu\/noiklinika\/wp-json\/wp\/v2\/users\/102064"}],"replies":[{"embeddable":true,"href":"https:\/\/semmelweis.hu\/noiklinika\/wp-json\/wp\/v2\/comments?post=181"}],"version-history":[{"count":6,"href":"https:\/\/semmelweis.hu\/noiklinika\/wp-json\/wp\/v2\/pages\/181\/revisions"}],"predecessor-version":[{"id":1169,"href":"https:\/\/semmelweis.hu\/noiklinika\/wp-json\/wp\/v2\/pages\/181\/revisions\/1169"}],"up":[{"embeddable":true,"href":"https:\/\/semmelweis.hu\/noiklinika\/wp-json\/wp\/v2\/pages\/5"}],"wp:attachment":[{"href":"https:\/\/semmelweis.hu\/noiklinika\/wp-json\/wp\/v2\/media?parent=181"}],"wp:term":[{"taxonomy":"category","embeddable":true,"href":"https:\/\/semmelweis.hu\/noiklinika\/wp-json\/wp\/v2\/categories?post=181"},{"taxonomy":"post_tag","embeddable":true,"href":"https:\/\/semmelweis.hu\/noiklinika\/wp-json\/wp\/v2\/tags?post=181"}],"curies":[{"name":"wp","href":"https:\/\/api.w.org\/{rel}","templated":true}]}}