{"id":177,"date":"2021-09-30T21:54:22","date_gmt":"2021-09-30T19:54:22","guid":{"rendered":"https:\/\/semmelweis.hu\/noiklinika\/?page_id=177"},"modified":"2023-05-24T10:07:16","modified_gmt":"2023-05-24T08:07:16","slug":"betegellatas","status":"publish","type":"page","link":"https:\/\/semmelweis.hu\/noiklinika\/baross\/betegellatas\/","title":{"rendered":"Betegell\u00e1t\u00e1s a Baross utc\u00e1ban"},"content":{"rendered":"<h1 class=\"entry-title\">Betegell\u00e1t\u00e1s a Baross utcai r\u00e9szlegen<\/h1>\n<p>A Sz\u00fcl\u00e9szeti \u00e9s N\u0151gy\u00f3gy\u00e1szati Klinika Baross utcai r\u00e9szlege 158 fekv\u0151beteg \u00e1ggyal rendelkezik, ebb\u0151l 38 \u00e1gy a <a href=\"https:\/\/semmelweis.hu\/noiklinika\/baross\/fekvobeteg-ellatas\/gyermekagyas-ujszulott-osztaly\/\">Neonat\u00e1lis Intenz\u00edv Centrum<\/a> rendelkez\u00e9s\u00e9re \u00e1ll. \u00c9vente t\u00f6bb mint 10 000 fekv\u0151- \u00e9s t\u00f6bb mint 100 000 j\u00e1r\u00f3beteg gy\u00f3gy\u00edt\u00e1sa folyik a klinik\u00e1n.<\/p>\n<p>A gy\u00f3gy\u00edt\u00f3- betegell\u00e1t\u00f3 tev\u00e9kenys\u00e9g kiterjed a sz\u00fcl\u00e9szet-n\u0151gy\u00f3gy\u00e1szat valamennyi \u00e1g\u00e1ra, a hat\u00e1rter\u00fcleteket is bele\u00e9rtve. A r\u00e9szleget \u00f6nk\u00e9nt v\u00e1laszt\u00f3, valamint a ter\u00fcleti betegeken t\u00fal, a r\u00e9szleg a sz\u00fcl\u00e9szet-n\u0151gy\u00f3gy\u00e1szati progressz\u00edv betegell\u00e1t\u00e1s egyik hazai cs\u00facsint\u00e9zm\u00e9nyek\u00e9nt fogad s\u00falyos eseteket tov\u00e1bbi gy\u00f3gykezel\u00e9sre.<\/p>\n<p>K\u00fcl\u00f6nleges profil a <a href=\"https:\/\/semmelweis.hu\/noiklinika\/baross\/fekvobeteg-ellatas\/terhespatologia\/\">terhespatol\u00f3gia<\/a>, a magzati orvostudom\u00e1ny, a klinikai genetika, az intenz\u00edv neonatol\u00f3gia, a <a href=\"https:\/\/semmelweis.hu\/noiklinika\/baross\/fekvobeteg-ellatas\/onkologiai-es-daganatsebeszeti-osztaly\/\">n\u0151gy\u00f3gy\u00e1szati onkol\u00f3gia<\/a>, az <a href=\"https:\/\/semmelweis.hu\/noiklinika\/baross\/fekvobeteg-ellatas\/asszisztalt-reprodukcios-osztaly\/\">assziszt\u00e1lt reprodukci\u00f3<\/a> \u00e9s a <a href=\"https:\/\/semmelweis.hu\/noiklinika\/baross\/jarobeteg\/endokrinologiai-szakambulancia\/\">n\u0151gy\u00f3gy\u00e1szati endokrinol\u00f3gia<\/a>. A sz\u00fcl\u00e9szet-n\u0151gy\u00f3gy\u00e1szat minden ter\u00fclet\u00e9t fel\u00f6lel\u0151en sz\u00e1mos <a href=\"https:\/\/semmelweis.hu\/noiklinika\/category\/szakrendelesek-es-osztalyok\/\">szakambulancia m\u0171k\u00f6dik a r\u00e9szlegen<\/a>, az adott szakter\u00fcleten j\u00e1rtas munkat\u00e1rsak vezet\u00e9s\u00e9vel, a h\u00e9t minden munkanapj\u00e1n.<\/p>\n<div class=\"keretes w-100\">\n<p><strong>A r\u00e9szleg j\u00e1r\u00f3beteg \u00e9s fekv\u0151beteg r\u00e9szlegei a <a href=\"tel:+3612660473\">+36 1 2660473<\/a> k\u00f6zponti sz\u00e1m, valamint a megfelel\u0151 mell\u00e9k\u00e1llom\u00e1s t\u00e1rcs\u00e1z\u00e1s\u00e1val \u00e9rhet\u0151ek el.<\/strong><\/p>\n<\/div>\n<p><a class=\"btn btn-secondary\" href=\"https:\/\/semmelweis.hu\/noiklinika\/category\/szakrendelesek-es-osztalyok\/\">Oszt\u00e1lyok \u00e9s szakrendel\u00e9sek a klinik\u00e1n<\/a><\/p>\n","protected":false},"excerpt":{"rendered":"<p>Betegell\u00e1t\u00e1s a Baross utcai r\u00e9szlegen A Sz\u00fcl\u00e9szeti \u00e9s N\u0151gy\u00f3gy\u00e1szati Klinika Baross utcai r\u00e9szlege 158 fekv\u0151beteg \u00e1ggyal rendelkezik, ebb\u0151l 38 \u00e1gy a <a href=\"https:\/\/semmelweis.hu\/noiklinika\/baross\/fekvobeteg-ellatas\/gyermekagyas-ujszulott-osztaly\/\">Neonat\u00e1lis Intenz\u00edv Centrum<\/a> rendelkez\u00e9s\u00e9re \u00e1ll. \u00c9vente t\u00f6bb mint 10 000 fekv\u0151- \u00e9s t\u00f6bb mint 100 000 j\u00e1r\u00f3beteg gy\u00f3gy\u00edt\u00e1sa folyik a klinik\u00e1n. A gy\u00f3gy\u00edt\u00f3- betegell\u00e1t\u00f3 tev\u00e9kenys\u00e9g kiterjed a sz\u00fcl\u00e9szet-n\u0151gy\u00f3gy\u00e1szat valamennyi \u00e1g\u00e1ra, a hat\u00e1rter\u00fcleteket is bele\u00e9rtve. A r\u00e9szleget \u00f6nk\u00e9nt &hellip;<\/p>\n","protected":false},"author":101531,"featured_media":0,"parent":82,"menu_order":3,"comment_status":"closed","ping_status":"closed","template":"","meta":{"_acf_changed":false,"footnotes":""},"categories":[],"tags":[],"class_list":["post-177","page","type-page","status-publish","hentry"],"acf":[],"_links":{"self":[{"href":"https:\/\/semmelweis.hu\/noiklinika\/wp-json\/wp\/v2\/pages\/177","targetHints":{"allow":["GET"]}}],"collection":[{"href":"https:\/\/semmelweis.hu\/noiklinika\/wp-json\/wp\/v2\/pages"}],"about":[{"href":"https:\/\/semmelweis.hu\/noiklinika\/wp-json\/wp\/v2\/types\/page"}],"author":[{"embeddable":true,"href":"https:\/\/semmelweis.hu\/noiklinika\/wp-json\/wp\/v2\/users\/101531"}],"replies":[{"embeddable":true,"href":"https:\/\/semmelweis.hu\/noiklinika\/wp-json\/wp\/v2\/comments?post=177"}],"version-history":[{"count":9,"href":"https:\/\/semmelweis.hu\/noiklinika\/wp-json\/wp\/v2\/pages\/177\/revisions"}],"predecessor-version":[{"id":1083,"href":"https:\/\/semmelweis.hu\/noiklinika\/wp-json\/wp\/v2\/pages\/177\/revisions\/1083"}],"up":[{"embeddable":true,"href":"https:\/\/semmelweis.hu\/noiklinika\/wp-json\/wp\/v2\/pages\/82"}],"wp:attachment":[{"href":"https:\/\/semmelweis.hu\/noiklinika\/wp-json\/wp\/v2\/media?parent=177"}],"wp:term":[{"taxonomy":"category","embeddable":true,"href":"https:\/\/semmelweis.hu\/noiklinika\/wp-json\/wp\/v2\/categories?post=177"},{"taxonomy":"post_tag","embeddable":true,"href":"https:\/\/semmelweis.hu\/noiklinika\/wp-json\/wp\/v2\/tags?post=177"}],"curies":[{"name":"wp","href":"https:\/\/api.w.org\/{rel}","templated":true}]}}