{"id":14,"date":"2018-12-05T14:18:14","date_gmt":"2018-12-05T13:18:14","guid":{"rendered":"http:\/\/semmelweis.hu\/noiklinika\/?page_id=14"},"modified":"2025-11-07T16:14:44","modified_gmt":"2025-11-07T15:14:44","slug":"elerhetosegek","status":"publish","type":"page","link":"https:\/\/semmelweis.hu\/noiklinika\/elerhetosegek\/","title":{"rendered":"El\u00e9rhet\u0151s\u00e9gek"},"content":{"rendered":"<h1>Semmelweis Egyetem, Sz\u00fcl\u00e9szeti \u00e9s N\u0151gy\u00f3gy\u00e1szati Klinika<\/h1>\n<h4><strong>Igazgat\u00f3: prof. Dr. \u00c1cs N\u00e1ndor<\/strong><\/h4>\n<h2>\u00dcll\u0151i \u00fati r\u00e9szleg<\/h2>\n<p><strong>C\u00edm:<\/strong> 1082 Budapest, VIII. \u00dcll\u0151i \u00fat 78\/A.<\/p>\n<p><strong>Porta:<\/strong> +36 1 459 1500 \/ 63815<\/p>\n<p><strong>Titk\u00e1rs\u00e1g email:\u00a0<\/strong>titkarsag.noiulloi@semmelweis.hu<\/p>\n<p>&nbsp;<\/p>\n\n<!-- iframe plugin v.4.9 wordpress.org\/plugins\/iframe\/ -->\n<iframe loading=\"lazy\" src=\"https:\/\/www.google.com\/maps\/embed?pb=!1m18!1m12!1m3!1d2696.3940228920883!2d19.07953731562617!3d47.48223697917656!2m3!1f0!2f0!3f0!3m2!1i1024!2i768!4f13.1!3m3!1m2!1s0x4741dcfaec58fc89%3A0xf42e8194c6960690!2zQnVkYXBlc3QsIMOcbGzFkWkgw7p0IDc4YSwgMTA4Mg!5e0!3m2!1shu!2shu!4v1544015726273\" width=\"100%\" height=\"300\" scrolling=\"yes\" class=\"iframe-class\" frameborder=\"0\"><\/iframe>\n\n<hr \/>\n<h2>Baross utcai r\u00e9szleg<\/h2>\n<p><strong>C\u00edm:<\/strong> 1088 Budapest,<span class=\"LrzXr\"> Baross u. 27 <\/span><\/p>\n<p><span class=\"LrzXr\"><br \/>\n<strong>Porta<\/strong>: +36 1 266 0473<\/span><\/p>\n\n<!-- iframe plugin v.4.9 wordpress.org\/plugins\/iframe\/ -->\n<iframe loading=\"lazy\" src=\"https:\/\/www.google.com\/maps\/embed?pb=!1m18!1m12!1m3!1d2696.0390937918246!2d19.066053215542883!3d47.48915177917709!2m3!1f0!2f0!3f0!3m2!1i1024!2i768!4f13.1!3m3!1m2!1s0x4741dc597a952e9f%3A0x97b6c84d96e1a950!2zU2VtbWVsd2VpcyBFZ3lldGVtIEkuIFN6LiBTesO8bMOpc3pldGkgw6lzIE7FkWd5w7NnecOhc3phdGkgS2xpbmlrYQ!5e0!3m2!1shu!2shu!4v1544015794560\" width=\"100%\" height=\"300\" scrolling=\"yes\" class=\"iframe-class\" frameborder=\"0\"><\/iframe>\n\n","protected":false},"excerpt":{"rendered":"<p>Semmelweis Egyetem, Sz\u00fcl\u00e9szeti \u00e9s N\u0151gy\u00f3gy\u00e1szati Klinika<br \/>\nIgazgat\u00f3: prof. Dr. \u00c1cs N\u00e1ndor<br \/>\n\u00dcll\u0151i \u00fati r\u00e9szleg<br \/>\nC\u00edm: 1082 Budapest, VIII. \u00dcll\u0151i \u00fat 78\/A.<br \/>\nPorta: +36 1 459 1500 \/ 63815<br \/>\nTitk\u00e1rs\u00e1g email:\u00a0titkarsag.noiulloi@semmelweis.hu<br \/>\n&nbsp;<\/p>\n<p>Baross utcai r\u00e9szleg<br \/>\nC\u00edm: 1088 Budapest, Baross u. 27 <\/p>\n<p>Porta: +36 1 266 0473<\/p>\n","protected":false},"author":12,"featured_media":0,"parent":0,"menu_order":5,"comment_status":"closed","ping_status":"closed","template":"template-fullwidth.php","meta":{"_acf_changed":false,"footnotes":""},"categories":[],"tags":[],"class_list":["post-14","page","type-page","status-publish","hentry"],"acf":[],"_links":{"self":[{"href":"https:\/\/semmelweis.hu\/noiklinika\/wp-json\/wp\/v2\/pages\/14","targetHints":{"allow":["GET"]}}],"collection":[{"href":"https:\/\/semmelweis.hu\/noiklinika\/wp-json\/wp\/v2\/pages"}],"about":[{"href":"https:\/\/semmelweis.hu\/noiklinika\/wp-json\/wp\/v2\/types\/page"}],"author":[{"embeddable":true,"href":"https:\/\/semmelweis.hu\/noiklinika\/wp-json\/wp\/v2\/users\/12"}],"replies":[{"embeddable":true,"href":"https:\/\/semmelweis.hu\/noiklinika\/wp-json\/wp\/v2\/comments?post=14"}],"version-history":[{"count":11,"href":"https:\/\/semmelweis.hu\/noiklinika\/wp-json\/wp\/v2\/pages\/14\/revisions"}],"predecessor-version":[{"id":1362,"href":"https:\/\/semmelweis.hu\/noiklinika\/wp-json\/wp\/v2\/pages\/14\/revisions\/1362"}],"wp:attachment":[{"href":"https:\/\/semmelweis.hu\/noiklinika\/wp-json\/wp\/v2\/media?parent=14"}],"wp:term":[{"taxonomy":"category","embeddable":true,"href":"https:\/\/semmelweis.hu\/noiklinika\/wp-json\/wp\/v2\/categories?post=14"},{"taxonomy":"post_tag","embeddable":true,"href":"https:\/\/semmelweis.hu\/noiklinika\/wp-json\/wp\/v2\/tags?post=14"}],"curies":[{"name":"wp","href":"https:\/\/api.w.org\/{rel}","templated":true}]}}