{"id":138,"date":"2019-12-19T09:51:19","date_gmt":"2019-12-19T08:51:19","guid":{"rendered":"http:\/\/semmelweis.hu\/noiklinika\/?page_id=138"},"modified":"2024-02-21T16:01:49","modified_gmt":"2024-02-21T15:01:49","slug":"baross-utcai-reszlegunk-tortenete","status":"publish","type":"page","link":"https:\/\/semmelweis.hu\/noiklinika\/rolunk\/baross-utcai-reszlegunk-tortenete\/","title":{"rendered":"A Baross utcai r\u00e9szleg t\u00f6rt\u00e9nete"},"content":{"rendered":"<p>A Semmelweis Egyetem Sz\u00fcl\u00e9szeti \u00e9s N\u0151gy\u00f3gy\u00e1szati Klinik\u00e1j\u00e1nak Baross utcai r\u00e9szlege (a kor\u00e1bbi I. Sz. Sz\u00fcl\u00e9szeti \u00e9s N\u0151gy\u00f3gy\u00e1szati Klinika) haz\u00e1nk legr\u00e9gebbi sz\u00fcl\u00e9szeti tansz\u00e9ke. 1812-es alap\u00edt\u00e1sa \u00f3ta meghat\u00e1roz\u00f3 szerepet t\u00f6lt be a magyar sz\u00fcl\u00e9szet \u00e9s n\u0151gy\u00f3gy\u00e1szat fejl\u0151d\u00e9s\u00e9ben, sz\u00e1mos nagy egy\u00e9nis\u00e9g dolgozott a klinika orvosak\u00e9nt. T\u00f6bbek k\u00f6z\u00f6tt az egyetem n\u00e9vad\u00f3ja, Semmelweis Ign\u00e1c is a klinika igazgat\u00f3 professzora volt 1855-t\u0151l 1866-ig, hal\u00e1l\u00e1ig. Jelenlegi \u00e9p\u00fclet\u00e9be 1898-ban k\u00f6lt\u00f6z\u00f6tt.<\/p>\n\r\n        [slb_exclude]\r\n        <div class=\"row galeria-wrapper mx-0 h-auto\">\r\n            <div class=\"col-9 pl-0 pr-2\">\r\n            <span class=\"gallery-item frame\">\r\n\t\t\t\t<div class=\"galeria-left-img\"><a href=\"https:\/\/semmelweis.hu\/noiklinika\/files\/2023\/01\/RS33555_68.-I.-Noi-klinika-utcai-homlokzat-scr.jpg\"><img src=https:\/\/semmelweis.hu\/noiklinika\/files\/2023\/01\/RS33555_68.-I.-Noi-klinika-utcai-homlokzat-scr.jpg  \r\n                            alt=\"\" \r\n                            class=\"attachment-sote-gallery-big size-sote-gallery-big\" \r\n                            srcset=\"https:\/\/semmelweis.hu\/noiklinika\/files\/2023\/01\/RS33555_68.-I.-Noi-klinika-utcai-homlokzat-scr-400x253.jpg 400w, https:\/\/semmelweis.hu\/noiklinika\/files\/2023\/01\/RS33555_68.-I.-Noi-klinika-utcai-homlokzat-scr-768x485.jpg 768w, https:\/\/semmelweis.hu\/noiklinika\/files\/2023\/01\/RS33555_68.-I.-Noi-klinika-utcai-homlokzat-scr-753x476.jpg 753w, https:\/\/semmelweis.hu\/noiklinika\/files\/2023\/01\/RS33555_68.-I.-Noi-klinika-utcai-homlokzat-scr.jpg 950w\" ><\/a><\/div>\r\n            <\/span>\r\n\r\n            <\/div>\r\n\r\n\t\t\t<div class=\"col-3 pl-0 pr-0\">\r\n\t\t\t\t<div class=\"galeria-right-img d-flex justify-content-between flex-column h-100 w-100 px-0 mx-0 \">\r\n                <div class=\"galeria-box\">\r\n\t\t\t\t\t<h3 class=\"galeria-title\">Gal\u00e9ria<\/h3>\r\n\t\t\t\t\t<div class=\"galeria-subtitle\">\r\n\r\n\t\t\t\t\t\t<div class=\"galeria-page-counter\"><span>6<\/span>k\u00e9p<\/div>\r\n                    <\/div> <\/div>\r\n                    <span class=\"gallery-item frame d-none d-md-flex\">\r\n\t\t\t\t\t<div class=\"galeria-small-img mt-0\"><a href=\"https:\/\/semmelweis.hu\/noiklinika\/files\/2023\/01\/RS33554_I.-Noi-klinika-1898-1899-fszek-001561-scr.jpg\"><img src=https:\/\/semmelweis.hu\/noiklinika\/files\/2023\/01\/RS33554_I.-Noi-klinika-1898-1899-fszek-001561-scr.jpg \r\n                                alt=\"\"  \r\n                                class=\"attachment-sote-gallery-small size-sote-gallery-small\" \r\n                                srcset=\"https:\/\/semmelweis.hu\/noiklinika\/files\/2023\/01\/RS33554_I.-Noi-klinika-1898-1899-fszek-001561-scr-400x208.jpg 400w, https:\/\/semmelweis.hu\/noiklinika\/files\/2023\/01\/RS33554_I.-Noi-klinika-1898-1899-fszek-001561-scr-768x399.jpg 768w, https:\/\/semmelweis.hu\/noiklinika\/files\/2023\/01\/RS33554_I.-Noi-klinika-1898-1899-fszek-001561-scr-753x391.jpg 753w, https:\/\/semmelweis.hu\/noiklinika\/files\/2023\/01\/RS33554_I.-Noi-klinika-1898-1899-fszek-001561-scr.jpg 950w\" ><\/a><\/div>\r\n                    <\/span>\r\n                    <span class=\"gallery-item frame d-none d-md-flex\">\r\n\t\t\t\t\t<div class=\"galeria-small-img mt-0\"><a href=\"https:\/\/semmelweis.hu\/noiklinika\/files\/2023\/01\/73.-I.-Noi-klinika-korterem.jpg\"><img src=https:\/\/semmelweis.hu\/noiklinika\/files\/2023\/01\/73.-I.-Noi-klinika-korterem.jpg \r\n                                alt=\"\" \r\n                                class=\"attachment-sote-gallery-small size-sote-gallery-small\" \r\n                                srcset=\"https:\/\/semmelweis.hu\/noiklinika\/files\/2023\/01\/73.-I.-Noi-klinika-korterem-400x238.jpg 400w, https:\/\/semmelweis.hu\/noiklinika\/files\/2023\/01\/73.-I.-Noi-klinika-korterem-1024x609.jpg 1024w, https:\/\/semmelweis.hu\/noiklinika\/files\/2023\/01\/73.-I.-Noi-klinika-korterem-768x457.jpg 768w, https:\/\/semmelweis.hu\/noiklinika\/files\/2023\/01\/73.-I.-Noi-klinika-korterem-1536x914.jpg 1536w, https:\/\/semmelweis.hu\/noiklinika\/files\/2023\/01\/73.-I.-Noi-klinika-korterem-2048x1218.jpg 2048w, https:\/\/semmelweis.hu\/noiklinika\/files\/2023\/01\/73.-I.-Noi-klinika-korterem-753x448.jpg 753w\" ><\/a><\/div>\r\n                    <\/span>\r\n\r\n                <\/div>\r\n\r\n            <\/div>\r\n\r\n            <span class=\"gallery-item\"><div class=\"hidden\"><a href=\"https:\/\/semmelweis.hu\/noiklinika\/files\/2023\/01\/I-noi-klinika-baross-utca-film-forgatas.jpg\">\r\n        <img src=https:\/\/semmelweis.hu\/noiklinika\/files\/2023\/01\/I-noi-klinika-baross-utca-film-forgatas.jpg alt=\"\" class=\"attachment-sote-gallery-big size-sote-gallery-big\" srcset=\"https:\/\/semmelweis.hu\/noiklinika\/files\/2023\/01\/I-noi-klinika-baross-utca-film-forgatas-400x289.jpg 400w, https:\/\/semmelweis.hu\/noiklinika\/files\/2023\/01\/I-noi-klinika-baross-utca-film-forgatas-1024x739.jpg 1024w, https:\/\/semmelweis.hu\/noiklinika\/files\/2023\/01\/I-noi-klinika-baross-utca-film-forgatas-768x554.jpg 768w, https:\/\/semmelweis.hu\/noiklinika\/files\/2023\/01\/I-noi-klinika-baross-utca-film-forgatas-1536x1108.jpg 1536w, https:\/\/semmelweis.hu\/noiklinika\/files\/2023\/01\/I-noi-klinika-baross-utca-film-forgatas-753x543.jpg 753w, https:\/\/semmelweis.hu\/noiklinika\/files\/2023\/01\/I-noi-klinika-baross-utca-film-forgatas.jpg 1600w\" >\r\n        <\/a><\/div><\/span><span class=\"gallery-item\"><div class=\"hidden\"><a href=\"https:\/\/semmelweis.hu\/noiklinika\/files\/2023\/01\/I-noi-klinika-baross-utca.jpg\">\r\n        <img src=https:\/\/semmelweis.hu\/noiklinika\/files\/2023\/01\/I-noi-klinika-baross-utca.jpg alt=\"\" class=\"attachment-sote-gallery-big size-sote-gallery-big\" srcset=\"https:\/\/semmelweis.hu\/noiklinika\/files\/2023\/01\/I-noi-klinika-baross-utca-400x315.jpg 400w, https:\/\/semmelweis.hu\/noiklinika\/files\/2023\/01\/I-noi-klinika-baross-utca-1024x806.jpg 1024w, https:\/\/semmelweis.hu\/noiklinika\/files\/2023\/01\/I-noi-klinika-baross-utca-768x605.jpg 768w, https:\/\/semmelweis.hu\/noiklinika\/files\/2023\/01\/I-noi-klinika-baross-utca-1536x1210.jpg 1536w, https:\/\/semmelweis.hu\/noiklinika\/files\/2023\/01\/I-noi-klinika-baross-utca-753x593.jpg 753w, https:\/\/semmelweis.hu\/noiklinika\/files\/2023\/01\/I-noi-klinika-baross-utca.jpg 1600w\" >\r\n        <\/a><\/div><\/span><span class=\"gallery-item\"><div class=\"hidden\"><a href=\"https:\/\/semmelweis.hu\/noiklinika\/files\/2023\/01\/I-noi-klinika-baross-utca-vizsgalo.jpg\">\r\n        <img src=https:\/\/semmelweis.hu\/noiklinika\/files\/2023\/01\/I-noi-klinika-baross-utca-vizsgalo.jpg alt=\"\" class=\"attachment-sote-gallery-big size-sote-gallery-big\" srcset=\"https:\/\/semmelweis.hu\/noiklinika\/files\/2023\/01\/I-noi-klinika-baross-utca-vizsgalo-400x300.jpg 400w, https:\/\/semmelweis.hu\/noiklinika\/files\/2023\/01\/I-noi-klinika-baross-utca-vizsgalo-1024x767.jpg 1024w, https:\/\/semmelweis.hu\/noiklinika\/files\/2023\/01\/I-noi-klinika-baross-utca-vizsgalo-768x576.jpg 768w, https:\/\/semmelweis.hu\/noiklinika\/files\/2023\/01\/I-noi-klinika-baross-utca-vizsgalo-1536x1151.jpg 1536w, https:\/\/semmelweis.hu\/noiklinika\/files\/2023\/01\/I-noi-klinika-baross-utca-vizsgalo-753x564.jpg 753w, https:\/\/semmelweis.hu\/noiklinika\/files\/2023\/01\/I-noi-klinika-baross-utca-vizsgalo.jpg 1600w\" >\r\n        <\/a><\/div><\/span>\r\n            <\/div>\r\n\r\n            [\/slb_exclude]\r\n\t\n<h5>Az egykori I. Sz\u00fcl\u00e9szeti \u00e9s N\u0151gy\u00f3gy\u00e1szati Klinika igazgat\u00f3i:<\/h5>\n<ul>\n<li>Frenkenburg Jakab 1812-1824,<\/li>\n<li>Birly Ede Fl\u00f3ri\u00e1n 1816-1854,<\/li>\n<li>Walla Ferenc 1854-1855,<\/li>\n<li>Semmelweis Ign\u00e1c 1855-1865,<\/li>\n<li>Diescher J\u00e1nos 1866-1873,<\/li>\n<li>K\u00e9zm\u00e1rszky Tivadar 1874-1902,<\/li>\n<li>B\u00e1rsony J\u00e1nos 1903-1926,<\/li>\n<li>Kubinyi P\u00e1l 1926-1928,<\/li>\n<li>Lehoczky-Semmelweis K\u00e1lm\u00e1n 1928-1929,<\/li>\n<li>Frigyesi J\u00f3zsef 1929-1947,<\/li>\n<li>Horn B\u00e9la 1950-1972,<\/li>\n<li>Cs\u00f6m\u00f6r S\u00e1ndor 1972-1990,<\/li>\n<li>Papp Zolt\u00e1n 1990-2007,<\/li>\n<li>Rig\u00f3 J\u00e1nos 2007- 2019<\/li>\n<li>\u00c1cs N\u00e1ndor 2019-<\/li>\n<\/ul>\n<p>&nbsp;<\/p>\n","protected":false},"excerpt":{"rendered":"<p>A Semmelweis Egyetem Sz\u00fcl\u00e9szeti \u00e9s N\u0151gy\u00f3gy\u00e1szati Klinik\u00e1j\u00e1nak Baross utcai r\u00e9szlege (a kor\u00e1bbi I. Sz. Sz\u00fcl\u00e9szeti \u00e9s N\u0151gy\u00f3gy\u00e1szati Klinika) haz\u00e1nk legr\u00e9gebbi sz\u00fcl\u00e9szeti tansz\u00e9ke. 1812-es alap\u00edt\u00e1sa \u00f3ta meghat\u00e1roz\u00f3 szerepet t\u00f6lt be a magyar sz\u00fcl\u00e9szet \u00e9s n\u0151gy\u00f3gy\u00e1szat fejl\u0151d\u00e9s\u00e9ben, sz\u00e1mos nagy egy\u00e9nis\u00e9g dolgozott a klinika orvosak\u00e9nt. T\u00f6bbek k\u00f6z\u00f6tt az egyetem n\u00e9vad\u00f3ja, Semmelweis Ign\u00e1c is a klinika igazgat\u00f3 professzora volt &hellip;<\/p>\n","protected":false},"author":101531,"featured_media":0,"parent":5,"menu_order":0,"comment_status":"closed","ping_status":"closed","template":"","meta":{"_acf_changed":false,"footnotes":""},"categories":[],"tags":[],"class_list":["post-138","page","type-page","status-publish","hentry"],"acf":[],"_links":{"self":[{"href":"https:\/\/semmelweis.hu\/noiklinika\/wp-json\/wp\/v2\/pages\/138","targetHints":{"allow":["GET"]}}],"collection":[{"href":"https:\/\/semmelweis.hu\/noiklinika\/wp-json\/wp\/v2\/pages"}],"about":[{"href":"https:\/\/semmelweis.hu\/noiklinika\/wp-json\/wp\/v2\/types\/page"}],"author":[{"embeddable":true,"href":"https:\/\/semmelweis.hu\/noiklinika\/wp-json\/wp\/v2\/users\/101531"}],"replies":[{"embeddable":true,"href":"https:\/\/semmelweis.hu\/noiklinika\/wp-json\/wp\/v2\/comments?post=138"}],"version-history":[{"count":10,"href":"https:\/\/semmelweis.hu\/noiklinika\/wp-json\/wp\/v2\/pages\/138\/revisions"}],"predecessor-version":[{"id":829,"href":"https:\/\/semmelweis.hu\/noiklinika\/wp-json\/wp\/v2\/pages\/138\/revisions\/829"}],"up":[{"embeddable":true,"href":"https:\/\/semmelweis.hu\/noiklinika\/wp-json\/wp\/v2\/pages\/5"}],"wp:attachment":[{"href":"https:\/\/semmelweis.hu\/noiklinika\/wp-json\/wp\/v2\/media?parent=138"}],"wp:term":[{"taxonomy":"category","embeddable":true,"href":"https:\/\/semmelweis.hu\/noiklinika\/wp-json\/wp\/v2\/categories?post=138"},{"taxonomy":"post_tag","embeddable":true,"href":"https:\/\/semmelweis.hu\/noiklinika\/wp-json\/wp\/v2\/tags?post=138"}],"curies":[{"name":"wp","href":"https:\/\/api.w.org\/{rel}","templated":true}]}}