{"id":1324,"date":"2025-05-29T20:53:43","date_gmt":"2025-05-29T18:53:43","guid":{"rendered":"https:\/\/semmelweis.hu\/noiklinika\/?page_id=1324"},"modified":"2025-05-29T20:57:26","modified_gmt":"2025-05-29T18:57:26","slug":"magzati-medicina-munkacsoport","status":"publish","type":"page","link":"https:\/\/semmelweis.hu\/noiklinika\/baross\/jarobeteg\/magzati-medicina-munkacsoport\/","title":{"rendered":"Magzati Medicina Munkacsoport"},"content":{"rendered":"<h1>Magzati Medicina Munkacsoport &#8211; Baross Utca<\/h1>\n<p><span data-contrast=\"auto\">Munkacsoportunk magzati betegs\u00e9gek k\u00f6vet\u00e9s\u00e9vel, sz\u00fcks\u00e9g eset\u00e9n m\u00e9hen bel\u00fcli m\u0171t\u00e9tek, beavatkoz\u00e1sok elv\u00e9gz\u00e9s\u00e9vel foglalkozik.\u00a0<\/span><span data-ccp-props=\"{}\">\u00a0<\/span><\/p>\n<p><span data-contrast=\"auto\">V\u00e1rand\u00f3sgondoz\u00e1st v\u00e9gz\u0151 szakorvos beutal\u00f3j\u00e1val v\u00e1rjuk szeretettel azon kismam\u00e1k jelentkez\u00e9s\u00e9t, akiknek bab\u00e1j\u00e1n\u00e1l valamilyen betegs\u00e9get diagnosztiz\u00e1ltak m\u00e9hen bel\u00fcl, vagy annak alapos gyan\u00faja mer\u00fclt fel.<\/span><\/p>\n<hr \/>\n<p><b><span data-contrast=\"auto\">Helysz\u00edn:<\/span><\/b><span data-contrast=\"auto\"> 1088 Budapest, Baross u. 27.\u00a0 2. emelet\u00a0<\/span><span data-ccp-props=\"{}\">\u00a0<\/span><\/p>\n<p><b><span data-contrast=\"auto\">P\u00e1cienseink vizsg\u00e1lata <\/span><\/b><span data-contrast=\"auto\">el\u0151jegyz\u00e9s alapj\u00e1n t\u00f6rt\u00e9nik. <\/span>\u00a0<br \/>\n<b><span data-contrast=\"auto\">Telefonsz\u00e1m a bejelentkez\u00e9shez: <\/span><\/b><span data-contrast=\"auto\">+36 1 459 1579 vagy szem\u00e9lyesen a V\u00e1rand\u00f3s Ambulanci\u00e1n beutal\u00f3val<\/span><span data-ccp-props=\"{}\">\u00a0<\/span><\/p>\n<p><b><span data-contrast=\"auto\">E-mail: <\/span><\/b><a href=\"mailto:magzatimedicina@semmelweis.hu\"><b><span data-contrast=\"none\">magzatimedicina@semmelweis.hu<\/span><\/b><\/a><span data-ccp-props=\"{}\">\u00a0<\/span><\/p>\n<hr \/>\n<p><b><span data-contrast=\"auto\">Munkacsoport tagjai:<\/span><\/b><span data-ccp-props=\"{}\">\u00a0<br \/>\n<\/span><span data-contrast=\"auto\">Dr. Benk\u0151 Zs\u00f3fia<br \/>\n<\/span><span data-contrast=\"auto\">Dr. Szentirmay Apolka<\/span><span data-ccp-props=\"{&quot;201341983&quot;:0,&quot;335559739&quot;:0,&quot;335559740&quot;:240}\">\u00a0<br \/>\n<\/span><span data-contrast=\"auto\">Dr. B\u0151di Zsuzsanna<\/span>\u00a0<br \/>\n<span data-contrast=\"auto\">Dr. Lengyel Tam\u00e1s<\/span>\u00a0<br \/>\n<span data-contrast=\"auto\">Dr. Barad Csilla<\/span><span data-ccp-props=\"{&quot;201341983&quot;:0,&quot;335559739&quot;:0,&quot;335559740&quot;:240}\">\u00a0<br \/>\n<\/span><span data-contrast=\"auto\">Dr. Balogh Zita<\/span><span data-ccp-props=\"{&quot;201341983&quot;:0,&quot;335559739&quot;:0,&quot;335559740&quot;:240}\">\u00a0<\/span><\/p>\n","protected":false},"excerpt":{"rendered":"<p>Magzati Medicina Munkacsoport &#8211; Baross Utca Munkacsoportunk magzati betegs\u00e9gek k\u00f6vet\u00e9s\u00e9vel, sz\u00fcks\u00e9g eset\u00e9n m\u00e9hen bel\u00fcli m\u0171t\u00e9tek, beavatkoz\u00e1sok elv\u00e9gz\u00e9s\u00e9vel foglalkozik.\u00a0\u00a0 V\u00e1rand\u00f3sgondoz\u00e1st v\u00e9gz\u0151 szakorvos beutal\u00f3j\u00e1val v\u00e1rjuk szeretettel azon kismam\u00e1k jelentkez\u00e9s\u00e9t, akiknek bab\u00e1j\u00e1n\u00e1l valamilyen betegs\u00e9get diagnosztiz\u00e1ltak m\u00e9hen bel\u00fcl, vagy annak alapos gyan\u00faja mer\u00fclt fel. Helysz\u00edn: 1088 Budapest, Baross u. 27.\u00a0 2. emelet\u00a0\u00a0 P\u00e1cienseink vizsg\u00e1lata el\u0151jegyz\u00e9s alapj\u00e1n t\u00f6rt\u00e9nik. \u00a0 Telefonsz\u00e1m &hellip;<\/p>\n","protected":false},"author":101531,"featured_media":0,"parent":99,"menu_order":10,"comment_status":"closed","ping_status":"closed","template":"","meta":{"_acf_changed":false,"footnotes":""},"categories":[24],"tags":[],"class_list":["post-1324","page","type-page","status-publish","hentry","category-szakrendelesek-es-osztalyok"],"acf":[],"_links":{"self":[{"href":"https:\/\/semmelweis.hu\/noiklinika\/wp-json\/wp\/v2\/pages\/1324","targetHints":{"allow":["GET"]}}],"collection":[{"href":"https:\/\/semmelweis.hu\/noiklinika\/wp-json\/wp\/v2\/pages"}],"about":[{"href":"https:\/\/semmelweis.hu\/noiklinika\/wp-json\/wp\/v2\/types\/page"}],"author":[{"embeddable":true,"href":"https:\/\/semmelweis.hu\/noiklinika\/wp-json\/wp\/v2\/users\/101531"}],"replies":[{"embeddable":true,"href":"https:\/\/semmelweis.hu\/noiklinika\/wp-json\/wp\/v2\/comments?post=1324"}],"version-history":[{"count":2,"href":"https:\/\/semmelweis.hu\/noiklinika\/wp-json\/wp\/v2\/pages\/1324\/revisions"}],"predecessor-version":[{"id":1326,"href":"https:\/\/semmelweis.hu\/noiklinika\/wp-json\/wp\/v2\/pages\/1324\/revisions\/1326"}],"up":[{"embeddable":true,"href":"https:\/\/semmelweis.hu\/noiklinika\/wp-json\/wp\/v2\/pages\/99"}],"wp:attachment":[{"href":"https:\/\/semmelweis.hu\/noiklinika\/wp-json\/wp\/v2\/media?parent=1324"}],"wp:term":[{"taxonomy":"category","embeddable":true,"href":"https:\/\/semmelweis.hu\/noiklinika\/wp-json\/wp\/v2\/categories?post=1324"},{"taxonomy":"post_tag","embeddable":true,"href":"https:\/\/semmelweis.hu\/noiklinika\/wp-json\/wp\/v2\/tags?post=1324"}],"curies":[{"name":"wp","href":"https:\/\/api.w.org\/{rel}","templated":true}]}}