{"id":120,"date":"2019-12-19T09:42:03","date_gmt":"2019-12-19T08:42:03","guid":{"rendered":"http:\/\/semmelweis.hu\/noiklinika\/?page_id=120"},"modified":"2023-02-28T18:55:08","modified_gmt":"2023-02-28T17:55:08","slug":"szuloszoba","status":"publish","type":"page","link":"https:\/\/semmelweis.hu\/noiklinika\/baross\/fekvobeteg-ellatas\/szuloszoba\/","title":{"rendered":"Sz\u00fcl\u0151szoba &#8211; Baross utca"},"content":{"rendered":"<p>A klinika sz\u00fcl\u0151szob\u00e1j\u00e1n zajlanak az \u00e9lettani sz\u00fcl\u00e9sek, korasz\u00fcl\u00e9sek, cs\u00e1sz\u00e1rmetsz\u00e9sek. <strong>A klinika rendelkezik az orsz\u00e1g legnagyobb <a href=\"https:\/\/semmelweis.hu\/noiklinika\/baross\/fekvobeteg-ellatas\/koraszulott-osztaly\/\">korasz\u00fcl\u00f6tt intenz\u00edv centrum<\/a>\u00e1val<\/strong>, ami azt jelenti, hogy a progressz\u00edv betegell\u00e1t\u00e1s keretein bel\u00fcl a korasz\u00fcl\u00e9sek, genetikai rendelleness\u00e9gek \u00e9s m\u00e1s megbeteged\u00e9ssel sz\u00fcletett \u00fajsz\u00fcl\u00f6ttek ell\u00e1t\u00e1sa t\u00f6rt\u00e9nik.<\/p>\n<p>A sz\u00fcl\u0151szob\u00e1n tal\u00e1lhat\u00f3 6 sz\u00fcl\u0151szoba \u00e9s egy cs\u00e1sz\u00e1rmetsz\u00e9sre szolg\u00e1l\u00f3 m\u0171t\u0151. A sz\u00fcl\u0151szoba legnagyobb k\u00f3rterme az egyes sz\u00e1m\u00fa k\u00f3rterem ahol 3 sz\u00fcl\u0151\u00e1gy tal\u00e1lhat\u00f3. Tal\u00e1lhat\u00f3 m\u00e9g 4 darab egy\u00e1gyas sz\u00fcl\u0151szoba, valamint az alternat\u00edv sz\u00fcl\u0151szoba. Az egyes sz\u00e1m\u00fa helyis\u00e9gben t\u00f6rt\u00e9nnek a korasz\u00fcl\u00e9sek \u00e9s az ikerterhesek ell\u00e1t\u00e1sa \u00e9s megfigyel\u00e9se.<\/p>\n<p><strong>Minden sz\u00fcl\u0151\u00e1gy mellett tal\u00e1lhat\u00f3 kardiotokogr\u00e1f<\/strong> (magzati sz\u00edvhang monitor), ami a magzat m\u00e9hen bel\u00fcli megfigyel\u00e9s\u00e9t szolg\u00e1lja.<\/p>\n<p>A h\u00e1rom\u00e1gyas k\u00f3rteremben m\u00e9g tal\u00e1lhat\u00f3 egy \u00fajsz\u00fcl\u00f6tt ell\u00e1t\u00f3helys\u00e9g is ahol a neonat\u00f3l\u00f3gus orvosok \u00e9s a korasz\u00fcl\u00f6tt oszt\u00e1lyon dolgoz\u00f3 koll\u00e9g\u00e1k l\u00e1tj\u00e1k el a korasz\u00fcl\u00f6tteket, az ell\u00e1t\u00e1sra szorul\u00f3 \u00fajsz\u00fcl\u00f6tteket \u00e9s a cs\u00e1sz\u00e1rmetsz\u00e9s ut\u00e1n az \u00fajsz\u00fcl\u00f6tteket. A sz\u00fcl\u0151szoba ezen k\u00f3rterm\u00e9ben tal\u00e1lhat\u00f3 m\u00e9g az anyai illetve magzati \u00fajra \u00e9leszt\u00e9shez sz\u00fcks\u00e9ges eszk\u00f6z\u00f6k \u00e9s a k\u00fcl\u00f6nb\u00f6z\u0151 ell\u00e1t\u00e1s t\u00edpusok sor\u00e1n alkalmazand\u00f3 legfontosabb gy\u00f3gyszerek, inf\u00fazi\u00f3k.<\/p>\n<p>A sz\u00fcl\u0151szoba egy \u00e1gyas sz\u00fcl\u0151szob\u00e1in zajlanak az \u00e9lettani sz\u00fcl\u00e9sek vezet\u00e9se. A sz\u00fcl\u00e9s sor\u00e1n a sz\u00fcl\u0151n\u0151 \u00e1ltal megv\u00e1lasztott egy szem\u00e9ly jelenl\u00e9te mindig minden k\u00f6r\u00fclm\u00e9nyek k\u00f6z\u00f6tt megengedett. A sz\u00fcl\u0151szob\u00e1ban tal\u00e1lhat\u00f3 eszk\u00f6z\u00f6k: sz\u00e9tszerelhet\u0151 sz\u00fcl\u0151\u00e1gy, sz\u00edvhang monitor, inf\u00fazi\u00f3s \u00e1llv\u00e1ny, bord\u00e1sfal, vaj\u00fad\u00e1st seg\u00edt\u0151 labda.<\/p>\n<p><strong>A sz\u00fcl\u00e9seket a sz\u00fcl\u00e9szn\u0151k \u00e9s orvosok k\u00f6z\u00f6sen k\u00eds\u00e9rik v\u00e9gig.<\/strong> Minden sz\u00fcl\u0151szob\u00e1ban rendelkez\u00e9sre \u00e1llnak azok a gy\u00f3gyszerek \u00e9s eszk\u00f6z\u00f6k, melyek sz\u00fcks\u00e9gess\u00e9 v\u00e1lhatnak esetlegesen sz\u00f6v\u0151dm\u00e9nyek fell\u00e9p\u00e9se sor\u00e1n. Lehet\u0151s\u00e9g van a sz\u00fcl\u00e9s, vaj\u00fad\u00e1s alatt a testhelyzet megv\u00e1laszt\u00e1s\u00e1hoz (\u00e1llva, \u00fclve, guggolva, t\u00e9rdelve), v\u00edzben vaj\u00fadni, s\u00e9t\u00e1lni, labd\u00e1n \u00fclni.<\/p>\n<p><strong>A sz\u00fcl\u00e9s ut\u00e1n a k\u00e9t \u00f3r\u00e1s \u201carany \u00f3r\u00e1t\u201d az \u00fajsz\u00fcl\u00f6tt v\u00e9gig sz\u00fcleivel t\u00f6lti, majd klinik\u00e1nkon a rooming-in rendszernek k\u00f6sz\u00f6nhet\u0151en az \u00fajsz\u00fcl\u00f6tt v\u00e9gig \u00e9desany\u00e1n\u00e1l maradhat, csak a k\u00f6telez\u0151 vizsg\u00e1latokra kell \u0151ket elvinni.<\/strong><\/p>\n[slb_exclude]<div data-carousel-extra='{\"blog_id\":191,\"permalink\":\"https:\\\/\\\/semmelweis.hu\\\/noiklinika\\\/baross\\\/fekvobeteg-ellatas\\\/szuloszoba\\\/\"}' class=\"tiled-gallery type-rectangular\" data-original-width=\"753\"><div class=\"gallery-row\" style=\"width: 748px; height: 415px;\"><div class=\"gallery-group images-1\" style=\"width: 372px; height: 419px;\"><div class=\"tiled-gallery-item tiled-gallery-item-large\"><a href=\"https:\/\/semmelweis.hu\/noiklinika\/files\/2023\/01\/szsz3.jpg\"><img loading=\"lazy\" decoding=\"async\" data-attachment-id=\"862\" data-orig-file=\"https:\/\/semmelweis.hu\/noiklinika\/files\/2023\/01\/szsz3.jpg\" data-orig-size=\"936,1055\" data-comments-opened=\"0\" data-image-meta=\"{&quot;aperture&quot;:&quot;0&quot;,&quot;credit&quot;:&quot;&quot;,&quot;camera&quot;:&quot;&quot;,&quot;caption&quot;:&quot;&quot;,&quot;created_timestamp&quot;:&quot;0&quot;,&quot;copyright&quot;:&quot;&quot;,&quot;focal_length&quot;:&quot;0&quot;,&quot;iso&quot;:&quot;0&quot;,&quot;shutter_speed&quot;:&quot;0&quot;,&quot;title&quot;:&quot;&quot;,&quot;orientation&quot;:&quot;0&quot;}\" data-image-title=\"szsz3\" data-image-description=\"\" data-medium-file=\"https:\/\/semmelweis.hu\/noiklinika\/files\/2023\/01\/szsz3-355x400.jpg\" data-large-file=\"https:\/\/semmelweis.hu\/noiklinika\/files\/2023\/01\/szsz3-908x1024.jpg\" src=\"https:\/\/semmelweis.hu\/noiklinika\/files\/2023\/01\/szsz3-368x415.jpg\" width=\"368\" height=\"415\" align=\"left\" title=\"\" \/><\/a><\/div><\/div><div class=\"gallery-group images-1\" style=\"width: 376px; height: 419px;\"><div class=\"tiled-gallery-item tiled-gallery-item-large\"><a href=\"https:\/\/semmelweis.hu\/noiklinika\/files\/2023\/01\/szsz2.jpg\"><img loading=\"lazy\" decoding=\"async\" data-attachment-id=\"861\" data-orig-file=\"https:\/\/semmelweis.hu\/noiklinika\/files\/2023\/01\/szsz2.jpg\" data-orig-size=\"640,714\" data-comments-opened=\"0\" data-image-meta=\"{&quot;aperture&quot;:&quot;0&quot;,&quot;credit&quot;:&quot;&quot;,&quot;camera&quot;:&quot;&quot;,&quot;caption&quot;:&quot;&quot;,&quot;created_timestamp&quot;:&quot;0&quot;,&quot;copyright&quot;:&quot;&quot;,&quot;focal_length&quot;:&quot;0&quot;,&quot;iso&quot;:&quot;0&quot;,&quot;shutter_speed&quot;:&quot;0&quot;,&quot;title&quot;:&quot;&quot;,&quot;orientation&quot;:&quot;0&quot;}\" data-image-title=\"szsz2\" data-image-description=\"\" data-medium-file=\"https:\/\/semmelweis.hu\/noiklinika\/files\/2023\/01\/szsz2-359x400.jpg\" data-large-file=\"https:\/\/semmelweis.hu\/noiklinika\/files\/2023\/01\/szsz2.jpg\" src=\"https:\/\/semmelweis.hu\/noiklinika\/files\/2023\/01\/szsz2-372x415.jpg\" width=\"372\" height=\"415\" align=\"left\" title=\"\" \/><\/a><\/div><\/div><\/div><div class=\"gallery-row\" style=\"width: 748px; height: 547px;\"><div class=\"gallery-group images-1\" style=\"width: 748px; height: 551px;\"><div class=\"tiled-gallery-item tiled-gallery-item-large\"><a href=\"https:\/\/semmelweis.hu\/noiklinika\/files\/2023\/01\/szsz1.jpg\"><img loading=\"lazy\" decoding=\"async\" data-attachment-id=\"860\" data-orig-file=\"https:\/\/semmelweis.hu\/noiklinika\/files\/2023\/01\/szsz1.jpg\" data-orig-size=\"1048,771\" data-comments-opened=\"0\" data-image-meta=\"{&quot;aperture&quot;:&quot;0&quot;,&quot;credit&quot;:&quot;&quot;,&quot;camera&quot;:&quot;&quot;,&quot;caption&quot;:&quot;&quot;,&quot;created_timestamp&quot;:&quot;0&quot;,&quot;copyright&quot;:&quot;&quot;,&quot;focal_length&quot;:&quot;0&quot;,&quot;iso&quot;:&quot;0&quot;,&quot;shutter_speed&quot;:&quot;0&quot;,&quot;title&quot;:&quot;&quot;,&quot;orientation&quot;:&quot;0&quot;}\" data-image-title=\"szsz1\" data-image-description=\"\" data-medium-file=\"https:\/\/semmelweis.hu\/noiklinika\/files\/2023\/01\/szsz1-400x294.jpg\" data-large-file=\"https:\/\/semmelweis.hu\/noiklinika\/files\/2023\/01\/szsz1-1024x753.jpg\" src=\"https:\/\/semmelweis.hu\/noiklinika\/files\/2023\/01\/szsz1-744x547.jpg\" width=\"744\" height=\"547\" align=\"left\" title=\"\" \/><\/a><\/div><\/div><\/div><\/div>[\/slb_exclude]\n<div class=\"keretes w-100\">\n<p><strong>Koronav\u00edrus: t\u00e1j\u00e9koztat\u00f3 a sz\u00fcl\u00e9szeti ell\u00e1t\u00e1sr\u00f3l a Semmelweis Egyetem Sz\u00fcl\u00e9szeti \u00e9s N\u0151gy\u00f3gy\u00e1szati Klinik\u00e1j\u00e1n<\/strong><\/p>\n<p>A Semmelweis Egyetem Sz\u00fcl\u00e9szeti \u00e9s N\u0151gy\u00f3gy\u00e1szati Klinik\u00e1j\u00e1n tov\u00e1bbra is van lehet\u0151s\u00e9g ap\u00e1s sz\u00fcl\u00e9sre, a sz\u00fcl\u00e9s k\u00f6zben \u00edgy jelen lehet az \u00e9desapa vagy egy csal\u00e1dtag. Felh\u00edvjuk ugyanakkor a figyelmet, hogy a j\u00e1rv\u00e1ny\u00fcgyi helyzet v\u00e1ltoz\u00e1sa eset\u00e9n az egyetem m\u00f3dos\u00edthatja a fenti int\u00e9zked\u00e9seket.<\/p>\n<\/div>\n","protected":false},"excerpt":{"rendered":"<p>A klinika sz\u00fcl\u0151szob\u00e1j\u00e1n zajlanak az \u00e9lettani sz\u00fcl\u00e9sek, korasz\u00fcl\u00e9sek, cs\u00e1sz\u00e1rmetsz\u00e9sek. A klinika rendelkezik az orsz\u00e1g legnagyobb <a href=\"https:\/\/semmelweis.hu\/noiklinika\/baross\/fekvobeteg-ellatas\/koraszulott-osztaly\/\">korasz\u00fcl\u00f6tt intenz\u00edv centrum<\/a> \u00e1val, ami azt jelenti, hogy a progressz\u00edv betegell\u00e1t\u00e1s keretein bel\u00fcl a korasz\u00fcl\u00e9sek, genetikai rendelleness\u00e9gek \u00e9s m\u00e1s megbeteged\u00e9ssel sz\u00fcletett \u00fajsz\u00fcl\u00f6ttek ell\u00e1t\u00e1sa t\u00f6rt\u00e9nik. A sz\u00fcl\u0151szob\u00e1n tal\u00e1lhat\u00f3 6 sz\u00fcl\u0151szoba \u00e9s egy cs\u00e1sz\u00e1rmetsz\u00e9sre szolg\u00e1l\u00f3 m\u0171t\u0151. A sz\u00fcl\u0151szoba legnagyobb k\u00f3rterme az egyes sz\u00e1m\u00fa k\u00f3rterem ahol &hellip;<\/p>\n","protected":false},"author":101531,"featured_media":0,"parent":112,"menu_order":3,"comment_status":"closed","ping_status":"closed","template":"","meta":{"_acf_changed":false,"footnotes":""},"categories":[24],"tags":[22],"class_list":["post-120","page","type-page","status-publish","hentry","category-szakrendelesek-es-osztalyok","tag-betegellatas"],"acf":[],"_links":{"self":[{"href":"https:\/\/semmelweis.hu\/noiklinika\/wp-json\/wp\/v2\/pages\/120","targetHints":{"allow":["GET"]}}],"collection":[{"href":"https:\/\/semmelweis.hu\/noiklinika\/wp-json\/wp\/v2\/pages"}],"about":[{"href":"https:\/\/semmelweis.hu\/noiklinika\/wp-json\/wp\/v2\/types\/page"}],"author":[{"embeddable":true,"href":"https:\/\/semmelweis.hu\/noiklinika\/wp-json\/wp\/v2\/users\/101531"}],"replies":[{"embeddable":true,"href":"https:\/\/semmelweis.hu\/noiklinika\/wp-json\/wp\/v2\/comments?post=120"}],"version-history":[{"count":10,"href":"https:\/\/semmelweis.hu\/noiklinika\/wp-json\/wp\/v2\/pages\/120\/revisions"}],"predecessor-version":[{"id":1055,"href":"https:\/\/semmelweis.hu\/noiklinika\/wp-json\/wp\/v2\/pages\/120\/revisions\/1055"}],"up":[{"embeddable":true,"href":"https:\/\/semmelweis.hu\/noiklinika\/wp-json\/wp\/v2\/pages\/112"}],"wp:attachment":[{"href":"https:\/\/semmelweis.hu\/noiklinika\/wp-json\/wp\/v2\/media?parent=120"}],"wp:term":[{"taxonomy":"category","embeddable":true,"href":"https:\/\/semmelweis.hu\/noiklinika\/wp-json\/wp\/v2\/categories?post=120"},{"taxonomy":"post_tag","embeddable":true,"href":"https:\/\/semmelweis.hu\/noiklinika\/wp-json\/wp\/v2\/tags?post=120"}],"curies":[{"name":"wp","href":"https:\/\/api.w.org\/{rel}","templated":true}]}}