{"id":116,"date":"2019-12-19T09:39:33","date_gmt":"2019-12-19T08:39:33","guid":{"rendered":"http:\/\/semmelweis.hu\/noiklinika\/?page_id=116"},"modified":"2024-08-05T11:53:35","modified_gmt":"2024-08-05T09:53:35","slug":"szuleszeti-uh","status":"publish","type":"page","link":"https:\/\/semmelweis.hu\/noiklinika\/baross\/jarobeteg\/szuleszeti-uh\/","title":{"rendered":"Sz\u00fcl\u00e9szeti ultrahangvizsg\u00e1lat &#8211; Baross utca"},"content":{"rendered":"<h1>Sz\u00fcl\u00e9szeti ultrahangvizsg\u00e1lat<\/h1>\n<div class=\"keretes w-100\">\n<p>Az ultrahang vizsg\u00e1latok el\u0151jegyz\u00e9s alapj\u00e1n t\u00f6rt\u00e9nnek, Bejelentkezni a\u00a0<strong>+36 1 459 1579<\/strong> telefonsz\u00e1mon, vagy szem\u00e9lyesen a V\u00e1rand\u00f3s Ambulanci\u00e1n lehet.<\/p>\n<p>Helysz\u00edn: <strong>Baross utcai r\u00e9szleg <\/strong>(1088 Budapest, Baross u. 27) alagsori ultrahang rendel\u0151k<\/p>\n<\/div>\n<p>A terhess\u00e9g alatt v\u00e9gzett ultrahang-sz\u0171r\u0151vizsg\u00e1latok c\u00e9lja a m\u00e9hen bel\u00fcli magzat fejl\u0151d\u00e9s\u00e9nek nyomon k\u00f6vet\u00e9se, egyes fejl\u0151d\u00e9si rendelleness\u00e9gek illetve egy\u00e9b, a magzat \u00e9s\/vagy az anya eg\u00e9szs\u00e9g\u00e9t vesz\u00e9lyeztet\u0151 \u00e1llapotok felismer\u00e9se. Panaszmentes terhess\u00e9gben n\u00e9gy illetve \u00f6t ultrahang-sz\u0171r\u0151vizsg\u00e1lat v\u00e9gz\u00e9se aj\u00e1nlhat\u00f3. Ezek r\u00e9v\u00e9n az anat\u00f3miai rendelleness\u00e9gek jelent\u0151s r\u00e9sze a terhess\u00e9g kor\u00e1t\u00f3l f\u00fcgg\u0151en felismerhet\u0151.<\/p>\n<h4><b>0. sz\u0171r\u00e9s<\/b> (terhess\u00e9g-meg\u00e1llap\u00edt\u00f3 ultrahang-vizsg\u00e1lat)<\/h4>\n<p>Id\u0151pontja-a terhes jelentkez\u00e9si id\u0151pontj\u00e1t\u00f3l f\u00fcgg\u0151en-a terhess\u00e9g 7-10. hete. C\u00e9lja: a terhess\u00e9g fenn\u00e1ll\u00e1s\u00e1nak bizony\u00edt\u00e1sa, annak m\u00e9hen bel\u00fcli esetleg m\u00e9hen k\u00edv\u00fcli elhelyezked\u00e9s\u00e9nek, \u00e9l\u0151 volt\u00e1nak, kor\u00e1nak meg\u00e1llap\u00edt\u00e1sa, illetve annak eld\u00f6nt\u00e9se, hogy egyes vagy t\u00f6bbes fogamz\u00e1sr\u00f3l van-e sz\u00f3. A vizsg\u00e1latot h\u00fcvelyi vizsg\u00e1l\u00f3fejjel v\u00e9gezz\u00fck.<\/p>\n<h4><b>I. sz\u0171r\u00e9s<\/b> &#8211; Id\u0151pontja a terhess\u00e9g 12-13. hete<\/h4>\n<p>C\u00e9lja (az el\u0151z\u0151eken t\u00falmen\u0151en) a k\u00f3ros koraterhess\u00e9gi \u00e1llapotok, egyes s\u00falyos fejl\u0151d\u00e9si rendelleness\u00e9gek felismer\u00e9se. A vizsg\u00e1lat h\u00fcvelyi \u00e9s\/vagy hasi vizsg\u00e1l\u00f3fejjel t\u00f6rt\u00e9nik-h\u00fcvelyi vizsg\u00e1lat eset\u00e9n \u00fcres h\u00fagyh\u00f3lyag mellett. A vizsg\u00e1lat sor\u00e1n megfigyelhet\u0151 a m\u00e9h \u00fcreg\u00e9ben fejl\u0151d\u0151 embryo\/magzat mozg\u00e1sa, sz\u00edvm\u0171k\u00f6d\u00e9se, meghat\u00e1rozhat\u00f3k testm\u00e9retei (\u00fcl\u0151magass\u00e1g = fejtet\u0151-far-t\u00e1vols\u00e1g, CRL). A testm\u00e9retek alapj\u00e1n hat\u00e1rozzuk meg a terhess\u00e9g kor\u00e1t. Amennyiben ez egybeesik a v\u00e9rz\u00e9skimarad\u00e1sb\u00f3l meghat\u00e1rozott terhess\u00e9gi id\u0151vel, \u00fagy a sz\u00fcl\u00e9s v\u00e1rhat\u00f3 id\u0151pontja (\u00fan. <i>sz\u00e1m\u00edtott terminus<\/i>) az utols\u00f3 rendes menstru\u00e1ci\u00f3 els\u0151 napj\u00e1t\u00f3l sz\u00e1m\u00edtott 40. h\u00e9t v\u00e9g\u00e9re tehet\u0151. Ha a magzat nagys\u00e1ga a sz\u00e1m\u00edtott id\u0151t\u0151l jelent\u0151sen, a sz\u00fcl\u00e9s v\u00e1rhat\u00f3 id\u0151pontj\u00e1t az ultrahangvizsg\u00e1lat alapj\u00e1n m\u00f3dos\u00edtjuk (\u00fan. <i>ultrahangterminus<\/i>).<\/p>\n<p>Ezen vizsg\u00e1lat sor\u00e1n m\u00e9rj\u00fck meg a magzati tark\u00f3t\u00e1ji b\u0151rred\u0151 vastags\u00e1g\u00e1t is (\u201cNT\u201d), melynek k\u00f3ros \u00e9rt\u00e9ke magzati kromosz\u00f3ma-rendelleness\u00e9g gyan\u00faj\u00e1ra h\u00edvhatja f\u00f6l a figyelmet.<\/p>\n<h4><b>II. sz\u0171r\u00e9s <\/b>&#8211;\u00a0Id\u0151pontja a terhess\u00e9g 18-20. hete<\/h4>\n<p>A sz\u0171r\u0151vizsg\u00e1lat hasi vizsg\u00e1l\u00f3fejjel t\u00f6rt\u00e9nik, de bizonyos, a bels\u0151 m\u00e9hsz\u00e1jhoz k\u00f6zeli r\u00e9szletek vizsg\u00e1lata esetenk\u00e9nt h\u00fcvelyi vizsg\u00e1latot is sz\u00fcks\u00e9gess\u00e9 tehet. Ez a sz\u0171r\u0151vizsg\u00e1lat a norm\u00e1lis fejl\u0151d\u00e9s ellen\u0151rz\u00e9se szempontj\u00e1b\u00f3l az egyik legfontosabb vizsg\u00e1lat, mert a magzati szervek kialakul\u00e1sa ekkorra m\u00e1r nagyr\u00e9szt befejez\u0151dik. Az \u00e1ttekint\u00e9s sor\u00e1n testt\u00e1jank\u00e9nt vizsg\u00e1ljuk a magzatot, meghat\u00e1rozzuk a m\u00e9hlep\u00e9ny helyzet\u00e9t, \u00e9retts\u00e9g\u00e9t, a magzatv\u00edz mennyis\u00e9g\u00e9t, a magzat aktu\u00e1lis elhelyezked\u00e9s\u00e9t. A magzat n\u00f6veked\u00e9s\u00e9nek, fejl\u0151d\u00e9s\u00e9nek ellen\u0151rz\u00e9se a fej \u00e9s a t\u00f6rzs \u00e1tm\u00e9r\u0151inek (BPD, OFD ill. APD, TAD) \u00e9s ker\u00fclet\u00e9nek (HC ill. AC), valamint a combcsont (FL), esetleg a felkarcsont (HL) m\u00e9reteinek meghat\u00e1roz\u00e1s\u00e1val t\u00f6rt\u00e9nik.<\/p>\n<h4><b>III. sz\u0171r\u00e9s<\/b> &#8211; Id\u0151pontja a terhess\u00e9g 30-32. hete<\/h4>\n<p>C\u00e9lja els\u0151sorban a magzat megfelel\u0151 \u00fctem\u0171 fejl\u0151d\u00e9s\u00e9nek ellen\u0151rz\u00e9se, \u00e9s a k\u00e9s\u0151i magzati korban felismerhet\u0151 fejl\u0151d\u00e9si rendelleness\u00e9gek k\u00f3rism\u00e9z\u00e9se.<\/p>\n<h4><strong>Sz\u00ednk\u00f3dolt Doppler-\u00e1raml\u00e1svizsg\u00e1lat <\/strong>(flowmetria)<\/h4>\n<p>A terhes m\u00e9het ell\u00e1t\u00f3 anyai illetve bizonyos magzati erek v\u00e9r\u00e1raml\u00e1s\u00e1nak vizsg\u00e1lata, ami b\u00e1rmely terhess\u00e9gi korban indokolt lehet. C\u00e9lja a magzat m\u00e9hen bel\u00fcli \u00e1llapot\u00e1nak illetve a m\u00e9hlep\u00e9ny m\u0171k\u00f6d\u00e9s\u00e9nek meg\u00edt\u00e9l\u00e9se.<\/p>\n","protected":false},"excerpt":{"rendered":"<p>Sz\u00fcl\u00e9szeti ultrahangvizsg\u00e1lat Az ultrahang vizsg\u00e1latok el\u0151jegyz\u00e9s alapj\u00e1n t\u00f6rt\u00e9nnek, Bejelentkezni a\u00a0+36 1 459 1579 telefonsz\u00e1mon, vagy szem\u00e9lyesen a V\u00e1rand\u00f3s Ambulanci\u00e1n lehet. Helysz\u00edn: Baross utcai r\u00e9szleg (1088 Budapest, Baross u. 27) alagsori ultrahang rendel\u0151k A terhess\u00e9g alatt v\u00e9gzett ultrahang-sz\u0171r\u0151vizsg\u00e1latok c\u00e9lja a m\u00e9hen bel\u00fcli magzat fejl\u0151d\u00e9s\u00e9nek nyomon k\u00f6vet\u00e9se, egyes fejl\u0151d\u00e9si rendelleness\u00e9gek illetve egy\u00e9b, a magzat \u00e9s\/vagy az anya &hellip;<\/p>\n","protected":false},"author":101531,"featured_media":0,"parent":99,"menu_order":2,"comment_status":"closed","ping_status":"closed","template":"","meta":{"_acf_changed":false,"footnotes":""},"categories":[24],"tags":[22],"class_list":["post-116","page","type-page","status-publish","hentry","category-szakrendelesek-es-osztalyok","tag-betegellatas"],"acf":[],"_links":{"self":[{"href":"https:\/\/semmelweis.hu\/noiklinika\/wp-json\/wp\/v2\/pages\/116","targetHints":{"allow":["GET"]}}],"collection":[{"href":"https:\/\/semmelweis.hu\/noiklinika\/wp-json\/wp\/v2\/pages"}],"about":[{"href":"https:\/\/semmelweis.hu\/noiklinika\/wp-json\/wp\/v2\/types\/page"}],"author":[{"embeddable":true,"href":"https:\/\/semmelweis.hu\/noiklinika\/wp-json\/wp\/v2\/users\/101531"}],"replies":[{"embeddable":true,"href":"https:\/\/semmelweis.hu\/noiklinika\/wp-json\/wp\/v2\/comments?post=116"}],"version-history":[{"count":10,"href":"https:\/\/semmelweis.hu\/noiklinika\/wp-json\/wp\/v2\/pages\/116\/revisions"}],"predecessor-version":[{"id":1181,"href":"https:\/\/semmelweis.hu\/noiklinika\/wp-json\/wp\/v2\/pages\/116\/revisions\/1181"}],"up":[{"embeddable":true,"href":"https:\/\/semmelweis.hu\/noiklinika\/wp-json\/wp\/v2\/pages\/99"}],"wp:attachment":[{"href":"https:\/\/semmelweis.hu\/noiklinika\/wp-json\/wp\/v2\/media?parent=116"}],"wp:term":[{"taxonomy":"category","embeddable":true,"href":"https:\/\/semmelweis.hu\/noiklinika\/wp-json\/wp\/v2\/categories?post=116"},{"taxonomy":"post_tag","embeddable":true,"href":"https:\/\/semmelweis.hu\/noiklinika\/wp-json\/wp\/v2\/tags?post=116"}],"curies":[{"name":"wp","href":"https:\/\/api.w.org\/{rel}","templated":true}]}}