{"id":106,"date":"2019-12-19T01:19:50","date_gmt":"2019-12-19T00:19:50","guid":{"rendered":"http:\/\/semmelweis.hu\/noiklinika\/?page_id=106"},"modified":"2023-12-07T12:02:12","modified_gmt":"2023-12-07T11:02:12","slug":"munkatarsak-baross","status":"publish","type":"page","link":"https:\/\/semmelweis.hu\/noiklinika\/baross\/munkatarsak-baross\/","title":{"rendered":"Munkat\u00e1rsak &#8211; Baross utca"},"content":{"rendered":"<h1 class=\"entry-title\">IGAZGAT\u00d3<\/h1>\n<div class=\"entry-content\">\n<div id=\"staff\">\n<div>\n<p><span class=\"name\">Dr. \u00c1cs N\u00e1ndor<\/span> <span class=\"grade\">\u2013 egyetemi tan\u00e1r, sz\u00fcl\u00e9sz-n\u0151gy\u00f3gy\u00e1sz, seb\u00e9sz,\u00a0klinikai farmakol\u00f3gus, orvos-k\u00f6zgazd\u00e1sz<\/span><\/p>\n<\/div>\n<div>\n<h4><strong>\u00c1LTAL\u00c1NOS IGAZGAT\u00d3HELYETTES<\/strong><\/h4>\n<p><span class=\"name\">Dr. B\u00e1nhidy Ferenc<\/span> <span class=\"grade\">\u2013 PhD, med. habil., egyetemi tan\u00e1r, sz\u00fcl\u00e9sz-n\u0151gy\u00f3gy\u00e1sz, klinikai onkol\u00f3gus, seb\u00e9sz, klinikai farmakol\u00f3gus, orvos-k\u00f6zgazd\u00e1sz<\/span><\/p>\n<\/div>\n<div>\n<h4><strong>IGAZGAT\u00d3HELYETTES, R\u00c9SZLEGVEZET\u0150<\/strong><\/h4>\n<p><span class=\"name\">Dr. Melczer Zsolt<\/span> <span class=\"grade\">\u2013 PhD, MSc, egyetemi docens, sz\u00fcl\u00e9sz-n\u0151gy\u00f3gy\u00e1sz, klinikai onkol\u00f3gus<\/span><\/p>\n<\/div>\n<div>\n<h4><strong>R\u00c9SZLEGVEZET\u0150 HELYETTES<\/strong><\/h4>\n<p><span class=\"name\">Dr. S\u00e1ra Levente<\/span> <span class=\"grade\">\u2013 PhD, egyetemi adjunktus, sz\u00fcl\u00e9sz-n\u0151gy\u00f3gy\u00e1sz, jog\u00e1sz<\/span><br \/>\n<span class=\"name\">Dr. Silhavy Mih\u00e1ly<\/span> <span class=\"grade\">\u2013 klinikai f\u0151orvos, sz\u00fcl\u00e9sz-n\u0151gy\u00f3gy\u00e1sz, n\u0151gy\u00f3gy\u00e1szati daganatseb\u00e9sz, urol\u00f3gus<\/span><\/p>\n<\/div>\n<div>\n<h4><strong>TUDOM\u00c1NYOS R\u00c9SZLEGVEZET\u0150 HELYETTES<\/strong><\/h4>\n<p><span class=\"name\">Dr. Papp Csaba<\/span> <span class=\"grade\">\u2013 PhD, egyetemi docens, sz\u00fcl\u00e9sz-n\u0151gy\u00f3gy\u00e1sz, genetikus, eg\u00e9szs\u00e9g\u00fcgyi menedzser<\/span><\/p>\n<\/div>\n<div>\n<h4><strong>KLINIKAVEZET\u0150 F\u0150N\u0150V\u00c9R<\/strong><\/h4>\n<p><span class=\"name\">L\u00e1posi Andrea<\/span> <span class=\"grade\">\u2013 MSc, jogi szakokleveles diplom\u00e1s \u00e1pol\u00f3, eg\u00e9szs\u00e9g\u00fcgyi menedzser<\/span><\/p>\n<\/div>\n<div>\n<h4><strong>EGYETEMI TAN\u00c1R<\/strong><\/h4>\n<p><span class=\"name\">Dr. Molvarec Attila<\/span> <span class=\"grade\">\u2013 PhD, MTA doktora, sz\u00fcl\u00e9sz-n\u0151gy\u00f3gy\u00e1sz, endokrinol\u00f3gus, hipertonol\u00f3gus<\/span><br \/>\n<span class=\"name\">Dr. Rig\u00f3 J\u00e1nos<\/span> <span class=\"grade\">\u2013 PhD, MTA doktora, sz\u00fcl\u00e9sz-n\u0151gy\u00f3gy\u00e1sz, hipertonol\u00f3gus,\u00a0eg\u00e9szs\u00e9g\u00fcgyi menedzser<\/span><br \/>\n<span class=\"name\">Dr. Urbancsek J\u00e1nos<\/span> <span class=\"grade\">\u2013 PhD, MTA doktora, sz\u00fcl\u00e9sz-n\u0151gy\u00f3gy\u00e1sz<\/span><\/p>\n<\/div>\n<div>\n<h4><strong>EGYETEMI DOCENS<\/strong><\/h4>\n<p><span class=\"name\">Dr. Beke Art\u00far<\/span> <span class=\"grade\">\u2013 PhD, sz\u00fcl\u00e9sz-n\u0151gy\u00f3gy\u00e1sz, aneszteziol\u00f3gus, genetikus,\u00a0eg\u00e9szs\u00e9g\u00fcgyi menedzser<\/span><br \/>\n<span class=\"name\">Dr. Bokor Attila<\/span> <span class=\"grade\">\u2013 PhD, sz\u00fcl\u00e9sz-n\u0151gy\u00f3gy\u00e1sz,\u00a0n\u0151gy\u00f3gy\u00e1szati daganatseb\u00e9sz<\/span><br \/>\n<span class=\"name\">Dr. Hruby Ervin<\/span> <span class=\"grade\">\u2013 PhD, egyetemi adjunktus, sz\u00fcl\u00e9sz-n\u0151gy\u00f3gy\u00e1sz, eg\u00e9szs\u00e9g\u00fcgyi menedzser<\/span><br \/>\n<span class=\"name\">Dr. Nagy Gyula Rich\u00e1rd<\/span> <span class=\"grade\">\u2013 PhD, MSc, med. habil., sz\u00fcl\u00e9sz-n\u0151gy\u00f3gy\u00e1sz, genetikus, eg\u00e9szs\u00e9g\u00fcgyi menedzser<\/span><br \/>\n<span class=\"name\">Dr. Szab\u00f3 Istv\u00e1n<\/span> <span class=\"grade\">\u2013 PhD, sz\u00fcl\u00e9sz-n\u0151gy\u00f3gy\u00e1sz<\/span><br \/>\n<span class=\"name\">Dr. T\u00f3th-P\u00e1l Ern\u0151<\/span> <span class=\"grade\">\u2013 PhD, sz\u00fcl\u00e9sz-n\u0151gy\u00f3gy\u00e1sz, n\u0151gy\u00f3gy\u00e1szati daganatseb\u00e9sz, genetikus<\/span><br \/>\n<span class=\"name\">Dr. Beke Anna<\/span> <span class=\"grade\">\u2013 ny. egyetemi docens, PhD, gyermekgy\u00f3gy\u00e1sz, neonatol\u00f3gus, gyermekneurol\u00f3gus<\/span><br \/>\n<span class=\"name\">Dr. G\u00f6rbe \u00c9va<\/span> <span class=\"grade\">\u2013 ny. egyetemi docens, PhD, gyermekgy\u00f3gy\u00e1sz, neonatol\u00f3gus<\/span><\/p>\n<\/div>\n<div>\n<h4><strong>EGYETEMI ADJUNKTUS<\/strong><\/h4>\n<p><span class=\"name\">Dr. Harmath \u00c1gnes<\/span> <span class=\"grade\">\u2013 PhD, gyermekgy\u00f3gy\u00e1sz, neonatol\u00f3gus, seb\u00e9sz<\/span><br \/>\n<span class=\"name\">Dr. Szab\u00f3 G\u00e1bor<\/span> <span class=\"grade\">\u2013 PhD, sz\u00fcl\u00e9sz-n\u0151gy\u00f3gy\u00e1sz<\/span><\/p>\n<\/div>\n<div>\n<h4><strong>EGYETEMI TAN\u00c1RSEG\u00c9D<\/strong><\/h4>\n<p><span class=\"name\">Dr. Alasztics B\u00e1lint<\/span> <span class=\"grade\">\u2013 sz\u00fcl\u00e9sz-n\u0151gy\u00f3gy\u00e1sz<\/span><br \/>\n<span class=\"name\">Dr. Balogh S\u00e1ra<\/span> <span class=\"grade\">\u2013 sz\u00fcl\u00e9sz-n\u0151gy\u00f3gy\u00e1sz<\/span><br \/>\n<span class=\"name\">Dr. Benk\u0151 Zs\u00f3fia<\/span> <span class=\"grade\">\u2013 sz\u00fcl\u00e9sz-n\u0151gy\u00f3gy\u00e1sz<\/span><br \/>\n<span class=\"name\">Dr. Brubel R\u00e9ka<\/span> <span class=\"grade\">\u2013 PhD, sz\u00fcl\u00e9sz-n\u0151gy\u00f3gy\u00e1sz<\/span><br \/>\n<span class=\"name\">Dr. Csibi No\u00e9mi<\/span> <span class=\"grade\">\u2013 sz\u00fcl\u00e9sz-n\u0151gy\u00f3gy\u00e1sz<\/span><br \/>\n<span class=\"name\">Dr. Gasparics \u00c1kos<\/span> <span class=\"grade\">\u2013\u00a0gyermekgy\u00f3gy\u00e1sz, neonatol\u00f3gus<br \/>\nDr. Gom\u00e1ny Zsuzsanna \u2013 sz\u00fcl\u00e9sz-n\u0151gy\u00f3gy\u00e1sz, klinikai genetikus<\/span><br \/>\n<span class=\"name\">Dr. Kecskem\u00e9ti Andr\u00e1s<\/span> <span class=\"grade\">\u2013 sz\u00fcl\u00e9sz-n\u0151gy\u00f3gy\u00e1sz<\/span><br \/>\n<span class=\"name\">Dr. Magyar Zs\u00f3fia<\/span> <span class=\"grade\">\u2013 gyermekgy\u00f3gy\u00e1sz, neonatol\u00f3gus<\/span><br \/>\n<span class=\"name\">Dr. Nagy Anett\u00a0<\/span> <span class=\"grade\">\u2013 fejl\u0151d\u00e9spszichol\u00f3gus<\/span><br \/>\n<span class=\"name\">Dr. Ny\u00edri S\u00e1ndor<\/span> <span class=\"grade\">\u2013\u00a0sz\u00fcl\u00e9sz-n\u0151gy\u00f3gy\u00e1sz<\/span><br \/>\n<span class=\"name\">Dr. Prosszer M\u00e1ria<\/span> <span class=\"grade\">\u2013 sz\u00fcl\u00e9sz-n\u0151gy\u00f3gy\u00e1sz<\/span><br \/>\n<span class=\"name\">Dr. Trzosek-Szab\u00f3 Ursula<\/span> <span class=\"grade\">\u2013 sz\u00fcl\u00e9sz-n\u0151gy\u00f3gy\u00e1sz<\/span><br \/>\n<span class=\"name\">Dr. Varga P\u00e9ter<\/span> <span class=\"grade\">\u2013 gyermekgy\u00f3gy\u00e1sz, neonatol\u00f3gus<\/span><\/p>\n<div>\n<h4><strong>KLINIKAI F\u0150ORVOS<\/strong><\/h4>\n<p><span class=\"name\">Dr. Csaba \u00c1kos<\/span> <span class=\"grade\">\u2013 sz\u00fcl\u00e9sz-n\u0151gy\u00f3gy\u00e1sz, genetikus<\/span><br \/>\n<span class=\"name\">Dr. M\u00e1t\u00e9 Szabolcs<\/span> <span class=\"grade\">\u2013 sz\u00fcl\u00e9sz-n\u0151gy\u00f3gy\u00e1sz, onkol\u00f3gus,\u00a0n\u0151gy\u00f3gy\u00e1szati daganatseb\u00e9sz<\/span><\/p>\n<\/div>\n<div>\n<h4><strong>KLINIKAI SZAKORVOS<\/strong><\/h4>\n<p><span class=\"name\">Dr. \u00c1roksz\u00e1ll\u00e1si Anik\u00f3<\/span> <span class=\"grade\">\u2013 sz\u00fcl\u00e9sz-n\u0151gy\u00f3gy\u00e1sz<\/span><br \/>\n<span class=\"name\">Dr. Balogh Brigitta<\/span> <span class=\"grade\">\u2013 sz\u00fcl\u00e9sz-n\u0151gy\u00f3gy\u00e1sz<\/span><br \/>\n<span class=\"name\">Dr. Berecz Botond<\/span> <span class=\"grade\">\u2013 gyermekgy\u00f3gy\u00e1sz, neonatol\u00f3gus<\/span><br \/>\n<span class=\"name\">Dr. Bir\u00f3 No\u00e9mi<\/span> <span class=\"grade\">\u2013\u00a0sz\u00fcl\u00e9sz-n\u0151gy\u00f3gy\u00e1sz<\/span><br \/>\n<span class=\"name\">Dr. B\u0151di Zsuzsanna Val\u00e9ria<\/span> <span class=\"grade\">\u2013\u00a0sz\u00fcl\u00e9sz-n\u0151gy\u00f3gy\u00e1sz<\/span><br \/>\n<span class=\"name\">Dr. Csulak-Szab\u00f3 Katalin<\/span> <span class=\"grade\">\u2013 sz\u00fcl\u00e9sz-n\u0151gy\u00f3gy\u00e1sz<\/span><br \/>\n<span class=\"name\">Dr. Dob\u00f3 No\u00e9mi<\/span> <span class=\"grade\">\u2013 sz\u00fcl\u00e9sz-n\u0151gy\u00f3gy\u00e1sz<\/span><br \/>\n<span class=\"name\">Dr. Maksay Anna Zs\u00f3fia<\/span> <span class=\"grade\">\u2013 gyermekgy\u00f3gy\u00e1sz, neonatol\u00f3gus<\/span><br \/>\n<span class=\"name\">Dr. Fek\u00e9cs Gy\u00f6rgyi<\/span> <span class=\"grade\">\u2013 sz\u00fcl\u00e9sz-n\u0151gy\u00f3gy\u00e1sz<\/span><br \/>\n<span class=\"name\">Dr. F\u00e9nyi Anett<\/span> <span class=\"grade\">\u2013\u00a0sz\u00fcl\u00e9sz-n\u0151gy\u00f3gy\u00e1sz<\/span><br \/>\n<span class=\"name\">Dr. Foresz Vikt\u00f3ria<\/span> <span class=\"grade\">\u2013\u00a0sz\u00fcl\u00e9sz-n\u0151gy\u00f3gy\u00e1sz<\/span><br \/>\n<span class=\"name\">Dr. G\u00e1l Andr\u00e1s Zolt\u00e1n<\/span> <span class=\"grade\">\u2013\u00a0sz\u00fcl\u00e9sz-n\u0151gy\u00f3gy\u00e1sz<br \/>\n<\/span><span class=\"name\">Dr. G\u00e9czi Andr\u00e1s Mih\u00e1ly &#8211; <span class=\"grade\">\u00a0sz\u00fcl\u00e9sz-n\u0151gy\u00f3gy\u00e1sz<\/span><br \/>\n<\/span><span class=\"name\">Dr. Kozsurekn\u00e9 Dr. Koll\u00e1r T\u00edmea<\/span> <span class=\"grade\">\u2013 gyermekgy\u00f3gy\u00e1sz, neonatol\u00f3gus<\/span><br \/>\n<span class=\"name\">Dr. Laky Ilona Marcella<\/span> <span class=\"grade\">\u2013 sz\u00fcl\u00e9sz-n\u0151gy\u00f3gy\u00e1sz<\/span><br \/>\n<span class=\"name\">Dr. Lisovszki Erika<\/span> <span class=\"grade\">\u2013 laborat\u00f3riumi szakorvos<br \/>\nDr. Mad\u00e1r Istv\u00e1n &#8211; sz\u00fcl\u00e9sz-n\u0151gy\u00f3gy\u00e1sz<br \/>\n<\/span><span class=\"name\">Dr. Pete Barbara<\/span> <span class=\"grade\">\u2013 gyermekgy\u00f3gy\u00e1sz, neonatol\u00f3gus<\/span><br \/>\n<span class=\"name\">Dr. P\u00f3csi D\u00f3ra<\/span> <span class=\"grade\">\u2013 sz\u00fcl\u00e9sz-n\u0151gy\u00f3gy\u00e1sz<\/span><br \/>\n<span class=\"name\">Dr. Sassi Lilla<\/span> <span class=\"grade\">\u2013 gyermekgy\u00f3gy\u00e1sz, neonatol\u00f3gus<\/span><br \/>\n<span class=\"name\">Dr. Sch\u00f6nl\u00e9ber Julianna<\/span> <span class=\"grade\">\u2013 molekul\u00e1ris genetikus, patol\u00f3gus<\/span><br \/>\n<span class=\"name\">Dr. Szatm\u00e1ri Erzs\u00e9bet<\/span> <span class=\"grade\">\u2013 sz\u00fcl\u00e9sz-n\u0151gy\u00f3gy\u00e1sz<\/span><br \/>\n<span class=\"name\">Dr. Szentirmay Apolka Kinga<\/span> <span class=\"grade\">\u2013 sz\u00fcl\u00e9sz-n\u0151gy\u00f3gy\u00e1sz<br \/>\n<span class=\"name\">Dr. T\u00f3th Tam\u00e1s<\/span> <span class=\"grade\">\u2013 PhD, klinikai genetikus, molekul\u00e1ris genetikus<\/span><br \/>\n<span class=\"name\">Dr. Vajna Rita<\/span> &#8211; sz\u00fcl\u00e9sz- n\u0151gy\u00f3gy\u00e1sz<\/span><br \/>\n<span class=\"name\">Dr. Varga Zsuzsanna<\/span> <span class=\"grade\">\u2013 gyermekgy\u00f3gy\u00e1sz<\/span><\/p>\n<\/div>\n<div>\n<h4><strong>REZIDENS<\/strong><\/h4>\n<p><span class=\"name\">Dr. Bara \u00c9va<br \/>\nDr. Barad Csilla<br \/>\n<\/span><span class=\"name\">Dr. Bujt\u00e1s Gerg\u0151 M\u00e1rk <br \/>\n<\/span><span class=\"name\">Dr. Fanczal Eszter<\/span><br \/>\n<span class=\"name\">Dr. T\u00fari Bogl\u00e1rka<\/span><br \/>\n<span class=\"name\">Dr. Hamar Bal\u00e1zs<\/span><br \/>\n<span class=\"name\">Dr. Hancz Hedvig<br \/>\nDr. Hoffmann Eszter<br \/>\nDr. Komor\u00f3czy Bal\u00e1zs<\/span><br \/>\n<span class=\"name\">Dr. Kov\u00e1cs Bence G\u00e9za<\/span><br \/>\n<span class=\"name\">Dr. Lengyel Tam\u00e1s Imre<\/span><br \/>\n<span class=\"name\">Dr. Liszkai Patrik<br \/>\nDr. M\u00e1rai D\u00e1vid<\/span><br \/>\n<span class=\"name\">Dr. Mikl\u00f3s Dominika<\/span><br \/>\n<span class=\"name\">Dr. Unicsovics M\u00e1rk\u00f3<\/span><\/p>\n<\/div>\n<div>\n<h4><strong>\u00d6NK\u00c9NTES SEG\u00cdT\u0150<\/strong><\/h4>\n<p><span class=\"name\">Dr. Abdul Khaliq Marzia<\/span> <span class=\"grade\">\u2013 sz\u00fcl\u00e9sz-n\u0151gy\u00f3gy\u00e1sz<\/span><br \/>\n<span class=\"name\">Dr. Abkarovics G\u00e9za<\/span> <span class=\"grade\">\u2013 sz\u00fcl\u00e9sz-n\u0151gy\u00f3gy\u00e1sz<\/span><br \/>\n<span class=\"name\">Dr. Fekete Zolt\u00e1n<\/span> <span class=\"grade\">\u2013 sz\u00fcl\u00e9sz-n\u0151gy\u00f3gy\u00e1sz<\/span><br \/>\n<span class=\"name\">Dr. Ger\u0151 Gy\u00f6rgy<\/span> <span class=\"grade\">\u2013 PhD, egyetemi mag\u00e1ntan\u00e1r, sz\u00fcl\u00e9sz-n\u0151gy\u00f3gy\u00e1sz<\/span><br \/>\n<span class=\"name\">Dr. Hidv\u00e9gi J\u00e1nos<\/span> <span class=\"grade\">\u2013 sz\u00fcl\u00e9sz-n\u0151gy\u00f3gy\u00e1sz<\/span><br \/>\n<span class=\"name\">Dr. Jo\u00f3 J\u00f3zsef G\u00e1bor<\/span> <span class=\"grade\">\u2013 \u2013 PhD, MTA doktora, sz\u00fcl\u00e9sz-n\u0151gy\u00f3gy\u00e1sz<\/span><br \/>\n<span class=\"name\">Dr. Konr\u00e1d S\u00e1ndor<\/span> <span class=\"grade\">\u2013 sz\u00fcl\u00e9sz-n\u0151gy\u00f3gy\u00e1sz<\/span><br \/>\n<span class=\"name\">Dr. Ko\u00f3s-Hut\u00e1s Piroska<\/span> <span class=\"grade\">\u2013 sz\u00fcl\u00e9sz-n\u0151gy\u00f3gy\u00e1sz<\/span><br \/>\n<span class=\"name\">Dr. Murber \u00c1kos<\/span> <span class=\"grade\">\u2013 PhD, sz\u00fcl\u00e9sz-n\u0151gy\u00f3gy\u00e1sz<\/span><br \/>\n<span class=\"name\">Dr. Somos P\u00e9ter<\/span> <span class=\"grade\">\u2013 sz\u00fcl\u00e9sz-n\u0151gy\u00f3gy\u00e1sz, radiol\u00f3gus<\/span><br \/>\n<span class=\"name\">Dr. Sz\u00e1nth\u00f3 Andr\u00e1s<\/span> <span class=\"grade\">\u2013 PhD, sz\u00fcl\u00e9sz-n\u0151gy\u00f3gy\u00e1sz, onkol\u00f3gus, radiol\u00f3gus<\/span><br \/>\n<span class=\"name\">Dr. Szarka Andr\u00e1s<\/span> <span class=\"grade\">\u2013 PhD, sz\u00fcl\u00e9sz-n\u0151gy\u00f3gy\u00e1sz<\/span><\/p>\n<\/div>\n<div>\n<h4><strong>TUDOM\u00c1NYOS F\u0150MUNKAT\u00c1RS<\/strong><\/h4>\n<p><span class=\"name\">Dr. Fancsovits P\u00e9ter<\/span> <span class=\"grade\">\u2013 PhD, embriol\u00f3gus<\/span><\/p>\n<\/div>\n<div>\n<h4><strong>BIOTECHNOL\u00d3GUS<\/strong><\/h4>\n<p><span class=\"name\">Kasz\u00e1s Zita<\/span><\/p>\n<\/div>\n<div>\n<h4><strong>KLINIKAI SZAKPSZICHOL\u00d3GUS<\/strong><\/h4>\n<p><span class=\"name\">Szita Bernadett<\/span><\/p>\n<\/div>\n<div>\n<h4><strong>KLINIKAI GY\u00d3GYTORN\u00c1SZ<\/strong><\/h4>\n<p><span class=\"name\">Canea \u00c9va<\/span><\/p>\n<\/div>\n<div>\n<h4><strong>MEGB\u00cdZ\u00c1SSAL<\/strong><\/h4>\n<p><span class=\"name\">Farkas Cec\u00edlia\u00a0<\/span> <span class=\"grade\">\u2013 t\u00e1pl\u00e1lkoz\u00e1studom\u00e1nyi szakember<\/span><br \/>\n<span class=\"name\">Szesz\u00e1k Szilvia\u00a0<\/span> <span class=\"grade\">\u2013 logop\u00e9dus, gy\u00f3gypedag\u00f3gus<\/span><\/p>\n<\/div>\n<\/div>\n<div class=\"addtoany_share_save_container addtoany_content addtoany_content_bottom\">\u00a0<\/div>\n<\/div>\n<\/div>\n","protected":false},"excerpt":{"rendered":"<p>IGAZGAT\u00d3 Dr. \u00c1cs N\u00e1ndor \u2013 egyetemi tan\u00e1r, sz\u00fcl\u00e9sz-n\u0151gy\u00f3gy\u00e1sz, seb\u00e9sz,\u00a0klinikai farmakol\u00f3gus, orvos-k\u00f6zgazd\u00e1sz \u00c1LTAL\u00c1NOS IGAZGAT\u00d3HELYETTES Dr. B\u00e1nhidy Ferenc \u2013 PhD, med. habil., egyetemi tan\u00e1r, sz\u00fcl\u00e9sz-n\u0151gy\u00f3gy\u00e1sz, klinikai onkol\u00f3gus, seb\u00e9sz, klinikai farmakol\u00f3gus, orvos-k\u00f6zgazd\u00e1sz IGAZGAT\u00d3HELYETTES, R\u00c9SZLEGVEZET\u0150 Dr. Melczer Zsolt \u2013 PhD, MSc, egyetemi docens, sz\u00fcl\u00e9sz-n\u0151gy\u00f3gy\u00e1sz, klinikai onkol\u00f3gus R\u00c9SZLEGVEZET\u0150 HELYETTES Dr. S\u00e1ra Levente \u2013 PhD, egyetemi adjunktus, sz\u00fcl\u00e9sz-n\u0151gy\u00f3gy\u00e1sz, jog\u00e1sz Dr. Silhavy &hellip;<\/p>\n","protected":false},"author":101531,"featured_media":0,"parent":82,"menu_order":4,"comment_status":"closed","ping_status":"closed","template":"","meta":{"_acf_changed":false,"footnotes":""},"categories":[],"tags":[],"class_list":["post-106","page","type-page","status-publish","hentry"],"acf":[],"_links":{"self":[{"href":"https:\/\/semmelweis.hu\/noiklinika\/wp-json\/wp\/v2\/pages\/106","targetHints":{"allow":["GET"]}}],"collection":[{"href":"https:\/\/semmelweis.hu\/noiklinika\/wp-json\/wp\/v2\/pages"}],"about":[{"href":"https:\/\/semmelweis.hu\/noiklinika\/wp-json\/wp\/v2\/types\/page"}],"author":[{"embeddable":true,"href":"https:\/\/semmelweis.hu\/noiklinika\/wp-json\/wp\/v2\/users\/101531"}],"replies":[{"embeddable":true,"href":"https:\/\/semmelweis.hu\/noiklinika\/wp-json\/wp\/v2\/comments?post=106"}],"version-history":[{"count":10,"href":"https:\/\/semmelweis.hu\/noiklinika\/wp-json\/wp\/v2\/pages\/106\/revisions"}],"predecessor-version":[{"id":1137,"href":"https:\/\/semmelweis.hu\/noiklinika\/wp-json\/wp\/v2\/pages\/106\/revisions\/1137"}],"up":[{"embeddable":true,"href":"https:\/\/semmelweis.hu\/noiklinika\/wp-json\/wp\/v2\/pages\/82"}],"wp:attachment":[{"href":"https:\/\/semmelweis.hu\/noiklinika\/wp-json\/wp\/v2\/media?parent=106"}],"wp:term":[{"taxonomy":"category","embeddable":true,"href":"https:\/\/semmelweis.hu\/noiklinika\/wp-json\/wp\/v2\/categories?post=106"},{"taxonomy":"post_tag","embeddable":true,"href":"https:\/\/semmelweis.hu\/noiklinika\/wp-json\/wp\/v2\/tags?post=106"}],"curies":[{"name":"wp","href":"https:\/\/api.w.org\/{rel}","templated":true}]}}