{"id":1035,"date":"2023-02-11T11:38:56","date_gmt":"2023-02-11T10:38:56","guid":{"rendered":"https:\/\/semmelweis.hu\/noiklinika\/?page_id=1035"},"modified":"2024-02-20T15:15:44","modified_gmt":"2024-02-20T14:15:44","slug":"nogyogyaszati-osztaly","status":"publish","type":"page","link":"https:\/\/semmelweis.hu\/noiklinika\/baross\/fekvobeteg-ellatas\/nogyogyaszati-osztaly\/","title":{"rendered":"N\u0151gy\u00f3gy\u00e1szati Oszt\u00e1ly &#8211; Baross utca"},"content":{"rendered":"<p class=\"Normal\"><span class=\"Normal__Char\"><strong>N\u0151gy\u00f3gy\u00e1szati oszt\u00e1lyunk a Baross utcai f\u0151\u00e9p\u00fclet m\u00e1dik emelet\u00e9n tal\u00e1lhat\u00f3<\/strong>, posztoperat\u00edv \u0151rz\u0151nkkel \u00e9s a m\u0171t\u0151blokkal egy szinten.<\/span><\/p>\n<p><span class=\"Normal__Char\">Oszt\u00e1lyunkra ker\u00fclnek felv\u00e9telre az egynapos beavatkoz\u00e1sra \u00e9rkez\u0151k, illetve kiterjedt szakmai profilunknak k\u00f6sz\u00f6nhet\u0151en a n\u0151gy\u00f3gy\u00e1szati betegs\u00e9ggel b\u00edr\u00f3 p\u00e1ciensek mind m\u0171t\u00e9tes ell\u00e1t\u00e1s c\u00e9lj\u00e1b\u00f3l, mind egy\u00e9b, nem m\u0171t\u00e9thez kapcsol\u00f3d\u00f3 ell\u00e1t\u00e1s c\u00e9lj\u00e1b\u00f3l.<\/span><\/p>\n<p class=\"Normal\"><span class=\"Normal__Char\">Az oszt\u00e1ly 27 \u00e1gyas. A p\u00e1ciensek elhelyez\u00e9s\u00e9re 5db h\u00e1rom-\u00e1gyas, 1db k\u00e9t-\u00e1gyas \u00e9s 2db egy-\u00e1gyas alap\u00edtv\u00e1nyi szob\u00e1ban van lehet\u0151s\u00e9g. <br \/>\nAz egy \u00e1gyas alap\u00edtv\u00e1nyi szob\u00e1ink 14.000 Ft\/\u00e9j d\u00edj ellen\u00e9ben vehet\u0151ek ig\u00e9nybe.<\/span><\/p>\n<h4><strong>Felv\u00e9tel menete<\/strong><\/h4>\n<p class=\"Normal\"><span class=\"Normal__Char\">Az oszt\u00e1lyra a betegfelv\u00e9tel tervezetten az ambulanci\u00e1kr\u00f3l illetve s\u00fcrg\u0151sen, \u00fcgyeletben t\u00f6rt\u00e9nhet.\u00a0\u00a0 <\/span><\/p>\n<div class=\"fontos_div\">\n<p class=\"Normal\"><span class=\"Normal__Char\"><strong>Tervezett felv\u00e9tel eset\u00e9n<\/strong> k\u00e9rj\u00fck <strong>reggel \u00bd 8-8 \u00f3ra k\u00f6z\u00f6tt jelentkezzenek a n\u0151gy\u00f3gy\u00e1szati ambulanci\u00e1n<\/strong>. K\u00e9rj\u00fck a <strong>betegs\u00e9g\u00fckkel kapcsolatos kivizsg\u00e1l\u00e1si leleteiket, illetve alapbetegs\u00e9g\u00fckkel \u00f6sszef\u00fcgg\u0151 leleteiket hozz\u00e1k magukkal<\/strong>.<\/span><\/p>\n<\/div>\n<h4><strong>Mit \u00e9rdemes behozni?<\/strong><\/h4>\n<ul style=\"list-style-type: square;\">\n<li>Als\u00f3nem\u0171, bet\u00e9t<\/li>\n<li>H\u00e1l\u00f3ing<\/li>\n<li>Papucs<\/li>\n<li>Tusf\u00fcrd\u0151<\/li>\n<li>T\u00f6r\u00f6lk\u00f6z\u0151<\/li>\n<li>V\u00edz<\/li>\n<li>Telefon, t\u00f6lt\u0151<\/li>\n<li>Saj\u00e1t gy\u00f3gyszerek<\/li>\n<li>Ev\u0151eszk\u00f6z, poh\u00e1r<\/li>\n<\/ul>\n<p><span class=\"Normal__Char\">\u00c9rt\u00e9keiket, \u00e9kszereiket k\u00e9rj\u00fck ne hozzanak az oszt\u00e1lyra. Csomagjaikat szekr\u00e9nyben illetve \u00e9jjeliszekr\u00e9nyben tudj\u00e1k elhelyezni. K\u00e9rj\u00fck, csak a sz\u00fcks\u00e9ges dolgok legyenek \u00d6n\u00f6kn\u00e9l.<\/span><\/p>\n<div class=\"keretes w-100\">\n<h4><strong>L\u00e1togat\u00e1si rend<\/strong><\/h4>\n<p class=\"Normal\"><span class=\"Normal__Char\">Az oszt\u00e1lyon \u00e9rv\u00e9nyben l\u00e9v\u0151 l\u00e1togat\u00e1si id\u0151 <strong>16:00 \u00e9s 18:00 \u00f3ra k\u00f6z\u00f6tt<\/strong> van<\/span><\/p>\n<p class=\"Normal\">L\u00e1togat\u00e1s az adott l\u00e1togat\u00e1si id\u0151ben lehets\u00e9ges az oszt\u00e1ly folyos\u00f3j\u00e1n. <strong>A k\u00f3rtermekben tilos a l\u00e1togat\u00e1s.<\/strong> K\u00e9rj\u00fck, hogy egy beteghez egyszerre maximum 2 l\u00e1togat\u00f3 \u00e9rkezzen \u00e9s k\u00e9rj\u00fck, hogy gyerekeket lehet\u0151s\u00e9g szerint ne hozzanak az oszt\u00e1lyra.<\/p>\n<\/div>\n<p>&nbsp;<\/p>\n","protected":false},"excerpt":{"rendered":"<p>N\u0151gy\u00f3gy\u00e1szati oszt\u00e1lyunk a Baross utcai f\u0151\u00e9p\u00fclet m\u00e1dik emelet\u00e9n tal\u00e1lhat\u00f3, posztoperat\u00edv \u0151rz\u0151nkkel \u00e9s a m\u0171t\u0151blokkal egy szinten. Oszt\u00e1lyunkra ker\u00fclnek felv\u00e9telre az egynapos beavatkoz\u00e1sra \u00e9rkez\u0151k, illetve kiterjedt szakmai profilunknak k\u00f6sz\u00f6nhet\u0151en a n\u0151gy\u00f3gy\u00e1szati betegs\u00e9ggel b\u00edr\u00f3 p\u00e1ciensek mind m\u0171t\u00e9tes ell\u00e1t\u00e1s c\u00e9lj\u00e1b\u00f3l, mind egy\u00e9b, nem m\u0171t\u00e9thez kapcsol\u00f3d\u00f3 ell\u00e1t\u00e1s c\u00e9lj\u00e1b\u00f3l. Az oszt\u00e1ly 27 \u00e1gyas. A p\u00e1ciensek elhelyez\u00e9s\u00e9re 5db h\u00e1rom-\u00e1gyas, 1db k\u00e9t-\u00e1gyas &hellip;<\/p>\n","protected":false},"author":101531,"featured_media":0,"parent":112,"menu_order":6,"comment_status":"closed","ping_status":"closed","template":"","meta":{"_acf_changed":false,"footnotes":""},"categories":[24],"tags":[],"class_list":["post-1035","page","type-page","status-publish","hentry","category-szakrendelesek-es-osztalyok"],"acf":[],"_links":{"self":[{"href":"https:\/\/semmelweis.hu\/noiklinika\/wp-json\/wp\/v2\/pages\/1035","targetHints":{"allow":["GET"]}}],"collection":[{"href":"https:\/\/semmelweis.hu\/noiklinika\/wp-json\/wp\/v2\/pages"}],"about":[{"href":"https:\/\/semmelweis.hu\/noiklinika\/wp-json\/wp\/v2\/types\/page"}],"author":[{"embeddable":true,"href":"https:\/\/semmelweis.hu\/noiklinika\/wp-json\/wp\/v2\/users\/101531"}],"replies":[{"embeddable":true,"href":"https:\/\/semmelweis.hu\/noiklinika\/wp-json\/wp\/v2\/comments?post=1035"}],"version-history":[{"count":3,"href":"https:\/\/semmelweis.hu\/noiklinika\/wp-json\/wp\/v2\/pages\/1035\/revisions"}],"predecessor-version":[{"id":1046,"href":"https:\/\/semmelweis.hu\/noiklinika\/wp-json\/wp\/v2\/pages\/1035\/revisions\/1046"}],"up":[{"embeddable":true,"href":"https:\/\/semmelweis.hu\/noiklinika\/wp-json\/wp\/v2\/pages\/112"}],"wp:attachment":[{"href":"https:\/\/semmelweis.hu\/noiklinika\/wp-json\/wp\/v2\/media?parent=1035"}],"wp:term":[{"taxonomy":"category","embeddable":true,"href":"https:\/\/semmelweis.hu\/noiklinika\/wp-json\/wp\/v2\/categories?post=1035"},{"taxonomy":"post_tag","embeddable":true,"href":"https:\/\/semmelweis.hu\/noiklinika\/wp-json\/wp\/v2\/tags?post=1035"}],"curies":[{"name":"wp","href":"https:\/\/api.w.org\/{rel}","templated":true}]}}