{"id":1029,"date":"2023-02-11T11:15:53","date_gmt":"2023-02-11T10:15:53","guid":{"rendered":"https:\/\/semmelweis.hu\/noiklinika\/?page_id=1029"},"modified":"2024-02-20T15:15:21","modified_gmt":"2024-02-20T14:15:21","slug":"terhespatologia","status":"publish","type":"page","link":"https:\/\/semmelweis.hu\/noiklinika\/baross\/fekvobeteg-ellatas\/terhespatologia\/","title":{"rendered":"Terhespatol\u00f3giai oszt\u00e1ly &#8211; Baross utca"},"content":{"rendered":"<p class=\"Normal\"><strong><span class=\"Normal__Char\">A v\u00e1rand\u00f3s \u00e9s terhespatol\u00f3giai oszt\u00e1ly a Baross utcai f\u0151\u00e9p\u00fclet els\u0151 emelet\u00e9n tal\u00e1lhat\u00f3,<\/span><\/strong><span class=\"Normal__Char\"> a korasz\u00fcl\u00f6tt intenz\u00edv oszt\u00e1llyal k\u00f6z\u00f6s folyos\u00f3n.<\/span><\/p>\n<p class=\"Normal\"><span class=\"Normal__Char\">Oszt\u00e1lyunkra ker\u00fclnek orsz\u00e1gosan az \u00fan. patol\u00f3gi\u00e1s terhes n\u0151k, azaz azok a v\u00e1rand\u00f3sok, akikn\u00e9l eg\u00e9szs\u00e9g\u00fcgyi okokb\u00f3l s\u00falyos komplik\u00e1ci\u00f3k l\u00e9phetnek fel. <\/span><\/p>\n<h5 class=\"Normal\"><span class=\"Normal__Char\">Hozz\u00e1nk ker\u00fclnek:<\/span><\/h5>\n<ul style=\"list-style-type: square;\">\n<li class=\"Normal\"><span class=\"Normal__Char\"> a s\u00falyos praeeclampsi\u00e1s, s\u00falyos cukorbeteg, ill. haematol\u00f3giai betegek; <\/span><\/li>\n<li class=\"Normal\"><span class=\"Normal__Char\">azok akikn\u00e9l magzati n\u00f6vked\u00e9sbeli elmarad\u00e1s vagy macrosomia (k\u00f3rosan nagy magzat) \u00e1ll fenn, <\/span><\/li>\n<li class=\"Normal\"><span class=\"Normal__Char\">azok, akin\u00e9l terhess\u00e9gi epepang\u00e1st diagnosztiz\u00e1ltak, <\/span><\/li>\n<li class=\"Normal\"><span class=\"Normal__Char\">akikn\u00e9l a magzatv\u00edzn\u00e9l mennyis\u00e9gi elt\u00e9r\u00e9s van<\/span><\/li>\n<\/ul>\n<p><span class=\"Normal__Char\">Ikerterhesek, h\u00e1rmas ikerterhesek kezel\u0151orvosuk javaslata alapj\u00e1n ker\u00fclnek felv\u00e9telre.<\/span><\/p>\n<p class=\"Normal\"><span class=\"Normal__Char\"> Genetikai h\u00e1tter\u00fcnk miatt az orsz\u00e1g b\u00e1rmely r\u00e9sz\u00e9r\u0151l vesz\u00fcnk fel olyan v\u00e1rand\u00f3sokat, akiknek sz\u00fcl\u00e9s\u00fck tervezetten, a korasz\u00fcl\u00f6tt intenz\u00edv oszt\u00e1llyal szoros egy\u00fcttm\u0171k\u00f6d\u00e9sben ker\u00fcl sor <em>(\u00fajsz\u00fcl\u00f6ttek elhelyez\u00e9se tervezetten m\u00e1s int\u00e9zm\u00e9nyben: GOKI, gyerekklinika, Madar\u00e1sz Utcai K\u00f3rh\u00e1z)<\/em>. <\/span><\/p>\n<h4 style=\"text-align: left;\"><strong><span style=\"font-size: 18pt;\">A Felv\u00e9tel menete<\/span><\/strong><\/h4>\n<p class=\"Normal\"><span class=\"Normal__Char\">Az oszt\u00e1lyra a betegfelv\u00e9tel tervezetten az ambulanci\u00e1r\u00f3l illetve s\u00fcrg\u0151sen a sz\u00fcl\u0151szob\u00e1r\u00f3l t\u00f6rt\u00e9nhet.\u00a0\u00a0 <\/span><\/p>\n<div class=\"fontos_div\">\n<p class=\"Normal\"><strong><span class=\"Normal__Char\">Tervezett felv\u00e9tel eset\u00e9n <\/span><\/strong><span class=\"Normal__Char\">k\u00e9rj\u00fck<\/span><strong><span class=\"Normal__Char\"> reggel \u00bd 8-8 \u00f3ra k\u00f6z\u00f6tt <\/span><\/strong><span class=\"Normal__Char\">jelentkezzenek a v\u00e1rand\u00f3sambulanci\u00e1n.<\/span><span class=\"Normal__Char\"> K\u00e9rj\u00fck<\/span><strong><span class=\"Normal__Char\"> a v\u00e1rand\u00f3s\u00e1ggal kapcsolatos leleteit, illetve alapbetegs\u00e9g\u00fckkel \u00f6sszef\u00fcgg\u0151 leleteit hozza mag\u00e1val.<\/span><\/strong><\/p>\n<\/div>\n<h4><strong>MIT \u00c9RDEMES BEHOZNI?<\/strong><\/h4>\n<ul style=\"list-style-type: square;\">\n<li>Als\u00f3nem\u0171, bet\u00e9t<\/li>\n<li>H\u00e1l\u00f3ing<\/li>\n<li>Papucs<\/li>\n<li>Tusf\u00fcrd\u0151<\/li>\n<li>T\u00f6r\u00f6lk\u00f6z\u0151<\/li>\n<li>V\u00edz<\/li>\n<li>Telefon, t\u00f6lt\u0151<\/li>\n<li>Saj\u00e1t gy\u00f3gyszerek<\/li>\n<li>Ev\u0151eszk\u00f6z, poh\u00e1r<\/li>\n<li><span class=\"Normal__Char\">Speci\u00e1lis di\u00e9t\u00e1t tart\u00f3 v\u00e1rand\u00f3s p\u00e1cienseinket k\u00e9rj\u00fck, hogy hozz\u00e1k magukkal a sz\u00e1mukra megfelel\u0151 p\u00e9k\u00e1rut. <\/span><\/li>\n<li><span class=\"Normal__Char\">Cukorbeteg v\u00e1rand\u00f3s p\u00e1cienseket k\u00e9rj\u00fck, hogy hozzanak magukkal m\u00e9rleget a CH sz\u00e1m\u00edt\u00e1shoz. <\/span><\/li>\n<li><span class=\"Normal__Char\">Asztm\u00e1s v\u00e1rand\u00f3sainkat k\u00e9rj\u00fck, hogy hozz\u00e1k magukkal a pip\u00e1kat, inhal\u00e1torokat.<\/span><\/li>\n<\/ul>\n<p class=\"Normal\"><span class=\"Normal__Char\">\u00c9rt\u00e9keiket, \u00e9kszereiket k\u00e9rj\u00fck ne hozz\u00e1k magukkal az oszt\u00e1lyra. Csomagjaikat szekr\u00e9nyben illetve \u00e9jjeliszekr\u00e9nyben tudj\u00e1k elhelyezni. K\u00e9rj\u00fck csak a sz\u00fcks\u00e9ges dolgok legyenek \u00d6n\u00f6kn\u00e9l. <\/span><\/p>\n<p class=\"Normal\"><span class=\"Normal__Char\"><strong>Minden k\u00f3rteremben van h\u0171t\u0151<\/strong>, ahol k\u00e9rj\u00fck &#8211; a h\u0171t\u0151k m\u00e9ret\u00e9re val\u00f3 tekintettel &#8211; ne hetekre helyezzenek el \u00e9telt. <strong>A folyos\u00f3n van mikr\u00f3 az \u00e9telmeleg\u00edt\u00e9shez.<\/strong><\/span><\/p>\n<div class=\"keretes w-100\">\n<h4 style=\"text-align: left;\"><strong><span style=\"font-size: 18pt;\">L\u00e1togat\u00e1s<\/span><\/strong><\/h4>\n<p>Az oszt\u00e1lyon \u00e9rv\u00e9nyben l\u00e9v\u0151 l\u00e1togat\u00e1si id\u0151 <strong>16:00 \u00e9s 17:00 \u00f3ra k\u00f6z\u00f6tt<\/strong> van<\/p>\n<p class=\"Normal\"><span class=\"Normal__Char\">L\u00e1togat\u00e1s csak l\u00e1togat\u00e1si id\u0151ben lehets\u00e9ges az oszt\u00e1ly folyos\u00f3j\u00e1n. <strong>A k\u00f3rtermekben tilos a l\u00e1togat\u00e1s.<\/strong> <em>(Csak a szigor\u00faan fekv\u0151 v\u00e1rand\u00f3sainknak biztos\u00edtunk lehet\u0151s\u00e9get a k\u00f3rtermi l\u00e1togat\u00e1shoz.)<\/em> <\/span><span class=\"Normal__Char\">K\u00e9rj\u00fck, hogy <strong>egy beteghez egyszerre maximum 2 l\u00e1togat\u00f3 \u00e9rkezzen<\/strong> \u00e9s k\u00e9rj\u00fck, hogy gyerekeket lehet\u0151s\u00e9g szerint ne hozzanak az oszt\u00e1lyra. <\/span><\/p>\n<\/div>\n<p>&nbsp;<\/p>\n","protected":false},"excerpt":{"rendered":"<p>A v\u00e1rand\u00f3s \u00e9s terhespatol\u00f3giai oszt\u00e1ly a Baross utcai f\u0151\u00e9p\u00fclet els\u0151 emelet\u00e9n tal\u00e1lhat\u00f3, a korasz\u00fcl\u00f6tt intenz\u00edv oszt\u00e1llyal k\u00f6z\u00f6s folyos\u00f3n. Oszt\u00e1lyunkra ker\u00fclnek orsz\u00e1gosan az \u00fan. patol\u00f3gi\u00e1s terhes n\u0151k, azaz azok a v\u00e1rand\u00f3sok, akikn\u00e9l eg\u00e9szs\u00e9g\u00fcgyi okokb\u00f3l s\u00falyos komplik\u00e1ci\u00f3k l\u00e9phetnek fel. Hozz\u00e1nk ker\u00fclnek: a s\u00falyos praeeclampsi\u00e1s, s\u00falyos cukorbeteg, ill. haematol\u00f3giai betegek; azok akikn\u00e9l magzati n\u00f6vked\u00e9sbeli elmarad\u00e1s vagy macrosomia (k\u00f3rosan &hellip;<\/p>\n","protected":false},"author":101531,"featured_media":0,"parent":112,"menu_order":5,"comment_status":"closed","ping_status":"closed","template":"","meta":{"_acf_changed":false,"footnotes":""},"categories":[24],"tags":[],"class_list":["post-1029","page","type-page","status-publish","hentry","category-szakrendelesek-es-osztalyok"],"acf":[],"_links":{"self":[{"href":"https:\/\/semmelweis.hu\/noiklinika\/wp-json\/wp\/v2\/pages\/1029","targetHints":{"allow":["GET"]}}],"collection":[{"href":"https:\/\/semmelweis.hu\/noiklinika\/wp-json\/wp\/v2\/pages"}],"about":[{"href":"https:\/\/semmelweis.hu\/noiklinika\/wp-json\/wp\/v2\/types\/page"}],"author":[{"embeddable":true,"href":"https:\/\/semmelweis.hu\/noiklinika\/wp-json\/wp\/v2\/users\/101531"}],"replies":[{"embeddable":true,"href":"https:\/\/semmelweis.hu\/noiklinika\/wp-json\/wp\/v2\/comments?post=1029"}],"version-history":[{"count":8,"href":"https:\/\/semmelweis.hu\/noiklinika\/wp-json\/wp\/v2\/pages\/1029\/revisions"}],"predecessor-version":[{"id":1047,"href":"https:\/\/semmelweis.hu\/noiklinika\/wp-json\/wp\/v2\/pages\/1029\/revisions\/1047"}],"up":[{"embeddable":true,"href":"https:\/\/semmelweis.hu\/noiklinika\/wp-json\/wp\/v2\/pages\/112"}],"wp:attachment":[{"href":"https:\/\/semmelweis.hu\/noiklinika\/wp-json\/wp\/v2\/media?parent=1029"}],"wp:term":[{"taxonomy":"category","embeddable":true,"href":"https:\/\/semmelweis.hu\/noiklinika\/wp-json\/wp\/v2\/categories?post=1029"},{"taxonomy":"post_tag","embeddable":true,"href":"https:\/\/semmelweis.hu\/noiklinika\/wp-json\/wp\/v2\/tags?post=1029"}],"curies":[{"name":"wp","href":"https:\/\/api.w.org\/{rel}","templated":true}]}}