{"id":942,"date":"2026-03-12T13:11:19","date_gmt":"2026-03-12T12:11:19","guid":{"rendered":"https:\/\/semmelweis.hu\/noikk\/?page_id=942"},"modified":"2026-03-12T15:33:32","modified_gmt":"2026-03-12T14:33:32","slug":"egyuttmukodes","status":"publish","type":"page","link":"https:\/\/semmelweis.hu\/noikk\/hu\/egyuttmukodes\/","title":{"rendered":"Egy\u00fcttm\u0171k\u00f6d\u00e9si lehet\u0151s\u00e9gek"},"content":{"rendered":"<div class=\"keretes w-100\" style=\"float: left !important; border: none !important; background-color: #232f61 !important; color: #ffffff; font-family: Montserrat;\">\n<p>Nyitottak vagyunk a hazai \u00e9s nemzetk\u00f6zi egy\u00fcttm\u0171k\u00f6d\u00e9sekre, ahol a Semmelweis Egyetemen felhalmozott tud\u00e1s, a Nemzeti Orvosi Innov\u00e1ci\u00f3s \u00e9s K\u00e9pz\u00e9si K\u00f6zpont (NOIKK) cs\u00facstechnol\u00f3gi\u00e1ja \u00e9s a lehets\u00e9ges partnerek szak\u00e9rtelme egyes\u00fcl, hogy k\u00f6z\u00f6sen form\u00e1ljuk a seb\u00e9szeti k\u00e9pz\u00e9sek \u00e9s az orvostechnol\u00f3gia j\u00f6v\u0151j\u00e9t.<\/p>\n<p>Hisz\u00fcnk abban, hogy az igazi \u00e1tt\u00f6r\u00e9sek a k\u00f6z\u00f6s munk\u00e1b\u00f3l sz\u00fcletnek, ez\u00e9rt minden olyan partners\u00e9get sz\u00edvesen l\u00e1tunk, amely el\u0151seg\u00edti az oktat\u00e1s, a kutat\u00e1s \u00e9s az innov\u00e1ci\u00f3 fejl\u0151d\u00e9s\u00e9t.<\/p>\n<\/div>\n<div class=\"keretes w-100\" style=\"border: 3px solid #4D9DE0 !important; background-color: #ffff !important; font-family: Montserrat;\">\n<h2>AKT\u00cdV PARTNERS\u00c9GEK<\/h2>\n<p><em>A magyar korm\u00e1ny kiemelt anyagi t\u00e1mogat\u00e1s\u00e1val megval\u00f3sul\u00f3 NOIKK olyan nagyszab\u00e1s\u00fa beruh\u00e1z\u00e1s az orvostudom\u00e1ny ter\u00fclet\u00e9n, amely eredm\u00e9nyek\u00e9pp a r\u00e9gi\u00f3 legmodernebb innov\u00e1ci\u00f3s k\u00f6zpontja j\u00f6n l\u00e9tre, \u00e9s ahol a cs\u00facstechnol\u00f3gia, a tudom\u00e1nyos szak\u00e9rtelem \u00e9s az ipari egy\u00fcttm\u0171k\u00f6d\u00e9s tal\u00e1lkozik. <\/em><\/p>\n<h4>Tev\u00e9kenys\u00e9gek \u00e9s egy\u00fcttm\u0171k\u00f6d\u00e9sek, amiken jelenleg is dolgozunk:<\/h4>\n<ul>\n<li>\n<p>k\u00f6z\u00f6s <strong>transzl\u00e1ci\u00f3s kutat\u00e1si \u00e9s k\u00e9pz\u00e9si program<\/strong> az \u00d3budai Egyetemmel \u00e9s t\u00f6bb eur\u00f3pai int\u00e9zm\u00e9nnyel egy\u00fctt<\/p>\n<\/li>\n<li>\n<p><strong>CE\/FDA-kompatibilis valid\u00e1ci\u00f3s platformok fejleszt\u00e9se<\/strong>, amelyek lehet\u0151v\u00e9 teszik orvostechnol\u00f3giai \u00e9s digit\u00e1lis eg\u00e9szs\u00e9g\u00fcgyi eszk\u00f6z\u00f6k nemzetk\u00f6zi szabv\u00e1nyok szerinti tesztel\u00e9s\u00e9t \u00e9s hiteles\u00edt\u00e9s\u00e9t<\/p>\n<\/li>\n<li>\n<p><strong>nemzetk\u00f6zi hands-on kad\u00e1ver kurzusok b\u0151v\u00edt\u00e9se<\/strong> vend\u00e9goktat\u00f3kkal az ortop\u00e9dia, a sz\u00edv- \u00e9s az \u00e9rseb\u00e9szet, endoszk\u00f3pos seb\u00e9szet ter\u00fclet\u00e9r\u0151l<\/p>\n<\/li>\n<li>\n<p><strong>r\u00e9szv\u00e9tel EU-s kutat\u00e1si p\u00e1ly\u00e1zatokban<\/strong>, amelyek a szimul\u00e1ci\u00f3ra, transzl\u00e1ci\u00f3s orvosl\u00e1sra \u00e9s seb\u00e9szeti innov\u00e1ci\u00f3ra f\u00f3kusz\u00e1lnak<\/p>\n<\/li>\n<li>\n<p>kutat\u00f3i csereprogramok \u00e9s PhD-hallgat\u00f3k k\u00f6z\u00f6s mentor\u00e1l\u00e1sa\u00a0<\/span><\/p>\n<\/li>\n<\/ul>\n<\/div>\n<div class=\"keretes w-100\" style=\"float: left !important; border: none !important; background-color: #4d9de0 !important; margin-left: 0% !important;\">\n<h2 style=\"text-align: center;\"><span style=\"color: #ffffff;\">PARTNEREKNEK \u2013 INNOV\u00c1CI\u00d3 \u00c9S EGY\u00dcTTM\u0170K\u00d6D\u00c9S\u00a0<\/span><\/h2>\n<p style=\"text-align: center;\"><span style=\"color: #ffffff; font-family: Montserrat;\">Ha <strong>kutat\u00f3k\u00e9nt, v\u00e1llalat vagy int\u00e9zm\u00e9ny k\u00e9pvisel\u0151jek\u00e9nt<\/strong> keres egy\u00fcttm\u0171k\u00f6d\u00e9si lehet\u0151s\u00e9get, a NOIKK kiemelked\u0151 infrastrukt\u00far\u00e1t biztos\u00edt \u00e9s a Semmelweis Egyetem r\u00e9v\u00e9n kiv\u00e1l\u00f3 szakmai h\u00e1tteret ny\u00fajt orvostechnol\u00f3giai eszk\u00f6z\u00f6k fejleszt\u00e9s\u00e9hez, tesztel\u00e9shez \u00e9s orvostechnol\u00f3giai valid\u00e1ci\u00f3hoz.\u00a0<\/span><\/p>\n<h3 style=\"text-align: center;\"><span style=\"color: #ffffff;\"><span style=\"color: #ffffff; font-family: Montserrat;\">Keressen minket, hogy egy\u00fctt alak\u00edthassuk a j\u00f6v\u0151 orvostudom\u00e1ny\u00e1t!<\/span><\/span><\/h3>\n<p style=\"text-align: center;\"><span style=\"font-family: Montserrat; font-size: 18pt;\"><a class=\"card-text text-white infobox-link\" href=\"mailto:noikk@semmelweis.hu\">noikk@semmelweis.hu<\/a><\/span><br \/>\n<span style=\"font-family: Montserrat; font-size: 18pt;\"><a class=\"card-text text-white infobox-link\" href=\"mailto:ttcenter@semmelweis.hu\">ttcenter@semmelweis.hu<\/a><\/span><\/p>\n<\/div>\n\n","protected":false},"excerpt":{"rendered":"<p>A NOIKK a Semmelweis Egyetem tud\u00e1s\u00e1ra \u00e9s cs\u00facstechnol\u00f3gi\u00e1s infrastrukt\u00far\u00e1j\u00e1ra \u00e9p\u00edtve nyitott olyan strat\u00e9giai partners\u00e9gekre, ahol egyetemekkel, kutat\u00f3int\u00e9zetekkel \u00e9s v\u00e1llalatokkal k\u00f6z\u00f6sen val\u00f3s\u00edthat meg transzl\u00e1ci\u00f3s \u00e9s orvostechnol\u00f3giai kutat\u00e1sokat, \u00e9s kad\u00e1ver-alap\u00fa, nemzetk\u00f6zi k\u00e9pz\u00e9si programokat.<\/p>\n","protected":false},"author":102560,"featured_media":283,"parent":0,"menu_order":6,"comment_status":"closed","ping_status":"closed","template":"template-fullwidth.php","meta":{"_acf_changed":false,"footnotes":""},"categories":[9],"tags":[],"class_list":["post-942","page","type-page","status-publish","has-post-thumbnail","hentry","category-fooldal"],"acf":[],"_links":{"self":[{"href":"https:\/\/semmelweis.hu\/noikk\/wp-json\/wp\/v2\/pages\/942","targetHints":{"allow":["GET"]}}],"collection":[{"href":"https:\/\/semmelweis.hu\/noikk\/wp-json\/wp\/v2\/pages"}],"about":[{"href":"https:\/\/semmelweis.hu\/noikk\/wp-json\/wp\/v2\/types\/page"}],"author":[{"embeddable":true,"href":"https:\/\/semmelweis.hu\/noikk\/wp-json\/wp\/v2\/users\/102560"}],"replies":[{"embeddable":true,"href":"https:\/\/semmelweis.hu\/noikk\/wp-json\/wp\/v2\/comments?post=942"}],"version-history":[{"count":10,"href":"https:\/\/semmelweis.hu\/noikk\/wp-json\/wp\/v2\/pages\/942\/revisions"}],"predecessor-version":[{"id":1132,"href":"https:\/\/semmelweis.hu\/noikk\/wp-json\/wp\/v2\/pages\/942\/revisions\/1132"}],"wp:featuredmedia":[{"embeddable":true,"href":"https:\/\/semmelweis.hu\/noikk\/wp-json\/wp\/v2\/media\/283"}],"wp:attachment":[{"href":"https:\/\/semmelweis.hu\/noikk\/wp-json\/wp\/v2\/media?parent=942"}],"wp:term":[{"taxonomy":"category","embeddable":true,"href":"https:\/\/semmelweis.hu\/noikk\/wp-json\/wp\/v2\/categories?post=942"},{"taxonomy":"post_tag","embeddable":true,"href":"https:\/\/semmelweis.hu\/noikk\/wp-json\/wp\/v2\/tags?post=942"}],"curies":[{"name":"wp","href":"https:\/\/api.w.org\/{rel}","templated":true}]}}