{"id":934,"date":"2026-03-12T13:11:20","date_gmt":"2026-03-12T12:11:20","guid":{"rendered":"https:\/\/semmelweis.hu\/noikk\/?page_id=934"},"modified":"2026-03-12T14:30:57","modified_gmt":"2026-03-12T13:30:57","slug":"vezetes","status":"publish","type":"page","link":"https:\/\/semmelweis.hu\/noikk\/hu\/vezetes\/","title":{"rendered":"Szakmai vezet\u00e9s"},"content":{"rendered":"<div class=\"keretes w-100\">\n<h4><strong><span style=\"font-family: Montserrat;\">az innov\u00e1ci\u00f3 \u00e9lvonal\u00e1ban <\/span><\/strong><\/h4>\n<p><span style=\"font-family: Montserrat;\">A Nemzeti Orvosi Innov\u00e1ci\u00f3s \u00e9s K\u00e9pz\u00e9si K\u00f6zpont szakmai vezet\u00e9se \u00f6tv\u00f6zi a klinikai tapasztalatot, az akad\u00e9miai tud\u00e1st \u00e9s a gyakorlati, anat\u00f3miai, valamint kad\u00e1ver-szakmai ismereteket. C\u00e9lunk, hogy a kutat\u00e1s, az oktat\u00e1s \u00e9s az innov\u00e1ci\u00f3 minden ter\u00fclet\u00e9n a legmagasabb sz\u00ednvonalat k\u00e9pviselj\u00fck. Tud\u00e1sunk a Semmelweis Egyetem t\u00f6bb mint 250 \u00e9ves hagyom\u00e1nyaira \u00e9p\u00fcl.<\/span><\/p>\n<\/div>\n<p><strong><img loading=\"lazy\" decoding=\"async\" class=\"alignleft alignleft wp-image-179\" src=\"https:\/\/semmelweis.hu\/noikk\/files\/2025\/10\/dr_merkely_bela.jpg\" alt=\"\" width=\"350\" height=\"350\" srcset=\"https:\/\/semmelweis.hu\/noikk\/files\/2025\/10\/dr_merkely_bela.jpg 500w, https:\/\/semmelweis.hu\/noikk\/files\/2025\/10\/dr_merkely_bela-400x400.jpg 400w, https:\/\/semmelweis.hu\/noikk\/files\/2025\/10\/dr_merkely_bela-150x150.jpg 150w\" sizes=\"auto, (max-width: 350px) 100vw, 350px\" \/><\/strong><\/p>\n<p>&nbsp;<\/p>\n<h2>Prof. dr. Merkely B\u00e9la, PhD<\/h2>\n<p><strong><span style=\"font-family: Montserrat;\">igazgat\u00f3<\/span><\/strong><\/p>\n<p><em><span style=\"font-family: Montserrat;\">a Semmelweis Egyetem rektora,<\/span><\/em><\/p>\n<p><em><span style=\"font-family: Montserrat;\">a Semmelweis Egyetem V\u00e1rosmajori Sz\u00edv- \u00e9s \u00c9rgy\u00f3gy\u00e1szati Klinik\u00e1j\u00e1nak igazgat\u00f3ja<\/span><\/em><\/p>\n<p>&nbsp;<\/p>\n<hr style=\"border: 2px solid #4D9DE0 !important; width: 30%;\" \/>\n<p><img loading=\"lazy\" decoding=\"async\" class=\"alignleft  wp-image-1055\" src=\"https:\/\/semmelweis.hu\/noikk\/files\/2026\/03\/alpar-alan-RS99582_IMG_2138_scr-400x400.jpg\" alt=\"\" width=\"350\" height=\"350\" srcset=\"https:\/\/semmelweis.hu\/noikk\/files\/2026\/03\/alpar-alan-RS99582_IMG_2138_scr-400x400.jpg 400w, https:\/\/semmelweis.hu\/noikk\/files\/2026\/03\/alpar-alan-RS99582_IMG_2138_scr-150x150.jpg 150w, https:\/\/semmelweis.hu\/noikk\/files\/2026\/03\/alpar-alan-RS99582_IMG_2138_scr.jpg 635w\" sizes=\"auto, (max-width: 350px) 100vw, 350px\" \/><\/p>\n<p>&nbsp;<\/p>\n<h2>dr. Alp\u00e1r Al\u00e1n PhD<\/h2>\n<p><strong><span style=\"font-family: Montserrat;\">igazgat\u00f3helyettes<\/span><\/strong><\/p>\n<p><em><span style=\"font-family: Montserrat;\">a Semmelweis Egyetem Anat\u00f3miai, Sz\u00f6vet- \u00e9s Fejl\u0151d\u00e9stani Int\u00e9zet\u00e9nek igazgat\u00f3ja<\/span><\/em><\/p>\n<hr style=\"border: 2px solid #4D9DE0 !important; width: 30%;\" \/>\n<p><a href=\"https:\/\/semmelweis.hu\/noikk\/files\/2025\/11\/RS65581_Kiss_Andras_potrait.jpg\"><img loading=\"lazy\" decoding=\"async\" class=\"alignleft  wp-image-655\" src=\"https:\/\/semmelweis.hu\/noikk\/files\/2025\/11\/RS65581_Kiss_Andras_potrait-400x400.jpg\" alt=\"\" width=\"350\" height=\"350\" srcset=\"https:\/\/semmelweis.hu\/noikk\/files\/2025\/11\/RS65581_Kiss_Andras_potrait-400x400.jpg 400w, https:\/\/semmelweis.hu\/noikk\/files\/2025\/11\/RS65581_Kiss_Andras_potrait-150x150.jpg 150w, https:\/\/semmelweis.hu\/noikk\/files\/2025\/11\/RS65581_Kiss_Andras_potrait-768x768.jpg 768w, https:\/\/semmelweis.hu\/noikk\/files\/2025\/11\/RS65581_Kiss_Andras_potrait-753x753.jpg 753w, https:\/\/semmelweis.hu\/noikk\/files\/2025\/11\/RS65581_Kiss_Andras_potrait.jpg 800w\" sizes=\"auto, (max-width: 350px) 100vw, 350px\" \/><\/a><\/p>\n<p>&nbsp;<\/p>\n<h2>Prof. dr. Kiss Andr\u00e1s, PhD<\/h2>\n<p><strong><span style=\"font-family: Montserrat;\">igazgat\u00f3helyettes<\/span><\/strong><\/p>\n<p><em><span style=\"font-family: Montserrat;\">a Semmelweis Egyetem Patol\u00f3giai, Igazs\u00e1g\u00fcgyi \u00e9s Biztos\u00edt\u00e1si Orvostani Int\u00e9zet\u00e9nek igazgat\u00f3ja<\/span><\/em><\/p>\n<hr style=\"border: 2px solid #4D9DE0 !important; width: 30%;\" \/>\n<p><img loading=\"lazy\" decoding=\"async\" class=\"alignleft wp-image-665\" src=\"https:\/\/semmelweis.hu\/noikk\/files\/2025\/11\/RS108193_merkely-gergo-portrait_c-400x400.jpg\" alt=\"\" width=\"350\" height=\"350\" srcset=\"https:\/\/semmelweis.hu\/noikk\/files\/2025\/11\/RS108193_merkely-gergo-portrait_c-400x400.jpg 400w, https:\/\/semmelweis.hu\/noikk\/files\/2025\/11\/RS108193_merkely-gergo-portrait_c-150x150.jpg 150w, https:\/\/semmelweis.hu\/noikk\/files\/2025\/11\/RS108193_merkely-gergo-portrait_c.jpg 600w\" sizes=\"auto, (max-width: 350px) 100vw, 350px\" \/><\/p>\n<p>&nbsp;<\/p>\n<h2>dr. Merkely Gerg\u0151<\/h2>\n<p><strong><span style=\"font-family: Montserrat;\">a NOIKK innov\u00e1ci\u00f3s vezet\u0151je\u00a0<\/span><\/strong><\/p>\n<hr style=\"border: 2px solid #4D9DE0 !important; width: 30%;\" \/>\n<p><img loading=\"lazy\" decoding=\"async\" class=\"alignleft  wp-image-762\" src=\"https:\/\/semmelweis.hu\/noikk\/files\/2025\/11\/tamas-ruttkay-portrait-scr-400x400.jpg\" alt=\"\" width=\"351\" height=\"351\" srcset=\"https:\/\/semmelweis.hu\/noikk\/files\/2025\/11\/tamas-ruttkay-portrait-scr-400x400.jpg 400w, https:\/\/semmelweis.hu\/noikk\/files\/2025\/11\/tamas-ruttkay-portrait-scr-150x150.jpg 150w, https:\/\/semmelweis.hu\/noikk\/files\/2025\/11\/tamas-ruttkay-portrait-scr-768x768.jpg 768w, https:\/\/semmelweis.hu\/noikk\/files\/2025\/11\/tamas-ruttkay-portrait-scr-753x753.jpg 753w, https:\/\/semmelweis.hu\/noikk\/files\/2025\/11\/tamas-ruttkay-portrait-scr.jpg 858w\" sizes=\"auto, (max-width: 351px) 100vw, 351px\" \/><\/p>\n<p>&nbsp;<\/p>\n<h2>dr. Tam\u00e1s Ruttkay, PhD<\/h2>\n<p><strong><span style=\"font-family: Montserrat;\">m\u0171t\u0151i vezet\u0151 <\/span><\/strong><\/p>\n<p><em><span style=\"font-family: Montserrat;\">a Semmelweis Egyetem Anat\u00f3miai, Sz\u00f6vet- \u00e9s Fejl\u0151d\u00e9stani Int\u00e9zet\u00e9nek adjunktusa<\/span><\/em><\/p>\n<hr style=\"border: 2px solid #4D9DE0 !important; width: 30%;\" \/>\n<p><img loading=\"lazy\" decoding=\"async\" class=\"alignleft\" src=\"https:\/\/semmelweis.hu\/noikk\/files\/2025\/10\/dr_kontsek_endre-400x400.jpg\" alt=\"\" width=\"350\" height=\"350\" \/><\/p>\n<p>&nbsp;<\/p>\n<h2>dr. Kontsek Endre, PhD<\/h2>\n<p><strong><span style=\"font-family: Montserrat;\">operat\u00edv vezet\u0151<\/span><\/strong><\/p>\n<p><em><span style=\"font-family: Montserrat;\">a Semmelweis Egyetem Patol\u00f3giai, Igazs\u00e1g\u00fcgyi \u00e9s Biztos\u00edt\u00e1si Orvostani Int\u00e9zet\u00e9nek \u00a0tudom\u00e1nyos munkat\u00e1rsa, biom\u00e9rn\u00f6k<\/span><\/em><\/p>\n<hr style=\"border: 2px solid #fff !important; width: 30%;\" \/>\n<div class=\"keretes w-100\" style=\"float: left !important; border: none !important; background-color: #4d9de0 !important; margin-left: 0% !important;\">\n<h2 style=\"text-align: center;\"><span style=\"color: #ffffff;\">PARTNEREKNEK \u2013 INNOV\u00c1CI\u00d3 \u00c9S EGY\u00dcTTM\u0170K\u00d6D\u00c9S\u00a0<\/span><\/h2>\n<p style=\"text-align: center;\"><span style=\"color: #ffffff; font-family: Montserrat;\">Ha <strong>kutat\u00f3k\u00e9nt, v\u00e1llalat vagy int\u00e9zm\u00e9ny k\u00e9pvisel\u0151jek\u00e9nt<\/strong> keres egy\u00fcttm\u0171k\u00f6d\u00e9si lehet\u0151s\u00e9get, a NOIKK kiemelked\u0151 infrastrukt\u00far\u00e1t biztos\u00edt \u00e9s a Semmelweis Egyetem r\u00e9v\u00e9n kiv\u00e1l\u00f3 szakmai h\u00e1tteret ny\u00fajt orvostechnol\u00f3giai eszk\u00f6z\u00f6k fejleszt\u00e9s\u00e9hez, tesztel\u00e9shez \u00e9s orvostechnol\u00f3giai valid\u00e1ci\u00f3hoz.\u00a0<\/span><\/p>\n<h3 style=\"text-align: center;\"><span style=\"color: #ffffff;\"><span style=\"color: #ffffff; font-family: Montserrat;\">Keressen minket, hogy egy\u00fctt alak\u00edthassuk a j\u00f6v\u0151 orvostudom\u00e1ny\u00e1t!<\/span><\/span><\/h3>\n<p style=\"text-align: center;\"><span style=\"font-family: Montserrat; font-size: 18pt;\"><a class=\"card-text text-white infobox-link\" href=\"mailto:noikk@semmelweis.hu\">noikk@semmelweis.hu<\/a><\/span><br \/>\n<span style=\"font-family: Montserrat; font-size: 18pt;\"><a class=\"card-text text-white infobox-link\" href=\"mailto:ttcenter@semmelweis.hu\">ttcenter@semmelweis.hu<\/a><\/span><\/p>\n<\/div>\n\n","protected":false},"excerpt":{"rendered":"<p>az innov\u00e1ci\u00f3 \u00e9lvonal\u00e1ban A Nemzeti Orvosi Innov\u00e1ci\u00f3s \u00e9s K\u00e9pz\u00e9si K\u00f6zpont szakmai vezet\u00e9se \u00f6tv\u00f6zi a klinikai tapasztalatot, az akad\u00e9miai tud\u00e1st \u00e9s a gyakorlati, anat\u00f3miai, valamint kad\u00e1ver-szakmai ismereteket. C\u00e9lunk, hogy a kutat\u00e1s, az oktat\u00e1s \u00e9s az innov\u00e1ci\u00f3 minden ter\u00fclet\u00e9n a legmagasabb sz\u00ednvonalat k\u00e9pviselj\u00fck. Tud\u00e1sunk a Semmelweis Egyetem t\u00f6bb mint 250 \u00e9ves hagyom\u00e1nyaira \u00e9p\u00fcl. &nbsp; Prof. dr. Merkely &hellip;<\/p>\n","protected":false},"author":102560,"featured_media":0,"parent":0,"menu_order":7,"comment_status":"closed","ping_status":"closed","template":"template-fullwidth.php","meta":{"_acf_changed":false,"footnotes":""},"categories":[],"tags":[],"class_list":["post-934","page","type-page","status-publish","hentry"],"acf":[],"_links":{"self":[{"href":"https:\/\/semmelweis.hu\/noikk\/wp-json\/wp\/v2\/pages\/934","targetHints":{"allow":["GET"]}}],"collection":[{"href":"https:\/\/semmelweis.hu\/noikk\/wp-json\/wp\/v2\/pages"}],"about":[{"href":"https:\/\/semmelweis.hu\/noikk\/wp-json\/wp\/v2\/types\/page"}],"author":[{"embeddable":true,"href":"https:\/\/semmelweis.hu\/noikk\/wp-json\/wp\/v2\/users\/102560"}],"replies":[{"embeddable":true,"href":"https:\/\/semmelweis.hu\/noikk\/wp-json\/wp\/v2\/comments?post=934"}],"version-history":[{"count":9,"href":"https:\/\/semmelweis.hu\/noikk\/wp-json\/wp\/v2\/pages\/934\/revisions"}],"predecessor-version":[{"id":1115,"href":"https:\/\/semmelweis.hu\/noikk\/wp-json\/wp\/v2\/pages\/934\/revisions\/1115"}],"wp:attachment":[{"href":"https:\/\/semmelweis.hu\/noikk\/wp-json\/wp\/v2\/media?parent=934"}],"wp:term":[{"taxonomy":"category","embeddable":true,"href":"https:\/\/semmelweis.hu\/noikk\/wp-json\/wp\/v2\/categories?post=934"},{"taxonomy":"post_tag","embeddable":true,"href":"https:\/\/semmelweis.hu\/noikk\/wp-json\/wp\/v2\/tags?post=934"}],"curies":[{"name":"wp","href":"https:\/\/api.w.org\/{rel}","templated":true}]}}